{"id":996,"date":"2016-06-22T12:46:10","date_gmt":"2016-06-22T10:46:10","guid":{"rendered":"http:\/\/discursoeidentidade.com\/?page_id=996&#038;lang=en"},"modified":"2017-10-10T11:06:33","modified_gmt":"2017-10-10T09:06:33","slug":"equipo-literatura-2","status":"publish","type":"page","link":"https:\/\/discursoeidentidade.com\/?page_id=996&lang=en","title":{"rendered":"LITERATURE TEAM 2"},"content":{"rendered":"<p>[et_pb_section admin_label=&#8221;section&#8221; transparent_background=&#8221;off&#8221; background_color=&#8221;#153b60&#8243; allow_player_pause=&#8221;off&#8221; inner_shadow=&#8221;on&#8221; parallax=&#8221;off&#8221; parallax_method=&#8221;off&#8221; padding_mobile=&#8221;off&#8221; make_fullwidth=&#8221;off&#8221; use_custom_width=&#8221;off&#8221; width_unit=&#8221;on&#8221; custom_width_px=&#8221;1080px&#8221; custom_width_percent=&#8221;80%&#8221; make_equal=&#8221;off&#8221; use_custom_gutter=&#8221;off&#8221; gutter_width=&#8221;3&#8243; fullwidth=&#8221;on&#8221; specialty=&#8221;off&#8221; disabled=&#8221;off&#8221;][et_pb_fullwidth_header admin_label=&#8221;T\u00cdTULO SECCI\u00d3N&#8221; title=&#8221;LITERATURE TEAM 2: &#8216;WRITING and GENDER IN IRELAND'&#8221; background_layout=&#8221;dark&#8221; text_orientation=&#8221;left&#8221; header_fullscreen=&#8221;off&#8221; header_scroll_down=&#8221;off&#8221; scroll_down_icon=&#8221;;&#8221; parallax=&#8221;off&#8221; parallax_method=&#8221;off&#8221; content_orientation=&#8221;center&#8221; image_orientation=&#8221;center&#8221; title_font_size=&#8221;30px&#8221; content_font_size=&#8221;14px&#8221; custom_button_one=&#8221;off&#8221; button_one_text_size=&#8221;20&#8243; button_one_letter_spacing=&#8221;0&#8243; button_one_use_icon=&#8221;default&#8221; button_one_icon_placement=&#8221;right&#8221; button_one_on_hover=&#8221;on&#8221; button_one_letter_spacing_hover=&#8221;0&#8243; custom_button_two=&#8221;off&#8221; button_two_text_size=&#8221;20&#8243; button_two_letter_spacing=&#8221;0&#8243; button_two_use_icon=&#8221;default&#8221; button_two_icon_placement=&#8221;right&#8221; button_two_on_hover=&#8221;on&#8221; button_two_letter_spacing_hover=&#8221;0&#8243; disabled=&#8221;off&#8221;] [\/et_pb_fullwidth_header][\/et_pb_section][et_pb_section admin_label=&#8221;section&#8221; transparent_background=&#8221;off&#8221; background_color=&#8221;#f7f7f7&#8243; allow_player_pause=&#8221;off&#8221; inner_shadow=&#8221;off&#8221; parallax=&#8221;off&#8221; parallax_method=&#8221;off&#8221; padding_mobile=&#8221;off&#8221; make_fullwidth=&#8221;off&#8221; use_custom_width=&#8221;off&#8221; width_unit=&#8221;on&#8221; custom_width_px=&#8221;1080px&#8221; custom_width_percent=&#8221;80%&#8221; make_equal=&#8221;off&#8221; use_custom_gutter=&#8221;off&#8221; fullwidth=&#8221;off&#8221; specialty=&#8221;off&#8221; disabled=&#8221;off&#8221;][et_pb_row admin_label=&#8221;Row&#8221; make_fullwidth=&#8221;on&#8221; use_custom_width=&#8221;off&#8221; width_unit=&#8221;on&#8221; custom_width_px=&#8221;1080px&#8221; custom_width_percent=&#8221;80%&#8221; use_custom_gutter=&#8221;off&#8221; gutter_width=&#8221;3&#8243; padding_mobile=&#8221;off&#8221; background_color=&#8221;#f7f7f7&#8243; allow_player_pause=&#8221;off&#8221; parallax=&#8221;off&#8221; parallax_method=&#8221;off&#8221; make_equal=&#8221;off&#8221; column_padding_mobile=&#8221;on&#8221; parallax_1=&#8221;off&#8221; parallax_method_1=&#8221;off&#8221; parallax_2=&#8221;off&#8221; parallax_method_2=&#8221;off&#8221; parallax_3=&#8221;off&#8221; parallax_method_3=&#8221;on&#8221; parallax_4=&#8221;off&#8221; parallax_method_4=&#8221;on&#8221; disabled=&#8221;off&#8221;][et_pb_column type=&#8221;4_4&#8243;][et_pb_text admin_label=&#8221;Text&#8221; background_layout=&#8221;light&#8221; text_orientation=&#8221;left&#8221; use_border_color=&#8221;off&#8221; border_style=&#8221;solid&#8221; disabled=&#8221;off&#8221; border_color=&#8221;#ffffff&#8221;]<\/p>\n<h3><b>Coordinator:\u00a0<\/b><a href=\"?page_id=649&amp;lang=en\"><span style=\"color: #000080;\">Manuela Palacios Gonz\u00e1lez<\/span><\/a><\/h3>\n<h3 style=\"text-align: justify;\"><\/h3>\n<h3 style=\"text-align: justify;\"><strong>USC Senior Members<\/strong>:\u00a0<span style=\"color: #000080;\"><a style=\"color: #000080;\" href=\"?page_id=685&amp;lang=en\">Susana Dom\u00ednguez Pena<\/a><\/span>, <span style=\"color: #000080;\"><a style=\"color: #000080;\" href=\"?page_id=657&amp;lang=en\">Margarita Est\u00e9vez Sa\u00e1<\/a><\/span>, <span style=\"color: #000080;\"><a style=\"color: #000080;\" href=\"?page_id=638&amp;lang=en\">Laura Lojo Rodr\u00edguez<\/a><\/span>.<\/h3>\n<h3 style=\"text-align: justify;\"><\/h3>\n<h3 style=\"text-align: justify;\"><strong>Research Lines<\/strong>:\u00a0Irish literature in English;\u00a0Gender studies\/women\u2019s studies;\u00a0Ecocriticism and ecofeminism;\u00a0Comparative studies between Galicia and Ireland.<\/h3>\n<h3><\/h3>\n<h3><strong>Webpages<\/strong>: <a href=\"http:\/\/www.usc.es\/poxeirga\/index.php?id=per-manuela&amp;setlang=en\" target=\"_blank\" rel=\"noopener noreferrer\"><span style=\"color: #000080;\">http:\/\/www.usc.es\/poxeirga\/index.php?id=per-manuela&amp;setlang=en<\/span>\u00a0<\/a><\/h3>\n<h3><span style=\"color: #000080;\">\u00a0 \u00a0 \u00a0 \u00a0 \u00a0 \u00a0 \u00a0 \u00a0 \u00a0 \u00a0 \u00a0 \u00a0 \u00a0<a href=\"http:\/\/irgal.es\/\" target=\"_blank\" rel=\"noopener noreferrer\"> http:\/\/irgal.es\/<\/a><\/span><\/h3>\n<p>[\/et_pb_text][\/et_pb_column][\/et_pb_row][\/et_pb_section][et_pb_section admin_label=&#8221;section&#8221; transparent_background=&#8221;on&#8221; background_color=&#8221;#f7f7f7&#8243; allow_player_pause=&#8221;off&#8221; inner_shadow=&#8221;off&#8221; parallax=&#8221;off&#8221; parallax_method=&#8221;off&#8221; padding_mobile=&#8221;off&#8221; make_fullwidth=&#8221;off&#8221; use_custom_width=&#8221;off&#8221; width_unit=&#8221;on&#8221; custom_width_px=&#8221;1080px&#8221; custom_width_percent=&#8221;80%&#8221; make_equal=&#8221;off&#8221; use_custom_gutter=&#8221;off&#8221; fullwidth=&#8221;off&#8221; specialty=&#8221;off&#8221; disabled=&#8221;off&#8221;][et_pb_row admin_label=&#8221;Row&#8221; make_fullwidth=&#8221;on&#8221; use_custom_width=&#8221;off&#8221; width_unit=&#8221;on&#8221; custom_width_px=&#8221;1080px&#8221; custom_width_percent=&#8221;80%&#8221; use_custom_gutter=&#8221;off&#8221; gutter_width=&#8221;3&#8243; padding_mobile=&#8221;off&#8221; background_color=&#8221;#ffffff&#8221; allow_player_pause=&#8221;off&#8221; parallax=&#8221;off&#8221; parallax_method=&#8221;off&#8221; make_equal=&#8221;off&#8221; column_padding_mobile=&#8221;on&#8221; parallax_1=&#8221;off&#8221; parallax_method_1=&#8221;off&#8221; parallax_2=&#8221;off&#8221; parallax_method_2=&#8221;on&#8221; parallax_3=&#8221;off&#8221; parallax_method_3=&#8221;on&#8221; parallax_4=&#8221;off&#8221; parallax_method_4=&#8221;on&#8221; disabled=&#8221;off&#8221;][et_pb_column type=&#8221;4_4&#8243;][et_pb_text admin_label=&#8221;Text&#8221; background_layout=&#8221;light&#8221; text_orientation=&#8221;left&#8221; background_color=&#8221;#ffffff&#8221; use_border_color=&#8221;off&#8221; border_style=&#8221;solid&#8221; disabled=&#8221;off&#8221;]<\/p>\n<h3 style=\"text-align: justify;\"><strong>The Literature Team\u00a02<\/strong>, coordinated by Manuela Palacios Gonz\u00e1lez, brings together experts on contemporary Irish poetry and narrative, as well as Joycean scholars. Team members are particularly interested in the intersections between literature, gender studies and ecocriticism. Additionally, this literature team also carries out comparative studies between Galician and Irish cultural and literary realities. All these research interests are at the core of <em>Eco-fictions: Emergent Discourses on Woman and Nature in Galicia and Ireland <\/em>(FEM2015-66937-P, 2016-2018), a recent research project led by Manuela Palacios Gonz\u00e1lez and funded by the Spanish Ministry of Economy and Competitiveness. The members of this team have published widely on the aforementioned research lines, including articles in prestigious scholarly journals in the area as well as books and volumes in international publishing houses (i.e. Peter Lang, Rodopi, Routledge, Shearsman Books, Salmon Poetry). <span style=\"color: #000080;\"><em style=\"color: #000080;\"><a style=\"color: #000080;\" href=\"http:\/\/www.shearsman.com\/ws-shop\/category\/1118-palacios-manuela\/product\/4210-manuela-palacios-forked-tongues\" target=\"_blank\" rel=\"noopener noreferrer\">Forked Tongues. Galician, Basque and Catalan Women\u2019s Poetry in Translations by Irish Writers<\/a>\u00a0<\/em><\/span>(2012), edited by\u00a0Manuela Palacios; <span style=\"color: #000080;\"><a style=\"color: #000080;\" href=\"http:\/\/www.peterlang.com\/index.cfm?event=cmp.ccc.seitenstruktur.detailseiten&amp;seitentyp=produkt&amp;pk=54279\" target=\"_blank\" rel=\"noopener noreferrer\"><em>Creation,\u00a0Publishing,\u00a0and\u00a0Criticism:\u00a0The\u00a0Advance\u00a0of\u00a0Women\u2019s\u00a0Writing<\/em><\/a><\/span> (2010) coedited by\u00a0Manuela Palacios, Laura Lojo and\u00a0M\u00aa Xes\u00fas Nogueira; <span style=\"color: #000080;\"><a style=\"color: #000080;\" href=\"http:\/\/www.peterlang.com\/index.cfm?event=cmp.ccc.seitenstruktur.detailseiten&amp;seitentyp=produkt&amp;pk=50555&amp;cid=367\" target=\"_blank\" rel=\"noopener noreferrer\"><em>Writing Bonds: Irish and Galician Contemporary Women Poets<\/em><\/a><\/span> (2009), edited\u00a0by Manuela Palacios and\u00a0Laura Lojo; <span style=\"color: #000080;\"><a style=\"color: #000080;\" href=\"https:\/\/books.google.es\/books?id=miLJERxMLn4C&amp;pg=PR1&amp;lpg=PR1&amp;dq=The+Scallops+of+Saint+James,+an+Old+Pilgrims+Hoard:+Reading+Joyce+from+the+Peripheries&amp;source=bl&amp;ots=hzloJSuVex&amp;sig=_AwmK0PZTOTc5c2sQt3ZYgGTkKs&amp;hl=es&amp;sa=X&amp;ved=0ahUKEwiKsdCJkajLAhVMfxoKHXGHB_QQ6AEIMDAC#v=onepage&amp;q&amp;f=false\" target=\"_blank\" rel=\"noopener noreferrer\">\u201c<em>The Scallops of Saint James, an Old Pilgrim\u2019s Hoard\u201d: Reading Joyce from the Peripheries<\/em><\/a><\/span> (2006), coedited by group members\u00a0Susana Dom\u00ednguez Pena and\u00a0Margarita Est\u00e9vez-Sa\u00e1; or\u00a0<span style=\"color: #000080;\"><a style=\"color: #000080;\" href=\"https:\/\/books.google.es\/books?id=RXQ8544LLVIC&amp;pg=PP4&amp;lpg=PP4&amp;dq=A+Pilgrimage+from+Belfast+to+Santiago+de+Compostela:+The+Anatomy+of+Bernard+MacLaverty+Triumph+over+Frontiers&amp;source=bl&amp;ots=Xl0v6bWOU0&amp;sig=fKDopPXvKaFz21USENOLx2MOgeE&amp;hl=es&amp;sa=X&amp;ved=0ahUKEwiXx9mk2qfLAhXIOhQKHW2cB-IQ6AEILjAC#v=onepage&amp;q=A%20Pilgrimage%20from%20Belfast%20to%20Santiago%20de%20Compostela%3A%20The%20Anatomy%20of%20Bernard%20MacLaverty%20Triumph%20over%20Frontiers&amp;f=false\" target=\"_blank\" rel=\"noopener noreferrer\"><em>A Pilgrimage from Belfast to Santiago de Compostela: The Anatomy of Bernard MacLaverty\u2019s Triumph over Frontiers<\/em><\/a><\/span> (2002), written by\u00a0Margarita Est\u00e9vez-Sa\u00e1 and\u00a0Anne MacCarthy,\u00a0are but a few representative examples. The team has also organized multiple events such as the <em>International Seminar on \u2018Creation, Editing and Criticism: Irish and Galician Poets<\/em>\u2019 (2009) or the course <em>Gender Studies: Literature in Feminine\/Masculine <\/em>(2006). Since 2009, group members have been awarded more than 5 research projects. Additionally, Manuela Palacios Gonz\u00e1lez works in conjunction with literary and cultural institutions such as the\u00a0<span style=\"color: #000080;\"><a style=\"color: #000080;\" href=\"http:\/\/dublin.cervantes.es\/es\/\" target=\"_blank\" rel=\"noopener noreferrer\">Instituto Cervantes<\/a><\/span> (Dublin), <span style=\"color: #000080;\"><a style=\"color: #000080;\" href=\"http:\/\/www.artscouncil.ie\/home\/\" target=\"_blank\" rel=\"noopener noreferrer\"><em>The Arts Council<\/em><\/a><\/span> (Ireland), <span style=\"color: #000080;\"><a style=\"color: #000080;\" href=\"http:\/\/www.usc.es\/en\/institutos\/cippce\/\" target=\"_blank\" rel=\"noopener noreferrer\">CIPPCE<\/a><\/span> (Research Centre for Emerging Cultural Processes and Practices), <span style=\"color: #000080;\"><a style=\"color: #000080;\" href=\"http:\/\/www.irelandliterature.com\/\" target=\"_blank\" rel=\"noopener noreferrer\"><em>Ireland Literature Exchange<\/em><\/a><\/span>, <span style=\"color: #000080;\"><a style=\"color: #000080;\" href=\"http:\/\/www.aelg.org\/\" target=\"_blank\" rel=\"noopener noreferrer\">Asociaci\u00f3n de Escritores en Lingua Galega<\/a><\/span>, as well as with Irish and Galician publishing houses and foreign universities such as <em>University College Cork<\/em> (UCC) and\u00a0<em>University College Dublin<\/em> (UCD).<\/h3>\n<p>[\/et_pb_text][\/et_pb_column][\/et_pb_row][\/et_pb_section]<\/p>\n","protected":false},"excerpt":{"rendered":"<p>Coordinator:\u00a0Manuela Palacios Gonz\u00e1lez USC Senior Members:\u00a0Susana Dom\u00ednguez Pena, Margarita Est\u00e9vez Sa\u00e1, Laura Lojo Rodr\u00edguez. Research Lines:\u00a0Irish literature in English;\u00a0Gender studies\/women\u2019s studies;\u00a0Ecocriticism and ecofeminism;\u00a0Comparative studies between Galicia and Ireland. Webpages: http:\/\/www.usc.es\/poxeirga\/index.php?id=per-manuela&amp;setlang=en\u00a0 \u00a0 \u00a0 \u00a0 \u00a0 \u00a0 \u00a0 \u00a0 \u00a0 \u00a0 \u00a0 \u00a0 \u00a0 \u00a0 http:\/\/irgal.es\/ The Literature Team\u00a02, coordinated by Manuela Palacios Gonz\u00e1lez, brings together experts [&hellip;]<\/p>\n","protected":false},"author":1,"featured_media":0,"parent":0,"menu_order":0,"comment_status":"closed","ping_status":"closed","template":"","meta":{"_et_pb_use_builder":"on","_et_pb_old_content":"","_et_gb_content_width":"","footnotes":""},"class_list":["post-996","page","type-page","status-publish","hentry"],"_links":{"self":[{"href":"https:\/\/discursoeidentidade.com\/index.php?rest_route=\/wp\/v2\/pages\/996","targetHints":{"allow":["GET"]}}],"collection":[{"href":"https:\/\/discursoeidentidade.com\/index.php?rest_route=\/wp\/v2\/pages"}],"about":[{"href":"https:\/\/discursoeidentidade.com\/index.php?rest_route=\/wp\/v2\/types\/page"}],"author":[{"embeddable":true,"href":"https:\/\/discursoeidentidade.com\/index.php?rest_route=\/wp\/v2\/users\/1"}],"replies":[{"embeddable":true,"href":"https:\/\/discursoeidentidade.com\/index.php?rest_route=%2Fwp%2Fv2%2Fcomments&post=996"}],"version-history":[{"count":0,"href":"https:\/\/discursoeidentidade.com\/index.php?rest_route=\/wp\/v2\/pages\/996\/revisions"}],"wp:attachment":[{"href":"https:\/\/discursoeidentidade.com\/index.php?rest_route=%2Fwp%2Fv2%2Fmedia&parent=996"}],"curies":[{"name":"wp","href":"https:\/\/api.w.org\/{rel}","templated":true}]}}