{"id":976,"date":"2016-06-22T11:46:39","date_gmt":"2016-06-22T09:46:39","guid":{"rendered":"http:\/\/discursoeidentidade.com\/?page_id=976&#038;lang=es"},"modified":"2017-02-20T12:54:52","modified_gmt":"2017-02-20T11:54:52","slug":"equipo-literatura-1","status":"publish","type":"page","link":"https:\/\/discursoeidentidade.com\/?page_id=976&lang=es","title":{"rendered":"EQUIPO LITERATURA 1"},"content":{"rendered":"<p>[et_pb_section transparent_background=&#8221;off&#8221; background_color=&#8221;#153b60&#8243; allow_player_pause=&#8221;off&#8221; inner_shadow=&#8221;on&#8221; parallax=&#8221;off&#8221; parallax_method=&#8221;off&#8221; padding_mobile=&#8221;off&#8221; make_fullwidth=&#8221;off&#8221; use_custom_width=&#8221;off&#8221; width_unit=&#8221;on&#8221; custom_width_px=&#8221;1080px&#8221; custom_width_percent=&#8221;80%&#8221; make_equal=&#8221;off&#8221; use_custom_gutter=&#8221;off&#8221; gutter_width=&#8221;3&#8243; fullwidth=&#8221;on&#8221; specialty=&#8221;off&#8221; admin_label=&#8221;section&#8221; disabled=&#8221;off&#8221;][et_pb_fullwidth_header title=&#8221;EQUIPO LITERATURA 1: &#8216;DISCURSO, IDENTIDAD y LITERATURA'&#8221; background_layout=&#8221;dark&#8221; text_orientation=&#8221;left&#8221; header_fullscreen=&#8221;off&#8221; header_scroll_down=&#8221;off&#8221; scroll_down_icon=&#8221;;&#8221; parallax=&#8221;off&#8221; parallax_method=&#8221;off&#8221; content_orientation=&#8221;center&#8221; image_orientation=&#8221;center&#8221; admin_label=&#8221;T\u00cdTULO SECCI\u00d3N&#8221; title_font_size=&#8221;30px&#8221; content_font_size=&#8221;14px&#8221; custom_button_one=&#8221;off&#8221; button_one_text_size=&#8221;20&#8243; button_one_letter_spacing=&#8221;0&#8243; button_one_use_icon=&#8221;default&#8221; button_one_icon_placement=&#8221;right&#8221; button_one_on_hover=&#8221;on&#8221; button_one_letter_spacing_hover=&#8221;0&#8243; custom_button_two=&#8221;off&#8221; button_two_text_size=&#8221;20&#8243; button_two_letter_spacing=&#8221;0&#8243; button_two_use_icon=&#8221;default&#8221; button_two_icon_placement=&#8221;right&#8221; button_two_on_hover=&#8221;on&#8221; button_two_letter_spacing_hover=&#8221;0&#8243; disabled=&#8221;off&#8221;] [\/et_pb_fullwidth_header][\/et_pb_section][et_pb_section transparent_background=&#8221;off&#8221; background_color=&#8221;#f7f7f7&#8243; allow_player_pause=&#8221;off&#8221; inner_shadow=&#8221;off&#8221; parallax=&#8221;off&#8221; parallax_method=&#8221;off&#8221; padding_mobile=&#8221;off&#8221; make_fullwidth=&#8221;off&#8221; use_custom_width=&#8221;off&#8221; width_unit=&#8221;on&#8221; custom_width_px=&#8221;1080px&#8221; custom_width_percent=&#8221;80%&#8221; make_equal=&#8221;off&#8221; use_custom_gutter=&#8221;off&#8221; fullwidth=&#8221;off&#8221; specialty=&#8221;off&#8221; admin_label=&#8221;section&#8221; disabled=&#8221;off&#8221;][et_pb_row make_fullwidth=&#8221;on&#8221; use_custom_width=&#8221;off&#8221; width_unit=&#8221;on&#8221; custom_width_px=&#8221;1080px&#8221; custom_width_percent=&#8221;80%&#8221; use_custom_gutter=&#8221;off&#8221; gutter_width=&#8221;3&#8243; padding_mobile=&#8221;off&#8221; background_color=&#8221;#f7f7f7&#8243; allow_player_pause=&#8221;off&#8221; parallax=&#8221;off&#8221; parallax_method=&#8221;off&#8221; make_equal=&#8221;off&#8221; column_padding_mobile=&#8221;on&#8221; parallax_1=&#8221;off&#8221; parallax_method_1=&#8221;off&#8221; parallax_2=&#8221;off&#8221; parallax_method_2=&#8221;off&#8221; parallax_3=&#8221;off&#8221; parallax_method_3=&#8221;on&#8221; parallax_4=&#8221;off&#8221; parallax_method_4=&#8221;on&#8221; admin_label=&#8221;Row&#8221; disabled=&#8221;off&#8221;][et_pb_column type=&#8221;4_4&#8243; disabled=&#8221;off&#8221; parallax=&#8221;off&#8221; parallax_method=&#8221;off&#8221; column_padding_mobile=&#8221;on&#8221;][et_pb_text background_layout=&#8221;light&#8221; text_orientation=&#8221;left&#8221; admin_label=&#8221;Text&#8221; use_border_color=&#8221;off&#8221; border_style=&#8221;solid&#8221; disabled=&#8221;off&#8221;]<\/p>\n<h3><b>Coordinador:\u00a0<\/b><a href=\"http:\/\/discursoeidentidade.com\/?page_id=429&amp;lang=es\"><span style=\"color: #000080;\">J. Manuel Barbeito Varela<\/span><\/a><\/h3>\n<h3 style=\"text-align: justify;\"><\/h3>\n<h3 style=\"text-align: justify;\"><strong>Miembros Principales USC<\/strong>:\u00a0<span style=\"color: #000080;\"><a style=\"color: #000080;\" href=\"http:\/\/discursoeidentidade.com\/?page_id=389&amp;lang=es\">Laura Lojo Rodr\u00edguez<\/a><\/span>, Manuel M\u00edguez Ben, <span style=\"color: #000080;\"><a style=\"color: #000080;\" href=\"http:\/\/discursoeidentidade.com\/?page_id=494&amp;lang=es\">Manuela Palacios Gonz\u00e1lez<\/a><\/span>, <span style=\"color: #000080;\"><a style=\"color: #000080;\" href=\"http:\/\/discursoeidentidade.com\/?page_id=417&amp;lang=es\">Jorge Sacido Romero<\/a><\/span>.<\/h3>\n<h3 style=\"text-align: justify;\"><\/h3>\n<h3 style=\"text-align: justify;\"><strong>L\u00edneas de Investigaci\u00f3n<\/strong>:\u00a0Literatura del Reino Unido;\u00a0Literatura en Lengua Inglesa y Artes Visuales;\u00a0Literatura y Filosof\u00eda;\u00a0Literatura y Psicoan\u00e1lisis;\u00a0Identidad y Subjetividad en la Literatura;\u00a0Discursos e Identidades Culturales en la Literatura;\u00a0Discurso y An\u00e1lisis Textual;\u00a0Traducci\u00f3n y Edici\u00f3n de Textos.<\/h3>\n<p>[\/et_pb_text][\/et_pb_column][\/et_pb_row][\/et_pb_section][et_pb_section transparent_background=&#8221;on&#8221; background_color=&#8221;#f7f7f7&#8243; allow_player_pause=&#8221;off&#8221; inner_shadow=&#8221;off&#8221; parallax=&#8221;off&#8221; parallax_method=&#8221;off&#8221; padding_mobile=&#8221;off&#8221; make_fullwidth=&#8221;off&#8221; use_custom_width=&#8221;off&#8221; width_unit=&#8221;on&#8221; custom_width_px=&#8221;1080px&#8221; custom_width_percent=&#8221;80%&#8221; make_equal=&#8221;off&#8221; use_custom_gutter=&#8221;off&#8221; fullwidth=&#8221;off&#8221; specialty=&#8221;off&#8221; admin_label=&#8221;section&#8221; disabled=&#8221;off&#8221;][et_pb_row make_fullwidth=&#8221;on&#8221; use_custom_width=&#8221;off&#8221; width_unit=&#8221;on&#8221; custom_width_px=&#8221;1080px&#8221; custom_width_percent=&#8221;80%&#8221; use_custom_gutter=&#8221;off&#8221; gutter_width=&#8221;3&#8243; padding_mobile=&#8221;off&#8221; background_color=&#8221;#ffffff&#8221; allow_player_pause=&#8221;off&#8221; parallax=&#8221;off&#8221; parallax_method=&#8221;off&#8221; make_equal=&#8221;off&#8221; column_padding_mobile=&#8221;on&#8221; parallax_1=&#8221;off&#8221; parallax_method_1=&#8221;off&#8221; parallax_2=&#8221;off&#8221; parallax_method_2=&#8221;on&#8221; parallax_3=&#8221;off&#8221; parallax_method_3=&#8221;on&#8221; parallax_4=&#8221;off&#8221; parallax_method_4=&#8221;on&#8221; admin_label=&#8221;Row&#8221; disabled=&#8221;off&#8221;][et_pb_column type=&#8221;4_4&#8243; disabled=&#8221;off&#8221; parallax=&#8221;off&#8221; parallax_method=&#8221;off&#8221; column_padding_mobile=&#8221;on&#8221;][et_pb_text background_layout=&#8221;light&#8221; text_orientation=&#8221;left&#8221; admin_label=&#8221;Text&#8221; background_color=&#8221;#ffffff&#8221; use_border_color=&#8221;off&#8221; border_style=&#8221;solid&#8221; disabled=&#8221;off&#8221;]<\/p>\n<h3 style=\"text-align: justify;\"><strong>El Equipo Literatura 1<\/strong>, coordinado por Jos&eacute; Manuel Barbeito Varela, abarca varias l&iacute;neas de investigaci&oacute;n que confluyen en el estudio de la relaci&oacute;n discurso-identidad en la literatura en lengua inglesa. Como resultado de esta l&iacute;nea de investigaci&oacute;n surgieron publicaciones tales como&nbsp;<span style=\"color: #000080;\"><a style=\"color: #000080;\" href=\"http:\/\/www.peterlang.com\/detail\/buch\/13777\/5\/11228\/\" target=\"_blank\"><em>National Identities and European Literatures<\/em><\/a><\/span> (Peter Lang, 2008) &ndash; coeditado por&nbsp;Jos&eacute; Manuel Barbeito Varela y&nbsp;Jorge Sacido Romero &ndash;, y&nbsp;<span style=\"color: #000080;\"><a style=\"color: #000080;\" href=\"http:\/\/www.brill.com\/products\/book\/modernism-postmodernism-and-short-story-english\" target=\"_blank\"><em>Modernism, Postmodernism and the Short Story<\/em><\/a><\/span> (Rodopi, 2012) que, editado por Jorge Sacido&nbsp; Romero y contando con contribuciones a cargo de J. Manuel Barbeito Varela y Manuela Palacios Gonz&aacute;lez, explora cuestiones de identidad y subjetividad en el contexto de la modernidad y la postmodernidad. Los miembros de este equipo constituyen un referentes en la aplicaci&oacute;n de perspectivas tales como el psicoan&aacute;lisis a la cr&iacute;tica literaria, pudiendo destacar en esta l&iacute;nea publicaciones como&nbsp;<span style=\"color: #000080;\"><a style=\"color: #000080;\" href=\"http:\/\/www.peterlang.com\/index.cfm?event=cmp.ccc.seitenstruktur.detailseiten&amp;seitentyp=produkt&amp;pk=62939\" target=\"_blank\"><em>Moving across a Century: Women&rsquo;s Short Fiction from Virginia Woolf to Ali Smith<\/em><\/a><\/span> (Peter Lang, 2012), editado por&nbsp;Laura Lojo Rodr&iacute;guez, o&nbsp;<span style=\"color: #000080;\"><a style=\"color: #000080;\" href=\"http:\/\/www.brill.com\/products\/book\/sound-effects-object-voice-fiction\" target=\"_blank\"><em>Sound Effects: The Object Voice in Fiction<\/em><\/a><\/span> (Rodopi, 2015), coeditado por&nbsp;Jorge Sacido Romero.&nbsp;El equipo cuenta adem&aacute;s con acad&eacute;micos con una amplia trayectoria en la edici&oacute;n y traducci&oacute;n de textos literarios: Manuel M&iacute;guez Ben ha traducido al espa&ntilde;ol obras de Morgan Llywelyn, Rosamond Lehmann, as&iacute; como <em>The Picture of Dorian Gray <\/em>de Oscar Wilde &ndash; <em>El cuadro de Dorian Gray <\/em>(C&aacute;tedra, 1992); y recientemente Manuela Palacios Gonz&aacute;lez ha co-editado y co-traducido una antolog&iacute;a de poes&iacute;a &aacute;rabe que lleva por t&iacute;tulo&nbsp;<span style=\"color: #000080;\"><a style=\"color: #000080;\" href=\"http:\/\/cantarabia.org\/editorial\/node\/99\" target=\"_blank\"><em>Los ritos de los sentidos. Poes&iacute;a &aacute;rabe<\/em><\/a><\/span> (Cantarabia, 2015).&nbsp;El trabajo realizado por este equipo ha recibido financiaci&oacute;n a trav&eacute;s de varios proyectos de investigaci&oacute;n y ha sido diseminado en m&uacute;ltiples congresos nacionales e internacionales. Asimismo, el Equipo Literatura 1 ha organizado diversos eventos cient&iacute;ficos tales como congresos, ciclos de conferencias o seminarios, siendo los que se mencionan a continuaci&oacute;n s&oacute;lo algunos ejemplos representativos: <em>Modernism and Modernity <\/em>(1997), <em>Literature and Identity Processes in Europe <\/em>(2004), <em>The Order of Ghosts: Literature, Philosophy and Psychoanalysis <\/em>(2006) y <em>The Age of Theory in Perspective<\/em> (2013).<\/h3>\n<p>[\/et_pb_text][\/et_pb_column][\/et_pb_row][\/et_pb_section]<\/p>\n","protected":false},"excerpt":{"rendered":"<p>Coordinador:\u00a0J. Manuel Barbeito Varela Miembros Principales USC:\u00a0Laura Lojo Rodr\u00edguez, Manuel M\u00edguez Ben, Manuela Palacios Gonz\u00e1lez, Jorge Sacido Romero. L\u00edneas de Investigaci\u00f3n:\u00a0Literatura del Reino Unido;\u00a0Literatura en Lengua Inglesa y Artes Visuales;\u00a0Literatura y Filosof\u00eda;\u00a0Literatura y Psicoan\u00e1lisis;\u00a0Identidad y Subjetividad en la Literatura;\u00a0Discursos e Identidades Culturales en la Literatura;\u00a0Discurso y An\u00e1lisis Textual;\u00a0Traducci\u00f3n y Edici\u00f3n de Textos. El Equipo Literatura [&hellip;]<\/p>\n","protected":false},"author":1,"featured_media":0,"parent":0,"menu_order":0,"comment_status":"closed","ping_status":"closed","template":"","meta":{"_et_pb_use_builder":"on","_et_pb_old_content":"","_et_gb_content_width":"","footnotes":""},"class_list":["post-976","page","type-page","status-publish","hentry"],"_links":{"self":[{"href":"https:\/\/discursoeidentidade.com\/index.php?rest_route=\/wp\/v2\/pages\/976","targetHints":{"allow":["GET"]}}],"collection":[{"href":"https:\/\/discursoeidentidade.com\/index.php?rest_route=\/wp\/v2\/pages"}],"about":[{"href":"https:\/\/discursoeidentidade.com\/index.php?rest_route=\/wp\/v2\/types\/page"}],"author":[{"embeddable":true,"href":"https:\/\/discursoeidentidade.com\/index.php?rest_route=\/wp\/v2\/users\/1"}],"replies":[{"embeddable":true,"href":"https:\/\/discursoeidentidade.com\/index.php?rest_route=%2Fwp%2Fv2%2Fcomments&post=976"}],"version-history":[{"count":0,"href":"https:\/\/discursoeidentidade.com\/index.php?rest_route=\/wp\/v2\/pages\/976\/revisions"}],"wp:attachment":[{"href":"https:\/\/discursoeidentidade.com\/index.php?rest_route=%2Fwp%2Fv2%2Fmedia&parent=976"}],"curies":[{"name":"wp","href":"https:\/\/api.w.org\/{rel}","templated":true}]}}