{"id":968,"date":"2016-06-22T11:46:39","date_gmt":"2016-06-22T09:46:39","guid":{"rendered":"http:\/\/discursoeidentidade.com\/?page_id=968&#038;lang=en"},"modified":"2016-09-04T13:43:43","modified_gmt":"2016-09-04T11:43:43","slug":"equipo-literatura-1","status":"publish","type":"page","link":"https:\/\/discursoeidentidade.com\/?page_id=968&lang=en","title":{"rendered":"LITERATURE TEAM 1"},"content":{"rendered":"<p>[et_pb_section admin_label=&#8221;section&#8221; fullwidth=&#8221;on&#8221; specialty=&#8221;off&#8221; background_color=&#8221;#153b60&#8243; inner_shadow=&#8221;on&#8221; parallax=&#8221;off&#8221; transparent_background=&#8221;off&#8221; allow_player_pause=&#8221;off&#8221; parallax_method=&#8221;off&#8221; padding_mobile=&#8221;off&#8221; make_fullwidth=&#8221;off&#8221; use_custom_width=&#8221;off&#8221; width_unit=&#8221;on&#8221; make_equal=&#8221;off&#8221; use_custom_gutter=&#8221;off&#8221; gutter_width=&#8221;3&#8243;][et_pb_fullwidth_header admin_label=&#8221;T\u00cdTULO SECCI\u00d3N&#8221; title=&#8221;LITERATURE TEAM 1: &#8216;DISCOURSE, IDENTITY and LITERATURE'&#8221; background_layout=&#8221;dark&#8221; text_orientation=&#8221;left&#8221; header_fullscreen=&#8221;off&#8221; header_scroll_down=&#8221;off&#8221; parallax=&#8221;off&#8221; parallax_method=&#8221;off&#8221; content_orientation=&#8221;center&#8221; image_orientation=&#8221;center&#8221; custom_button_one=&#8221;off&#8221; button_one_letter_spacing=&#8221;0&#8243; button_one_use_icon=&#8221;default&#8221; button_one_icon_placement=&#8221;right&#8221; button_one_on_hover=&#8221;on&#8221; button_one_letter_spacing_hover=&#8221;0&#8243; custom_button_two=&#8221;off&#8221; button_two_letter_spacing=&#8221;0&#8243; button_two_use_icon=&#8221;default&#8221; button_two_icon_placement=&#8221;right&#8221; button_two_on_hover=&#8221;on&#8221; button_two_letter_spacing_hover=&#8221;0&#8243;] [\/et_pb_fullwidth_header][\/et_pb_section][et_pb_section admin_label=&#8221;section&#8221; transparent_background=&#8221;off&#8221; background_color=&#8221;#f7f7f7&#8243; allow_player_pause=&#8221;off&#8221; inner_shadow=&#8221;off&#8221; parallax=&#8221;off&#8221; parallax_method=&#8221;off&#8221; padding_mobile=&#8221;off&#8221; make_fullwidth=&#8221;off&#8221; use_custom_width=&#8221;off&#8221; width_unit=&#8221;on&#8221; make_equal=&#8221;off&#8221; use_custom_gutter=&#8221;off&#8221;][et_pb_row admin_label=&#8221;Row&#8221; make_fullwidth=&#8221;on&#8221; use_custom_width=&#8221;off&#8221; width_unit=&#8221;on&#8221; use_custom_gutter=&#8221;off&#8221; padding_mobile=&#8221;off&#8221; background_color=&#8221;#f7f7f7&#8243; allow_player_pause=&#8221;off&#8221; parallax=&#8221;off&#8221; parallax_method=&#8221;off&#8221; make_equal=&#8221;off&#8221; parallax_1=&#8221;off&#8221; parallax_method_1=&#8221;off&#8221; parallax_2=&#8221;off&#8221; parallax_method_2=&#8221;off&#8221; column_padding_mobile=&#8221;on&#8221;][et_pb_column type=&#8221;4_4&#8243;][et_pb_text admin_label=&#8221;Text&#8221; background_layout=&#8221;light&#8221; text_orientation=&#8221;left&#8221; use_border_color=&#8221;off&#8221; border_color=&#8221;#ffffff&#8221; border_style=&#8221;solid&#8221;]<\/p>\n<h3><b>Coordinator:\u00a0<\/b><a href=\"http:\/\/discursoeidentidade.com\/?page_id=630&amp;lang=en\"><span style=\"color: #000080;\">J. Manuel Barbeito Varela<\/span><\/a><\/h3>\n<h3 style=\"text-align: justify;\"><\/h3>\n<h3 style=\"text-align: justify;\"><strong>USC Senior Members<\/strong>:\u00a0<span style=\"color: #000080;\"><a style=\"color: #000080;\" href=\"http:\/\/discursoeidentidade.com\/?page_id=638&amp;lang=en\">Laura Lojo Rodr\u00edguez<\/a><\/span>, Manuel M\u00edguez Ben, <span style=\"color: #000080;\"><a style=\"color: #000080;\" href=\"http:\/\/discursoeidentidade.com\/?page_id=649&amp;lang=en\">Manuela Palacios Gonz\u00e1lez<\/a><\/span>, <span style=\"color: #000080;\"><a style=\"color: #000080;\" href=\"http:\/\/discursoeidentidade.com\/?page_id=622&amp;lang=en\">Jorge Sacido Romero<\/a><\/span>.<\/h3>\n<h3 style=\"text-align: justify;\"><\/h3>\n<h3 style=\"text-align: justify;\"><strong>Research Lines<\/strong>:\u00a0British Literature;\u00a0English Literature and the Visual Arts;\u00a0Literature and Philosophy;\u00a0Literature and Psychoanalysis;\u00a0Identity and Subjectivity in Literature;\u00a0Discourses and Cultural Identities in Literature;\u00a0Discourse and Textual Analysis;\u00a0Translation and Text Editing.<\/h3>\n<p>[\/et_pb_text][\/et_pb_column][\/et_pb_row][\/et_pb_section][et_pb_section admin_label=&#8221;section&#8221; transparent_background=&#8221;on&#8221; background_color=&#8221;#f7f7f7&#8243; allow_player_pause=&#8221;off&#8221; inner_shadow=&#8221;off&#8221; parallax=&#8221;off&#8221; parallax_method=&#8221;off&#8221; padding_mobile=&#8221;off&#8221; make_fullwidth=&#8221;off&#8221; use_custom_width=&#8221;off&#8221; width_unit=&#8221;on&#8221; make_equal=&#8221;off&#8221; use_custom_gutter=&#8221;off&#8221;][et_pb_row admin_label=&#8221;Row&#8221; make_fullwidth=&#8221;on&#8221; use_custom_width=&#8221;off&#8221; width_unit=&#8221;on&#8221; use_custom_gutter=&#8221;off&#8221; padding_mobile=&#8221;off&#8221; background_color=&#8221;#ffffff&#8221; allow_player_pause=&#8221;off&#8221; parallax=&#8221;off&#8221; parallax_method=&#8221;off&#8221; make_equal=&#8221;off&#8221; parallax_1=&#8221;off&#8221; parallax_method_1=&#8221;off&#8221; column_padding_mobile=&#8221;on&#8221;][et_pb_column type=&#8221;4_4&#8243;][et_pb_text admin_label=&#8221;Text&#8221; background_layout=&#8221;light&#8221; text_orientation=&#8221;left&#8221; use_border_color=&#8221;off&#8221; border_color=&#8221;#ffffff&#8221; border_style=&#8221;solid&#8221; background_color=&#8221;#ffffff&#8221;]<\/p>\n<h3 style=\"text-align: justify;\"><strong>The Literature Team\u00a01<\/strong>, coordinated by Jos\u00e9 Manuel Barbeito Varela, covers several lines of research that converge in the study of the relationship between discourse and identity in English literature. Along this line, the team has published multiple contributions such as the volumes <span style=\"color: #000080;\"><a style=\"color: #000080;\" href=\"http:\/\/www.peterlang.com\/detail\/buch\/13777\/5\/11228\/\" target=\"_blank\"><em>National Identities and European Literatures<\/em><\/a><\/span> (Peter Lang, 2008) \u2013 coedited by Jos\u00e9 Manuel Barbeito Varela and Jorge Sacido Romero \u2013, and <span style=\"color: #000080;\"><a style=\"color: #000080;\" href=\"http:\/\/www.brill.com\/products\/book\/modernism-postmodernism-and-short-story-english\" target=\"_blank\"><em>Modernism, Postmodernism and the Short Story<\/em><\/a><\/span> (Rodopi, 2012) which, edited by Jorge Sacido Romero and including articles by Barbeito Varela and Palacios Gonz\u00e1lez, explores questions of identity and subjectivity in the context of modernity and postmodernity. The members of this team are also leading scholars in incorporating perspectives such as that of psychoanalysis into the praxis of literary criticism, the following publications being noteworthy in this respect: <span style=\"color: #000080;\"><a style=\"color: #000080;\" href=\"http:\/\/www.peterlang.com\/index.cfm?event=cmp.ccc.seitenstruktur.detailseiten&amp;seitentyp=produkt&amp;pk=62939\" target=\"_blank\"><em>Moving across a Century: Women\u2019s Short Fiction from Virginia Woolf to Ali Smith<\/em><\/a><\/span> (Peter Lang, 2012), edited by Laura Lojo Rodr\u00edguez, or <span style=\"color: #000080;\"><a style=\"color: #000080;\" href=\"http:\/\/www.brill.com\/products\/book\/sound-effects-object-voice-fiction\" target=\"_blank\"><em>Sound Effects: The Object Voice in Fiction<\/em><\/a><\/span> (Rodopi, 2015), coedited by Jorge Sacido Romero. Similarly, the team comprises scholars with ample expertise in the edition and translation of literary texts: Manuel M\u00edguez Ben has translated into Spanish works by Morgan Llywelyn, Rosamond Lehmann as well as Oscar Wilde\u2019s <em>The Picture of Dorian Gray <\/em>\u2013 <em>El cuadro de Dorian Gray <\/em>(C\u00e1tedra, 1992); and very recently Manuela Palacios Gonz\u00e1lez has co-edited and co-translated the anthology <span style=\"color: #000080;\"><a style=\"color: #000080;\" href=\"http:\/\/cantarabia.org\/editorial\/node\/99\" target=\"_blank\"><em>Los ritos de los sentidos. Poes\u00eda \u00e1rabe<\/em><\/a><\/span> (Cantarabia, 2015). The academic work carried out within this team has been funded under various research projects and disseminated in many national and international conferences. The team has also organized multiple research events in the area, including conferences, lecture series and seminars: <em>Modernism and Modernity <\/em>(1997), <em>Literature and Identity Process in Europe<\/em> (2004), <em>The Order of Ghosts: Literature, Philosophy and Psychoanalysis <\/em>(2006) or <em>The Age of Theory in Perspective<\/em> (2013), to name but a few representative examples.<\/h3>\n<p>&nbsp;<\/p>\n<p>[\/et_pb_text][\/et_pb_column][\/et_pb_row][\/et_pb_section]<\/p>\n","protected":false},"excerpt":{"rendered":"<p>Coordinator:\u00a0J. Manuel Barbeito Varela USC Senior Members:\u00a0Laura Lojo Rodr\u00edguez, Manuel M\u00edguez Ben, Manuela Palacios Gonz\u00e1lez, Jorge Sacido Romero. Research Lines:\u00a0British Literature;\u00a0English Literature and the Visual Arts;\u00a0Literature and Philosophy;\u00a0Literature and Psychoanalysis;\u00a0Identity and Subjectivity in Literature;\u00a0Discourses and Cultural Identities in Literature;\u00a0Discourse and Textual Analysis;\u00a0Translation and Text Editing. The Literature Team\u00a01, coordinated by Jos\u00e9 Manuel Barbeito Varela, covers [&hellip;]<\/p>\n","protected":false},"author":1,"featured_media":0,"parent":0,"menu_order":0,"comment_status":"closed","ping_status":"closed","template":"","meta":{"_et_pb_use_builder":"on","_et_pb_old_content":"","_et_gb_content_width":"","footnotes":""},"class_list":["post-968","page","type-page","status-publish","hentry"],"_links":{"self":[{"href":"https:\/\/discursoeidentidade.com\/index.php?rest_route=\/wp\/v2\/pages\/968","targetHints":{"allow":["GET"]}}],"collection":[{"href":"https:\/\/discursoeidentidade.com\/index.php?rest_route=\/wp\/v2\/pages"}],"about":[{"href":"https:\/\/discursoeidentidade.com\/index.php?rest_route=\/wp\/v2\/types\/page"}],"author":[{"embeddable":true,"href":"https:\/\/discursoeidentidade.com\/index.php?rest_route=\/wp\/v2\/users\/1"}],"replies":[{"embeddable":true,"href":"https:\/\/discursoeidentidade.com\/index.php?rest_route=%2Fwp%2Fv2%2Fcomments&post=968"}],"version-history":[{"count":0,"href":"https:\/\/discursoeidentidade.com\/index.php?rest_route=\/wp\/v2\/pages\/968\/revisions"}],"wp:attachment":[{"href":"https:\/\/discursoeidentidade.com\/index.php?rest_route=%2Fwp%2Fv2%2Fmedia&parent=968"}],"curies":[{"name":"wp","href":"https:\/\/api.w.org\/{rel}","templated":true}]}}