{"id":946,"date":"2016-06-22T11:20:41","date_gmt":"2016-06-22T09:20:41","guid":{"rendered":"http:\/\/discursoeidentidade.com\/?page_id=946&#038;lang=es"},"modified":"2021-03-15T11:38:00","modified_gmt":"2021-03-15T10:38:00","slug":"946-2","status":"publish","type":"page","link":"https:\/\/discursoeidentidade.com\/?page_id=946&lang=es","title":{"rendered":"EQUIPO LING\u00dc\u00cdSTICA: SCIMITAR"},"content":{"rendered":"<p>[et_pb_section fb_built=&#8221;1&#8243; inner_shadow=&#8221;on&#8221; fullwidth=&#8221;on&#8221; custom_padding_last_edited=&#8221;on|desktop&#8221; admin_label=&#8221;section&#8221; _builder_version=&#8221;4.6.1&#8243; background_color=&#8221;#153b60&#8243; custom_padding_tablet=&#8221;50px|0|50px|0&#8243; custom_padding_phone=&#8221;&#8221; transparent_background=&#8221;off&#8221; padding_mobile=&#8221;off&#8221; make_fullwidth=&#8221;off&#8221; use_custom_width=&#8221;off&#8221; width_unit=&#8221;on&#8221; custom_width_px=&#8221;1080px&#8221; custom_width_percent=&#8221;80%&#8221;][et_pb_fullwidth_header content_max_width=&#8221;none&#8221; admin_label=&#8221;T\u00cdTULO SECCI\u00d3N&#8221; _builder_version=&#8221;4.6.1&#8243; title_font=&#8221;Montserrat||||||||&#8221; background_color=&#8221;rgba(255, 255, 255, 0)&#8221; custom_padding=&#8221;||0px|||&#8221; button_one_letter_spacing_hover=&#8221;0&#8243; button_two_letter_spacing_hover=&#8221;0&#8243; button_one_text_size__hover_enabled=&#8221;off&#8221; button_two_text_size__hover_enabled=&#8221;off&#8221; button_one_text_color__hover_enabled=&#8221;off&#8221; button_two_text_color__hover_enabled=&#8221;off&#8221; button_one_border_width__hover_enabled=&#8221;off&#8221; button_two_border_width__hover_enabled=&#8221;off&#8221; button_one_border_color__hover_enabled=&#8221;off&#8221; button_two_border_color__hover_enabled=&#8221;off&#8221; button_one_border_radius__hover_enabled=&#8221;off&#8221; button_two_border_radius__hover_enabled=&#8221;off&#8221; button_one_letter_spacing__hover_enabled=&#8221;on&#8221; button_one_letter_spacing__hover=&#8221;0&#8243; button_two_letter_spacing__hover_enabled=&#8221;on&#8221; button_two_letter_spacing__hover=&#8221;0&#8243; button_one_bg_color__hover_enabled=&#8221;off&#8221; button_two_bg_color__hover_enabled=&#8221;off&#8221;]<\/p>\n<h1>FOCO 2: Ling\u00fc\u00edstica<\/h1>\n<p>[\/et_pb_fullwidth_header][\/et_pb_section][et_pb_section fb_built=&#8221;1&#8243; custom_padding_last_edited=&#8221;on|desktop&#8221; admin_label=&#8221;section&#8221; _builder_version=&#8221;4.6.1&#8243; background_color=&#8221;rgba(0,0,0,0)&#8221; custom_padding=&#8221;|47px|36px|126px||&#8221; custom_padding_tablet=&#8221;50px|0|50px|0&#8243; custom_padding_phone=&#8221;&#8221; transparent_background=&#8221;off&#8221; padding_mobile=&#8221;off&#8221; custom_margin=&#8221;||6px|||&#8221;][et_pb_row padding_mobile=&#8221;off&#8221; column_padding_mobile=&#8221;on&#8221; admin_label=&#8221;Row&#8221; module_class=&#8221; et_pb_row_fullwidth&#8221; _builder_version=&#8221;3.25&#8243; background_color=&#8221;#f7f7f7&#8243; background_size=&#8221;initial&#8221; background_position=&#8221;top_left&#8221; background_repeat=&#8221;repeat&#8221; width_tablet=&#8221;80%&#8221; width_phone=&#8221;&#8221; width_last_edited=&#8221;on|desktop&#8221; max_width=&#8221;84.8%&#8221; max_width_tablet=&#8221;80%&#8221; max_width_phone=&#8221;&#8221; max_width_last_edited=&#8221;on|desktop&#8221; custom_margin=&#8221;|auto||81px||&#8221; custom_padding=&#8221;|44px||||&#8221; make_fullwidth=&#8221;on&#8221;][et_pb_column type=&#8221;4_4&#8243; _builder_version=&#8221;3.25&#8243; custom_padding=&#8221;|||&#8221; custom_padding__hover=&#8221;|||&#8221;][et_pb_text admin_label=&#8221;Text&#8221; _builder_version=&#8221;4.6.6&#8243; text_font=&#8221;Montserrat||||||||&#8221; text_font_size=&#8221;12px&#8221; background_size=&#8221;initial&#8221; background_position=&#8221;top_left&#8221; background_repeat=&#8221;repeat&#8221; width=&#8221;99.9%&#8221; custom_padding=&#8221;|||50px||&#8221; use_border_color=&#8221;off&#8221; border_color=&#8221;#ffffff&#8221; border_style=&#8221;solid&#8221;]<\/p>\n<p style=\"text-align: left;\"><span style=\"font-size: medium;\"><b>Miembros Principales USC: <\/b><span style=\"color: #000080;\"><a href=\"?page_id=666\">Mar\u00eda de los \u00c1ngeles G\u00f3mez-Gonz\u00e1lez,<\/a><\/span>\u00a0Antonio \u00c1lvarez Rodr\u00edguez,<span style=\"text-align: justify;\">\u00a0Luis Iglesias R\u00e1bade, Teresa S\u00e1nchez Roura, Mar\u00eda del Mar Vi\u00f1a Rouco.\u00a0<\/span><\/span><\/p>\n<p style=\"text-align: left;\"><span style=\"font-size: medium;\"><strong>L\u00edneas de Investigaci\u00f3n<\/strong>: Ling\u00fc\u00edstica aplicada y contrastiva (perspectivas sincr\u00f3nicas y diacr\u00f3nicas): Ling\u00fc\u00edstica de Corpus\/Cuantitativa; Educaci\u00f3n y Aprendizaje\/Adquisici\u00f3n del ingl\u00e9s como lengua extranjera\/adicional; Modelos de Descripci\u00f3n Gramatical; Construciones y Marcadores Discursivos; Cohesi\u00f3n y Coherencia;\u00a0Comunicaci\u00f3n Multimodal\/Digital; \u00a0entre otras.<\/span><span style=\"font-size: 12px; text-align: left;\">\u00a0<\/span><\/p>\n<p style=\"text-align: left;\"><span style=\"font-size: medium;\"><strong>P\u00e1gina web<\/strong>: <a href=\"http:\/\/www.scimitar.es\/\" target=\"_blank\" rel=\"noopener noreferrer\"><span style=\"color: #000080;\">http:\/\/www.scimitar.es\/<\/span><\/a><\/span><\/p>\n<p>[\/et_pb_text][\/et_pb_column][\/et_pb_row][et_pb_row column_structure=&#8221;3_4,1_4&#8243; padding_mobile=&#8221;off&#8221; column_padding_mobile=&#8221;on&#8221; admin_label=&#8221;Row&#8221; module_class=&#8221; et_pb_row_fullwidth&#8221; _builder_version=&#8221;4.7.3&#8243; background_color=&#8221;rgba(0,0,0,0)&#8221; background_size=&#8221;initial&#8221; background_position=&#8221;top_left&#8221; background_repeat=&#8221;repeat&#8221; width=&#8221;81.7%&#8221; width_tablet=&#8221;80%&#8221; width_phone=&#8221;&#8221; width_last_edited=&#8221;on|desktop&#8221; max_width=&#8221;89%&#8221; max_width_tablet=&#8221;80%&#8221; max_width_phone=&#8221;&#8221; max_width_last_edited=&#8221;on|desktop&#8221; min_height=&#8221;341px&#8221; custom_margin=&#8221;-5px|auto|-19px|auto||&#8221; custom_padding=&#8221;||0px|||&#8221; make_fullwidth=&#8221;on&#8221;][et_pb_column type=&#8221;3_4&#8243; _builder_version=&#8221;3.25&#8243; custom_padding=&#8221;|||&#8221; custom_padding__hover=&#8221;|||&#8221;][et_pb_text admin_label=&#8221;Text&#8221; _builder_version=&#8221;4.7.3&#8243; text_font=&#8221;Montserrat||||||||&#8221; background_color=&#8221;rgba(0,0,0,0)&#8221; background_size=&#8221;initial&#8221; background_position=&#8221;top_left&#8221; background_repeat=&#8221;repeat&#8221; custom_margin=&#8221;|-3px||||&#8221; custom_padding=&#8221;0px|||9px||&#8221; use_border_color=&#8221;off&#8221; border_color=&#8221;#ffffff&#8221; border_style=&#8221;solid&#8221; inline_fonts=&#8221;Montserrat&#8221;]<\/p>\n<h3><span><a href=\"http:\/\/www.scimitar.es\/\" target=\"_blank\" rel=\"noopener noreferrer\"><\/a><\/span><\/h3>\n<p>&nbsp;<\/p>\n<h3><span style=\"font-family: Montserrat; font-weight: normal; font-size: medium;\">Este foco de investigaci\u00f3n est\u00e1 integrado, principalmente, por los miembros del equipo <a href=\"http:\/\/www.scimitar.es\/\" target=\"_blank\" rel=\"noopener noreferrer\">SCIMITAR<\/a>, coordinado por Mar\u00eda de los \u00c1ngeles G\u00f3mez-Gonz\u00e1lez. SCIMITAR constituye un foro de cooperaci\u00f3n internacional entre investigadores orientado al estudio de la interfaz entre la gram\u00e1tica y el discurso, fundamentalmente en ingl\u00e9s, pero tambi\u00e9n en (contraste con) otras lenguas tales como el espa\u00f1ol, gallego, portugu\u00e9s, franc\u00e9s, holand\u00e9s o alem\u00e1n. Adem\u00e1s de los miembros pertenecientes al grupo de investigaci\u00f3n D&amp;I, el equipo SCIMITAR tambi\u00e9n cuenta con la valiosa colaboraci\u00f3n de investigadores del resto de Espa\u00f1a, as\u00ed como de Canad\u00e1, Reino Unido, Holanda y Portugal. Desde su fundaci\u00f3n en el a\u00f1o 2002, SCIMITAR consigna m\u00e1s de 250 publicaciones (34 libros; 200 art\u00edculos y cap\u00edtulos de libro; 20 rese\u00f1as) en editoriales de reconocido prestigio internacional (John Benjamins, Peter Lang, Routledge), as\u00ed como en las revistas de mayor impacto dentro del \u00e1mbito de la ling\u00fc\u00edstica (inglesa) (<em>Applied Linguistics<\/em>, <em>Discourse Studies<\/em>, <em>Language Sciences<\/em>, <em>Pragmatics<\/em>, <em>Word<\/em>). Asimismo, SCIMITAR ha organizado m\u00e1s de 13 encuentros internacionales, incluyendo tres ediciones de la <em>International Contrastive Linguistics Conference<\/em> (ICLC), celebradas en Santiago de Compostela en 2001, 2003 y 2005. Por su competitividad, los miembros del equipo SCIMITAR han logrado de forma continuada un total de 19 proyectos de investigaci\u00f3n en concurrencia competitiva financiados por el Ministerio de Educaci\u00f3n y Competitividad, la <em>Xunta de Galicia<\/em>, la Uni\u00f3n Europea (FEDER), as\u00ed como por distintas instituciones internacionales como la <a href=\"http:\/\/www.fwo.be\/en\/\" target=\"_blank\" rel=\"noopener noreferrer\"><em>Research Foundation-Flanders<\/em><\/a> (FWO, B\u00e9lgica) o el <a href=\"http:\/\/www.nserc-crsng.gc.ca\/index_eng.asp\" target=\"_blank\" rel=\"noopener noreferrer\"><em>Natural Sciences and Engineering Research Council<\/em><\/a> (Canad\u00e1).<\/span><\/h3>\n<p>&nbsp;<\/p>\n<p>[\/et_pb_text][\/et_pb_column][et_pb_column type=&#8221;1_4&#8243; _builder_version=&#8221;3.25&#8243; custom_padding=&#8221;|||&#8221; custom_padding__hover=&#8221;|||&#8221;][et_pb_gallery gallery_ids=&#8221;4080,3769,3756,3559,3539,3560,2402,3794,3817,3800,3799,3803,3809&#8243; fullwidth=&#8221;on&#8221; _builder_version=&#8221;3.19.11&#8243; width=&#8221;82.5%&#8221; min_height=&#8221;316px&#8221; custom_padding=&#8221;|81px||||&#8221;][\/et_pb_gallery][\/et_pb_column][\/et_pb_row][\/et_pb_section]<\/p>\n","protected":false},"excerpt":{"rendered":"<p>FOCO 2: Ling\u00fc\u00edsticaMiembros Principales USC: Mar\u00eda de los \u00c1ngeles G\u00f3mez-Gonz\u00e1lez,\u00a0Antonio \u00c1lvarez Rodr\u00edguez,\u00a0Luis Iglesias R\u00e1bade, Teresa S\u00e1nchez Roura, Mar\u00eda del Mar Vi\u00f1a Rouco.\u00a0 L\u00edneas de Investigaci\u00f3n: Ling\u00fc\u00edstica aplicada y contrastiva (perspectivas sincr\u00f3nicas y diacr\u00f3nicas): Ling\u00fc\u00edstica de Corpus\/Cuantitativa; Educaci\u00f3n y Aprendizaje\/Adquisici\u00f3n del ingl\u00e9s como lengua extranjera\/adicional; Modelos de Descripci\u00f3n Gramatical; Construciones y Marcadores Discursivos; Cohesi\u00f3n y Coherencia;\u00a0Comunicaci\u00f3n [&hellip;]<\/p>\n","protected":false},"author":1,"featured_media":0,"parent":0,"menu_order":0,"comment_status":"closed","ping_status":"closed","template":"","meta":{"_et_pb_use_builder":"on","_et_pb_old_content":"","_et_gb_content_width":"","footnotes":""},"class_list":["post-946","page","type-page","status-publish","hentry"],"_links":{"self":[{"href":"https:\/\/discursoeidentidade.com\/index.php?rest_route=\/wp\/v2\/pages\/946","targetHints":{"allow":["GET"]}}],"collection":[{"href":"https:\/\/discursoeidentidade.com\/index.php?rest_route=\/wp\/v2\/pages"}],"about":[{"href":"https:\/\/discursoeidentidade.com\/index.php?rest_route=\/wp\/v2\/types\/page"}],"author":[{"embeddable":true,"href":"https:\/\/discursoeidentidade.com\/index.php?rest_route=\/wp\/v2\/users\/1"}],"replies":[{"embeddable":true,"href":"https:\/\/discursoeidentidade.com\/index.php?rest_route=%2Fwp%2Fv2%2Fcomments&post=946"}],"version-history":[{"count":0,"href":"https:\/\/discursoeidentidade.com\/index.php?rest_route=\/wp\/v2\/pages\/946\/revisions"}],"wp:attachment":[{"href":"https:\/\/discursoeidentidade.com\/index.php?rest_route=%2Fwp%2Fv2%2Fmedia&parent=946"}],"curies":[{"name":"wp","href":"https:\/\/api.w.org\/{rel}","templated":true}]}}