{"id":9311,"date":"2026-04-27T11:36:14","date_gmt":"2026-04-27T09:36:14","guid":{"rendered":"https:\/\/discursoeidentidade.com\/?page_id=9311"},"modified":"2026-04-27T11:41:57","modified_gmt":"2026-04-27T09:41:57","slug":"lucia-budino-carril","status":"publish","type":"page","link":"https:\/\/discursoeidentidade.com\/?page_id=9311&lang=en","title":{"rendered":"Lucia Budi\u00f1o Carril"},"content":{"rendered":"<p>[et_pb_section fb_built=&#8221;1&#8243; inner_shadow=&#8221;on&#8221; fullwidth=&#8221;on&#8221; custom_padding_last_edited=&#8221;on|desktop&#8221; admin_label=&#8221;section&#8221; _builder_version=&#8221;4.16&#8243; background_color=&#8221;#153b60&#8243; custom_padding_tablet=&#8221;50px|0|50px|0&#8243; custom_padding_phone=&#8221;&#8221; transparent_background=&#8221;off&#8221; padding_mobile=&#8221;off&#8221; make_fullwidth=&#8221;off&#8221; use_custom_width=&#8221;off&#8221; width_unit=&#8221;on&#8221; custom_width_px=&#8221;1080px&#8221; custom_width_percent=&#8221;80%&#8221; global_colors_info=&#8221;{}&#8221;][et_pb_fullwidth_header content_max_width=&#8221;none&#8221; admin_label=&#8221;T\u00cdTULO SECCI\u00d3N&#8221; _builder_version=&#8221;4.27.6&#8243; title_font=&#8221;Montserrat||||||||&#8221; background_color=&#8221;rgba(255, 255, 255, 0)&#8221; custom_padding=&#8221;||0px|||&#8221; button_one_letter_spacing_hover=&#8221;0&#8243; button_two_letter_spacing_hover=&#8221;0&#8243; global_colors_info=&#8221;{}&#8221; button_one_text_size__hover_enabled=&#8221;off&#8221; button_two_text_size__hover_enabled=&#8221;off&#8221; button_one_text_color__hover_enabled=&#8221;off&#8221; button_two_text_color__hover_enabled=&#8221;off&#8221; button_one_border_width__hover_enabled=&#8221;off&#8221; button_two_border_width__hover_enabled=&#8221;off&#8221; button_one_border_color__hover_enabled=&#8221;off&#8221; button_two_border_color__hover_enabled=&#8221;off&#8221; button_one_border_radius__hover_enabled=&#8221;off&#8221; button_two_border_radius__hover_enabled=&#8221;off&#8221; button_one_letter_spacing__hover_enabled=&#8221;on&#8221; button_one_letter_spacing__hover=&#8221;0&#8243; button_two_letter_spacing__hover_enabled=&#8221;on&#8221; button_two_letter_spacing__hover=&#8221;0&#8243; button_one_bg_color__hover_enabled=&#8221;off&#8221; button_two_bg_color__hover_enabled=&#8221;off&#8221;]<\/p>\n<h1>Luc\u00eda Budi\u00f1o Carril<\/h1>\n<p>[\/et_pb_fullwidth_header][\/et_pb_section][et_pb_section fb_built=&#8221;1&#8243; custom_padding_last_edited=&#8221;on|desktop&#8221; admin_label=&#8221;section&#8221; _builder_version=&#8221;4.16&#8243; background_color=&#8221;rgba(0,0,0,0)&#8221; custom_padding_tablet=&#8221;50px|0|50px|0&#8243; custom_padding_phone=&#8221;&#8221; transparent_background=&#8221;off&#8221; padding_mobile=&#8221;off&#8221; make_fullwidth=&#8221;off&#8221; use_custom_width=&#8221;off&#8221; width_unit=&#8221;on&#8221; custom_width_px=&#8221;1080px&#8221; custom_width_percent=&#8221;80%&#8221; global_colors_info=&#8221;{}&#8221;][et_pb_row column_structure=&#8221;2_5,3_5&#8243; _builder_version=&#8221;4.16&#8243; _module_preset=&#8221;default&#8221; background_color=&#8221;#d6d6d6&#8243; width=&#8221;79.9%&#8221; custom_padding=&#8221;||5px|28px||&#8221; global_colors_info=&#8221;{}&#8221;][et_pb_column type=&#8221;2_5&#8243; _builder_version=&#8221;4.16&#8243; _module_preset=&#8221;default&#8221; global_colors_info=&#8221;{}&#8221;][et_pb_image src=&#8221;https:\/\/discursoeidentidade.com\/wp-content\/uploads\/2026\/04\/IMG_9988-scaled-e1777282461705.jpg&#8221; alt=&#8221;Luc\u00eda Budi\u00f1o&#8221; title_text=&#8221;IMG_9988&#8243; _builder_version=&#8221;4.27.6&#8243; _module_preset=&#8221;default&#8221; custom_margin=&#8221;|6px||||&#8221; custom_padding=&#8221;15px|||||&#8221; global_colors_info=&#8221;{}&#8221;][\/et_pb_image][et_pb_text disabled_on=&#8221;on|on|on&#8221; _builder_version=&#8221;4.16&#8243; _module_preset=&#8221;default&#8221; text_line_height=&#8221;1em&#8221; custom_margin=&#8221;-17px||-23px|||&#8221; custom_padding=&#8221;||0px|||&#8221; disabled=&#8221;on&#8221; global_colors_info=&#8221;{}&#8221;][\/et_pb_text][\/et_pb_column][et_pb_column type=&#8221;3_5&#8243; _builder_version=&#8221;4.16&#8243; _module_preset=&#8221;default&#8221; global_colors_info=&#8221;{}&#8221;][et_pb_text _builder_version=&#8221;4.27.6&#8243; _module_preset=&#8221;default&#8221; text_font=&#8221;Montserrat||||||||&#8221; min_height=&#8221;117px&#8221; custom_margin=&#8221;11px|||||&#8221; custom_padding=&#8221;14px|95px||||&#8221; hover_enabled=&#8221;0&#8243; inline_fonts=&#8221;Montserrat&#8221; global_colors_info=&#8221;{}&#8221; sticky_enabled=&#8221;0&#8243;]<\/p>\n<p><strong>Luc\u00eda Budi\u00f1o Carril<\/strong> holds a BA in English Language and Literature from the Universidade de Santiago de Compostela (2023) and an MA in Comparative Studies in Literature, Art and Thought from Universitat Pompeu Fabra in Barcelona (2025). She completed an Erasmus stay at the University of Vienna (Austria) in 2021\/2022 and worked as a Language Assistant at a secondary school in Birmingham (UK) during the 2023\/2024 academic year.<br \/>She is currently developing her doctoral thesis under the supervision of Professors Manuela Palacios Gonz\u00e1lez and Mar\u00eda Alonso Alonso. Her research project, provisionally titled \u201cThinking with Water: Atlantic Imaginaries in Contemporary Galician and Irish Literatures\u201d, examines aquatic imaginaries in contemporary Galician and Irish literatures, approaching water as a material entity and epistemological agent that reshapes relations between human and nonhuman bodies within the frameworks of the Blue Humanities, posthumanism, and hydrofeminism.<br \/>Her research interests include ecocriticism, Irish studies, cultural studies, and postcolonialism, with a particular focus on literature\u2013environment relations in the Atlantic context..<\/p>\n<p><a href=\"https:\/\/orcid.org\/0009-0004-7498-1558\" target=\"_blank\" rel=\"noopener\">ORCID ID: 0009-0004-7498-1558<\/a><\/p>\n<p>@ lucia.budino@rai.usc.es<\/p>\n<p>[\/et_pb_text][\/et_pb_column][\/et_pb_row][et_pb_row disabled_on=&#8221;off|off|off&#8221; _builder_version=&#8221;4.16&#8243; _module_preset=&#8221;default&#8221; custom_padding=&#8221;0px||27px|0px||&#8221; global_colors_info=&#8221;{}&#8221;][et_pb_column type=&#8221;4_4&#8243; _builder_version=&#8221;4.16&#8243; _module_preset=&#8221;default&#8221; global_colors_info=&#8221;{}&#8221;][et_pb_text _builder_version=&#8221;4.24.0&#8243; _module_preset=&#8221;default&#8221; text_font=&#8221;Montserrat||||||||&#8221; text_font_size=&#8221;11px&#8221; inline_fonts=&#8221;Montserrat&#8221; global_colors_info=&#8221;{}&#8221;][\/et_pb_text][\/et_pb_column][\/et_pb_row][\/et_pb_section]<\/p>\n","protected":false},"excerpt":{"rendered":"<p>Luc\u00eda Budi\u00f1o CarrilLuc\u00eda Budi\u00f1o Carril holds a BA in English Language and Literature from the Universidade de Santiago de Compostela (2023) and an MA in Comparative Studies in Literature, Art and Thought from Universitat Pompeu Fabra in Barcelona (2025). She completed an Erasmus stay at the University of Vienna (Austria) in 2021\/2022 and worked as [&hellip;]<\/p>\n","protected":false},"author":3,"featured_media":0,"parent":0,"menu_order":0,"comment_status":"closed","ping_status":"closed","template":"","meta":{"_et_pb_use_builder":"on","_et_pb_old_content":"","_et_gb_content_width":"","footnotes":""},"class_list":["post-9311","page","type-page","status-publish","hentry"],"_links":{"self":[{"href":"https:\/\/discursoeidentidade.com\/index.php?rest_route=\/wp\/v2\/pages\/9311","targetHints":{"allow":["GET"]}}],"collection":[{"href":"https:\/\/discursoeidentidade.com\/index.php?rest_route=\/wp\/v2\/pages"}],"about":[{"href":"https:\/\/discursoeidentidade.com\/index.php?rest_route=\/wp\/v2\/types\/page"}],"author":[{"embeddable":true,"href":"https:\/\/discursoeidentidade.com\/index.php?rest_route=\/wp\/v2\/users\/3"}],"replies":[{"embeddable":true,"href":"https:\/\/discursoeidentidade.com\/index.php?rest_route=%2Fwp%2Fv2%2Fcomments&post=9311"}],"version-history":[{"count":1,"href":"https:\/\/discursoeidentidade.com\/index.php?rest_route=\/wp\/v2\/pages\/9311\/revisions"}],"predecessor-version":[{"id":9313,"href":"https:\/\/discursoeidentidade.com\/index.php?rest_route=\/wp\/v2\/pages\/9311\/revisions\/9313"}],"wp:attachment":[{"href":"https:\/\/discursoeidentidade.com\/index.php?rest_route=%2Fwp%2Fv2%2Fmedia&parent=9311"}],"curies":[{"name":"wp","href":"https:\/\/api.w.org\/{rel}","templated":true}]}}