{"id":8887,"date":"2025-11-26T13:21:40","date_gmt":"2025-11-26T12:21:40","guid":{"rendered":"https:\/\/discursoeidentidade.com\/?page_id=8887"},"modified":"2025-11-26T14:09:44","modified_gmt":"2025-11-26T13:09:44","slug":"israel-huerta-castillo","status":"publish","type":"page","link":"https:\/\/discursoeidentidade.com\/?page_id=8887&lang=es","title":{"rendered":"Israel Huerta Castillo"},"content":{"rendered":"<p>[et_pb_section fb_built=&#8221;1&#8243; inner_shadow=&#8221;on&#8221; fullwidth=&#8221;on&#8221; custom_padding_last_edited=&#8221;on|desktop&#8221; admin_label=&#8221;section&#8221; _builder_version=&#8221;4.16&#8243; background_color=&#8221;#153b60&#8243; custom_padding_tablet=&#8221;50px|0|50px|0&#8243; custom_padding_phone=&#8221;&#8221; transparent_background=&#8221;off&#8221; padding_mobile=&#8221;off&#8221; make_fullwidth=&#8221;off&#8221; use_custom_width=&#8221;off&#8221; width_unit=&#8221;on&#8221; custom_width_px=&#8221;1080px&#8221; custom_width_percent=&#8221;80%&#8221; global_colors_info=&#8221;{}&#8221; theme_builder_area=&#8221;post_content&#8221; locked=&#8221;off&#8221;][et_pb_fullwidth_header content_max_width=&#8221;none&#8221; admin_label=&#8221;T\u00cdTULO SECCI\u00d3N&#8221; _builder_version=&#8221;4.16&#8243; title_font=&#8221;Montserrat||||||||&#8221; background_color=&#8221;rgba(255, 255, 255, 0)&#8221; custom_padding=&#8221;||0px|||&#8221; button_one_letter_spacing_hover=&#8221;0&#8243; button_two_letter_spacing_hover=&#8221;0&#8243; global_colors_info=&#8221;{}&#8221; button_one_text_size__hover_enabled=&#8221;off&#8221; button_two_text_size__hover_enabled=&#8221;off&#8221; button_one_text_color__hover_enabled=&#8221;off&#8221; button_two_text_color__hover_enabled=&#8221;off&#8221; button_one_border_width__hover_enabled=&#8221;off&#8221; button_two_border_width__hover_enabled=&#8221;off&#8221; button_one_border_color__hover_enabled=&#8221;off&#8221; button_two_border_color__hover_enabled=&#8221;off&#8221; button_one_border_radius__hover_enabled=&#8221;off&#8221; button_two_border_radius__hover_enabled=&#8221;off&#8221; button_one_letter_spacing__hover_enabled=&#8221;on&#8221; button_one_letter_spacing__hover=&#8221;0&#8243; button_two_letter_spacing__hover_enabled=&#8221;on&#8221; button_two_letter_spacing__hover=&#8221;0&#8243; button_one_bg_color__hover_enabled=&#8221;off&#8221; button_two_bg_color__hover_enabled=&#8221;off&#8221; theme_builder_area=&#8221;post_content&#8221;]<\/p>\n<h1>Israel Huerta Castillo<\/h1>\n<p>[\/et_pb_fullwidth_header][\/et_pb_section][et_pb_section fb_built=&#8221;1&#8243; custom_padding_last_edited=&#8221;on|desktop&#8221; admin_label=&#8221;section&#8221; _builder_version=&#8221;4.16&#8243; background_color=&#8221;rgba(0,0,0,0)&#8221; custom_padding_tablet=&#8221;50px|0|50px|0&#8243; custom_padding_phone=&#8221;&#8221; transparent_background=&#8221;off&#8221; padding_mobile=&#8221;off&#8221; make_fullwidth=&#8221;off&#8221; use_custom_width=&#8221;off&#8221; width_unit=&#8221;on&#8221; custom_width_px=&#8221;1080px&#8221; custom_width_percent=&#8221;80%&#8221; global_colors_info=&#8221;{}&#8221; theme_builder_area=&#8221;post_content&#8221; locked=&#8221;off&#8221;][et_pb_row column_structure=&#8221;2_5,3_5&#8243; _builder_version=&#8221;4.24.0&#8243; _module_preset=&#8221;default&#8221; background_color=&#8221;#d6d6d6&#8243; custom_padding=&#8221;||5px|28px||&#8221; hover_enabled=&#8221;0&#8243; global_colors_info=&#8221;{}&#8221; theme_builder_area=&#8221;post_content&#8221; sticky_enabled=&#8221;0&#8243; height=&#8221;100%&#8221;][et_pb_column type=&#8221;2_5&#8243; _builder_version=&#8221;4.24.0&#8243; _module_preset=&#8221;default&#8221; hover_enabled=&#8221;0&#8243; global_colors_info=&#8221;{}&#8221; theme_builder_area=&#8221;post_content&#8221; sticky_enabled=&#8221;0&#8243;][et_pb_image src=&#8221;https:\/\/discursoeidentidade.com\/wp-content\/uploads\/2025\/11\/fotoIsrael.jpg&#8221; alt=&#8221;Israel Huerta Castillo&#8221; title_text=&#8221;fotoIsrael&#8221; _builder_version=&#8221;4.24.0&#8243; _module_preset=&#8221;default&#8221; custom_margin=&#8221;|6px||||&#8221; custom_padding=&#8221;15px|||||&#8221; hover_enabled=&#8221;0&#8243; global_colors_info=&#8221;{}&#8221; theme_builder_area=&#8221;post_content&#8221; sticky_enabled=&#8221;0&#8243;][\/et_pb_image][\/et_pb_column][et_pb_column type=&#8221;3_5&#8243; _builder_version=&#8221;4.16&#8243; _module_preset=&#8221;default&#8221; global_colors_info=&#8221;{}&#8221; theme_builder_area=&#8221;post_content&#8221;][et_pb_text _builder_version=&#8221;4.24.0&#8243; _module_preset=&#8221;default&#8221; text_font=&#8221;Montserrat||||||||&#8221; min_height=&#8221;117px&#8221; custom_margin=&#8221;11px|||||&#8221; custom_padding=&#8221;|95px||||&#8221; hover_enabled=&#8221;0&#8243; inline_fonts=&#8221;Montserrat&#8221; global_colors_info=&#8221;{}&#8221; theme_builder_area=&#8221;post_content&#8221; sticky_enabled=&#8221;0&#8243;]<\/p>\n<p><span style=\"font-size: 14px;\"><strong>Israel Huerta Castillo<\/strong> \u00e9 investigador en formaci\u00f3n no Programa Interuniversitario de Doutoramento en L\u00f3xica e Filosof\u00eda da Ciencia da Universidade de Santiago de Compostela, integrado no grupo de investigaci\u00f3n de referencia competitiva &#8220;Discurso e Identidade&#8221;. O seu traballo desenv\u00f3lvese na intersecci\u00f3n entre filosof\u00eda da ciencia, filosof\u00eda da biolox\u00eda e Estudos Sociais da Ciencia e a Tecnolox\u00eda (STS), cun \u00e9nfase especial na biosemi\u00f3tica, no estudo do envellecemento e no novo escenario da ciencia cidad\u00e1 e das pr\u00e1cticas DIYbio. Emprega unha metodolox\u00eda l\u00f3xico\u2013abductiva de indagaci\u00f3n, inspirada na tradici\u00f3n peirceana, inserida nun paradigma de investigaci\u00f3n hol\u00edstico, comparado e fortemente interdisciplinar.<br \/>A s\u00faa tese doutoral, titulada \u00abEnvejece, pero hazlo t\u00fa mismo: Filosof\u00eda de la biolog\u00eda DIY como ciencia ciudadana\u00bb, constit\u00fae o eixo central da s\u00faa investigaci\u00f3n en filosof\u00eda da biolox\u00eda e da medicina: prop\u00f3n unha reconceptualizaci\u00f3n do envellecemento desde unha orientaci\u00f3n biosemi\u00f3tica, biopsicosocial e bio\u00e9tica que analiza sa\u00fade, enfermidade, vulnerabilidade e razoamento cl\u00ednico como fen\u00f3menos semi\u00f3ticos, relacionais e institucionalmente mediados. En paralelo, est\u00e1 a desenvolver unha Teor\u00eda Semi\u00f3tica da Conciencia que procura tender pontes entre semiose m\u00ednima, procesos cognitivos, organizaci\u00f3n biol\u00f3xica e experiencia encarnada.<br \/>Israel \u00e9 tam\u00e9n fundador e director cient\u00edfico de DIY-Aging Lab\u00ae, un proxecto de laboratorio comunitario orientado \u00e1 alfabetizaci\u00f3n biom\u00e9dica e biotecnol\u00f3xica, ao envellecemento activo e \u00e1 dinamizaci\u00f3n comunitaria en clave interxeracional e de ciencia cidad\u00e1. Os seus intereses intelectuais m\u00e1is amplos abranguen a epistemolox\u00eda, a metaf\u00edsica, a filosof\u00eda da mente, a ciencia cognitiva e as ciencias naturais e experimentais, as\u00ed como o estudo das relaci\u00f3ns entre razoamento cient\u00edfico, narratividade e impulso art\u00edstico na produci\u00f3n de co\u00f1ecemento. Mant\u00e9n, ademais, un interese continuado en filosof\u00eda pol\u00edtica e filosof\u00eda do dereito, coa vontade de pensar xunto \u00e1 cidadan\u00eda os v\u00ednculos entre tecnociencia, democracia, dereitos humanos, xustiza epist\u00e9mica e culturas do coidado. A s\u00faa traxectoria inscr\u00edbese nun horizonte de investigaci\u00f3n p\u00fablica comprometida co di\u00e1logo interdisciplinar, a inclusi\u00f3n social e a responsabilidade \u00e9tica da tecnociencia.<br \/><\/span><\/p>\n<p>[\/et_pb_text][\/et_pb_column][\/et_pb_row][et_pb_row disabled_on=&#8221;off|off|off&#8221; _builder_version=&#8221;4.16&#8243; _module_preset=&#8221;default&#8221; custom_padding=&#8221;0px||27px|0px||&#8221; global_colors_info=&#8221;{}&#8221; theme_builder_area=&#8221;post_content&#8221;][et_pb_column type=&#8221;4_4&#8243; _builder_version=&#8221;4.16&#8243; _module_preset=&#8221;default&#8221; global_colors_info=&#8221;{}&#8221; theme_builder_area=&#8221;post_content&#8221;][et_pb_text _builder_version=&#8221;4.24.0&#8243; _module_preset=&#8221;default&#8221; text_font=&#8221;Montserrat||||||||&#8221; text_font_size=&#8221;11px&#8221; inline_fonts=&#8221;Montserrat&#8221; global_colors_info=&#8221;{}&#8221; theme_builder_area=&#8221;post_content&#8221;][\/et_pb_text][\/et_pb_column][\/et_pb_row][\/et_pb_section]<\/p>\n","protected":false},"excerpt":{"rendered":"<p>Israel Huerta CastilloIsrael Huerta Castillo \u00e9 investigador en formaci\u00f3n no Programa Interuniversitario de Doutoramento en L\u00f3xica e Filosof\u00eda da Ciencia da Universidade de Santiago de Compostela, integrado no grupo de investigaci\u00f3n de referencia competitiva &#8220;Discurso e Identidade&#8221;. O seu traballo desenv\u00f3lvese na intersecci\u00f3n entre filosof\u00eda da ciencia, filosof\u00eda da biolox\u00eda e Estudos Sociais da Ciencia [&hellip;]<\/p>\n","protected":false},"author":3,"featured_media":0,"parent":0,"menu_order":0,"comment_status":"closed","ping_status":"closed","template":"","meta":{"_et_pb_use_builder":"on","_et_pb_old_content":"","_et_gb_content_width":"","footnotes":""},"class_list":["post-8887","page","type-page","status-publish","hentry"],"_links":{"self":[{"href":"https:\/\/discursoeidentidade.com\/index.php?rest_route=\/wp\/v2\/pages\/8887","targetHints":{"allow":["GET"]}}],"collection":[{"href":"https:\/\/discursoeidentidade.com\/index.php?rest_route=\/wp\/v2\/pages"}],"about":[{"href":"https:\/\/discursoeidentidade.com\/index.php?rest_route=\/wp\/v2\/types\/page"}],"author":[{"embeddable":true,"href":"https:\/\/discursoeidentidade.com\/index.php?rest_route=\/wp\/v2\/users\/3"}],"replies":[{"embeddable":true,"href":"https:\/\/discursoeidentidade.com\/index.php?rest_route=%2Fwp%2Fv2%2Fcomments&post=8887"}],"version-history":[{"count":8,"href":"https:\/\/discursoeidentidade.com\/index.php?rest_route=\/wp\/v2\/pages\/8887\/revisions"}],"predecessor-version":[{"id":8898,"href":"https:\/\/discursoeidentidade.com\/index.php?rest_route=\/wp\/v2\/pages\/8887\/revisions\/8898"}],"wp:attachment":[{"href":"https:\/\/discursoeidentidade.com\/index.php?rest_route=%2Fwp%2Fv2%2Fmedia&parent=8887"}],"curies":[{"name":"wp","href":"https:\/\/api.w.org\/{rel}","templated":true}]}}