{"id":8658,"date":"2025-02-17T14:29:03","date_gmt":"2025-02-17T13:29:03","guid":{"rendered":"https:\/\/discursoeidentidade.com\/?page_id=8658"},"modified":"2025-02-17T14:29:03","modified_gmt":"2025-02-17T13:29:03","slug":"francisco-javier-alcala-rodriguez","status":"publish","type":"page","link":"https:\/\/discursoeidentidade.com\/?page_id=8658&lang=en","title":{"rendered":"Francisco Javier Alcal\u00e1 Rodr\u00edguez"},"content":{"rendered":"<p>[et_pb_section fb_built=&#8221;1&#8243; inner_shadow=&#8221;on&#8221; fullwidth=&#8221;on&#8221; custom_padding_last_edited=&#8221;on|desktop&#8221; admin_label=&#8221;section&#8221; _builder_version=&#8221;4.16&#8243; background_color=&#8221;#153b60&#8243; custom_padding_tablet=&#8221;50px|0|50px|0&#8243; custom_padding_phone=&#8221;&#8221; transparent_background=&#8221;off&#8221; padding_mobile=&#8221;off&#8221; make_fullwidth=&#8221;off&#8221; use_custom_width=&#8221;off&#8221; width_unit=&#8221;on&#8221; custom_width_px=&#8221;1080px&#8221; custom_width_percent=&#8221;80%&#8221; global_colors_info=&#8221;{}&#8221; locked=&#8221;off&#8221;][et_pb_fullwidth_header content_max_width=&#8221;none&#8221; admin_label=&#8221;T\u00cdTULO SECCI\u00d3N&#8221; _builder_version=&#8221;4.16&#8243; title_font=&#8221;Montserrat||||||||&#8221; background_color=&#8221;rgba(255, 255, 255, 0)&#8221; custom_padding=&#8221;||0px|||&#8221; button_one_letter_spacing_hover=&#8221;0&#8243; button_two_letter_spacing_hover=&#8221;0&#8243; global_colors_info=&#8221;{}&#8221; button_one_text_size__hover_enabled=&#8221;off&#8221; button_two_text_size__hover_enabled=&#8221;off&#8221; button_one_text_color__hover_enabled=&#8221;off&#8221; button_two_text_color__hover_enabled=&#8221;off&#8221; button_one_border_width__hover_enabled=&#8221;off&#8221; button_two_border_width__hover_enabled=&#8221;off&#8221; button_one_border_color__hover_enabled=&#8221;off&#8221; button_two_border_color__hover_enabled=&#8221;off&#8221; button_one_border_radius__hover_enabled=&#8221;off&#8221; button_two_border_radius__hover_enabled=&#8221;off&#8221; button_one_letter_spacing__hover_enabled=&#8221;on&#8221; button_one_letter_spacing__hover=&#8221;0&#8243; button_two_letter_spacing__hover_enabled=&#8221;on&#8221; button_two_letter_spacing__hover=&#8221;0&#8243; button_one_bg_color__hover_enabled=&#8221;off&#8221; button_two_bg_color__hover_enabled=&#8221;off&#8221; theme_builder_area=&#8221;post_content&#8221;]<\/p>\n<h1>Francisco Javier Alcal\u00e1 Rodr\u00edguez<\/h1>\n<p>[\/et_pb_fullwidth_header][\/et_pb_section][et_pb_section fb_built=&#8221;1&#8243; custom_padding_last_edited=&#8221;on|desktop&#8221; admin_label=&#8221;section&#8221; _builder_version=&#8221;4.16&#8243; background_color=&#8221;rgba(0,0,0,0)&#8221; custom_padding_tablet=&#8221;50px|0|50px|0&#8243; custom_padding_phone=&#8221;&#8221; transparent_background=&#8221;off&#8221; padding_mobile=&#8221;off&#8221; make_fullwidth=&#8221;off&#8221; use_custom_width=&#8221;off&#8221; width_unit=&#8221;on&#8221; custom_width_px=&#8221;1080px&#8221; custom_width_percent=&#8221;80%&#8221; global_colors_info=&#8221;{}&#8221; locked=&#8221;off&#8221;][et_pb_row column_structure=&#8221;2_5,3_5&#8243; _builder_version=&#8221;4.16&#8243; _module_preset=&#8221;default&#8221; background_color=&#8221;#d6d6d6&#8243; width=&#8221;79.9%&#8221; custom_padding=&#8221;||27px|28px||&#8221; global_colors_info=&#8221;{}&#8221; theme_builder_area=&#8221;post_content&#8221;][et_pb_column type=&#8221;2_5&#8243; _builder_version=&#8221;4.16&#8243; _module_preset=&#8221;default&#8221; global_colors_info=&#8221;{}&#8221; theme_builder_area=&#8221;post_content&#8221;][et_pb_image src=&#8221;https:\/\/discursoeidentidade.com\/wp-content\/uploads\/2025\/02\/FranciscoJavierAlcala-e1739798572611.jpg&#8221; title_text=&#8221;FranciscoJavierAlcala&#8221; _builder_version=&#8221;4.24.0&#8243; _module_preset=&#8221;default&#8221; min_height=&#8221;299px&#8221; custom_margin=&#8221;26px|||||&#8221; custom_padding=&#8221;|||34px||&#8221; hover_enabled=&#8221;0&#8243; global_colors_info=&#8221;{}&#8221; theme_builder_area=&#8221;post_content&#8221; alt=&#8221;Francisco Javier Alcal\u00e1 Rodr\u00edguez&#8221; sticky_enabled=&#8221;0&#8243;][\/et_pb_image][\/et_pb_column][et_pb_column type=&#8221;3_5&#8243; _builder_version=&#8221;4.16&#8243; _module_preset=&#8221;default&#8221; global_colors_info=&#8221;{}&#8221; theme_builder_area=&#8221;post_content&#8221;][et_pb_text _builder_version=&#8221;4.24.0&#8243; _module_preset=&#8221;default&#8221; text_font=&#8221;Montserrat||||||||&#8221; min_height=&#8221;117px&#8221; custom_margin=&#8221;-5px|||||&#8221; custom_padding=&#8221;|95px||||&#8221; hover_enabled=&#8221;0&#8243; inline_fonts=&#8221;Montserrat&#8221; global_colors_info=&#8221;{}&#8221; theme_builder_area=&#8221;post_content&#8221; sticky_enabled=&#8221;0&#8243;]<\/p>\n<p>Soy especialista en Gilles Deleuze, autor en torno al cual he articulado las l\u00edneas de mi investigaci\u00f3n, que muestra un inter\u00e9s especial por la intersecci\u00f3n de la vertiente estrictamente metaf\u00edsica y la vertiente sociopol\u00edtica y cultural del pensamiento. Siguiendo esta motivaci\u00f3n, realic\u00e9 una tesis doctoral sobre la filosof\u00eda del acontecimiento de Deleuze en la Universidad de Granada, que estuvo dirigida por Jos\u00e9 Antonio P\u00e9rez Tapias y fue defendida en noviembre de 2019. Durante mi etapa postdoctoral, he orientado los conocimientos obtenidos en mis anteriores investigaciones al replanteamiento cr\u00edtico del humanismo a la luz de las nuevas tecnolog\u00edas, integrando conocimientos de la filosof\u00eda, la antropolog\u00eda, la ecolog\u00eda y la filosof\u00eda de la cultura y la t\u00e9cnica. Los objetivos generales de estas nuevas investigaciones son tanto la cr\u00edtica de la antropolog\u00eda transhumanista como la formulaci\u00f3n de una concepci\u00f3n alternativa del ser humano inspirada en el posthumanismo deleuzeano. Se integran aqu\u00ed mis trabajos (i) sobre el pensamiento del Barroco como modernidad alternativa a la cartesiana, (ii) de cr\u00edtica del transhumanismo, (iii) sobre la pedagog\u00eda y la ecolog\u00eda, (iv) de cr\u00edtica cultural centrados en la pandemia de COVID-19 o el fen\u00f3meno de la soledad en nuestras sociedades.<\/p>\n<p>He sido miembro de los siguientes proyectos de I+D del Ministerio: \u201cProcesos de subjetivaci\u00f3n: biopol\u00edtica y pol\u00edtica de la literatura. La herencia del \u00faltimo M. Foucault\u201d (Universidad de Granada, 2016-2019), \u201cHerencia y reactualizaci\u00f3n del Barroco como ethos inclusivo\u201d (Universidad de Granada, 2020-2023), \u201cLa mirada filos\u00f3fica como mirada m\u00e9dica\u201d (Universidad de Barcelona, 2021-2022). Finalmente, he codirigido el proyecto de I+D del Plan Propio de la Universidad de Granada \u201cSoledades contempor\u00e1neas: un an\u00e1lisis del fen\u00f3meno de las subjetividades solitarias en la cultura reciente (1967-2022)\u201d (Universidad de Granada, 2023). He realizado dos estancias breves de investigaci\u00f3n financiadas por el programa FPU en Universit\u00e9 Paris X Ouest-Nanterre la D\u00e9fense y Universit\u00e9 Paris I Panth\u00e9on-Sorbonne, dirigidas respectivamente por Anne Sauvagnargues y David Lapoujade. A lo largo de mi carrera, he disfrutado de un contrato predoctoral FPU del Ministerio de Educaci\u00f3n (2014-2018), un contrato postdoctoral del programa Margarita Salas para una estancia en la Universidad de Barcelona (2022-2023) y un contrato postdoctoral del programa CIAPOS en la Universidad de Valencia (2023-2024). Actualmente, soy profesor ayudante doctor en el Departamento de Filosof\u00eda de la Universidad de Santiago de Compostela.<span><a href=\"mailto:maria.alonso.alonso@usc.es\"><strong><\/strong><\/a><\/span><\/p>\n<p>[\/et_pb_text][\/et_pb_column][\/et_pb_row][et_pb_row _builder_version=&#8221;4.16&#8243; _module_preset=&#8221;default&#8221; custom_padding=&#8221;|||0px||&#8221; global_colors_info=&#8221;{}&#8221; theme_builder_area=&#8221;post_content&#8221;][et_pb_column type=&#8221;4_4&#8243; _builder_version=&#8221;4.16&#8243; _module_preset=&#8221;default&#8221; global_colors_info=&#8221;{}&#8221; theme_builder_area=&#8221;post_content&#8221;][\/et_pb_column][\/et_pb_row][\/et_pb_section]<\/p>\n","protected":false},"excerpt":{"rendered":"<p>Francisco Javier Alcal\u00e1 Rodr\u00edguezSoy especialista en Gilles Deleuze, autor en torno al cual he articulado las l\u00edneas de mi investigaci\u00f3n, que muestra un inter\u00e9s especial por la intersecci\u00f3n de la vertiente estrictamente metaf\u00edsica y la vertiente sociopol\u00edtica y cultural del pensamiento. Siguiendo esta motivaci\u00f3n, realic\u00e9 una tesis doctoral sobre la filosof\u00eda del acontecimiento de Deleuze [&hellip;]<\/p>\n","protected":false},"author":3,"featured_media":0,"parent":0,"menu_order":0,"comment_status":"closed","ping_status":"closed","template":"","meta":{"_et_pb_use_builder":"on","_et_pb_old_content":"","_et_gb_content_width":"","footnotes":""},"class_list":["post-8658","page","type-page","status-publish","hentry"],"_links":{"self":[{"href":"https:\/\/discursoeidentidade.com\/index.php?rest_route=\/wp\/v2\/pages\/8658","targetHints":{"allow":["GET"]}}],"collection":[{"href":"https:\/\/discursoeidentidade.com\/index.php?rest_route=\/wp\/v2\/pages"}],"about":[{"href":"https:\/\/discursoeidentidade.com\/index.php?rest_route=\/wp\/v2\/types\/page"}],"author":[{"embeddable":true,"href":"https:\/\/discursoeidentidade.com\/index.php?rest_route=\/wp\/v2\/users\/3"}],"replies":[{"embeddable":true,"href":"https:\/\/discursoeidentidade.com\/index.php?rest_route=%2Fwp%2Fv2%2Fcomments&post=8658"}],"version-history":[{"count":3,"href":"https:\/\/discursoeidentidade.com\/index.php?rest_route=\/wp\/v2\/pages\/8658\/revisions"}],"predecessor-version":[{"id":8664,"href":"https:\/\/discursoeidentidade.com\/index.php?rest_route=\/wp\/v2\/pages\/8658\/revisions\/8664"}],"wp:attachment":[{"href":"https:\/\/discursoeidentidade.com\/index.php?rest_route=%2Fwp%2Fv2%2Fmedia&parent=8658"}],"curies":[{"name":"wp","href":"https:\/\/api.w.org\/{rel}","templated":true}]}}