{"id":8367,"date":"2024-10-09T12:35:13","date_gmt":"2024-10-09T10:35:13","guid":{"rendered":"https:\/\/discursoeidentidade.com\/?page_id=8367"},"modified":"2024-10-09T12:35:14","modified_gmt":"2024-10-09T10:35:14","slug":"abel-lorenzo-rodriguez","status":"publish","type":"page","link":"https:\/\/discursoeidentidade.com\/?page_id=8367","title":{"rendered":"Abel Lorenzo-Rodr\u00edguez"},"content":{"rendered":"<p>[et_pb_section fb_built=&#8221;1&#8243; inner_shadow=&#8221;on&#8221; fullwidth=&#8221;on&#8221; custom_padding_last_edited=&#8221;on|desktop&#8221; admin_label=&#8221;section&#8221; _builder_version=&#8221;4.16&#8243; background_color=&#8221;#153b60&#8243; custom_padding_tablet=&#8221;50px|0|50px|0&#8243; custom_padding_phone=&#8221;&#8221; transparent_background=&#8221;off&#8221; padding_mobile=&#8221;off&#8221; make_fullwidth=&#8221;off&#8221; use_custom_width=&#8221;off&#8221; width_unit=&#8221;on&#8221; custom_width_px=&#8221;1080px&#8221; custom_width_percent=&#8221;80%&#8221; global_colors_info=&#8221;{}&#8221; theme_builder_area=&#8221;post_content&#8221;][et_pb_fullwidth_header content_max_width=&#8221;none&#8221; admin_label=&#8221;T\u00cdTULO SECCI\u00d3N&#8221; _builder_version=&#8221;4.16&#8243; title_font=&#8221;Montserrat||||||||&#8221; background_color=&#8221;rgba(255, 255, 255, 0)&#8221; custom_padding=&#8221;||0px|||&#8221; button_one_letter_spacing_hover=&#8221;0&#8243; button_two_letter_spacing_hover=&#8221;0&#8243; global_colors_info=&#8221;{}&#8221; button_one_text_size__hover_enabled=&#8221;off&#8221; button_two_text_size__hover_enabled=&#8221;off&#8221; button_one_text_color__hover_enabled=&#8221;off&#8221; button_two_text_color__hover_enabled=&#8221;off&#8221; button_one_border_width__hover_enabled=&#8221;off&#8221; button_two_border_width__hover_enabled=&#8221;off&#8221; button_one_border_color__hover_enabled=&#8221;off&#8221; button_two_border_color__hover_enabled=&#8221;off&#8221; button_one_border_radius__hover_enabled=&#8221;off&#8221; button_two_border_radius__hover_enabled=&#8221;off&#8221; button_one_letter_spacing__hover_enabled=&#8221;on&#8221; button_one_letter_spacing__hover=&#8221;0&#8243; button_two_letter_spacing__hover_enabled=&#8221;on&#8221; button_two_letter_spacing__hover=&#8221;0&#8243; button_one_bg_color__hover_enabled=&#8221;off&#8221; button_two_bg_color__hover_enabled=&#8221;off&#8221; theme_builder_area=&#8221;post_content&#8221;]<\/p>\n<h1>Abel Lorenzo-Rodr\u00edguez<\/h1>\n<p>[\/et_pb_fullwidth_header][\/et_pb_section][et_pb_section fb_built=&#8221;1&#8243; custom_padding_last_edited=&#8221;on|desktop&#8221; admin_label=&#8221;section&#8221; _builder_version=&#8221;4.16&#8243; background_color=&#8221;rgba(0,0,0,0)&#8221; custom_padding_tablet=&#8221;50px|0|50px|0&#8243; custom_padding_phone=&#8221;&#8221; transparent_background=&#8221;off&#8221; padding_mobile=&#8221;off&#8221; make_fullwidth=&#8221;off&#8221; use_custom_width=&#8221;off&#8221; width_unit=&#8221;on&#8221; custom_width_px=&#8221;1080px&#8221; custom_width_percent=&#8221;80%&#8221; global_colors_info=&#8221;{}&#8221; theme_builder_area=&#8221;post_content&#8221;][et_pb_row column_structure=&#8221;2_5,3_5&#8243; _builder_version=&#8221;4.16&#8243; _module_preset=&#8221;default&#8221; background_color=&#8221;#d6d6d6&#8243; width=&#8221;79.9%&#8221; custom_padding=&#8221;||5px|28px||&#8221; global_colors_info=&#8221;{}&#8221; theme_builder_area=&#8221;post_content&#8221;][et_pb_column type=&#8221;2_5&#8243; _builder_version=&#8221;4.16&#8243; _module_preset=&#8221;default&#8221; global_colors_info=&#8221;{}&#8221; theme_builder_area=&#8221;post_content&#8221;][et_pb_image src=&#8221;https:\/\/discursoeidentidade.com\/wp-content\/uploads\/2024\/10\/Abel_Lorenzo-Rodriguez.jpg&#8221; alt=&#8221;Abel Lorenzo-Rodr\u00edguez&#8221; title_text=&#8221;Abel_Lorenzo-Rodr\u00edguez&#8221; _builder_version=&#8221;4.24.0&#8243; _module_preset=&#8221;default&#8221; custom_margin=&#8221;|6px||||&#8221; custom_padding=&#8221;15px|||||&#8221; hover_enabled=&#8221;0&#8243; global_colors_info=&#8221;{}&#8221; theme_builder_area=&#8221;post_content&#8221; sticky_enabled=&#8221;0&#8243;][\/et_pb_image][et_pb_text disabled_on=&#8221;on|on|on&#8221; _builder_version=&#8221;4.16&#8243; _module_preset=&#8221;default&#8221; text_line_height=&#8221;1em&#8221; custom_margin=&#8221;-17px||-23px|||&#8221; custom_padding=&#8221;||0px|||&#8221; disabled=&#8221;on&#8221; global_colors_info=&#8221;{}&#8221; theme_builder_area=&#8221;post_content&#8221;][\/et_pb_text][\/et_pb_column][et_pb_column type=&#8221;3_5&#8243; _builder_version=&#8221;4.16&#8243; _module_preset=&#8221;default&#8221; global_colors_info=&#8221;{}&#8221; theme_builder_area=&#8221;post_content&#8221;][et_pb_text _builder_version=&#8221;4.24.0&#8243; _module_preset=&#8221;default&#8221; text_font=&#8221;Montserrat||||||||&#8221; min_height=&#8221;117px&#8221; custom_margin=&#8221;11px|||||&#8221; custom_padding=&#8221;|95px||||&#8221; hover_enabled=&#8221;0&#8243; inline_fonts=&#8221;Montserrat&#8221; global_colors_info=&#8221;{}&#8221; theme_builder_area=&#8221;post_content&#8221; sticky_enabled=&#8221;0&#8243;]<\/p>\n<p><span style=\"font-size: 14px;\"><strong>Abel_Lorenzo-Rodr\u00edguez<\/strong> (Abel de Lorenzo, Vigo 1995) \u00e9 doutor con menci\u00f3n internacional pola Universidade de Santiago de Compostela (2023). Actualmente desenvolve a s\u00faa investigaci\u00f3n como contratado posdoutoral Xunta de Galicia (2024) na Universidade de Santiago de Compostela (Instituto de Humanidades, Facultade de Historia) as\u00ed como no Laboratoire de M\u00e9di\u00e9vistique occidentale de Paris (Panth\u00e9on Sorbonne-Universit\u00e9 Paris I, 2024-2025) onde \u00e9 investigador invitado. O seu proxecto de investigaci\u00f3n actual tit\u00falase<em> E-moci\u00f3n. Din\u00e1micas de exilios e desprazamentos forzados (Galicia, Iberia e Europa, s\u00e9culos VIII-XIII)<\/em>, desenvolvendo an\u00e1lises sociais e legais sobre desprazamentos forzados, exilios penais e a comparativa entre \u00e1reas na Europa occidental altomedieval. \u00c9 membro ademais doutro proxecto de investigaci\u00f3n ministerial (PadEX, PID2023-146374NA-I00) sobre patr\u00f3ns de intercambio econ\u00f3mico no noroeste altomedieval. Os seus principais intereses de investigaci\u00f3n son o comportamento violento colectivo, a violencia sexual, a aplicaci\u00f3n de sanci\u00f3ns e castigos corporais, a xesti\u00f3n dos conflitos e o estudo da aparici\u00f3n da pena de morte dende un punto de vista microhist\u00f3rico, preferente no mundo altomedieval da Pen\u00ednsula Ib\u00e9rica. Moitas das s\u00faas contribuci\u00f3ns foron presentadas e debatidas en universidades como Oxford, Leeds, Stanford, Florencia, Madrid, Dubl\u00edn ou Heidelberg, entre outras. No 2021 foi tam\u00e9n academic visitor na Universidade de Oxford (Faculty of History, All Souls College). \u00c9 autor de m\u00e1is de 20 contribuci\u00f3ns en cap\u00edtulos e artigos de diferente alcance en Espa\u00f1a, Europa e Estados Unidos. Con anterioridade traballou tam\u00e9n no <em>Corpus Documentale Latinum Gallaeciae<\/em> e no Consejo Superior de Investigaciones Cient\u00edficas.<br \/><\/span><\/p>\n<p>[\/et_pb_text][\/et_pb_column][\/et_pb_row][et_pb_row disabled_on=&#8221;off|off|off&#8221; _builder_version=&#8221;4.16&#8243; _module_preset=&#8221;default&#8221; custom_padding=&#8221;0px||27px|0px||&#8221; global_colors_info=&#8221;{}&#8221; theme_builder_area=&#8221;post_content&#8221;][et_pb_column type=&#8221;4_4&#8243; _builder_version=&#8221;4.16&#8243; _module_preset=&#8221;default&#8221; global_colors_info=&#8221;{}&#8221; theme_builder_area=&#8221;post_content&#8221;][et_pb_text _builder_version=&#8221;4.24.0&#8243; _module_preset=&#8221;default&#8221; text_font=&#8221;Montserrat||||||||&#8221; text_font_size=&#8221;11px&#8221; inline_fonts=&#8221;Montserrat&#8221; global_colors_info=&#8221;{}&#8221; theme_builder_area=&#8221;post_content&#8221;][\/et_pb_text][\/et_pb_column][\/et_pb_row][\/et_pb_section]<\/p>\n","protected":false},"excerpt":{"rendered":"<p>Abel Lorenzo-Rodr\u00edguezAbel_Lorenzo-Rodr\u00edguez (Abel de Lorenzo, Vigo 1995) \u00e9 doutor con menci\u00f3n internacional pola Universidade de Santiago de Compostela (2023). Actualmente desenvolve a s\u00faa investigaci\u00f3n como contratado posdoutoral Xunta de Galicia (2024) na Universidade de Santiago de Compostela (Instituto de Humanidades, Facultade de Historia) as\u00ed como no Laboratoire de M\u00e9di\u00e9vistique occidentale de Paris (Panth\u00e9on Sorbonne-Universit\u00e9 Paris [&hellip;]<\/p>\n","protected":false},"author":3,"featured_media":0,"parent":0,"menu_order":0,"comment_status":"closed","ping_status":"closed","template":"","meta":{"_et_pb_use_builder":"on","_et_pb_old_content":"","_et_gb_content_width":"","footnotes":""},"class_list":["post-8367","page","type-page","status-publish","hentry"],"_links":{"self":[{"href":"https:\/\/discursoeidentidade.com\/index.php?rest_route=\/wp\/v2\/pages\/8367","targetHints":{"allow":["GET"]}}],"collection":[{"href":"https:\/\/discursoeidentidade.com\/index.php?rest_route=\/wp\/v2\/pages"}],"about":[{"href":"https:\/\/discursoeidentidade.com\/index.php?rest_route=\/wp\/v2\/types\/page"}],"author":[{"embeddable":true,"href":"https:\/\/discursoeidentidade.com\/index.php?rest_route=\/wp\/v2\/users\/3"}],"replies":[{"embeddable":true,"href":"https:\/\/discursoeidentidade.com\/index.php?rest_route=%2Fwp%2Fv2%2Fcomments&post=8367"}],"version-history":[{"count":0,"href":"https:\/\/discursoeidentidade.com\/index.php?rest_route=\/wp\/v2\/pages\/8367\/revisions"}],"wp:attachment":[{"href":"https:\/\/discursoeidentidade.com\/index.php?rest_route=%2Fwp%2Fv2%2Fmedia&parent=8367"}],"curies":[{"name":"wp","href":"https:\/\/api.w.org\/{rel}","templated":true}]}}