{"id":8302,"date":"2024-10-08T12:37:24","date_gmt":"2024-10-08T10:37:24","guid":{"rendered":"https:\/\/discursoeidentidade.com\/?page_id=8302"},"modified":"2026-01-21T12:44:52","modified_gmt":"2026-01-21T11:44:52","slug":"sara-villamarin-freire","status":"publish","type":"page","link":"https:\/\/discursoeidentidade.com\/?page_id=8302","title":{"rendered":"Sara Villamar\u00edn Freire"},"content":{"rendered":"<p>[et_pb_section fb_built=&#8221;1&#8243; inner_shadow=&#8221;on&#8221; fullwidth=&#8221;on&#8221; custom_padding_last_edited=&#8221;on|desktop&#8221; admin_label=&#8221;section&#8221; _builder_version=&#8221;4.16&#8243; background_color=&#8221;#153b60&#8243; custom_padding_tablet=&#8221;50px|0|50px|0&#8243; custom_padding_phone=&#8221;&#8221; transparent_background=&#8221;off&#8221; padding_mobile=&#8221;off&#8221; make_fullwidth=&#8221;off&#8221; use_custom_width=&#8221;off&#8221; width_unit=&#8221;on&#8221; custom_width_px=&#8221;1080px&#8221; custom_width_percent=&#8221;80%&#8221; global_colors_info=&#8221;{}&#8221;][et_pb_fullwidth_header content_max_width=&#8221;none&#8221; admin_label=&#8221;T\u00cdTULO SECCI\u00d3N&#8221; _builder_version=&#8221;4.16&#8243; title_font=&#8221;Montserrat||||||||&#8221; background_color=&#8221;rgba(255, 255, 255, 0)&#8221; custom_padding=&#8221;||0px|||&#8221; button_one_letter_spacing_hover=&#8221;0&#8243; button_two_letter_spacing_hover=&#8221;0&#8243; global_colors_info=&#8221;{}&#8221; button_one_text_size__hover_enabled=&#8221;off&#8221; button_two_text_size__hover_enabled=&#8221;off&#8221; button_one_text_color__hover_enabled=&#8221;off&#8221; button_two_text_color__hover_enabled=&#8221;off&#8221; button_one_border_width__hover_enabled=&#8221;off&#8221; button_two_border_width__hover_enabled=&#8221;off&#8221; button_one_border_color__hover_enabled=&#8221;off&#8221; button_two_border_color__hover_enabled=&#8221;off&#8221; button_one_border_radius__hover_enabled=&#8221;off&#8221; button_two_border_radius__hover_enabled=&#8221;off&#8221; button_one_letter_spacing__hover_enabled=&#8221;on&#8221; button_one_letter_spacing__hover=&#8221;0&#8243; button_two_letter_spacing__hover_enabled=&#8221;on&#8221; button_two_letter_spacing__hover=&#8221;0&#8243; button_one_bg_color__hover_enabled=&#8221;off&#8221; button_two_bg_color__hover_enabled=&#8221;off&#8221;]<\/p>\n<h1>Sara Villamar\u00edn Freire\u00a0<\/h1>\n<p>[\/et_pb_fullwidth_header][\/et_pb_section][et_pb_section fb_built=&#8221;1&#8243; custom_padding_last_edited=&#8221;on|desktop&#8221; admin_label=&#8221;section&#8221; _builder_version=&#8221;4.16&#8243; background_color=&#8221;rgba(0,0,0,0)&#8221; custom_padding_tablet=&#8221;50px|0|50px|0&#8243; custom_padding_phone=&#8221;&#8221; transparent_background=&#8221;off&#8221; padding_mobile=&#8221;off&#8221; make_fullwidth=&#8221;off&#8221; use_custom_width=&#8221;off&#8221; width_unit=&#8221;on&#8221; custom_width_px=&#8221;1080px&#8221; custom_width_percent=&#8221;80%&#8221; global_colors_info=&#8221;{}&#8221;][et_pb_row column_structure=&#8221;2_5,3_5&#8243; _builder_version=&#8221;4.16&#8243; _module_preset=&#8221;default&#8221; background_color=&#8221;#d6d6d6&#8243; width=&#8221;79.9%&#8221; custom_padding=&#8221;||5px|28px||&#8221; global_colors_info=&#8221;{}&#8221;][et_pb_column type=&#8221;2_5&#8243; _builder_version=&#8221;4.16&#8243; _module_preset=&#8221;default&#8221; global_colors_info=&#8221;{}&#8221;][et_pb_image src=&#8221;https:\/\/discursoeidentidade.com\/wp-content\/uploads\/2024\/10\/Sara_foto1.jpeg&#8221; alt=&#8221;Sara_foto1&#8243; title_text=&#8221;Sara_foto1&#8243; _builder_version=&#8221;4.24.0&#8243; _module_preset=&#8221;default&#8221; global_colors_info=&#8221;{}&#8221;][\/et_pb_image][et_pb_text _builder_version=&#8221;4.27.5&#8243; _module_preset=&#8221;default&#8221; hover_enabled=&#8221;0&#8243; locked=&#8221;off&#8221; global_colors_info=&#8221;{}&#8221; sticky_enabled=&#8221;0&#8243;]<\/p>\n<p>Email: sara.villamarin@usc.es<br \/>OrcID: <a href=\"https:\/\/orcid.org\/0000-0002-1287-0754\">https:\/\/orcid.org\/0000-0002-1287-0754<\/a><br \/>Scopus Author ID: 57223752048<br \/>Perfil en Google Scholar:<br \/><a href=\"https:\/\/scholar.google.com\/citations?user=hCCEGqoAAAAJ&amp;hl=es\">https:\/\/scholar.google.com\/citations?user=hCCEGqoAAAAJ&amp;hl=es<\/a><\/p>\n<p>[\/et_pb_text][et_pb_text disabled_on=&#8221;on|on|on&#8221; _builder_version=&#8221;4.16&#8243; _module_preset=&#8221;default&#8221; text_line_height=&#8221;1em&#8221; custom_margin=&#8221;-17px||-23px|||&#8221; custom_padding=&#8221;||0px|||&#8221; disabled=&#8221;on&#8221; global_colors_info=&#8221;{}&#8221;][\/et_pb_text][\/et_pb_column][et_pb_column type=&#8221;3_5&#8243; _builder_version=&#8221;4.16&#8243; _module_preset=&#8221;default&#8221; global_colors_info=&#8221;{}&#8221;][et_pb_text _builder_version=&#8221;4.27.5&#8243; _module_preset=&#8221;default&#8221; text_font=&#8221;Montserrat||||||||&#8221; min_height=&#8221;117px&#8221; custom_margin=&#8221;11px|||||&#8221; custom_padding=&#8221;|95px||||&#8221; hover_enabled=&#8221;0&#8243; inline_fonts=&#8221;Montserrat&#8221; global_colors_info=&#8221;{}&#8221; sticky_enabled=&#8221;0&#8243;]<span style=\"font-size: 14px;\"><strong>Sara Villamar\u00edn Freire <\/strong> \u00e9 investigadora posdoutoral no Departamento de Filolox\u00eda Inglesa e Alem\u00e1 da Universidade de Santiago de Compostela cun contrato financiado pola Xunta de Galicia. Sara recibiu o t\u00edtulo de doutora en Estudos Ingleses Avanzados pola Universidade da Coru\u00f1a (2022) coa tese <em>Against the Dominant Fiction: Seeking Alternatives to Hegemonic Fatherhood in Contemporary U.S. Literature<\/em>, galardoada co Premio Extraordinario de Doutoramento da UDC en 2023. Entre 2017 e 2021 foi beneficiaria dun contrato predoutoral financiado pola Xunta de Galicia. Tam\u00e9n formou parte do equipo de traballo dos proxectos de investigaci\u00f3n \u201cLiterature and Globalization: American Literature from a Transnational Perspective\u201d (FFI2015-66767-P; 2016-2019) e \u201cLiterature and Globalization 2: Communities of Waste\u201d (PID2019-106798GBI00; 2020-2023), estando contratada tam\u00e9n con cargo a este \u00faltimo (2021-2022).<br \/>\nActualmente Sara \u00e9 investigadora visitante no Narrative Research Lab da Universidade de Aarhus (Dinamarca). Anteriormente realizou estad\u00edas de investigaci\u00f3n no John F. Kennedy Center for North American Studies (Freie Universit\u00e4t Berlin, Alemania), a Universidade de Santiago de Compostela (ao abeiro do programa posdoutoral \u201cMargarita Salas\u201d) e SELMA \u2013 Center for the Study of Storytelling, Experientiality and Memory (Universidade de Turku, Finlandia). O seu traballo publicouse en revistas como <em>REN, Miscel\u00e1nea, IJES ou Complutense Journal of English Studies<\/em>, al\u00e9n dos volumes <em>Transcending the Postmodern<\/em> (eds. Susana Onega e Jean-Michel Ganteau, 2020) e <em>The Routledge Companion to Masculinity in American Literature and Culture<\/em> (ed. Lydia Cooper, 2021). Xunto con Elsa del Campo, coeditou o monogr\u00e1fico \u201cToxic Tales: Narratives of Waste in Postindustrial North America\u201d publicado na <em>Revista Canaria de Estudios Ingleses<\/em> 86 (2023). En 2022 foille otorgada a distinci\u00f3n \u2018Best Conference Paper\u2019 na 8th ASYRAS Conference. En 2023 ga\u00f1ou o premio \u2018Emory Elliott Award\u2019 concedido pola International American Studies Association. As s\u00faas li\u00f1as de investigaci\u00f3n abarcan a representaci\u00f3n de figuras paternas en literatura estadounidense contempor\u00e1nea, o xiro post-postmoderno nas literaturas angl\u00f3fonas e o estudo da identidade (como) narrativa.<\/span>[\/et_pb_text][\/et_pb_column][\/et_pb_row][et_pb_row disabled_on=&#8221;off|off|off&#8221; _builder_version=&#8221;4.16&#8243; _module_preset=&#8221;default&#8221; custom_padding=&#8221;0px||27px|0px||&#8221; global_colors_info=&#8221;{}&#8221;][et_pb_column type=&#8221;4_4&#8243; _builder_version=&#8221;4.16&#8243; _module_preset=&#8221;default&#8221; global_colors_info=&#8221;{}&#8221;][et_pb_text _builder_version=&#8221;4.24.0&#8243; _module_preset=&#8221;default&#8221; text_font=&#8221;Montserrat||||||||&#8221; text_font_size=&#8221;11px&#8221; inline_fonts=&#8221;Montserrat&#8221; global_colors_info=&#8221;{}&#8221;][\/et_pb_text][\/et_pb_column][\/et_pb_row][\/et_pb_section][et_pb_section fb_built=&#8221;1&#8243; _builder_version=&#8221;4.24.0&#8243; _module_preset=&#8221;default&#8221; global_colors_info=&#8221;{}&#8221;][et_pb_row _builder_version=&#8221;4.24.0&#8243; _module_preset=&#8221;default&#8221; global_colors_info=&#8221;{}&#8221;][et_pb_column type=&#8221;4_4&#8243; _builder_version=&#8221;4.24.0&#8243; _module_preset=&#8221;default&#8221; global_colors_info=&#8221;{}&#8221;][\/et_pb_column][\/et_pb_row][\/et_pb_section]<\/p>\n","protected":false},"excerpt":{"rendered":"<p>Sara Villamar\u00edn Freire\u00a0Email: sara.villamarin@usc.esOrcID: https:\/\/orcid.org\/0000-0002-1287-0754Scopus Author ID: 57223752048Perfil en Google Scholar:https:\/\/scholar.google.com\/citations?user=hCCEGqoAAAAJ&amp;hl=esSara Villamar\u00edn Freire \u00e9 investigadora posdoutoral no Departamento de Filolox\u00eda Inglesa e Alem\u00e1 da Universidade de Santiago de Compostela cun contrato financiado pola Xunta de Galicia. Sara recibiu o t\u00edtulo de doutora en Estudos Ingleses Avanzados pola Universidade da Coru\u00f1a (2022) coa tese Against the [&hellip;]<\/p>\n","protected":false},"author":3,"featured_media":0,"parent":0,"menu_order":0,"comment_status":"closed","ping_status":"closed","template":"","meta":{"_et_pb_use_builder":"on","_et_pb_old_content":"","_et_gb_content_width":"","footnotes":""},"class_list":["post-8302","page","type-page","status-publish","hentry"],"_links":{"self":[{"href":"https:\/\/discursoeidentidade.com\/index.php?rest_route=\/wp\/v2\/pages\/8302","targetHints":{"allow":["GET"]}}],"collection":[{"href":"https:\/\/discursoeidentidade.com\/index.php?rest_route=\/wp\/v2\/pages"}],"about":[{"href":"https:\/\/discursoeidentidade.com\/index.php?rest_route=\/wp\/v2\/types\/page"}],"author":[{"embeddable":true,"href":"https:\/\/discursoeidentidade.com\/index.php?rest_route=\/wp\/v2\/users\/3"}],"replies":[{"embeddable":true,"href":"https:\/\/discursoeidentidade.com\/index.php?rest_route=%2Fwp%2Fv2%2Fcomments&post=8302"}],"version-history":[{"count":1,"href":"https:\/\/discursoeidentidade.com\/index.php?rest_route=\/wp\/v2\/pages\/8302\/revisions"}],"predecessor-version":[{"id":9077,"href":"https:\/\/discursoeidentidade.com\/index.php?rest_route=\/wp\/v2\/pages\/8302\/revisions\/9077"}],"wp:attachment":[{"href":"https:\/\/discursoeidentidade.com\/index.php?rest_route=%2Fwp%2Fv2%2Fmedia&parent=8302"}],"curies":[{"name":"wp","href":"https:\/\/api.w.org\/{rel}","templated":true}]}}