{"id":8270,"date":"2024-09-16T10:28:08","date_gmt":"2024-09-16T08:28:08","guid":{"rendered":"https:\/\/discursoeidentidade.com\/?page_id=8270"},"modified":"2024-09-16T10:28:09","modified_gmt":"2024-09-16T08:28:09","slug":"martin-fernandez-fernandez","status":"publish","type":"page","link":"https:\/\/discursoeidentidade.com\/?page_id=8270&lang=en","title":{"rendered":"Mart\u00edn Fern\u00e1ndez Fern\u00e1ndez"},"content":{"rendered":"<p>[et_pb_section fb_built=&#8221;1&#8243; inner_shadow=&#8221;on&#8221; fullwidth=&#8221;on&#8221; custom_padding_last_edited=&#8221;on|desktop&#8221; admin_label=&#8221;section&#8221; _builder_version=&#8221;4.16&#8243; background_color=&#8221;#153b60&#8243; custom_padding_tablet=&#8221;50px|0|50px|0&#8243; custom_padding_phone=&#8221;&#8221; transparent_background=&#8221;off&#8221; padding_mobile=&#8221;off&#8221; make_fullwidth=&#8221;off&#8221; use_custom_width=&#8221;off&#8221; width_unit=&#8221;on&#8221; custom_width_px=&#8221;1080px&#8221; custom_width_percent=&#8221;80%&#8221; global_colors_info=&#8221;{}&#8221; theme_builder_area=&#8221;post_content&#8221; locked=&#8221;off&#8221;][et_pb_fullwidth_header content_max_width=&#8221;none&#8221; admin_label=&#8221;T\u00cdTULO SECCI\u00d3N&#8221; _builder_version=&#8221;4.16&#8243; title_font=&#8221;Montserrat||||||||&#8221; background_color=&#8221;rgba(255, 255, 255, 0)&#8221; custom_padding=&#8221;||0px|||&#8221; button_one_letter_spacing_hover=&#8221;0&#8243; button_two_letter_spacing_hover=&#8221;0&#8243; global_colors_info=&#8221;{}&#8221; button_one_text_size__hover_enabled=&#8221;off&#8221; button_two_text_size__hover_enabled=&#8221;off&#8221; button_one_text_color__hover_enabled=&#8221;off&#8221; button_two_text_color__hover_enabled=&#8221;off&#8221; button_one_border_width__hover_enabled=&#8221;off&#8221; button_two_border_width__hover_enabled=&#8221;off&#8221; button_one_border_color__hover_enabled=&#8221;off&#8221; button_two_border_color__hover_enabled=&#8221;off&#8221; button_one_border_radius__hover_enabled=&#8221;off&#8221; button_two_border_radius__hover_enabled=&#8221;off&#8221; button_one_letter_spacing__hover_enabled=&#8221;on&#8221; button_one_letter_spacing__hover=&#8221;0&#8243; button_two_letter_spacing__hover_enabled=&#8221;on&#8221; button_two_letter_spacing__hover=&#8221;0&#8243; button_one_bg_color__hover_enabled=&#8221;off&#8221; button_two_bg_color__hover_enabled=&#8221;off&#8221; theme_builder_area=&#8221;post_content&#8221;]<\/p>\n<h1>Mart\u00edn Fern\u00e1ndez Fern\u00e1ndez<\/h1>\n<p>[\/et_pb_fullwidth_header][\/et_pb_section][et_pb_section fb_built=&#8221;1&#8243; custom_padding_last_edited=&#8221;on|desktop&#8221; admin_label=&#8221;section&#8221; _builder_version=&#8221;4.16&#8243; background_color=&#8221;rgba(0,0,0,0)&#8221; custom_padding_tablet=&#8221;50px|0|50px|0&#8243; custom_padding_phone=&#8221;&#8221; transparent_background=&#8221;off&#8221; padding_mobile=&#8221;off&#8221; make_fullwidth=&#8221;off&#8221; use_custom_width=&#8221;off&#8221; width_unit=&#8221;on&#8221; custom_width_px=&#8221;1080px&#8221; custom_width_percent=&#8221;80%&#8221; global_colors_info=&#8221;{}&#8221; theme_builder_area=&#8221;post_content&#8221; locked=&#8221;off&#8221;][et_pb_row column_structure=&#8221;2_5,3_5&#8243; _builder_version=&#8221;4.16&#8243; _module_preset=&#8221;default&#8221; background_color=&#8221;#d6d6d6&#8243; width=&#8221;79.9%&#8221; custom_padding=&#8221;||5px|28px||&#8221; global_colors_info=&#8221;{}&#8221; theme_builder_area=&#8221;post_content&#8221;][et_pb_column type=&#8221;2_5&#8243; _builder_version=&#8221;4.16&#8243; _module_preset=&#8221;default&#8221; global_colors_info=&#8221;{}&#8221; theme_builder_area=&#8221;post_content&#8221;][et_pb_image src=&#8221;https:\/\/discursoeidentidade.com\/wp-content\/uploads\/2024\/09\/MartinFernandez-scaled-e1726474871595.jpg&#8221; _builder_version=&#8221;4.24.0&#8243; _module_preset=&#8221;default&#8221; theme_builder_area=&#8221;post_content&#8221; alt=&#8221;Mart\u00edn Fern\u00e1ndez Fern\u00e1ndez&#8221; title_text=&#8221;MartinFernandez&#8221; hover_enabled=&#8221;0&#8243; sticky_enabled=&#8221;0&#8243;][\/et_pb_image][et_pb_text _builder_version=&#8221;4.24.0&#8243; _module_preset=&#8221;default&#8221; theme_builder_area=&#8221;post_content&#8221; hover_enabled=&#8221;0&#8243; sticky_enabled=&#8221;0&#8243;]<\/p>\n<p><strong><span>ORCID<\/span><\/strong><span>: <a href=\"https:\/\/orcid.org\/0000-0002-5153-5190\">https:\/\/orcid.org\/0000-0002-5153-5190<\/a> <\/span><\/p>\n<p><strong><span>Google Scholar<\/span><\/strong><span>: <a href=\"https:\/\/scholar.google.com\/citations?user=a4uwuu8AAAAJ\">https:\/\/scholar.google.com\/citations?user=a4uwuu8AAAAJ<\/a> <\/span><\/p>\n<p>[\/et_pb_text][et_pb_text disabled_on=&#8221;on|on|on&#8221; _builder_version=&#8221;4.16&#8243; _module_preset=&#8221;default&#8221; text_line_height=&#8221;1em&#8221; custom_margin=&#8221;-17px||-23px|||&#8221; custom_padding=&#8221;||0px|||&#8221; disabled=&#8221;on&#8221; global_colors_info=&#8221;{}&#8221; theme_builder_area=&#8221;post_content&#8221;][\/et_pb_text][\/et_pb_column][et_pb_column type=&#8221;3_5&#8243; _builder_version=&#8221;4.16&#8243; _module_preset=&#8221;default&#8221; global_colors_info=&#8221;{}&#8221; theme_builder_area=&#8221;post_content&#8221;][et_pb_text _builder_version=&#8221;4.24.0&#8243; _module_preset=&#8221;default&#8221; text_font=&#8221;Montserrat||||||||&#8221; min_height=&#8221;117px&#8221; custom_margin=&#8221;11px|||||&#8221; custom_padding=&#8221;|95px||||&#8221; hover_enabled=&#8221;0&#8243; inline_fonts=&#8221;Montserrat&#8221; global_colors_info=&#8221;{}&#8221; theme_builder_area=&#8221;post_content&#8221; sticky_enabled=&#8221;0&#8243;]<\/p>\n<p><span style=\"font-size: 14px;\"><strong>Mart\u00edn Fern\u00e1ndez Fern\u00e1ndez\u00a0<\/strong><\/span>is Assistant Professor at the Department of English and German Studies of the University of Santiago de Compostela. From January 2022 to August 2024, he was a Margarita Salas Postdoctoral Fellow at the Department of Language, Literature, and Culture of the University of A Coru\u00f1a. In 2018, Mart\u00edn spent a three-month research stay as an Assistant Specialist at the Department of African American Studies of the University of California, Irvine. He is the author of <a href=\"https:\/\/www.peterlang.com\/document\/1319690\"><em>The Emmett Till Trauma in US Fiction: Psychological Realism, Magic Realism, and the Spectral<\/em><\/a> (Peter Lang, 2023), and has published his research in scientific journals such as <em>RAEI<\/em>, <em>RCEI<\/em>, and <em>REN<\/em>, among others. Mart\u00edn has been member of competitive research projects about race and the body in US literature and film (ref. PGC2018-095687-B-I00, AEI, EU), and about the application of waste studies to the exploration of literature and contemporary globalization (ref. PID2019-106798GB-I00\/AEI\/10.13039\/501100011033). His areas of interest include African American studies and the literature of the US South.<\/p>\n<p>&nbsp;<\/p>\n<p><span>@: <a href=\"mailto:m.fernandez.fernandez@usc.es\">m.fernandez.fernandez@usc.es<\/a> <\/span><\/p>\n<p><span style=\"font-size: 14px;\">\u00a0<\/span><\/p>\n<p>[\/et_pb_text][\/et_pb_column][\/et_pb_row][et_pb_row disabled_on=&#8221;off|off|off&#8221; _builder_version=&#8221;4.16&#8243; _module_preset=&#8221;default&#8221; custom_padding=&#8221;0px||27px|0px||&#8221; global_colors_info=&#8221;{}&#8221; theme_builder_area=&#8221;post_content&#8221;][et_pb_column type=&#8221;4_4&#8243; _builder_version=&#8221;4.16&#8243; _module_preset=&#8221;default&#8221; global_colors_info=&#8221;{}&#8221; theme_builder_area=&#8221;post_content&#8221;][et_pb_text _builder_version=&#8221;4.24.0&#8243; _module_preset=&#8221;default&#8221; text_font=&#8221;Montserrat||||||||&#8221; text_font_size=&#8221;11px&#8221; hover_enabled=&#8221;0&#8243; inline_fonts=&#8221;Montserrat&#8221; global_colors_info=&#8221;{}&#8221; theme_builder_area=&#8221;post_content&#8221; sticky_enabled=&#8221;0&#8243;]<\/p>\n<p><span style=\"color: #000000;\"><strong><span style=\"text-decoration: underline;\">PUBLICACI\u00d3NS REPRESENTATIVAS:<\/span><\/strong><\/span><\/p>\n<p><span>Fern\u00e1ndez Fern\u00e1ndez, Mart\u00edn. \u201cBlack Resistance against Racist Wastification in James Baldwin\u2019s <em>Blues for Mister Charlie<\/em>.\u201d <em>Atlantis<\/em>, vol. 47, no. 1, 2025. (forthcoming)<\/span><\/p>\n<p><span>Fern\u00e1ndez Fern\u00e1ndez, Mart\u00edn. \u201cThe Affiliative Relations of the Black Atlantic in John A. Williams\u2019s <em>The Man Who Cried I Am<\/em>.\u201d <em>Roczniki Humanistyczne<\/em>, vol. 73, no. 11, 2024. (forthcoming)<\/span><\/p>\n<p><span>Fern\u00e1ndez Fern\u00e1ndez, Mart\u00edn. \u201cHuman Waste Down the Sewer: The Racist Abnormalities of US Life in Richard Wright\u2019s\u00a0<em>The Man Who Lived Underground<\/em>.\u201d\u00a0<\/span><em>Revista de Estudios Norteamericanos<\/em>, vol. 27, 2023, pp. 85-104. DOI: <span><a href=\"https:\/\/doi.org\/10.12795\/REN.2023.i27.14\">https:\/\/doi.org\/10.12795\/REN.2023.i27.14<\/a><\/span>.<\/p>\n<p><span>Fern\u00e1ndez Fern\u00e1ndez, Mart\u00edn.\u00a0<em>The Emmett Till Trauma in US Fiction: Psychological Realism, Magic Realism, and the Spectral<\/em>.\u00a0Peter Lang, 2023. DOI: <a href=\"https:\/\/doi.org\/10.3726\/b20676\">10.3726\/b20676<\/a>.<\/span><\/p>\n<p><span>Fern\u00e1ndez Fern\u00e1ndez, Mart\u00edn. \u201cA Necropolitical Approach to Waste Theory.\u201d\u00a0<\/span><em>Revista Canaria de Estudios Ingleses<\/em>, vol. 86, 2023, pp. 147-56. DOI: <span><a href=\"https:\/\/doi.org\/10.25145\/j.recaesin.2023.86.09\">https:\/\/doi.org\/10.25145\/j.recaesin.2023.86.09<\/a><\/span>.<\/p>\n<p>Fern\u00e1ndez Fern\u00e1ndez, Mart\u00edn. \u201cTracing Emmett Till\u2019s Legacy from Black Lives Matter back to the Civil Rights Movement.\u201d<em> English Literary Studies: From Theory to Activism<\/em>, special issue of <em>Alicante Journal of English Studies<\/em>, vol. 33, 2020, pp. 43-62. DOI: <span><a href=\"https:\/\/doi.org\/10.14198\/raei.2020.33.03\">https:\/\/doi.org\/10.14198\/raei.2020.33.03<\/a><\/span>.<\/p>\n<p>&nbsp;<\/p>\n<p><span style=\"color: #000000;\">.<\/span><\/p>\n<p>[\/et_pb_text][\/et_pb_column][\/et_pb_row][\/et_pb_section]<\/p>\n","protected":false},"excerpt":{"rendered":"<p>Mart\u00edn Fern\u00e1ndez Fern\u00e1ndezORCID: https:\/\/orcid.org\/0000-0002-5153-5190 Google Scholar: https:\/\/scholar.google.com\/citations?user=a4uwuu8AAAAJ Mart\u00edn Fern\u00e1ndez Fern\u00e1ndez\u00a0is Assistant Professor at the Department of English and German Studies of the University of Santiago de Compostela. From January 2022 to August 2024, he was a Margarita Salas Postdoctoral Fellow at the Department of Language, Literature, and Culture of the University of A Coru\u00f1a. In [&hellip;]<\/p>\n","protected":false},"author":3,"featured_media":0,"parent":0,"menu_order":0,"comment_status":"closed","ping_status":"closed","template":"","meta":{"_et_pb_use_builder":"on","_et_pb_old_content":"","_et_gb_content_width":"","footnotes":""},"class_list":["post-8270","page","type-page","status-publish","hentry"],"_links":{"self":[{"href":"https:\/\/discursoeidentidade.com\/index.php?rest_route=\/wp\/v2\/pages\/8270","targetHints":{"allow":["GET"]}}],"collection":[{"href":"https:\/\/discursoeidentidade.com\/index.php?rest_route=\/wp\/v2\/pages"}],"about":[{"href":"https:\/\/discursoeidentidade.com\/index.php?rest_route=\/wp\/v2\/types\/page"}],"author":[{"embeddable":true,"href":"https:\/\/discursoeidentidade.com\/index.php?rest_route=\/wp\/v2\/users\/3"}],"replies":[{"embeddable":true,"href":"https:\/\/discursoeidentidade.com\/index.php?rest_route=%2Fwp%2Fv2%2Fcomments&post=8270"}],"version-history":[{"count":0,"href":"https:\/\/discursoeidentidade.com\/index.php?rest_route=\/wp\/v2\/pages\/8270\/revisions"}],"wp:attachment":[{"href":"https:\/\/discursoeidentidade.com\/index.php?rest_route=%2Fwp%2Fv2%2Fmedia&parent=8270"}],"curies":[{"name":"wp","href":"https:\/\/api.w.org\/{rel}","templated":true}]}}