{"id":8231,"date":"2024-09-13T10:19:19","date_gmt":"2024-09-13T08:19:19","guid":{"rendered":"https:\/\/discursoeidentidade.com\/?page_id=8231"},"modified":"2024-10-08T12:26:56","modified_gmt":"2024-10-08T10:26:56","slug":"xavier-de-donato-rodriguez","status":"publish","type":"page","link":"https:\/\/discursoeidentidade.com\/?page_id=8231&lang=es","title":{"rendered":"Xavier de Donato Rodr\u00edguez"},"content":{"rendered":"<p>[et_pb_section fb_built=&#8221;1&#8243; inner_shadow=&#8221;on&#8221; fullwidth=&#8221;on&#8221; custom_padding_last_edited=&#8221;on|desktop&#8221; admin_label=&#8221;section&#8221; _builder_version=&#8221;4.16&#8243; background_color=&#8221;#153b60&#8243; custom_padding_tablet=&#8221;50px|0|50px|0&#8243; custom_padding_phone=&#8221;&#8221; transparent_background=&#8221;off&#8221; padding_mobile=&#8221;off&#8221; make_fullwidth=&#8221;off&#8221; use_custom_width=&#8221;off&#8221; width_unit=&#8221;on&#8221; custom_width_px=&#8221;1080px&#8221; custom_width_percent=&#8221;80%&#8221; locked=&#8221;off&#8221; global_colors_info=&#8221;{}&#8221;][et_pb_fullwidth_header content_max_width=&#8221;none&#8221; admin_label=&#8221;T\u00cdTULO SECCI\u00d3N&#8221; _builder_version=&#8221;4.16&#8243; title_font=&#8221;Montserrat||||||||&#8221; background_color=&#8221;rgba(255, 255, 255, 0)&#8221; custom_padding=&#8221;||0px|||&#8221; button_one_letter_spacing_hover=&#8221;0&#8243; button_two_letter_spacing_hover=&#8221;0&#8243; global_colors_info=&#8221;{}&#8221; button_one_text_size__hover_enabled=&#8221;off&#8221; button_two_text_size__hover_enabled=&#8221;off&#8221; button_one_text_color__hover_enabled=&#8221;off&#8221; button_two_text_color__hover_enabled=&#8221;off&#8221; button_one_border_width__hover_enabled=&#8221;off&#8221; button_two_border_width__hover_enabled=&#8221;off&#8221; button_one_border_color__hover_enabled=&#8221;off&#8221; button_two_border_color__hover_enabled=&#8221;off&#8221; button_one_border_radius__hover_enabled=&#8221;off&#8221; button_two_border_radius__hover_enabled=&#8221;off&#8221; button_one_letter_spacing__hover_enabled=&#8221;on&#8221; button_one_letter_spacing__hover=&#8221;0&#8243; button_two_letter_spacing__hover_enabled=&#8221;on&#8221; button_two_letter_spacing__hover=&#8221;0&#8243; button_one_bg_color__hover_enabled=&#8221;off&#8221; button_two_bg_color__hover_enabled=&#8221;off&#8221;]<\/p>\n<h1>Xavier de Donato Rodr\u00edguez<\/h1>\n<p>[\/et_pb_fullwidth_header][\/et_pb_section][et_pb_section fb_built=&#8221;1&#8243; custom_padding_last_edited=&#8221;on|desktop&#8221; admin_label=&#8221;section&#8221; _builder_version=&#8221;4.16&#8243; background_color=&#8221;rgba(0,0,0,0)&#8221; custom_padding_tablet=&#8221;50px|0|50px|0&#8243; custom_padding_phone=&#8221;&#8221; transparent_background=&#8221;off&#8221; padding_mobile=&#8221;off&#8221; make_fullwidth=&#8221;off&#8221; use_custom_width=&#8221;off&#8221; width_unit=&#8221;on&#8221; custom_width_px=&#8221;1080px&#8221; custom_width_percent=&#8221;80%&#8221; locked=&#8221;off&#8221; global_colors_info=&#8221;{}&#8221;][et_pb_row column_structure=&#8221;2_5,3_5&#8243; _builder_version=&#8221;4.16&#8243; _module_preset=&#8221;default&#8221; background_color=&#8221;#d6d6d6&#8243; width=&#8221;79.9%&#8221; custom_padding=&#8221;||5px|28px||&#8221; global_colors_info=&#8221;{}&#8221;][et_pb_column type=&#8221;2_5&#8243; _builder_version=&#8221;4.16&#8243; _module_preset=&#8221;default&#8221; global_colors_info=&#8221;{}&#8221;][et_pb_image src=&#8221;https:\/\/discursoeidentidade.com\/wp-content\/uploads\/2024\/09\/IMG_8481-scaled.jpg&#8221; alt=&#8221;Xavier de Donato Rodr\u00edguez &#8221; title_text=&#8221;IMG_8481&#8243; _builder_version=&#8221;4.24.0&#8243; _module_preset=&#8221;default&#8221; custom_margin=&#8221;|6px||||&#8221; custom_padding=&#8221;15px|||||&#8221; global_colors_info=&#8221;{}&#8221;][\/et_pb_image][et_pb_text disabled_on=&#8221;on|on|on&#8221; _builder_version=&#8221;4.16&#8243; _module_preset=&#8221;default&#8221; text_line_height=&#8221;1em&#8221; custom_margin=&#8221;-17px||-23px|||&#8221; custom_padding=&#8221;||0px|||&#8221; disabled=&#8221;on&#8221; global_colors_info=&#8221;{}&#8221;][\/et_pb_text][\/et_pb_column][et_pb_column type=&#8221;3_5&#8243; _builder_version=&#8221;4.16&#8243; _module_preset=&#8221;default&#8221; global_colors_info=&#8221;{}&#8221;][et_pb_text _builder_version=&#8221;4.24.0&#8243; _module_preset=&#8221;default&#8221; text_font=&#8221;Montserrat||||||||&#8221; min_height=&#8221;117px&#8221; custom_margin=&#8221;11px|||||&#8221; custom_padding=&#8221;|95px||||&#8221; inline_fonts=&#8221;Montserrat&#8221; global_colors_info=&#8221;{}&#8221;]<\/p>\n<p><span style=\"font-size: 14px;\"><strong>Xavier de Donato Rodr\u00edguez\u00a0<\/strong><\/span>es actualmente Decano de la Facultad de Filosof\u00eda de la Universidad de Santiago de Compostela, Espa\u00f1a. Es uno de los fundadores y garantes del recientemente creado Instituto de Investigaci\u00f3n en Humanidades, iHUs (Universidad de Santiago de Compostela). Es &#8220;contratado doctor&#8221; en esta universidad. Xavier es investigador principal de los proyectos de investigaci\u00f3n &#8220;DEFLATIONIST VIEWS IN ONTOLOGY AND METAONTOLOGY&#8221; (PID2020-115482GBI00) financiado por el Ministerio de Ciencia e Innovaci\u00f3n de Espa\u00f1a e &#8220;Ingenier\u00eda Conceptual y Desacuerdo Epist\u00e9mico&#8221;, financiado por la Fundaci\u00f3n BBVA (julio 2022-diciembre 2023). Xavier fue anteriormente investigador prerdoctoral en la Ludwig-Maximilians-Universit\u00e4t de M\u00fanich (Alemania), donde se doctor\u00f3 en Filosof\u00eda. Xavier ha sido investigador postdoctoral en el Instituto de Investigaciones Filos\u00f3ficas de la UNAM (en la Ciudad de M\u00e9xico) y profesor invitado en la UAM-I (Ciudad de M\u00e9xico). De 2009 a 2013 Xavier fue investigador Parga Pondal en la Universidad de Santiago de Compostela. Tambi\u00e9n fue profesor visitante en la Universidad de Brown (Providence, EE. UU.). Xavier ha impartido conferencias en muchas universidades (en la PSA en Pittsburgh 2008, Models and Simulations 6 en la Universidad de Notre Dame en 2014, etc.) y tambi\u00e9n ha sido \u2018keynote\u2019 en diferentes conferencias en numerosas ocasiones. Xavier ha disfrutado de una beca ERASMUS+ para impartir clases en la Universit\u00e0 degli Studi di Torino (Italia). Xavier ha publicado art\u00edculos en revistas indexadas y con revisi\u00f3n por pares, como<em> Theoria<\/em> (Suecia), <em>Synthese, Erkenntnis, Ratio, Journal for General Philosophy of Science, Argumentation, Theoria<\/em> (Espa\u00f1a), <em>Cr\u00edtica<\/em>, entre muchas otras. Xavier tambi\u00e9n ha publicado cap\u00edtulos de libros en editoriales internacionales de renombre, como Springer, de Gruyter, Brill\/Rodopi (Poznan Studies), Cambridge Academic Publishers, Siglo XXI, Plaza &amp; Vald\u00e9s, etc. Los principales campos de investigaci\u00f3n de Xavier comprenden la filosof\u00eda de la ciencia, la epistemolog\u00eda anal\u00edtica, la filosof\u00eda de la mente y la teor\u00eda de la argumentaci\u00f3n. Tambi\u00e9n se interesa por las teor\u00edas de modelos, la idealizaci\u00f3n, el inferencialismo, los objetos abstractos, los conceptos y la comprensi\u00f3n cient\u00edfica. M\u00e1s recientemente, Xavier tambi\u00e9n ha publicado sobre temas como el deflacionismo metaontol\u00f3gico\/ontol\u00f3gico, tambi\u00e9n uno de los temas clave de sus \u00faltimos proyectos de investigaci\u00f3n financiados, del que fue investigador principal.<\/p>\n<p><span style=\"font-size: 14px;\">\u00a0<\/span><\/p>\n<p>[\/et_pb_text][\/et_pb_column][\/et_pb_row][et_pb_row disabled_on=&#8221;off|off|off&#8221; _builder_version=&#8221;4.16&#8243; _module_preset=&#8221;default&#8221; custom_padding=&#8221;0px||27px|0px||&#8221; global_colors_info=&#8221;{}&#8221;][et_pb_column type=&#8221;4_4&#8243; _builder_version=&#8221;4.16&#8243; _module_preset=&#8221;default&#8221; global_colors_info=&#8221;{}&#8221;][et_pb_text _builder_version=&#8221;4.24.0&#8243; _module_preset=&#8221;default&#8221; text_font=&#8221;Montserrat||||||||&#8221; text_font_size=&#8221;11px&#8221; hover_enabled=&#8221;0&#8243; inline_fonts=&#8221;Montserrat&#8221; global_colors_info=&#8221;{}&#8221; sticky_enabled=&#8221;0&#8243;][\/et_pb_text][\/et_pb_column][\/et_pb_row][\/et_pb_section]<\/p>\n","protected":false},"excerpt":{"rendered":"<p>Xavier de Donato Rodr\u00edguezXavier de Donato Rodr\u00edguez\u00a0es actualmente Decano de la Facultad de Filosof\u00eda de la Universidad de Santiago de Compostela, Espa\u00f1a. Es uno de los fundadores y garantes del recientemente creado Instituto de Investigaci\u00f3n en Humanidades, iHUs (Universidad de Santiago de Compostela). Es &#8220;contratado doctor&#8221; en esta universidad. Xavier es investigador principal de los [&hellip;]<\/p>\n","protected":false},"author":3,"featured_media":0,"parent":0,"menu_order":0,"comment_status":"closed","ping_status":"closed","template":"","meta":{"_et_pb_use_builder":"on","_et_pb_old_content":"","_et_gb_content_width":"","footnotes":""},"class_list":["post-8231","page","type-page","status-publish","hentry"],"_links":{"self":[{"href":"https:\/\/discursoeidentidade.com\/index.php?rest_route=\/wp\/v2\/pages\/8231","targetHints":{"allow":["GET"]}}],"collection":[{"href":"https:\/\/discursoeidentidade.com\/index.php?rest_route=\/wp\/v2\/pages"}],"about":[{"href":"https:\/\/discursoeidentidade.com\/index.php?rest_route=\/wp\/v2\/types\/page"}],"author":[{"embeddable":true,"href":"https:\/\/discursoeidentidade.com\/index.php?rest_route=\/wp\/v2\/users\/3"}],"replies":[{"embeddable":true,"href":"https:\/\/discursoeidentidade.com\/index.php?rest_route=%2Fwp%2Fv2%2Fcomments&post=8231"}],"version-history":[{"count":0,"href":"https:\/\/discursoeidentidade.com\/index.php?rest_route=\/wp\/v2\/pages\/8231\/revisions"}],"wp:attachment":[{"href":"https:\/\/discursoeidentidade.com\/index.php?rest_route=%2Fwp%2Fv2%2Fmedia&parent=8231"}],"curies":[{"name":"wp","href":"https:\/\/api.w.org\/{rel}","templated":true}]}}