{"id":8214,"date":"2024-09-13T09:58:19","date_gmt":"2024-09-13T07:58:19","guid":{"rendered":"https:\/\/discursoeidentidade.com\/?page_id=8214"},"modified":"2024-10-08T12:28:09","modified_gmt":"2024-10-08T10:28:09","slug":"xavier-de-donato-rodriguez","status":"publish","type":"page","link":"https:\/\/discursoeidentidade.com\/?page_id=8214","title":{"rendered":"Xavier de Donato Rodr\u00edguez"},"content":{"rendered":"<p>[et_pb_section fb_built=&#8221;1&#8243; inner_shadow=&#8221;on&#8221; fullwidth=&#8221;on&#8221; custom_padding_last_edited=&#8221;on|desktop&#8221; admin_label=&#8221;section&#8221; _builder_version=&#8221;4.16&#8243; background_color=&#8221;#153b60&#8243; custom_padding_tablet=&#8221;50px|0|50px|0&#8243; custom_padding_phone=&#8221;&#8221; transparent_background=&#8221;off&#8221; padding_mobile=&#8221;off&#8221; make_fullwidth=&#8221;off&#8221; use_custom_width=&#8221;off&#8221; width_unit=&#8221;on&#8221; custom_width_px=&#8221;1080px&#8221; custom_width_percent=&#8221;80%&#8221; global_colors_info=&#8221;{}&#8221;][et_pb_fullwidth_header content_max_width=&#8221;none&#8221; admin_label=&#8221;T\u00cdTULO SECCI\u00d3N&#8221; _builder_version=&#8221;4.16&#8243; title_font=&#8221;Montserrat||||||||&#8221; background_color=&#8221;rgba(255, 255, 255, 0)&#8221; custom_padding=&#8221;||0px|||&#8221; button_one_letter_spacing_hover=&#8221;0&#8243; button_two_letter_spacing_hover=&#8221;0&#8243; global_colors_info=&#8221;{}&#8221; button_one_text_size__hover_enabled=&#8221;off&#8221; button_two_text_size__hover_enabled=&#8221;off&#8221; button_one_text_color__hover_enabled=&#8221;off&#8221; button_two_text_color__hover_enabled=&#8221;off&#8221; button_one_border_width__hover_enabled=&#8221;off&#8221; button_two_border_width__hover_enabled=&#8221;off&#8221; button_one_border_color__hover_enabled=&#8221;off&#8221; button_two_border_color__hover_enabled=&#8221;off&#8221; button_one_border_radius__hover_enabled=&#8221;off&#8221; button_two_border_radius__hover_enabled=&#8221;off&#8221; button_one_letter_spacing__hover_enabled=&#8221;on&#8221; button_one_letter_spacing__hover=&#8221;0&#8243; button_two_letter_spacing__hover_enabled=&#8221;on&#8221; button_two_letter_spacing__hover=&#8221;0&#8243; button_one_bg_color__hover_enabled=&#8221;off&#8221; button_two_bg_color__hover_enabled=&#8221;off&#8221;]<\/p>\n<h1>Xavier de Donato Rodr\u00edguez<\/h1>\n<p>[\/et_pb_fullwidth_header][\/et_pb_section][et_pb_section fb_built=&#8221;1&#8243; custom_padding_last_edited=&#8221;on|desktop&#8221; admin_label=&#8221;section&#8221; _builder_version=&#8221;4.16&#8243; background_color=&#8221;rgba(0,0,0,0)&#8221; custom_padding_tablet=&#8221;50px|0|50px|0&#8243; custom_padding_phone=&#8221;&#8221; transparent_background=&#8221;off&#8221; padding_mobile=&#8221;off&#8221; make_fullwidth=&#8221;off&#8221; use_custom_width=&#8221;off&#8221; width_unit=&#8221;on&#8221; custom_width_px=&#8221;1080px&#8221; custom_width_percent=&#8221;80%&#8221; global_colors_info=&#8221;{}&#8221;][et_pb_row column_structure=&#8221;2_5,3_5&#8243; _builder_version=&#8221;4.16&#8243; _module_preset=&#8221;default&#8221; background_color=&#8221;#d6d6d6&#8243; width=&#8221;79.9%&#8221; custom_padding=&#8221;||5px|28px||&#8221; global_colors_info=&#8221;{}&#8221;][et_pb_column type=&#8221;2_5&#8243; _builder_version=&#8221;4.16&#8243; _module_preset=&#8221;default&#8221; global_colors_info=&#8221;{}&#8221;][et_pb_image src=&#8221;https:\/\/discursoeidentidade.com\/wp-content\/uploads\/2024\/09\/IMG_8481-scaled.jpg&#8221; alt=&#8221;Xavier de Donato Rodr\u00edguez &#8221; title_text=&#8221;IMG_8481&#8243; _builder_version=&#8221;4.24.0&#8243; _module_preset=&#8221;default&#8221; custom_margin=&#8221;|6px||||&#8221; custom_padding=&#8221;15px|||||&#8221; global_colors_info=&#8221;{}&#8221;][\/et_pb_image][et_pb_text disabled_on=&#8221;on|on|on&#8221; _builder_version=&#8221;4.16&#8243; _module_preset=&#8221;default&#8221; text_line_height=&#8221;1em&#8221; custom_margin=&#8221;-17px||-23px|||&#8221; custom_padding=&#8221;||0px|||&#8221; disabled=&#8221;on&#8221; global_colors_info=&#8221;{}&#8221;][\/et_pb_text][\/et_pb_column][et_pb_column type=&#8221;3_5&#8243; _builder_version=&#8221;4.16&#8243; _module_preset=&#8221;default&#8221; global_colors_info=&#8221;{}&#8221;][et_pb_text _builder_version=&#8221;4.24.0&#8243; _module_preset=&#8221;default&#8221; text_font=&#8221;Montserrat||||||||&#8221; min_height=&#8221;117px&#8221; custom_margin=&#8221;11px|||||&#8221; custom_padding=&#8221;|95px||||&#8221; inline_fonts=&#8221;Montserrat&#8221; global_colors_info=&#8221;{}&#8221;]<\/p>\n<p><span style=\"font-size: 14px;\"><strong>Xavier de Donato Rodr\u00edguez<\/strong> \u00e9 actualmente Decano da Facultade de Filosof\u00eda da Universidade de Santiago de Compostela, Espa\u00f1a. \u00c9 un dos fundadores e garantes do recentemente creado Instituto de Investigaci\u00f3n en Humanidades, iHUs (Universidade de Santiago de Compostela). \u00c9 contratado doutor nesta universidade. Xavier \u00e9 o investigador principal dos proxectos de investigaci\u00f3n &#8220;DEFLATIONIST VIEWS IN ONTOLOGY AND METAONTOLOGY&#8221; (PID2020-115482GBI00) financiado polo Ministerio de Ciencia e Innovaci\u00f3n de Espa\u00f1a e &#8220;Enxe\u00f1er\u00eda Conceptual e Desacordo Epist\u00e9mico&#8221;, financiado pola Fundaci\u00f3n BBVA (xullo 2022-decembro 2023). Xavier foi anteriormente investigador de doutoramento na Ludwig-Maximilians-Universit\u00e4t de M\u00fanic (Alema\u00f1a), onde se doutorou en Filosof\u00eda. Xavier foi investigador postdoutoral no Instituto de Investigaci\u00f3ns Filos\u00f3ficas da UNAM (na Cidade de M\u00e9xico) e profesor convidado na UAM-I (Ciudad de M\u00e9xico). De 2009 a 2013 Xavier foi investigador Parga Pondal na Universidade de Santiago de Compostela. Tam\u00e9n foi profesor visitante na Universidade de Brown (Providence, EE. UU.). Xavier impartiu conferencias en moitas conferencias (na PSA en Pittsburgh 2008, Models and Simulations 6 na Universidade de Notre D\u00e1me en 2014 etc.)\/ etc.) e tam\u00e9n foi relator principal en diferentes conferencias en numerosas ocasi\u00f3ns. Xavier foi bolseiro cunha bolsa ERASMUS+ para impartir clases na Universit\u00e0 degli Studi dei Torino (Italia). Xavier publicou artigos en revistas indexadas e con revisi\u00f3n por pares, como <em>Theoria <\/em>(Suecia), <em>Synthese, Erkenntnis, Cociente, Journal for Xeral Philosophy of Science, Argumentation, Theoria<\/em> (Espa\u00f1a),<em> Cr\u00edtica<\/em>, entre moitas outras. Xavier tam\u00e9n publicou cap\u00edtulos de libros en editoriais internacionais de renome, como Springer, de Gruyter, Brill\/Rodopi (Poznan Studies), Cambridge Academic Publishers, S\u00e9culo XXI, Praza &amp; Vald\u00e9s etc. Os principais campos de investigaci\u00f3n de Xavier comprenden a filosof\u00eda da ciencia, a epistemolox\u00eda anal\u00edtica, a filosof\u00eda da mente e a teor\u00eda da argumentaci\u00f3n. Tam\u00e9n se interesa por teor\u00edas de modelos, a idealizaci\u00f3n, o inferencialismo, os obxectos abstractos, os conceptos e a comprensi\u00f3n cient\u00edfica. M\u00e1s recentemente, Xavier tam\u00e9n publicou sobre temas como o deflacionismo metaontol\u00f3gico\/ontol\u00f3gico, tam\u00e9n un dos temas clave dos seus \u00faltimos proxectos de investigaci\u00f3n financiados, do que foi investigador principal.<br \/><\/span><\/p>\n<p>[\/et_pb_text][\/et_pb_column][\/et_pb_row][et_pb_row disabled_on=&#8221;off|off|off&#8221; _builder_version=&#8221;4.16&#8243; _module_preset=&#8221;default&#8221; custom_padding=&#8221;0px||27px|0px||&#8221; global_colors_info=&#8221;{}&#8221;][et_pb_column type=&#8221;4_4&#8243; _builder_version=&#8221;4.16&#8243; _module_preset=&#8221;default&#8221; global_colors_info=&#8221;{}&#8221;][et_pb_text _builder_version=&#8221;4.24.0&#8243; _module_preset=&#8221;default&#8221; text_font=&#8221;Montserrat||||||||&#8221; text_font_size=&#8221;11px&#8221; inline_fonts=&#8221;Montserrat&#8221; global_colors_info=&#8221;{}&#8221;][\/et_pb_text][\/et_pb_column][\/et_pb_row][\/et_pb_section]<\/p>\n","protected":false},"excerpt":{"rendered":"<p>Xavier de Donato Rodr\u00edguezXavier de Donato Rodr\u00edguez \u00e9 actualmente Decano da Facultade de Filosof\u00eda da Universidade de Santiago de Compostela, Espa\u00f1a. \u00c9 un dos fundadores e garantes do recentemente creado Instituto de Investigaci\u00f3n en Humanidades, iHUs (Universidade de Santiago de Compostela). \u00c9 contratado doutor nesta universidade. Xavier \u00e9 o investigador principal dos proxectos de investigaci\u00f3n [&hellip;]<\/p>\n","protected":false},"author":3,"featured_media":0,"parent":0,"menu_order":0,"comment_status":"closed","ping_status":"closed","template":"","meta":{"_et_pb_use_builder":"on","_et_pb_old_content":"","_et_gb_content_width":"","footnotes":""},"class_list":["post-8214","page","type-page","status-publish","hentry"],"_links":{"self":[{"href":"https:\/\/discursoeidentidade.com\/index.php?rest_route=\/wp\/v2\/pages\/8214","targetHints":{"allow":["GET"]}}],"collection":[{"href":"https:\/\/discursoeidentidade.com\/index.php?rest_route=\/wp\/v2\/pages"}],"about":[{"href":"https:\/\/discursoeidentidade.com\/index.php?rest_route=\/wp\/v2\/types\/page"}],"author":[{"embeddable":true,"href":"https:\/\/discursoeidentidade.com\/index.php?rest_route=\/wp\/v2\/users\/3"}],"replies":[{"embeddable":true,"href":"https:\/\/discursoeidentidade.com\/index.php?rest_route=%2Fwp%2Fv2%2Fcomments&post=8214"}],"version-history":[{"count":0,"href":"https:\/\/discursoeidentidade.com\/index.php?rest_route=\/wp\/v2\/pages\/8214\/revisions"}],"wp:attachment":[{"href":"https:\/\/discursoeidentidade.com\/index.php?rest_route=%2Fwp%2Fv2%2Fmedia&parent=8214"}],"curies":[{"name":"wp","href":"https:\/\/api.w.org\/{rel}","templated":true}]}}