{"id":7499,"date":"2023-11-21T13:36:31","date_gmt":"2023-11-21T12:36:31","guid":{"rendered":"https:\/\/discursoeidentidade.com\/?page_id=7499"},"modified":"2024-03-14T13:07:25","modified_gmt":"2024-03-14T12:07:25","slug":"7499-2","status":"publish","type":"page","link":"https:\/\/discursoeidentidade.com\/?page_id=7499&lang=es","title":{"rendered":"Carmen Gloria Cernadas Lema"},"content":{"rendered":"<p>[et_pb_section fb_built=&#8221;1&#8243; inner_shadow=&#8221;on&#8221; fullwidth=&#8221;on&#8221; custom_padding_last_edited=&#8221;on|desktop&#8221; admin_label=&#8221;section&#8221; _builder_version=&#8221;4.16&#8243; background_color=&#8221;#153b60&#8243; custom_padding_tablet=&#8221;50px|0|50px|0&#8243; custom_padding_phone=&#8221;&#8221; transparent_background=&#8221;off&#8221; padding_mobile=&#8221;off&#8221; make_fullwidth=&#8221;off&#8221; use_custom_width=&#8221;off&#8221; width_unit=&#8221;on&#8221; custom_width_px=&#8221;1080px&#8221; custom_width_percent=&#8221;80%&#8221; global_colors_info=&#8221;{}&#8221;][et_pb_fullwidth_header content_max_width=&#8221;none&#8221; admin_label=&#8221;T\u00cdTULO SECCI\u00d3N&#8221; _builder_version=&#8221;4.19.4&#8243; title_font=&#8221;Montserrat||||||||&#8221; background_color=&#8221;rgba(255, 255, 255, 0)&#8221; custom_padding=&#8221;||0px|||&#8221; button_one_letter_spacing_hover=&#8221;0&#8243; button_two_letter_spacing_hover=&#8221;0&#8243; global_colors_info=&#8221;{}&#8221; button_one_text_size__hover_enabled=&#8221;off&#8221; button_two_text_size__hover_enabled=&#8221;off&#8221; button_one_text_color__hover_enabled=&#8221;off&#8221; button_two_text_color__hover_enabled=&#8221;off&#8221; button_one_border_width__hover_enabled=&#8221;off&#8221; button_two_border_width__hover_enabled=&#8221;off&#8221; button_one_border_color__hover_enabled=&#8221;off&#8221; button_two_border_color__hover_enabled=&#8221;off&#8221; button_one_border_radius__hover_enabled=&#8221;off&#8221; button_two_border_radius__hover_enabled=&#8221;off&#8221; button_one_letter_spacing__hover_enabled=&#8221;on&#8221; button_one_letter_spacing__hover=&#8221;0&#8243; button_two_letter_spacing__hover_enabled=&#8221;on&#8221; button_two_letter_spacing__hover=&#8221;0&#8243; button_one_bg_color__hover_enabled=&#8221;off&#8221; button_two_bg_color__hover_enabled=&#8221;off&#8221;]<\/p>\n<h1>Carmen Gloria Cernadas Lema<\/h1>\n<p>[\/et_pb_fullwidth_header][\/et_pb_section][et_pb_section fb_built=&#8221;1&#8243; custom_padding_last_edited=&#8221;on|desktop&#8221; admin_label=&#8221;section&#8221; _builder_version=&#8221;4.16&#8243; background_color=&#8221;rgba(0,0,0,0)&#8221; custom_padding_tablet=&#8221;50px|0|50px|0&#8243; custom_padding_phone=&#8221;&#8221; transparent_background=&#8221;off&#8221; padding_mobile=&#8221;off&#8221; make_fullwidth=&#8221;off&#8221; use_custom_width=&#8221;off&#8221; width_unit=&#8221;on&#8221; custom_width_px=&#8221;1080px&#8221; custom_width_percent=&#8221;80%&#8221; global_colors_info=&#8221;{}&#8221;][et_pb_row column_structure=&#8221;2_5,3_5&#8243; _builder_version=&#8221;4.16&#8243; _module_preset=&#8221;default&#8221; background_color=&#8221;#d6d6d6&#8243; width=&#8221;79.9%&#8221; custom_padding=&#8221;||27px|28px||&#8221; global_colors_info=&#8221;{}&#8221;][et_pb_column type=&#8221;2_5&#8243; _builder_version=&#8221;4.16&#8243; _module_preset=&#8221;default&#8221; global_colors_info=&#8221;{}&#8221;][et_pb_image src=&#8221;https:\/\/discursoeidentidade.com\/wp-content\/uploads\/2023\/11\/FOTO_CARMENGLORIACERNADAS-scaled.jpg&#8221; alt=&#8221;Carmen Gloria Cernadas Lema&#8221; title_text=&#8221;LA DEF&#8221; _builder_version=&#8221;4.19.4&#8243; _module_preset=&#8221;default&#8221; global_colors_info=&#8221;{}&#8221;][\/et_pb_image][\/et_pb_column][et_pb_column type=&#8221;3_5&#8243; _builder_version=&#8221;4.16&#8243; _module_preset=&#8221;default&#8221; global_colors_info=&#8221;{}&#8221;][et_pb_text _builder_version=&#8221;4.19.4&#8243; _module_preset=&#8221;default&#8221; text_font=&#8221;Montserrat||||||||&#8221; min_height=&#8221;117px&#8221; custom_margin=&#8221;4px|||||&#8221; custom_padding=&#8221;|95px||||&#8221; inline_fonts=&#8221;Montserrat&#8221; global_colors_info=&#8221;{}&#8221;]<\/p>\n<p><span style=\"font-size: 14px;\"><span><strong>Carmen Gloria Cernadas Lema<\/strong> Carmen Gloria Cernadas Lema se gradu\u00f3 en Lengua y Literatura Inglesas con Minor en Lengua y Literatura Francesas por la Universidad de Santiago de Compostela (2022), donde obtuvo tambi\u00e9n el M\u00e1ster en Estudios Ingleses Avanzados y sus Aplicaciones (2023). En el curso 2020\/2021 particip\u00f3 en el programa de intercambio Erasmus durante el segundo cuatrimestre en la Universit\u00e9 Jean Moulin Lyon 3. Durante el curso 2022\/2023 le fue concedida una Beca de Colaboraci\u00f3n en Departamentos Universitarios del Ministerio de Educaci\u00f3n y Formaci\u00f3n Profesional en el Departamento de Filolog\u00eda Inglesa y Alemana de la USC. Actualmente est\u00e1 trabajando en su tesis doctoral bajo la supervisi\u00f3n de los profesores Jorge Sacido Romero y Laura M\u00aa Lojo Rodr\u00edguez. Su tesis, la cual lleva por t\u00edtulo provisional \u201cEnunciation, Identity and Gender in the Narrative of A. L. Kennedy and Roddy Doyle\u201d, tiene por objeto evaluar los logros y limitaciones en la articulaci\u00f3n de una posici\u00f3n de enunciaci\u00f3n feminista en el caso del irland\u00e9s Doyle y humanista (que engloba la feminista) en el de la escocesa Kennedy, como alternativa a la heteronormatividad y la ideolog\u00eda sexual dominante.\u00a0<\/span><\/span><\/p>\n<p>Entre las principales l\u00edneas de investigaci\u00f3n de Cernadas Lema se encuentran los estudios de g\u00e9nero, los estudios de trauma, los estudios culturales, el psicoan\u00e1lisis y el postcolonialismo.<\/p>\n<p><a href=\"https:\/\/orcid.org\/0009-0004-3355-3696\">ORCID ID: 0009-0004-3355-3696<\/a><br \/>@: <a href=\"mailto:carmengloria.cernadas@rai.usc.es\">carmengloria.cernadas@rai.usc.es<\/a><\/p>\n<p>[\/et_pb_text][\/et_pb_column][\/et_pb_row][et_pb_row _builder_version=&#8221;4.19.4&#8243; _module_preset=&#8221;default&#8221; custom_margin=&#8221;20px||||false|false&#8221; custom_padding=&#8221;0px||27px|0px||&#8221; locked=&#8221;off&#8221; global_colors_info=&#8221;{}&#8221;][et_pb_column type=&#8221;4_4&#8243; _builder_version=&#8221;4.16&#8243; _module_preset=&#8221;default&#8221; global_colors_info=&#8221;{}&#8221;][et_pb_text _builder_version=&#8221;4.24.0&#8243; _module_preset=&#8221;default&#8221; text_font=&#8221;Montserrat||||||||&#8221; text_font_size=&#8221;11px&#8221; hover_enabled=&#8221;0&#8243; inline_fonts=&#8221;Montserrat&#8221; global_colors_info=&#8221;{}&#8221; sticky_enabled=&#8221;0&#8243;]<\/p>\n<p><strong><u>PUBLICACIONES RECIENTES:<\/u><\/strong><\/p>\n<p>\u201cRetelling Greek Tragedies: A Contemporary Trend in UK Drama\u201d. <em>JACLR: Journal of Artistic Creation and Literary Research <\/em>11.2.3 (2023): &lt;<span><a href=\"https:\/\/www.ucm.es\/siim\/journal-of-artistic-creation-and-literary-research\">https:\/\/www.ucm.es\/siim\/journal-of-artistic-creation-and-literary-research<\/a><\/span>&gt; \u00a9Universidad Complutense de Madrid, Espa\u00f1a.<\/p>\n<p><strong><u>PONENCIAS EN CONFERENCIAS<\/u><\/strong><\/p>\n<p>\u201cBeyond the Fac\u0327ade: Trauma and Violence in Roddy Doyle\u2019s <em>Smile<\/em>\u201d. Presentada en <em>Afterwords: Reconsidering Narratives of Trauma and Violence in the Humanities<\/em>. Trinity College Dublin. 9 de febrero de 2024.<\/p>\n<p>\u201c\u2018My Memory Was Some Sort of Brecht Play\u2019: Unmasking Memory and Trauma in Roddy Doyle\u2019s <em>Smile<\/em> (2017)\u201d. Presentada en <em>Memory and Trauma International Conference<\/em>. Birkbeck College, University of London. 2 de diciembre de 2023.<\/p>\n<p>\u201cThe Legacy of Slavery in Ernest J. Gaines\u2019 \u2018The Sky Is Gray\u2019\u201d. Presentada en <em>34th Annual Mardi Gras Conference<\/em>. Louisiana State University, EEUU. 1-3 de febrero de 2024.<\/p>\n<p>\u201cAn Ecofeminist Exploration of Kei Miller\u2019s <em>The Last Warner Woman<\/em>\u201d. Presentada en <em>2nd International Conference on Backwash Voices on Environmental Colonialism and Post-colonials from the Global South<\/em>. Centre for Australian Studies, Bankura Univeristy, India. 7-8 de febrero de 2024.<\/p>\n<p>\u201cAdorned Bodies in Diaspora: the Intersection of Clothing, Gender and Identity in Kei Miller\u2019s <em>The Last Warner Woman<\/em>\u201d. Presentada en <em>International Conference on Linking Latitudes: Postcolonialism and After. <\/em>Swami Vivekananda University, India. 3-5 de febrero de 2024.<\/p>\n<p>\u201c\u2018I Pushed for Something to Stay with Me While He Did Not\u2019: Living on Memories in A. L. Kennedy\u2019s \u2018Indelible Acts\u2019 (2002)\u201d. Presentada en <em>7th Memory, Forgetting and Creating International Interdisciplinary Conference<\/em>. InMind Support. Gdansk, Polonia. 18-19 de enero de 2024.<\/p>\n<p>\u201c\u2018Anchored to their Element\u2019: an Ecofeminist Exploration of Gender and Nature in Anne Le Marquand Hartigan\u2019s \u2018Land\u2019 (1991)\u201d. Presentada en <em>Narratives of Land: Place, Space and Human Identity International Conference<\/em>. Kazi Nazrul University, India. 10-11 de enero de 2024.<\/p>\n<p>\u201cEnunciation, Identity and Gender in the Narrative of A. L. Kennedy and Roddy Doyle\u201d. Presentada en IDAES (Inter-university PhD Programme in Advanced English Studies) <em>Graduate Day 2023<\/em>. Universidade da Coru\u00f1a. 24 de mayo de 2023.<\/p>\n<p>&nbsp;<\/p>\n<p>[\/et_pb_text][\/et_pb_column][\/et_pb_row][\/et_pb_section][et_pb_section fb_built=&#8221;1&#8243; inner_shadow=&#8221;on&#8221; fullwidth=&#8221;on&#8221; custom_padding_last_edited=&#8221;on|desktop&#8221; admin_label=&#8221;section&#8221; _builder_version=&#8221;4.16&#8243; background_color=&#8221;#153b60&#8243; custom_padding_tablet=&#8221;50px|0|50px|0&#8243; custom_padding_phone=&#8221;&#8221; transparent_background=&#8221;off&#8221; padding_mobile=&#8221;off&#8221; make_fullwidth=&#8221;off&#8221; use_custom_width=&#8221;off&#8221; width_unit=&#8221;on&#8221; custom_width_px=&#8221;1080px&#8221; custom_width_percent=&#8221;80%&#8221; global_colors_info=&#8221;{}&#8221;][\/et_pb_section]<\/p>\n","protected":false},"excerpt":{"rendered":"<p>Carmen Gloria Cernadas LemaCarmen Gloria Cernadas Lema Carmen Gloria Cernadas Lema se gradu\u00f3 en Lengua y Literatura Inglesas con Minor en Lengua y Literatura Francesas por la Universidad de Santiago de Compostela (2022), donde obtuvo tambi\u00e9n el M\u00e1ster en Estudios Ingleses Avanzados y sus Aplicaciones (2023). En el curso 2020\/2021 particip\u00f3 en el programa de [&hellip;]<\/p>\n","protected":false},"author":3,"featured_media":0,"parent":0,"menu_order":0,"comment_status":"closed","ping_status":"closed","template":"","meta":{"_et_pb_use_builder":"on","_et_pb_old_content":"","_et_gb_content_width":"","footnotes":""},"class_list":["post-7499","page","type-page","status-publish","hentry"],"_links":{"self":[{"href":"https:\/\/discursoeidentidade.com\/index.php?rest_route=\/wp\/v2\/pages\/7499","targetHints":{"allow":["GET"]}}],"collection":[{"href":"https:\/\/discursoeidentidade.com\/index.php?rest_route=\/wp\/v2\/pages"}],"about":[{"href":"https:\/\/discursoeidentidade.com\/index.php?rest_route=\/wp\/v2\/types\/page"}],"author":[{"embeddable":true,"href":"https:\/\/discursoeidentidade.com\/index.php?rest_route=\/wp\/v2\/users\/3"}],"replies":[{"embeddable":true,"href":"https:\/\/discursoeidentidade.com\/index.php?rest_route=%2Fwp%2Fv2%2Fcomments&post=7499"}],"version-history":[{"count":0,"href":"https:\/\/discursoeidentidade.com\/index.php?rest_route=\/wp\/v2\/pages\/7499\/revisions"}],"wp:attachment":[{"href":"https:\/\/discursoeidentidade.com\/index.php?rest_route=%2Fwp%2Fv2%2Fmedia&parent=7499"}],"curies":[{"name":"wp","href":"https:\/\/api.w.org\/{rel}","templated":true}]}}