{"id":7408,"date":"2023-10-20T07:40:48","date_gmt":"2023-10-20T05:40:48","guid":{"rendered":"https:\/\/discursoeidentidade.com\/?page_id=7408"},"modified":"2023-10-20T07:44:11","modified_gmt":"2023-10-20T05:44:11","slug":"miembro_samuel_egea_castaneda","status":"publish","type":"page","link":"https:\/\/discursoeidentidade.com\/?page_id=7408","title":{"rendered":"MIEMBRO_Samuel_Egea_Casta\u00f1eda"},"content":{"rendered":"<p>[et_pb_section fb_built=&#8221;1&#8243; inner_shadow=&#8221;on&#8221; fullwidth=&#8221;on&#8221; custom_padding_last_edited=&#8221;on|desktop&#8221; admin_label=&#8221;section&#8221; _builder_version=&#8221;4.16&#8243; background_color=&#8221;#153b60&#8243; custom_padding_tablet=&#8221;50px|0|50px|0&#8243; custom_padding_phone=&#8221;&#8221; transparent_background=&#8221;off&#8221; padding_mobile=&#8221;off&#8221; make_fullwidth=&#8221;off&#8221; use_custom_width=&#8221;off&#8221; width_unit=&#8221;on&#8221; custom_width_px=&#8221;1080px&#8221; custom_width_percent=&#8221;80%&#8221; global_colors_info=&#8221;{}&#8221; theme_builder_area=&#8221;post_content&#8221;][et_pb_fullwidth_header content_max_width=&#8221;none&#8221; admin_label=&#8221;T\u00cdTULO SECCI\u00d3N&#8221; _builder_version=&#8221;4.16&#8243; title_font=&#8221;Montserrat||||||||&#8221; background_color=&#8221;rgba(255, 255, 255, 0)&#8221; custom_padding=&#8221;||0px|||&#8221; button_one_letter_spacing_hover=&#8221;0&#8243; button_two_letter_spacing_hover=&#8221;0&#8243; global_colors_info=&#8221;{}&#8221; button_one_text_size__hover_enabled=&#8221;off&#8221; button_two_text_size__hover_enabled=&#8221;off&#8221; button_one_text_color__hover_enabled=&#8221;off&#8221; button_two_text_color__hover_enabled=&#8221;off&#8221; button_one_border_width__hover_enabled=&#8221;off&#8221; button_two_border_width__hover_enabled=&#8221;off&#8221; button_one_border_color__hover_enabled=&#8221;off&#8221; button_two_border_color__hover_enabled=&#8221;off&#8221; button_one_border_radius__hover_enabled=&#8221;off&#8221; button_two_border_radius__hover_enabled=&#8221;off&#8221; button_one_letter_spacing__hover_enabled=&#8221;on&#8221; button_one_letter_spacing__hover=&#8221;0&#8243; button_two_letter_spacing__hover_enabled=&#8221;on&#8221; button_two_letter_spacing__hover=&#8221;0&#8243; button_one_bg_color__hover_enabled=&#8221;off&#8221; button_two_bg_color__hover_enabled=&#8221;off&#8221; theme_builder_area=&#8221;post_content&#8221;]<\/p>\n<h1>Samuel Egea Casta\u00f1eda<\/h1>\n<p>[\/et_pb_fullwidth_header][\/et_pb_section][et_pb_section fb_built=&#8221;1&#8243; custom_padding_last_edited=&#8221;on|desktop&#8221; admin_label=&#8221;section&#8221; _builder_version=&#8221;4.16&#8243; background_color=&#8221;rgba(0,0,0,0)&#8221; custom_padding_tablet=&#8221;50px|0|50px|0&#8243; custom_padding_phone=&#8221;&#8221; transparent_background=&#8221;off&#8221; padding_mobile=&#8221;off&#8221; make_fullwidth=&#8221;off&#8221; use_custom_width=&#8221;off&#8221; width_unit=&#8221;on&#8221; custom_width_px=&#8221;1080px&#8221; custom_width_percent=&#8221;80%&#8221; global_colors_info=&#8221;{}&#8221; theme_builder_area=&#8221;post_content&#8221;][et_pb_row column_structure=&#8221;2_5,3_5&#8243; _builder_version=&#8221;4.16&#8243; _module_preset=&#8221;default&#8221; background_color=&#8221;#d6d6d6&#8243; width=&#8221;79.9%&#8221; custom_padding=&#8221;||5px|28px||&#8221; global_colors_info=&#8221;{}&#8221; theme_builder_area=&#8221;post_content&#8221;][et_pb_column type=&#8221;2_5&#8243; _builder_version=&#8221;4.16&#8243; _module_preset=&#8221;default&#8221; global_colors_info=&#8221;{}&#8221; theme_builder_area=&#8221;post_content&#8221;][et_pb_image src=&#8221;https:\/\/discursoeidentidade.com\/wp-content\/uploads\/2023\/10\/IMG_3771-2.jpeg&#8221; title_text=&#8221;IMG_3771 2&#8243; _builder_version=&#8221;4.19.4&#8243; _module_preset=&#8221;default&#8221; custom_margin=&#8221;|6px||||&#8221; custom_padding=&#8221;15px|||||&#8221; hover_enabled=&#8221;0&#8243; global_colors_info=&#8221;{}&#8221; theme_builder_area=&#8221;post_content&#8221; sticky_enabled=&#8221;0&#8243;][\/et_pb_image][\/et_pb_column][et_pb_column type=&#8221;3_5&#8243; _builder_version=&#8221;4.16&#8243; _module_preset=&#8221;default&#8221; global_colors_info=&#8221;{}&#8221; theme_builder_area=&#8221;post_content&#8221;][et_pb_text _builder_version=&#8221;4.16&#8243; _module_preset=&#8221;default&#8221; text_font=&#8221;Montserrat||||||||&#8221; min_height=&#8221;117px&#8221; custom_margin=&#8221;11px|||||&#8221; custom_padding=&#8221;|95px||||&#8221; inline_fonts=&#8221;Montserrat&#8221; global_colors_info=&#8221;{}&#8221; theme_builder_area=&#8221;post_content&#8221;]<\/p>\n<p><span style=\"font-size: 14px;\"><strong>Samuel Egea Casta\u00f1eda <\/strong>graduouse en Estudos Ingleses pola Universidade de Estremadura en 2019 e posteriormente obtivo o Mestrado en Estudos Ingleses Avanzados e as s\u00faas Aplicaci\u00f3ns na Universidade de Santiago de Compostela, que completou cunha bolsa de Iniciaci\u00f3n \u00e1 Investigaci\u00f3n para alumnos de M\u00e1ster concedida pola USC e o Banco Santander. Actualmente est\u00e1 preparando a s\u00faa tese de doutoramento baixo a direcci\u00f3n das profesoras Margarita Est\u00e9vez Sa\u00e1 e Noem\u00ed Pereira Ares. Con t\u00edtulo provisional \u201cPosthuman and Ecofeminist Figurations in Contemporary Fashion and their Antecedents\u201d, o traballo explora concepci\u00f3ns alternativas na industria da moda que est\u00e1n a reformular a representaci\u00f3n do corpo humano en relaci\u00f3n co outro (animal, tecnol\u00f3xico) e que denuncian as\u00ed actitudes antropoc\u00e9ntricas. As s\u00faas principais li\u00f1as de investigaci\u00f3n incl\u00faen os estudos sobre moda, o posthumanismo cr\u00edtico, o ecofeminismo, e as intersecci\u00f3ns entre devanditos campos coa literatura.<\/span><\/p>\n<p><strong><span style=\"font-family: Montserrat;\">@: <a href=\"mailto:samuel.egea@rai.usc.es\">samuel.egea@rai.usc.es<\/a><\/span><\/strong><\/p>\n<p>&nbsp;<\/p>\n<p>[\/et_pb_text][\/et_pb_column][\/et_pb_row][et_pb_row _builder_version=&#8221;4.19.4&#8243; _module_preset=&#8221;default&#8221; custom_padding=&#8221;0px||27px|0px||&#8221; hover_enabled=&#8221;0&#8243; global_colors_info=&#8221;{}&#8221; theme_builder_area=&#8221;post_content&#8221; custom_margin=&#8221;20px||||false|false&#8221; sticky_enabled=&#8221;0&#8243;][et_pb_column type=&#8221;4_4&#8243; _builder_version=&#8221;4.16&#8243; _module_preset=&#8221;default&#8221; global_colors_info=&#8221;{}&#8221; theme_builder_area=&#8221;post_content&#8221;][et_pb_text _builder_version=&#8221;4.16&#8243; _module_preset=&#8221;default&#8221; text_font=&#8221;Montserrat||||||||&#8221; text_font_size=&#8221;11px&#8221; inline_fonts=&#8221;Montserrat&#8221; global_colors_info=&#8221;{}&#8221; theme_builder_area=&#8221;post_content&#8221;]<\/p>\n<p><span style=\"color: #000000;\"><strong><span style=\"text-decoration: underline;\">PUBLICACI\u00d3NS REPRESENTATIVAS:<\/span><\/strong><\/span><\/p>\n<p><strong>\u201c<\/strong><strong>Fashioning the Posthuman Subject: Human-Animal Entanglements in Alexander McQueen\u2019s The Horn of Plenty\u201d<\/strong>. Presentada na conferencia <em>Northeast Popular &amp; American Culture Association<\/em> <em>2023<\/em>. 13 de outubro de 2023.<\/p>\n<p><strong>\u201cPosthumanism, Fashion and Literature\u201d<\/strong>. Presentada en IDAES (Inter-university PhD Programme in Advanced English Studies) <em>Graduate Day 2023<\/em>. Universidade de Santiago de Compostela. 2023. 24 de maio de 2023.<\/p>\n<p><strong>\u201cThe Posthuman Turn in the Fashion Industry: On Human Animals &amp; Cyborgs through Alexander McQueen\u2019s Fashion Shows\u201d<\/strong>. Presentada en <em>45\u00ba Congreso Internacional AEDEAN<\/em>. Universidad de Extremadura. 18 de novembro de 2022.<\/p>\n<p><strong>\u201cThe Posthuman Turn in Alexander McQueen\u2019s Fashion Shows\u201d<\/strong>. Presentada en <em>Posthuman Bodies and Embodied Posthumanisms Conference<\/em>. University of Warwick, Reino Unido. 13 de outubro de 2022.<\/p>\n<p>[\/et_pb_text][\/et_pb_column][\/et_pb_row][\/et_pb_section]<\/p>\n","protected":false},"excerpt":{"rendered":"<p>Samuel Egea Casta\u00f1edaSamuel Egea Casta\u00f1eda graduouse en Estudos Ingleses pola Universidade de Estremadura en 2019 e posteriormente obtivo o Mestrado en Estudos Ingleses Avanzados e as s\u00faas Aplicaci\u00f3ns na Universidade de Santiago de Compostela, que completou cunha bolsa de Iniciaci\u00f3n \u00e1 Investigaci\u00f3n para alumnos de M\u00e1ster concedida pola USC e o Banco Santander. Actualmente est\u00e1 [&hellip;]<\/p>\n","protected":false},"author":3,"featured_media":0,"parent":0,"menu_order":0,"comment_status":"closed","ping_status":"closed","template":"","meta":{"_et_pb_use_builder":"on","_et_pb_old_content":"","_et_gb_content_width":"","footnotes":""},"class_list":["post-7408","page","type-page","status-publish","hentry"],"_links":{"self":[{"href":"https:\/\/discursoeidentidade.com\/index.php?rest_route=\/wp\/v2\/pages\/7408","targetHints":{"allow":["GET"]}}],"collection":[{"href":"https:\/\/discursoeidentidade.com\/index.php?rest_route=\/wp\/v2\/pages"}],"about":[{"href":"https:\/\/discursoeidentidade.com\/index.php?rest_route=\/wp\/v2\/types\/page"}],"author":[{"embeddable":true,"href":"https:\/\/discursoeidentidade.com\/index.php?rest_route=\/wp\/v2\/users\/3"}],"replies":[{"embeddable":true,"href":"https:\/\/discursoeidentidade.com\/index.php?rest_route=%2Fwp%2Fv2%2Fcomments&post=7408"}],"version-history":[{"count":0,"href":"https:\/\/discursoeidentidade.com\/index.php?rest_route=\/wp\/v2\/pages\/7408\/revisions"}],"wp:attachment":[{"href":"https:\/\/discursoeidentidade.com\/index.php?rest_route=%2Fwp%2Fv2%2Fmedia&parent=7408"}],"curies":[{"name":"wp","href":"https:\/\/api.w.org\/{rel}","templated":true}]}}