{"id":6860,"date":"2022-03-19T12:28:43","date_gmt":"2022-03-19T11:28:43","guid":{"rendered":"http:\/\/discursoeidentidade.com\/?page_id=6860"},"modified":"2022-03-19T12:33:52","modified_gmt":"2022-03-19T11:33:52","slug":"olalla-rubines-chisca","status":"publish","type":"page","link":"https:\/\/discursoeidentidade.com\/?page_id=6860","title":{"rendered":"MEMBRO IFP_Olalla Rubines Chisca"},"content":{"rendered":"<p>[et_pb_section fb_built=&#8221;1&#8243; inner_shadow=&#8221;on&#8221; fullwidth=&#8221;on&#8221; custom_padding_last_edited=&#8221;on|desktop&#8221; admin_label=&#8221;section&#8221; _builder_version=&#8221;4.6.1&#8243; background_color=&#8221;#153b60&#8243; custom_padding_tablet=&#8221;50px|0|50px|0&#8243; custom_padding_phone=&#8221;&#8221; transparent_background=&#8221;off&#8221; padding_mobile=&#8221;off&#8221; make_fullwidth=&#8221;off&#8221; use_custom_width=&#8221;off&#8221; width_unit=&#8221;on&#8221; custom_width_px=&#8221;1080px&#8221; custom_width_percent=&#8221;80%&#8221;][et_pb_fullwidth_header content_max_width=&#8221;none&#8221; admin_label=&#8221;T\u00cdTULO SECCI\u00d3N&#8221; _builder_version=&#8221;4.6.1&#8243; title_font=&#8221;Montserrat||||||||&#8221; background_color=&#8221;rgba(255, 255, 255, 0)&#8221; custom_padding=&#8221;||0px|||&#8221; button_one_letter_spacing_hover=&#8221;0&#8243; button_two_letter_spacing_hover=&#8221;0&#8243; button_one_text_size__hover_enabled=&#8221;off&#8221; button_two_text_size__hover_enabled=&#8221;off&#8221; button_one_text_color__hover_enabled=&#8221;off&#8221; button_two_text_color__hover_enabled=&#8221;off&#8221; button_one_border_width__hover_enabled=&#8221;off&#8221; button_two_border_width__hover_enabled=&#8221;off&#8221; button_one_border_color__hover_enabled=&#8221;off&#8221; button_two_border_color__hover_enabled=&#8221;off&#8221; button_one_border_radius__hover_enabled=&#8221;off&#8221; button_two_border_radius__hover_enabled=&#8221;off&#8221; button_one_letter_spacing__hover_enabled=&#8221;on&#8221; button_one_letter_spacing__hover=&#8221;0&#8243; button_two_letter_spacing__hover_enabled=&#8221;on&#8221; button_two_letter_spacing__hover=&#8221;0&#8243; button_one_bg_color__hover_enabled=&#8221;off&#8221; button_two_bg_color__hover_enabled=&#8221;off&#8221;]<\/p>\n<h1>Olalla Rubines Chisca<\/h1>\n<p>[\/et_pb_fullwidth_header][\/et_pb_section][et_pb_section fb_built=&#8221;1&#8243; custom_padding_last_edited=&#8221;on|desktop&#8221; admin_label=&#8221;section&#8221; _builder_version=&#8221;4.6.1&#8243; background_color=&#8221;rgba(0,0,0,0)&#8221; custom_padding_tablet=&#8221;50px|0|50px|0&#8243; custom_padding_phone=&#8221;&#8221; transparent_background=&#8221;off&#8221; padding_mobile=&#8221;off&#8221; make_fullwidth=&#8221;off&#8221; use_custom_width=&#8221;off&#8221; width_unit=&#8221;on&#8221; custom_width_px=&#8221;1080px&#8221; custom_width_percent=&#8221;80%&#8221;][et_pb_row column_structure=&#8221;2_5,3_5&#8243; _builder_version=&#8221;4.6.1&#8243; _module_preset=&#8221;default&#8221; background_color=&#8221;#d6d6d6&#8243; width=&#8221;79.9%&#8221; custom_padding=&#8221;||27px|28px||&#8221;][et_pb_column type=&#8221;2_5&#8243; _builder_version=&#8221;4.6.1&#8243; _module_preset=&#8221;default&#8221;][et_pb_image src=&#8221;http:\/\/discursoeidentidade.com\/wp-content\/uploads\/2022\/03\/IMG_5119-scaled-e1647689088825.jpeg&#8221; title_text=&#8221;IMG_5119&#8243; _builder_version=&#8221;4.9.0&#8243; _module_preset=&#8221;default&#8221; custom_margin=&#8221;|||30px||&#8221; custom_padding=&#8221;19px|37px|0px|0px||&#8221;][\/et_pb_image][\/et_pb_column][et_pb_column type=&#8221;3_5&#8243; _builder_version=&#8221;4.6.1&#8243; _module_preset=&#8221;default&#8221;][et_pb_text _builder_version=&#8221;4.9.0&#8243; _module_preset=&#8221;default&#8221; text_font=&#8221;Montserrat||||||||&#8221; min_height=&#8221;117px&#8221; custom_margin=&#8221;1px|||||&#8221; custom_padding=&#8221;2px|95px||||&#8221; inline_fonts=&#8221;Montserrat&#8221;]<\/p>\n<p dir=\"ltr\"><strong>Olalla Rubines Chisca\u00a0<\/strong>cursou o Grao en Lingua e Literatura Inglesas na Universidade de Santiago de Compostela entre os anos 2016 e 2020. No curso 2018-2019 participou no programa de intercambio Erasmus, desfrutando dunha estad\u00eda na Universidade de Cambridge. No ano 2021 finalizou o M\u00e1ster en Estudos Ingleses Avanzados (IMAES) na Universidade de Santiago de Compostela, onde \u00e9 agora doutoranda no programa IDAES. Traballa nunha tese titulada de xeito provisional <em>Unraveling the Mysteries of the Cosmere: Understanding the World-Building Process in Brandon Sanderson\u2019s <\/em>The Stormlight Archive. As s\u00faas li\u00f1as de investigaci\u00f3n de intrese son os estudos culturais e a ecocr\u00edtica.<\/p>\n<p><strong>@:\u00a0<a href=\"mailto:naara.queiruga.dominguez@usc.es\">olalla.rubines@rai.usc.es<\/a><\/strong><\/p>\n<p>[\/et_pb_text][\/et_pb_column][\/et_pb_row][\/et_pb_section]<\/p>\n","protected":false},"excerpt":{"rendered":"<p>Olalla Rubines ChiscaOlalla Rubines Chisca\u00a0cursou o Grao en Lingua e Literatura Inglesas na Universidade de Santiago de Compostela entre os anos 2016 e 2020. No curso 2018-2019 participou no programa de intercambio Erasmus, desfrutando dunha estad\u00eda na Universidade de Cambridge. No ano 2021 finalizou o M\u00e1ster en Estudos Ingleses Avanzados (IMAES) na Universidade de Santiago [&hellip;]<\/p>\n","protected":false},"author":1,"featured_media":0,"parent":0,"menu_order":0,"comment_status":"closed","ping_status":"closed","template":"","meta":{"_et_pb_use_builder":"on","_et_pb_old_content":"","_et_gb_content_width":"","footnotes":""},"class_list":["post-6860","page","type-page","status-publish","hentry"],"_links":{"self":[{"href":"https:\/\/discursoeidentidade.com\/index.php?rest_route=\/wp\/v2\/pages\/6860","targetHints":{"allow":["GET"]}}],"collection":[{"href":"https:\/\/discursoeidentidade.com\/index.php?rest_route=\/wp\/v2\/pages"}],"about":[{"href":"https:\/\/discursoeidentidade.com\/index.php?rest_route=\/wp\/v2\/types\/page"}],"author":[{"embeddable":true,"href":"https:\/\/discursoeidentidade.com\/index.php?rest_route=\/wp\/v2\/users\/1"}],"replies":[{"embeddable":true,"href":"https:\/\/discursoeidentidade.com\/index.php?rest_route=%2Fwp%2Fv2%2Fcomments&post=6860"}],"version-history":[{"count":0,"href":"https:\/\/discursoeidentidade.com\/index.php?rest_route=\/wp\/v2\/pages\/6860\/revisions"}],"wp:attachment":[{"href":"https:\/\/discursoeidentidade.com\/index.php?rest_route=%2Fwp%2Fv2%2Fmedia&parent=6860"}],"curies":[{"name":"wp","href":"https:\/\/api.w.org\/{rel}","templated":true}]}}