{"id":685,"date":"2016-06-06T13:32:34","date_gmt":"2016-06-06T11:32:34","guid":{"rendered":"http:\/\/discursoeidentidade.com\/?page_id=685&#038;lang=en"},"modified":"2016-07-05T10:39:42","modified_gmt":"2016-07-05T08:39:42","slug":"438-2","status":"publish","type":"page","link":"https:\/\/discursoeidentidade.com\/?page_id=685&lang=en","title":{"rendered":"Susana DOm\u00ednguez Pena"},"content":{"rendered":"<p>[et_pb_section admin_label=&#8221;section&#8221; fullwidth=&#8221;on&#8221; specialty=&#8221;off&#8221; background_color=&#8221;#153b60&#8243; inner_shadow=&#8221;on&#8221; parallax=&#8221;off&#8221; transparent_background=&#8221;off&#8221; allow_player_pause=&#8221;off&#8221; parallax_method=&#8221;off&#8221; padding_mobile=&#8221;off&#8221; make_fullwidth=&#8221;off&#8221; use_custom_width=&#8221;off&#8221; width_unit=&#8221;on&#8221; make_equal=&#8221;off&#8221; use_custom_gutter=&#8221;off&#8221; gutter_width=&#8221;3&#8243;][et_pb_fullwidth_header admin_label=&#8221;T\u00cdTULO SECCI\u00d3N&#8221; title=&#8221;Susana Dom\u00ednguez Pena&#8221; background_layout=&#8221;dark&#8221; text_orientation=&#8221;left&#8221; header_fullscreen=&#8221;off&#8221; header_scroll_down=&#8221;off&#8221; parallax=&#8221;off&#8221; parallax_method=&#8221;off&#8221; content_orientation=&#8221;center&#8221; image_orientation=&#8221;center&#8221; custom_button_one=&#8221;off&#8221; button_one_letter_spacing=&#8221;0&#8243; button_one_use_icon=&#8221;default&#8221; button_one_icon_placement=&#8221;right&#8221; button_one_on_hover=&#8221;on&#8221; button_one_letter_spacing_hover=&#8221;0&#8243; custom_button_two=&#8221;off&#8221; button_two_letter_spacing=&#8221;0&#8243; button_two_use_icon=&#8221;default&#8221; button_two_icon_placement=&#8221;right&#8221; button_two_on_hover=&#8221;on&#8221; button_two_letter_spacing_hover=&#8221;0&#8243;] [\/et_pb_fullwidth_header][\/et_pb_section][et_pb_section admin_label=&#8221;section&#8221; transparent_background=&#8221;off&#8221; background_color=&#8221;#f7f7f7&#8243; allow_player_pause=&#8221;off&#8221; inner_shadow=&#8221;off&#8221; parallax=&#8221;off&#8221; parallax_method=&#8221;off&#8221; padding_mobile=&#8221;off&#8221; make_fullwidth=&#8221;off&#8221; use_custom_width=&#8221;off&#8221; width_unit=&#8221;on&#8221; make_equal=&#8221;off&#8221; use_custom_gutter=&#8221;off&#8221;][et_pb_row admin_label=&#8221;Row&#8221; make_fullwidth=&#8221;on&#8221; use_custom_width=&#8221;off&#8221; width_unit=&#8221;on&#8221; use_custom_gutter=&#8221;off&#8221; padding_mobile=&#8221;off&#8221; background_color=&#8221;#f7f7f7&#8243; allow_player_pause=&#8221;off&#8221; parallax=&#8221;off&#8221; parallax_method=&#8221;off&#8221; make_equal=&#8221;off&#8221; parallax_1=&#8221;off&#8221; parallax_method_1=&#8221;off&#8221; parallax_2=&#8221;off&#8221; parallax_method_2=&#8221;off&#8221; column_padding_mobile=&#8221;on&#8221;][et_pb_column type=&#8221;4_4&#8243;][et_pb_text admin_label=&#8221;Text&#8221; background_layout=&#8221;light&#8221; text_orientation=&#8221;left&#8221; use_border_color=&#8221;off&#8221; border_color=&#8221;#ffffff&#8221; border_style=&#8221;solid&#8221;]<\/p>\n<h2><strong>Mla. Susana Dom\u00ednguez Pena<\/strong><\/h2>\n<h4 style=\"text-align: justify;\"><strong>Mla. Susana Dom\u00ednguez Pena\u00a0<\/strong>is Senior Lecturer in the Department of English and German Studies at the University of Santiago de Compostela (USC). She has published articles and book-length works on Irish and cultural studies, such as \u201cAn Irish Journey\u201d published by Trauben in Italy (2001); \u201cThe Evil Eye Belief\u201d published by Peter Lang in Germany (2008); or \u201cTradition versus Innovation: The Art of Reconciling a Dichotomy\u201d in the volume <span style=\"color: #000080;\"><a style=\"color: #000080;\" href=\"https:\/\/books.google.es\/books?id=R2ui9akDA3gC&amp;pg=PT225&amp;lpg=PT225&amp;dq=To+Banish+Ghost+and+Goblin%E2%80%9D:+New+Essays+on+Irish+Culture,&amp;source=bl&amp;ots=nf5mWaD8jI&amp;sig=6MznYm6rYwd5PxDgCFebE7pxIcA&amp;hl=es&amp;sa=X&amp;ved=0ahUKEwiY787z07jLAhVK_HIKHfdmBVwQ6AEIJzAB#v=onepag\" target=\"_blank\">\u201c<em>To Banish Ghost and Goblin\u201d: New Essays on Irish Culture<\/em><\/a><\/span>, published by Netbiblo in Spain &amp; Florida (2010). She has also co-edited with Anne MacCarthy and Margarita Est\u00e9vez-Sa\u00e1 the publications <span style=\"color: #000080;\"><a style=\"color: #000080;\" href=\"https:\/\/books.google.es\/books?id=miLJERxMLn4C&amp;pg=PR1&amp;lpg=PR1&amp;dq=The+Scallop+of+Saint+James,+an+Old+Pilgrim%C2%B4s+Hoard:+Reading+Joyce+from+the+Peripheries&amp;source=bl&amp;ots=hzloPPsT8v&amp;sig=HDuUttkcg75XQtqrVheXopkKrUg&amp;hl=es&amp;sa=X&amp;ved=0ahUKEwjgqaKI1LjLAhWlKnIKHay\" target=\"_blank\"><em>The Scallop of Saint James, an Old Pilgrim\u00b4s Hoard: Reading Joyce from the Peripheries<\/em><\/a><\/span> (2006) and <span style=\"color: #000080;\"><a style=\"color: #000080;\" href=\"https:\/\/books.google.es\/books?id=o6ZWfgII_PsC&amp;pg=PA154&amp;lpg=PA154&amp;dq=Ireland+in+the+Coming+Time:+New+Insights+on+Irish+Literature&amp;source=bl&amp;ots=lNgj3jf3nZ&amp;sig=4yAkwjuqp40ojoKljM2mbqXkmsw&amp;hl=es&amp;sa=X&amp;ved=0ahUKEwj8vZ6U1LjLAhUj8XIKHd7rCCgQ6AEILzAC#v=onepage&amp;q=I\" target=\"_blank\"><em>Ireland in the Coming Time: New Insights on Irish Literature<\/em><\/a><\/span> (2006). Both volumes were published under the Irish Studies Series of the <span style=\"color: #000080;\"><a style=\"color: #000080;\" href=\"http:\/\/193.147.33.53\/amergines\/\" target=\"_blank\"><em>Amergin <\/em>University Institute of Research in Irish Studies<\/a><\/span> (UDC) and Netbiblo. Dom\u00ednguez Pena is a member of the aforementioned Institute as well as of the <span style=\"color: #000080;\"><a style=\"color: #000080;\" href=\"http:\/\/www.selicup.es\/\" target=\"_blank\">Spanish Society for the Literary Study of Cultural Studies<\/a><\/span> (SELICUP).<\/h4>\n<p>&nbsp;<\/p>\n<h4><strong>Email<\/strong>: <span style=\"color: #000080;\"><a style=\"color: #000080;\" href=\"mailto:susana.dominguez@usc.es\">susana.dominguez@usc.es<\/a><\/span><\/h4>\n<p>[\/et_pb_text][\/et_pb_column][\/et_pb_row][\/et_pb_section][et_pb_section admin_label=&#8221;section&#8221; transparent_background=&#8221;on&#8221; background_color=&#8221;#f7f7f7&#8243; allow_player_pause=&#8221;off&#8221; inner_shadow=&#8221;off&#8221; parallax=&#8221;off&#8221; parallax_method=&#8221;off&#8221; padding_mobile=&#8221;off&#8221; make_fullwidth=&#8221;off&#8221; use_custom_width=&#8221;off&#8221; width_unit=&#8221;on&#8221; make_equal=&#8221;off&#8221; use_custom_gutter=&#8221;off&#8221;][et_pb_row admin_label=&#8221;Row&#8221; make_fullwidth=&#8221;on&#8221; use_custom_width=&#8221;off&#8221; width_unit=&#8221;on&#8221; use_custom_gutter=&#8221;off&#8221; padding_mobile=&#8221;off&#8221; background_color=&#8221;#ffffff&#8221; allow_player_pause=&#8221;off&#8221; parallax=&#8221;off&#8221; parallax_method=&#8221;off&#8221; make_equal=&#8221;off&#8221; parallax_1=&#8221;off&#8221; parallax_method_1=&#8221;off&#8221; column_padding_mobile=&#8221;on&#8221;][et_pb_column type=&#8221;4_4&#8243;][et_pb_text admin_label=&#8221;Text&#8221; background_layout=&#8221;light&#8221; text_orientation=&#8221;left&#8221; use_border_color=&#8221;off&#8221; border_color=&#8221;#ffffff&#8221; border_style=&#8221;solid&#8221; background_color=&#8221;#ffffff&#8221;]<\/p>\n<h3><strong>Recent Publications:<\/strong><\/h3>\n<p>&nbsp;<\/p>\n<ul>\n<li>\n<h4 style=\"text-align: justify;\">\u201c<strong>Tradition versus Innovation: The Art of Reconciling a Dichotom<\/strong>y.\u201d <span style=\"color: #000080;\"><a style=\"color: #000080;\" href=\"https:\/\/books.google.es\/books?id=R2ui9akDA3gC&amp;printsec=frontcover&amp;hl=es#v=onepage&amp;q&amp;f=false\" target=\"_blank\">\u2018<em>To Banish Ghost and Goblin\u2019: New Essays on Irish Culture<\/em><\/a><\/span>. Ed. Rub\u00e9n Jarazo \u00c1lvarez. Oleiros\/Florida: Netbiblo, 2010. 33-38.<\/h4>\n<\/li>\n<\/ul>\n<ul style=\"text-align: justify;\">\n<li>\n<h4><span style=\"color: #000080;\"><a style=\"color: #000080;\" href=\"https:\/\/books.google.es\/books?id=miLJERxMLn4C&amp;pg=PR1&amp;lpg=PR1&amp;dq=%E2%80%A2%09The+Scallop+of+Saint+James,+an+Old+Pilgrim%C2%B4s+Hoard:+Reading+Joyce+from+the+Peripheries&amp;source=bl&amp;ots=hzloJPyTet&amp;sig=ptjbzcnz6jbOv8lzxUgQCCq9e-M&amp;hl=es&amp;sa=X&amp;ved=0ahUKEwikpNi6r6fLAhVMvxQKHeTfAgoQ6AEILjAC#v=onepage&amp;q=%E2%80%A2%09The%20Scallop%20of%20Saint%20James%2C%20an%20Old%20Pilgrim%C2%B4s%20Hoard%3A%20Reading%20Joyce%20from%20the%20Peripheries&amp;f=false\" target=\"_blank\"><em><strong>The Scallop of Saint James, an Old Pilgrim\u00b4s Hoard: Reading Joyce from the Peripheri<\/strong>e<strong>s<\/strong><\/em><\/a><\/span> (co-edited with Margarita Est\u00e9vez-Sa\u00e1 and\u00a0Anne MacCarthy). Oleiros\/Florida: Netbiblo, 2006.<\/h4>\n<\/li>\n<\/ul>\n<ul style=\"text-align: justify;\">\n<li>\n<h4><span style=\"color: #000080;\"><a style=\"color: #000080;\" href=\"https:\/\/books.google.es\/books?id=o6ZWfgII_PsC&amp;pg=PA154&amp;lpg=PA154&amp;dq=%E2%80%A2%09Ireland+in+the+Coming+Time:+New+Insights+on+Irish+Literature&amp;source=bl&amp;ots=lNgjZjl4k2&amp;sig=2hckJtfZegVCfV483Pm0L1ozfwA&amp;hl=es&amp;sa=X&amp;ved=0ahUKEwiVq9_Or6fLAhVIPhQKHfYCC88Q6AEINjAD#v=onepage&amp;q=%E2%80%A2%09Ireland%20in%20the%20Coming%20Time%3A%20New%20Insights%20on%20Irish%20Literature&amp;f=false\" target=\"_blank\"><em><strong>Ireland in the Coming Time: New Insights on Irish Literatur<\/strong>e<\/em><\/a><\/span> (co-edited with\u00a0Margarita Est\u00e9vez-Sa\u00e1 and\u00a0Anne MacCarthy). Oleiros\/Florida: Netbiblo, 2006.<\/h4>\n<\/li>\n<\/ul>\n<ul style=\"text-align: justify;\">\n<li>\n<h4>\u201c<strong>Patr\u00f3n de comportamiento de la figura del sacerdote en la narrativa breve de S. O\u2019Faolain<\/strong>.\u201d <a href=\"https:\/\/books.google.es\/books?id=6bsWzMkswLgC&amp;pg=PA10&amp;lpg=PA10&amp;dq=Estudios+Joyceanos+en+Gran+Canaria:+Joyce+%E2%80%98in+his+Palms&amp;source=bl&amp;ots=pVA9K2B0yU&amp;sig=hHs79u2MkpPjixEHruOWLpdT7bw&amp;hl=es&amp;sa=X&amp;ved=0ahUKEwiihYyzsKzNAhVJvRoKHbaEDH8Q6AEIHjAA#v=onepage&amp;q=Estudios%20Joyceanos%20en%20Gran%20Canaria%3A%20Joyce%20%E2%80%98in%20his%20Palms&amp;f=false\" target=\"_blank\"><span style=\"color: #000080;\"><em>Estudios Joyceanos en Gran Canaria: Joyce \u2018in his Palms\u2019<\/em><\/span>.<\/a> Eds. Santiago J. Henr\u00edquez and\u00a0Carmen Mart\u00edn Santana. Madrid: Huerga &amp; Fierro Editores, 2007. 67-64.<\/h4>\n<\/li>\n<\/ul>\n<ul>\n<li>\n<h4 style=\"text-align: justify;\">\u201c<strong>Literatura, cultura e identidad en <em>Translations<\/em> de Brian Frie<\/strong>l.\u201d <a href=\"https:\/\/books.google.es\/books?id=XASU3hZub_MC&amp;pg=PT65&amp;dq=Susana+Dom%C3%ADnguez+Pena&amp;hl=es&amp;sa=X&amp;ved=0ahUKEwjwmNiQsKfLAhXCvBQKHbNXAVwQ6AEILTAD#v=onepage&amp;q=Susana%20Dom%C3%ADnguez%20Pena&amp;f=false\" target=\"_blank\"><em>C<span style=\"color: #000080;\">ultura y literatura popular: Manifestaciones y aproximaciones en (con)textos irlandeses, angloamericanos y otros<\/span><\/em>.<\/a> Jos\u00e9 Manuel Est\u00e9vez-Sa\u00e1 and\u00a0Mercedes Arriaga Fl\u00f3rez. Aribel, SELICUP and\u00a0Grupo de Investigaci\u00f3n <em>Escritoras y Escrituras<\/em>, 2005. 62-69.<\/h4>\n<\/li>\n<\/ul>\n<p>&nbsp;<\/p>\n<p style=\"text-align: justify;\"><span style=\"color: #333333;\"><span style=\"font-size: 18px; line-height: 18px;\">\u00a0<\/span><\/span><\/p>\n<p>[\/et_pb_text][\/et_pb_column][\/et_pb_row][\/et_pb_section]<\/p>\n","protected":false},"excerpt":{"rendered":"<p>Mla. Susana Dom\u00ednguez Pena Mla. Susana Dom\u00ednguez Pena\u00a0is Senior Lecturer in the Department of English and German Studies at the University of Santiago de Compostela (USC). She has published articles and book-length works on Irish and cultural studies, such as \u201cAn Irish Journey\u201d published by Trauben in Italy (2001); \u201cThe Evil Eye Belief\u201d published by [&hellip;]<\/p>\n","protected":false},"author":1,"featured_media":0,"parent":0,"menu_order":0,"comment_status":"closed","ping_status":"closed","template":"","meta":{"_et_pb_use_builder":"on","_et_pb_old_content":"","_et_gb_content_width":"","footnotes":""},"class_list":["post-685","page","type-page","status-publish","hentry"],"_links":{"self":[{"href":"https:\/\/discursoeidentidade.com\/index.php?rest_route=\/wp\/v2\/pages\/685","targetHints":{"allow":["GET"]}}],"collection":[{"href":"https:\/\/discursoeidentidade.com\/index.php?rest_route=\/wp\/v2\/pages"}],"about":[{"href":"https:\/\/discursoeidentidade.com\/index.php?rest_route=\/wp\/v2\/types\/page"}],"author":[{"embeddable":true,"href":"https:\/\/discursoeidentidade.com\/index.php?rest_route=\/wp\/v2\/users\/1"}],"replies":[{"embeddable":true,"href":"https:\/\/discursoeidentidade.com\/index.php?rest_route=%2Fwp%2Fv2%2Fcomments&post=685"}],"version-history":[{"count":0,"href":"https:\/\/discursoeidentidade.com\/index.php?rest_route=\/wp\/v2\/pages\/685\/revisions"}],"wp:attachment":[{"href":"https:\/\/discursoeidentidade.com\/index.php?rest_route=%2Fwp%2Fv2%2Fmedia&parent=685"}],"curies":[{"name":"wp","href":"https:\/\/api.w.org\/{rel}","templated":true}]}}