{"id":6776,"date":"2021-09-07T13:26:29","date_gmt":"2021-09-07T11:26:29","guid":{"rendered":"http:\/\/discursoeidentidade.com\/?page_id=6776"},"modified":"2021-09-07T13:27:10","modified_gmt":"2021-09-07T11:27:10","slug":"maria-alonso-alonso","status":"publish","type":"page","link":"https:\/\/discursoeidentidade.com\/?page_id=6776&lang=es","title":{"rendered":"Mar\u00eda Alonso Alonso"},"content":{"rendered":"<p>[et_pb_section fb_built=&#8221;1&#8243; inner_shadow=&#8221;on&#8221; fullwidth=&#8221;on&#8221; custom_padding_last_edited=&#8221;on|desktop&#8221; admin_label=&#8221;section&#8221; _builder_version=&#8221;4.6.1&#8243; background_color=&#8221;#153b60&#8243; custom_padding_tablet=&#8221;50px|0|50px|0&#8243; custom_padding_phone=&#8221;&#8221; transparent_background=&#8221;off&#8221; padding_mobile=&#8221;off&#8221; make_fullwidth=&#8221;off&#8221; use_custom_width=&#8221;off&#8221; width_unit=&#8221;on&#8221; custom_width_px=&#8221;1080px&#8221; custom_width_percent=&#8221;80%&#8221;][et_pb_fullwidth_header content_max_width=&#8221;none&#8221; admin_label=&#8221;T\u00cdTULO SECCI\u00d3N&#8221; _builder_version=&#8221;4.6.1&#8243; title_font=&#8221;Montserrat||||||||&#8221; background_color=&#8221;rgba(255, 255, 255, 0)&#8221; custom_padding=&#8221;||0px|||&#8221; button_one_letter_spacing_hover=&#8221;0&#8243; button_two_letter_spacing_hover=&#8221;0&#8243; button_one_text_size__hover_enabled=&#8221;off&#8221; button_two_text_size__hover_enabled=&#8221;off&#8221; button_one_text_color__hover_enabled=&#8221;off&#8221; button_two_text_color__hover_enabled=&#8221;off&#8221; button_one_border_width__hover_enabled=&#8221;off&#8221; button_two_border_width__hover_enabled=&#8221;off&#8221; button_one_border_color__hover_enabled=&#8221;off&#8221; button_two_border_color__hover_enabled=&#8221;off&#8221; button_one_border_radius__hover_enabled=&#8221;off&#8221; button_two_border_radius__hover_enabled=&#8221;off&#8221; button_one_letter_spacing__hover_enabled=&#8221;on&#8221; button_one_letter_spacing__hover=&#8221;0&#8243; button_two_letter_spacing__hover_enabled=&#8221;on&#8221; button_two_letter_spacing__hover=&#8221;0&#8243; button_one_bg_color__hover_enabled=&#8221;off&#8221; button_two_bg_color__hover_enabled=&#8221;off&#8221;]<\/p>\n<h1>Mar\u00eda Alonso Alonso<\/h1>\n<p>[\/et_pb_fullwidth_header][\/et_pb_section][et_pb_section fb_built=&#8221;1&#8243; custom_padding_last_edited=&#8221;on|desktop&#8221; admin_label=&#8221;section&#8221; _builder_version=&#8221;4.7.3&#8243; background_color=&#8221;rgba(0,0,0,0)&#8221; custom_padding_tablet=&#8221;50px|0|50px|0&#8243; custom_padding_phone=&#8221;&#8221; transparent_background=&#8221;off&#8221; padding_mobile=&#8221;off&#8221; make_fullwidth=&#8221;off&#8221; use_custom_width=&#8221;off&#8221; width_unit=&#8221;on&#8221; custom_width_px=&#8221;1080px&#8221; custom_width_percent=&#8221;80%&#8221;][et_pb_row column_structure=&#8221;2_5,3_5&#8243; _builder_version=&#8221;4.6.1&#8243; _module_preset=&#8221;default&#8221; background_color=&#8221;#d6d6d6&#8243; width=&#8221;79.9%&#8221; custom_padding=&#8221;||27px|28px||&#8221;][et_pb_column type=&#8221;2_5&#8243; _builder_version=&#8221;4.6.1&#8243; _module_preset=&#8221;default&#8221;][et_pb_image src=&#8221;http:\/\/discursoeidentidade.com\/wp-content\/uploads\/2021\/09\/mari\u0301a-alonso-alonso-copia.jpg&#8221; title_text=&#8221;mari\u0301a alonso alonso copia&#8221; _builder_version=&#8221;4.9.0&#8243; _module_preset=&#8221;default&#8221; min_height=&#8221;299px&#8221; custom_margin=&#8221;26px|||||&#8221; custom_padding=&#8221;|||34px||&#8221;][\/et_pb_image][et_pb_text _builder_version=&#8221;4.7.3&#8243; _module_preset=&#8221;default&#8221;]<\/p>\n<p style=\"text-align: center;\"><strong>ORCID: 0000-0001-9284-4224<\/strong><\/p>\n<p>[\/et_pb_text][\/et_pb_column][et_pb_column type=&#8221;3_5&#8243; _builder_version=&#8221;4.6.1&#8243; _module_preset=&#8221;default&#8221;][et_pb_text _builder_version=&#8221;4.6.1&#8243; _module_preset=&#8221;default&#8221; text_font=&#8221;Montserrat||||||||&#8221; min_height=&#8221;117px&#8221; custom_margin=&#8221;-5px|||||&#8221; custom_padding=&#8221;|95px||||&#8221; inline_fonts=&#8221;Montserrat&#8221;]<\/p>\n<p><strong>Mar\u00eda Alonso Alonso<\/strong><span><\/span>\u00a0se doctor\u00f3 en 2014 por la Universidad de Vigo despu\u00e9s de licenciarse en Filolog\u00eda Inglesa e Hisp\u00e1nica. En estos momentos es Profesora Ayudante Doctora en el Departamento de Filolox\u00eda Inglesa e Alem\u00e1 de la Universidade de Santiago de Compostela, despu\u00e9s de trabajar como docente e investigadora en las universidades de Vigo, Edimburgo, St Andrews y en el Centro Ram\u00f3n Pi\u00f1eiro para a Investigaci\u00f3n. Tambi\u00e9n realiz\u00f3 estancias de investigaci\u00f3n en las universidades de Leeds, Durham, Las Palmas de Gran Canaria y en el IASH-Edinburgh. Sus intereses investigadores est\u00e1n relacionados con la conexi\u00f3n entre literatura y migraci\u00f3n, x\u00e9nero y ecolog\u00eda. Es autora de m\u00e1s de cincuenta publicaciones, entre las que se encuentran tres monogr\u00e1ficos, cuatro n\u00fameros especiales, la edici\u00f3n de dos vol\u00famenes colectivos y art\u00edculos publicados en revistas de reconocido prestigio como The Journal of Commonwealth Literature, Ib\u00e9rica, Odisea, Journal of Romance Languages, The Journal of Postcolonial Writing ou Forum for Modern Language Studies, entre otras. Adem\u00e1s de su investigaci\u00f3n, tambi\u00e9n es escritora de ficci\u00f3n y poes\u00eda en lengua gallega. Su primera novela, <em>Despois do cataclismo<\/em> (Urco), fue publicada en el 2015; su segunda novela, <em>Red Lion<\/em>, se public\u00f3 en el 2019 por la editorial Galaxia; y su tercera novela, <em>Al\u00e9n<\/em> (Bolanda), se public\u00f3 en el 2021. Tambi\u00e9n tiene publicaciones en revistas literarias y en antolog\u00edas de relatos en gallego e ingl\u00e9s. Colabora como columnista en la revista <em>Tempos Novos<\/em> y forma parte del Consello da Cultura Galega como t\u00e9cnico del Arquivo da Emigraci\u00f3n.<\/p>\n<p><strong><span>@:\u00a0<\/span><\/strong><span><a href=\"mailto:maria.alonso.alonso@usc.es\"><strong>maria.alonso.alonso@usc.es<\/strong><\/a><\/span><\/p>\n<p>[\/et_pb_text][\/et_pb_column][\/et_pb_row][et_pb_row _builder_version=&#8221;4.6.1&#8243; _module_preset=&#8221;default&#8221; custom_padding=&#8221;|||0px||&#8221;][et_pb_column type=&#8221;4_4&#8243; _builder_version=&#8221;4.6.1&#8243; _module_preset=&#8221;default&#8221;][et_pb_text _builder_version=&#8221;4.6.1&#8243; _module_preset=&#8221;default&#8221; text_font=&#8221;Montserrat||||||||&#8221; text_font_size=&#8221;11px&#8221; custom_padding=&#8221;0px||7px|||&#8221; inline_fonts=&#8221;Montserrat&#8221;]<\/p>\n<p><span><strong>PUBLICACIONES REPRESENTATIVAS:\u00a0<\/strong><\/span><\/p>\n<p><strong>\u201cCaribbean Diasporic Marvellous Realism\u201d.<\/strong><span>\u00a0<\/span><em>The<\/em><span>\u00a0<\/span><em>Oxford Handbook of Global Realisms<\/em>. Eds. Katherine Bowers and Margarita Vaysman, Oxford and New York: Oxford University Press. In press. 2023.<\/p>\n<p>With Gabriela Rivera Rodr\u00edguez. 2021.<span>\u00a0<\/span><strong>\u201cThe Animal Eye and Refugee Vulnerability in Wajdi Mouawad\u2019s<span>\u00a0<\/span><em>Anima<\/em>\u201d<\/strong>.<span>\u00a0<\/span><em>Zoographies. Animal Writings and Figurations. Other Modernities. Journal on Literary and Cultural Studies<\/em><span>\u00a0<\/span>26 (1) Eds Renato Boccali and Marianna Scaramucci: in press (ISSN: 2035-7680, SJR 3, MIAR 9.5 \u2013 A).<\/p>\n<p>With B\u00e1rbara Fern\u00e1ndez Melleda, eds. 2021.<span>\u00a0<\/span><strong><em>Contemporary Fictions of Migration and Exile: Writing Diaspora in the 21<sup>st<\/sup><span>\u00a0<\/span>Century<\/em>.<span>\u00a0<\/span><em>Literature Compass<\/em><\/strong>, accepted (ISSN:<span>\u00a0<\/span><span>1741-4113).<\/span><\/p>\n<p>With Gabriela Rivera Rodr\u00edguez, eds. 2021.<span>\u00a0<\/span><strong><em>La violencia en el continente americano desde el R\u00edo Bravo a las Malvinas.<span>\u00a0<\/span><\/em><em>\u00bfUna semilla latente?<\/em><\/strong><span>\u00a0<\/span>Madrid and Frankfurt: Iberoamericana Vervuert (ISBN: 978-84-9192-254-4).<\/p>\n<p>With Gustavo San Rom\u00e1n and Catherine Barbour, eds. 2020.<span>\u00a0<\/span><em>G<strong>alician Mobilities: Revisiting Migration and Morri\u00f1a<\/strong><\/em>. Special Issue for the<span>\u00a0<\/span><em>Journal of Romance Studies<span>\u00a0<\/span><\/em>20 (3) (ISSN:<span>\u00a0<\/span><span>1473-3536<\/span>).\u00a0<\/p>\n<p>With Fiona Mackintosh, eds. 2020.<span>\u00a0<\/span><strong><em>Shades of Noir in World Literatures<\/em>.<\/strong><span>\u00a0<\/span>Special Issue for the<span>\u00a0<\/span><em>Forum for Modern Language Studies<\/em><span>\u00a0<\/span>56 (3) (ISSN: 0015-8518).<\/p>\n<p>With Mar\u00eda Jes\u00fas Cabarcos Traseira, eds. 2019.<span>\u00a0<\/span><strong><em>Eco-fictions: Emergent Discourses on Nature and the Environment in Postcolonial Literatures<\/em><\/strong>. Special Issue for the<em><span>\u00a0<\/span>Journal of Postcolonial Writing<\/em>: 55 (2) (ISSN: 1744-9855).<\/p>\n<p><strong>\u00a0<\/strong>\u00a0<strong>\u201cThe Rhetoric of Movement: Exploring the art of mapping in Kei Miller\u2019s<span>\u00a0<\/span><em>The Cartographer Tries to Map a Way to Zion<\/em>\u201d<\/strong>.<span>\u00a0<\/span><em>Special issue in Oce\u00e1nide, revista de la Sociedad Espa\u00f1ola de Estudios Literarios de la Cultura Popular<\/em>, 11. Eds. Jos\u00e9 Manuel Est\u00e9vez-Sa\u00e1 and Noem\u00ed Pereira Ares: article 10 (ISSN: 1989-6328, SJR 2, MIAR 9.5 \u2013 A). 2019.<\/p>\n<p>[\/et_pb_text][\/et_pb_column][\/et_pb_row][\/et_pb_section]<\/p>\n","protected":false},"excerpt":{"rendered":"<p>Mar\u00eda Alonso AlonsoORCID: 0000-0001-9284-4224Mar\u00eda Alonso Alonso\u00a0se doctor\u00f3 en 2014 por la Universidad de Vigo despu\u00e9s de licenciarse en Filolog\u00eda Inglesa e Hisp\u00e1nica. En estos momentos es Profesora Ayudante Doctora en el Departamento de Filolox\u00eda Inglesa e Alem\u00e1 de la Universidade de Santiago de Compostela, despu\u00e9s de trabajar como docente e investigadora en las universidades de [&hellip;]<\/p>\n","protected":false},"author":1,"featured_media":0,"parent":0,"menu_order":0,"comment_status":"closed","ping_status":"closed","template":"","meta":{"_et_pb_use_builder":"on","_et_pb_old_content":"","_et_gb_content_width":"","footnotes":""},"class_list":["post-6776","page","type-page","status-publish","hentry"],"_links":{"self":[{"href":"https:\/\/discursoeidentidade.com\/index.php?rest_route=\/wp\/v2\/pages\/6776","targetHints":{"allow":["GET"]}}],"collection":[{"href":"https:\/\/discursoeidentidade.com\/index.php?rest_route=\/wp\/v2\/pages"}],"about":[{"href":"https:\/\/discursoeidentidade.com\/index.php?rest_route=\/wp\/v2\/types\/page"}],"author":[{"embeddable":true,"href":"https:\/\/discursoeidentidade.com\/index.php?rest_route=\/wp\/v2\/users\/1"}],"replies":[{"embeddable":true,"href":"https:\/\/discursoeidentidade.com\/index.php?rest_route=%2Fwp%2Fv2%2Fcomments&post=6776"}],"version-history":[{"count":0,"href":"https:\/\/discursoeidentidade.com\/index.php?rest_route=\/wp\/v2\/pages\/6776\/revisions"}],"wp:attachment":[{"href":"https:\/\/discursoeidentidade.com\/index.php?rest_route=%2Fwp%2Fv2%2Fmedia&parent=6776"}],"curies":[{"name":"wp","href":"https:\/\/api.w.org\/{rel}","templated":true}]}}