{"id":6759,"date":"2021-09-07T13:04:47","date_gmt":"2021-09-07T11:04:47","guid":{"rendered":"http:\/\/discursoeidentidade.com\/?page_id=6759"},"modified":"2022-03-19T12:31:48","modified_gmt":"2022-03-19T11:31:48","slug":"maria-alonso-alonso","status":"publish","type":"page","link":"https:\/\/discursoeidentidade.com\/?page_id=6759","title":{"rendered":"Mar\u00eda Alonso Alonso"},"content":{"rendered":"<p>[et_pb_section fb_built=&#8221;1&#8243; inner_shadow=&#8221;on&#8221; fullwidth=&#8221;on&#8221; custom_padding_last_edited=&#8221;on|desktop&#8221; admin_label=&#8221;section&#8221; _builder_version=&#8221;4.6.1&#8243; background_color=&#8221;#153b60&#8243; custom_padding_tablet=&#8221;50px|0|50px|0&#8243; custom_padding_phone=&#8221;&#8221; transparent_background=&#8221;off&#8221; padding_mobile=&#8221;off&#8221; make_fullwidth=&#8221;off&#8221; use_custom_width=&#8221;off&#8221; width_unit=&#8221;on&#8221; custom_width_px=&#8221;1080px&#8221; custom_width_percent=&#8221;80%&#8221;][et_pb_fullwidth_header content_max_width=&#8221;none&#8221; admin_label=&#8221;T\u00cdTULO SECCI\u00d3N&#8221; _builder_version=&#8221;4.6.1&#8243; title_font=&#8221;Montserrat||||||||&#8221; background_color=&#8221;rgba(255, 255, 255, 0)&#8221; custom_padding=&#8221;||0px|||&#8221; button_one_letter_spacing_hover=&#8221;0&#8243; button_two_letter_spacing_hover=&#8221;0&#8243; button_one_text_size__hover_enabled=&#8221;off&#8221; button_two_text_size__hover_enabled=&#8221;off&#8221; button_one_text_color__hover_enabled=&#8221;off&#8221; button_two_text_color__hover_enabled=&#8221;off&#8221; button_one_border_width__hover_enabled=&#8221;off&#8221; button_two_border_width__hover_enabled=&#8221;off&#8221; button_one_border_color__hover_enabled=&#8221;off&#8221; button_two_border_color__hover_enabled=&#8221;off&#8221; button_one_border_radius__hover_enabled=&#8221;off&#8221; button_two_border_radius__hover_enabled=&#8221;off&#8221; button_one_letter_spacing__hover_enabled=&#8221;on&#8221; button_one_letter_spacing__hover=&#8221;0&#8243; button_two_letter_spacing__hover_enabled=&#8221;on&#8221; button_two_letter_spacing__hover=&#8221;0&#8243; button_one_bg_color__hover_enabled=&#8221;off&#8221; button_two_bg_color__hover_enabled=&#8221;off&#8221;]<\/p>\n<h1>Mar\u00eda Alonso Alonso<\/h1>\n<p>[\/et_pb_fullwidth_header][\/et_pb_section][et_pb_section fb_built=&#8221;1&#8243; custom_padding_last_edited=&#8221;on|desktop&#8221; admin_label=&#8221;section&#8221; _builder_version=&#8221;4.7.3&#8243; background_color=&#8221;rgba(0,0,0,0)&#8221; custom_padding_tablet=&#8221;50px|0|50px|0&#8243; custom_padding_phone=&#8221;&#8221; transparent_background=&#8221;off&#8221; padding_mobile=&#8221;off&#8221; make_fullwidth=&#8221;off&#8221; use_custom_width=&#8221;off&#8221; width_unit=&#8221;on&#8221; custom_width_px=&#8221;1080px&#8221; custom_width_percent=&#8221;80%&#8221;][et_pb_row column_structure=&#8221;2_5,3_5&#8243; _builder_version=&#8221;4.6.1&#8243; _module_preset=&#8221;default&#8221; background_color=&#8221;#d6d6d6&#8243; width=&#8221;79.9%&#8221; custom_padding=&#8221;||27px|28px||&#8221;][et_pb_column type=&#8221;2_5&#8243; _builder_version=&#8221;4.6.1&#8243; _module_preset=&#8221;default&#8221;][et_pb_image src=&#8221;http:\/\/discursoeidentidade.com\/wp-content\/uploads\/2021\/09\/mari\u0301a-alonso-alonso-copia.jpg&#8221; title_text=&#8221;mari\u0301a alonso alonso copia&#8221; _builder_version=&#8221;4.9.0&#8243; _module_preset=&#8221;default&#8221; min_height=&#8221;299px&#8221; custom_margin=&#8221;26px|||||&#8221; custom_padding=&#8221;|||34px||&#8221; hover_enabled=&#8221;0&#8243; sticky_enabled=&#8221;0&#8243;][\/et_pb_image][et_pb_text _builder_version=&#8221;4.7.3&#8243; _module_preset=&#8221;default&#8221;]<\/p>\n<p style=\"text-align: center;\"><strong>ORCID: 0000-0001-9284-4224<\/strong><\/p>\n<p>[\/et_pb_text][\/et_pb_column][et_pb_column type=&#8221;3_5&#8243; _builder_version=&#8221;4.6.1&#8243; _module_preset=&#8221;default&#8221;][et_pb_text _builder_version=&#8221;4.6.1&#8243; _module_preset=&#8221;default&#8221; text_font=&#8221;Montserrat||||||||&#8221; min_height=&#8221;117px&#8221; custom_margin=&#8221;-5px|||||&#8221; custom_padding=&#8221;|95px||||&#8221; inline_fonts=&#8221;Montserrat&#8221;]<\/p>\n<p><strong>Mar\u00eda Alonso Alonso<\/strong> doutorouse en 2014 pola Universidade de Vigo despois de licenciarse en Filolox\u00eda Inglesa e Hisp\u00e1nica. Nestes momentos \u00e9 Profesora Axudante Doutora no Departamento de Filolox\u00eda Inglesa e Alem\u00e1 da Universidade de Santiago de Compostela, despois de traballar como docente e investigadora nas universidades de Vigo, Edimburgo, St Andrews e no Centro Ram\u00f3n Pi\u00f1eiro para a Investigaci\u00f3n. Tam\u00e9n realizou estad\u00edas de investigaci\u00f3n nas universidades de Leeds, Durham, Las Palmas de Gran Canaria e no IASH-Edimburgh. Os seus intereses investigadores est\u00e1n relacionados coa conexi\u00f3n entre literatura e migraci\u00f3n, x\u00e9nero e ecolox\u00eda. \u00c9 autora de m\u00e1is de cincuenta publicaci\u00f3ns, entre as que se atopan tres monogr\u00e1ficos, catro n\u00fameros especiais, a edici\u00f3n de dous volumes colectivos e artigos publicados en revistas de reco\u00f1ecido prestixio como The Journal of Commonwealth Literature, Ib\u00e9rica, Odisea, Journal of Romance Languages, The Journal of Postcolonial Writing ou Forum for Modern Language Studies, entre outras. Ademais da s\u00faa investigaci\u00f3n, tam\u00e9n \u00e9 escritora de ficci\u00f3n e poes\u00eda en lingua galega. A s\u00faa primeira novela, <em>Despois do cataclismo<\/em> (Urco), foi publicada no 2015; a s\u00faa segunda novela, <em>Red Lion<\/em>, publicouse no 2019 pola editorial Galaxia; e a s\u00faa terceira novela, <em>Al\u00e9n<\/em> (Bolanda), publicouse no 2021. Tam\u00e9n ten publicaci\u00f3ns en revistas literarias e en antolox\u00edas de relatos en galego e ingl\u00e9s. Colabora como columnista na revista <em>Tempos Novos<\/em> e forma parte do Consello da Cultura Galega como t\u00e9cnico do Arquivo da Emigraci\u00f3n.<\/p>\n<p><strong><span>@:\u00a0<\/span><\/strong><span><a href=\"mailto:maria.alonso.alonso@usc.es\"><strong>maria.alonso.alonso@usc.es<\/strong><\/a><\/span><\/p>\n<p>[\/et_pb_text][\/et_pb_column][\/et_pb_row][et_pb_row _builder_version=&#8221;4.6.1&#8243; _module_preset=&#8221;default&#8221; custom_padding=&#8221;|||0px||&#8221;][et_pb_column type=&#8221;4_4&#8243; _builder_version=&#8221;4.6.1&#8243; _module_preset=&#8221;default&#8221;][et_pb_text _builder_version=&#8221;4.6.1&#8243; _module_preset=&#8221;default&#8221; text_font=&#8221;Montserrat||||||||&#8221; text_font_size=&#8221;11px&#8221; custom_padding=&#8221;0px||7px|||&#8221; inline_fonts=&#8221;Montserrat&#8221;]<\/p>\n<p><span><strong>PUBLICACI\u00d3NS REPRESENTATIVAS:\u00a0<\/strong><\/span><\/p>\n<p><strong>\u201cCaribbean Diasporic Marvellous Realism\u201d.<\/strong> <em>The<\/em> <em>Oxford Handbook of Global Realisms<\/em>. Eds. Katherine Bowers and Margarita Vaysman, Oxford and New York: Oxford University Press. In press. 2023.<\/p>\n<p>With Gabriela Rivera Rodr\u00edguez. 2021. <strong>\u201cThe Animal Eye and Refugee Vulnerability in Wajdi Mouawad\u2019s <em>Anima<\/em>\u201d<\/strong>. <em>Zoographies. Animal Writings and Figurations. Other Modernities. Journal on Literary and Cultural Studies<\/em> 26 (1) Eds Renato Boccali and Marianna Scaramucci: in press (ISSN: 2035-7680, SJR 3, MIAR 9.5 \u2013 A).<\/p>\n<p>With B\u00e1rbara Fern\u00e1ndez Melleda, eds. 2021. <strong><em>Contemporary Fictions of Migration and Exile: Writing Diaspora in the 21<sup>st<\/sup> Century<\/em>. <em>Literature Compass<\/em><\/strong>, accepted (ISSN: <span>1741-4113).<\/span><\/p>\n<p>With Gabriela Rivera Rodr\u00edguez, eds. 2021. <strong><em>La violencia en el continente americano desde el R\u00edo Bravo a las Malvinas. <\/em><em>\u00bfUna semilla latente?<\/em><\/strong> Madrid and Frankfurt: Iberoamericana Vervuert (ISBN: 978-84-9192-254-4).<\/p>\n<p>With Gustavo San Rom\u00e1n and Catherine Barbour, eds. 2020. <em>G<strong>alician Mobilities: Revisiting Migration and Morri\u00f1a<\/strong><\/em>. Special Issue for the <em>Journal of Romance Studies <\/em>20 (3) (ISSN: <span>1473-3536<\/span>).\u00a0<\/p>\n<p>With Fiona Mackintosh, eds. 2020. <strong><em>Shades of Noir in World Literatures<\/em>.<\/strong> Special Issue for the <em>Forum for Modern Language Studies<\/em> 56 (3) (ISSN: 0015-8518).<\/p>\n<p>With Mar\u00eda Jes\u00fas Cabarcos Traseira, eds. 2019. <strong><em>Eco-fictions: Emergent Discourses on Nature and the Environment in Postcolonial Literatures<\/em><\/strong>. Special Issue for the<em> Journal of Postcolonial Writing<\/em>: 55 (2) (ISSN: 1744-9855).<\/p>\n<p><strong>\u00a0<\/strong>\u00a0<strong>\u201cThe Rhetoric of Movement: Exploring the art of mapping in Kei Miller\u2019s <em>The Cartographer Tries to Map a Way to Zion<\/em>\u201d<\/strong>. <em>Special issue in Oce\u00e1nide, revista de la Sociedad Espa\u00f1ola de Estudios Literarios de la Cultura Popular<\/em>, 11. Eds. Jos\u00e9 Manuel Est\u00e9vez-Sa\u00e1 and Noem\u00ed Pereira Ares: article 10 (ISSN: 1989-6328, SJR 2, MIAR 9.5 \u2013 A). 2019.<\/p>\n<p>[\/et_pb_text][\/et_pb_column][\/et_pb_row][\/et_pb_section]<\/p>\n","protected":false},"excerpt":{"rendered":"<p>Mar\u00eda Alonso AlonsoORCID: 0000-0001-9284-4224Mar\u00eda Alonso Alonso doutorouse en 2014 pola Universidade de Vigo despois de licenciarse en Filolox\u00eda Inglesa e Hisp\u00e1nica. Nestes momentos \u00e9 Profesora Axudante Doutora no Departamento de Filolox\u00eda Inglesa e Alem\u00e1 da Universidade de Santiago de Compostela, despois de traballar como docente e investigadora nas universidades de Vigo, Edimburgo, St Andrews e [&hellip;]<\/p>\n","protected":false},"author":1,"featured_media":0,"parent":0,"menu_order":0,"comment_status":"closed","ping_status":"closed","template":"","meta":{"_et_pb_use_builder":"on","_et_pb_old_content":"","_et_gb_content_width":"","footnotes":""},"class_list":["post-6759","page","type-page","status-publish","hentry"],"_links":{"self":[{"href":"https:\/\/discursoeidentidade.com\/index.php?rest_route=\/wp\/v2\/pages\/6759","targetHints":{"allow":["GET"]}}],"collection":[{"href":"https:\/\/discursoeidentidade.com\/index.php?rest_route=\/wp\/v2\/pages"}],"about":[{"href":"https:\/\/discursoeidentidade.com\/index.php?rest_route=\/wp\/v2\/types\/page"}],"author":[{"embeddable":true,"href":"https:\/\/discursoeidentidade.com\/index.php?rest_route=\/wp\/v2\/users\/1"}],"replies":[{"embeddable":true,"href":"https:\/\/discursoeidentidade.com\/index.php?rest_route=%2Fwp%2Fv2%2Fcomments&post=6759"}],"version-history":[{"count":0,"href":"https:\/\/discursoeidentidade.com\/index.php?rest_route=\/wp\/v2\/pages\/6759\/revisions"}],"wp:attachment":[{"href":"https:\/\/discursoeidentidade.com\/index.php?rest_route=%2Fwp%2Fv2%2Fmedia&parent=6759"}],"curies":[{"name":"wp","href":"https:\/\/api.w.org\/{rel}","templated":true}]}}