{"id":666,"date":"2016-06-07T13:13:32","date_gmt":"2016-06-07T11:13:32","guid":{"rendered":"http:\/\/discursoeidentidade.com\/?page_id=666"},"modified":"2021-07-07T12:37:53","modified_gmt":"2021-07-07T10:37:53","slug":"maria-de-los-angeles-gomez-gonzalez","status":"publish","type":"page","link":"https:\/\/discursoeidentidade.com\/?page_id=666","title":{"rendered":"MIEMBRO_Mar\u00eda de los \u00c1ngeles G\u00f3mez-Gonz\u00e1lez"},"content":{"rendered":"<p>[et_pb_section fb_built=&#8221;1&#8243; inner_shadow=&#8221;on&#8221; fullwidth=&#8221;on&#8221; custom_padding_last_edited=&#8221;on|desktop&#8221; admin_label=&#8221;section&#8221; _builder_version=&#8221;4.6.1&#8243; background_color=&#8221;#153b60&#8243; custom_padding_tablet=&#8221;50px|0|50px|0&#8243; custom_padding_phone=&#8221;&#8221; transparent_background=&#8221;off&#8221; padding_mobile=&#8221;off&#8221; make_fullwidth=&#8221;off&#8221; use_custom_width=&#8221;off&#8221; width_unit=&#8221;on&#8221; custom_width_px=&#8221;1080px&#8221; custom_width_percent=&#8221;80%&#8221;][et_pb_fullwidth_header content_max_width=&#8221;none&#8221; admin_label=&#8221;T\u00cdTULO SECCI\u00d3N&#8221; _builder_version=&#8221;4.6.1&#8243; title_font=&#8221;Montserrat||||||||&#8221; background_color=&#8221;rgba(255, 255, 255, 0)&#8221; custom_padding=&#8221;||0px|||&#8221; button_one_letter_spacing_hover=&#8221;0&#8243; button_two_letter_spacing_hover=&#8221;0&#8243; button_one_text_size__hover_enabled=&#8221;off&#8221; button_two_text_size__hover_enabled=&#8221;off&#8221; button_one_text_color__hover_enabled=&#8221;off&#8221; button_two_text_color__hover_enabled=&#8221;off&#8221; button_one_border_width__hover_enabled=&#8221;off&#8221; button_two_border_width__hover_enabled=&#8221;off&#8221; button_one_border_color__hover_enabled=&#8221;off&#8221; button_two_border_color__hover_enabled=&#8221;off&#8221; button_one_border_radius__hover_enabled=&#8221;off&#8221; button_two_border_radius__hover_enabled=&#8221;off&#8221; button_one_letter_spacing__hover_enabled=&#8221;on&#8221; button_one_letter_spacing__hover=&#8221;0&#8243; button_two_letter_spacing__hover_enabled=&#8221;on&#8221; button_two_letter_spacing__hover=&#8221;0&#8243; button_one_bg_color__hover_enabled=&#8221;off&#8221; button_two_bg_color__hover_enabled=&#8221;off&#8221;]<\/p>\n<h1>Mar\u00eda de los \u00c1ngeles G\u00f3mez Gonz\u00e1lez<\/h1>\n<p>[\/et_pb_fullwidth_header][\/et_pb_section][et_pb_section fb_built=&#8221;1&#8243; custom_padding_last_edited=&#8221;on|desktop&#8221; admin_label=&#8221;section&#8221; _builder_version=&#8221;4.6.1&#8243; background_color=&#8221;rgba(0,0,0,0)&#8221; custom_padding_tablet=&#8221;50px|0|50px|0&#8243; custom_padding_phone=&#8221;&#8221; transparent_background=&#8221;off&#8221; padding_mobile=&#8221;off&#8221; make_fullwidth=&#8221;off&#8221; use_custom_width=&#8221;off&#8221; width_unit=&#8221;on&#8221; custom_width_px=&#8221;1080px&#8221; custom_width_percent=&#8221;80%&#8221;][et_pb_row column_structure=&#8221;2_5,3_5&#8243; _builder_version=&#8221;4.6.1&#8243; _module_preset=&#8221;default&#8221; background_color=&#8221;#d6d6d6&#8243; width=&#8221;79.9%&#8221; custom_padding=&#8221;||27px|28px||&#8221;][et_pb_column type=&#8221;2_5&#8243; _builder_version=&#8221;4.6.1&#8243; _module_preset=&#8221;default&#8221;][et_pb_image src=&#8221;http:\/\/discursoeidentidade.com\/wp-content\/uploads\/2020\/11\/D3TnAj7WsAEgyeq-e1605869821138.jpg&#8221; title_text=&#8221;D3TnAj7WsAEgyeq&#8221; _builder_version=&#8221;4.7.3&#8243; _module_preset=&#8221;default&#8221; width=&#8221;93.1%&#8221; custom_margin=&#8221;9px||-4px|||&#8221; custom_padding=&#8221;|1px|75px|0px||&#8221;][\/et_pb_image][et_pb_text _builder_version=&#8221;4.7.3&#8243; _module_preset=&#8221;default&#8221; custom_margin=&#8221;-54px|||||&#8221; custom_padding=&#8221;|23px||||&#8221;]<\/p>\n<p style=\"text-align: center;\"><strong><a href=\"https:\/\/orcid.org\/0000-0003-0575-8550 \">ORCID:\u00a0\u00a0<span lang=\"en-US\">0000-0003-0575-8550<\/span><\/a><\/strong><\/p>\n<p style=\"text-align: center;\"><strong><a href=\"https:\/\/scholar.google.es\/citations?hl=es&amp;user=W9_1g6oAAAAJ\">Google Scholar<\/a><\/strong><\/p>\n<p style=\"text-align: center;\"><strong><a href=\"https:\/\/www.scopus.com\/authid\/detail.uri?authorId=14422140900\" target=\"_blank\" rel=\"noopener noreferrer\" data-auth=\"NotApplicable\" id=\"LPlnk651485\">Scopus Author ID: 14422140900<\/a><\/strong><\/p>\n<p>[\/et_pb_text][\/et_pb_column][et_pb_column type=&#8221;3_5&#8243; _builder_version=&#8221;4.6.1&#8243; _module_preset=&#8221;default&#8221;][et_pb_text _builder_version=&#8221;4.7.3&#8243; _module_preset=&#8221;default&#8221; text_font=&#8221;Montserrat||||||||&#8221; min_height=&#8221;117px&#8221; custom_margin=&#8221;-3px|||||&#8221; custom_padding=&#8221;|30px|3px|||&#8221; inline_fonts=&#8221;Montserrat&#8221;]<\/p>\n<p><span style=\"font-size: x-small; color: #1c1c1c;\"><strong>Mar\u00eda de los \u00c1ngeles G\u00f3mez Gonz\u00e1lez\u00a0<\/strong>\u00e9 Catedr\u00e1tica de Universidade en Lingua e Ling\u00fc\u00edstica Inglesas na Universidade de Santiago de Compostela (USC), onde imparte\u00a0 e coordina as materias <em>English Phonetics and Phonology<\/em>, <em>English Syntax and Semantics<\/em> e <em>Pragmatics and Discourse Analysis in English<\/em>. Mar\u00eda \u00e9 a investigadora principal de <a href=\"http:\/\/www.usc.es\/scimitar\/\" target=\"_blank\" rel=\"noopener noreferrer\" style=\"color: #1c1c1c;\">SCIMITAR<\/a> e liderou moitos dos proxectos de investigaci\u00f3n outorgados a este grupo de investigaci\u00f3n tanto a nivel rexional, nacional ou internacional. Entre os seus principais intereses de investigaci\u00f3n destacan a ling\u00fc\u00edstica funcional e aplicada, as\u00ed como a pragm\u00e1tica e a an\u00e1lise do discurso. Mar\u00eda publicou m\u00e1is de cincuenta cap\u00edtulos de libro, recensi\u00f3ns e artigos en numerosas revistas acad\u00e9micas como <em>Applied Linguistics<\/em>, <em>Discourse Studies<\/em>, <em>Language Sciences<\/em>, e <em>Word<\/em>, entre outras. \u00c9 autora de dous libros, <a href=\"https:\/\/benjamins.com\/#catalog\/books\/pbns.71\" target=\"_blank\" rel=\"noopener noreferrer\" style=\"color: #1c1c1c;\"><em>The Theme-Topic Interface: Evidence from English<\/em><\/a> (John Benjamins, 2001) e <a href=\"http:\/\/www.degruyter.com\/view\/product\/460440?format=B\" target=\"_blank\" rel=\"noopener noreferrer\" style=\"color: #1c1c1c;\"><em>English Pronunciation for Speakers of Spanish<\/em><\/a> (Mouton de Gruyter, 2016), e coeditou os seguintes volumes: <a href=\"http:\/\/www.degruyter.com\/view\/product\/178243\" target=\"_blank\" rel=\"noopener noreferrer\" style=\"color: #1c1c1c;\"><em>A New Architecture for Functional Grammar<\/em><\/a> (Mouton de Gruyter, 2004), <a href=\"http:\/\/www.peterlang.com\/index.cfm?event=cmp.ccc.seitenstruktur.detailseiten&amp;seitentyp=produkt&amp;pk=13338\" target=\"_blank\" rel=\"noopener noreferrer\" style=\"color: #1c1c1c;\"><em>Studies in Functional Discourse Grammar<\/em><\/a> (Peter Lang, 2005), <a href=\"https:\/\/benjamins.com\/#catalog\/books\/pbns.140\" target=\"_blank\" rel=\"noopener noreferrer\" style=\"color: #1c1c1c;\"><em>The Dynamics of Language Use: Functional and Contrastive Perspectives<\/em><\/a> (Benjamins, 2005), <a href=\"https:\/\/benjamins.com\/#catalog\/books\/pbns.175\" target=\"_blank\" rel=\"noopener noreferrer\" style=\"color: #1c1c1c;\"><em>Languages and Cultures in Contrast<\/em> <em>and Comparison<\/em><\/a> e <a href=\"https:\/\/benjamins.com\/#catalog\/books\/sfsl.60\" target=\"_blank\" rel=\"noopener noreferrer\" style=\"color: #1c1c1c;\"><em>Current trends in Contrastive Linguistics: Functional and Cognitive Perspectives<\/em><\/a> (Benjamins, 2008a, b)<em>,<\/em> <a href=\"https:\/\/benjamins.com\/#catalog\/books\/pbns.247\" target=\"_blank\" rel=\"noopener noreferrer\" style=\"color: #1c1c1c;\"><em>The Functional Perspective on Language and Discourse: Implications and Applications<\/em><\/a><em> \u00a0<\/em>e <a href=\"https:\/\/benjamins.com\/#catalog\/books\/sfsl.68\" target=\"_blank\" rel=\"noopener noreferrer\" style=\"color: #1c1c1c;\"><em>Theory and Practice in Functional-Cognitive Space<\/em><\/a> (Benjamins, 2014a, b). Ademais das investigaci\u00f3ns publicadas e a s\u00faa colaboraci\u00f3n, en calidade de editora ou avaliadora, con varias editoriais (i.e. Benjamins, Routledge), sociedades (i.e. <em>Societas Linguistica Europea<\/em>, <em>Aesla<\/em>) e revistas (i.e. <em>Annual Review of Cognitive Linguistics<\/em>, <em>Open Journal of Modern Linguistics<\/em>, <em>Functions of Language<\/em>, <em>Pragmatics<\/em>), Mar\u00eda tam\u00e9n impartiu cursos e conferencias por invitaci\u00f3n en diversos foros internacionais e universidades, inclu\u00edndo, entre outros exemplos, Vrije Universiteit Amsterdam, University of Nottingham, University of Z\u00fcrich, University of York e University of Gothenburg.<\/span><\/p>\n<p><span style=\"font-size: x-small; color: #101259;\"><strong>@<\/strong>: <strong><a href=\"mailto:mdelosangeles.gomez@usc.es\" style=\"color: #101259;\">mdelosangeles.gomez@usc.es<\/a><\/strong><\/span><\/p>\n<p><span style=\"font-size: xx-small; color: #3f3f3f;\"><strong>Web persoal<\/strong>:<span style=\"text-decoration: underline;\">\u00a0<a href=\"http:\/\/webspersoais.usc.es\/persoais\/mdelosangeles.gomez\/\"><\/a><\/span><\/span><span style=\"text-decoration: underline; font-size: xx-small;\"><span style=\"color: #3f3f3f; text-decoration: underline;\"><a href=\"http:\/\/webspersoais.usc.es\/persoais\/mdelosangeles.gomez\/\">http:\/\/webspersoais.usc.es\/persoais\/mdelosangeles.gomez\/\u00a0<\/a><\/span><\/span><\/p>\n<p><span style=\"font-size: xx-small; color: #3f3f3f;\"><\/span><strong style=\"color: #3f3f3f; font-size: xx-small;\">Ligaz\u00f3n<\/strong><span style=\"color: #3f3f3f; font-size: xx-small;\">: <\/span><span style=\"text-decoration: underline; font-size: xx-small;\"><a href=\"http:\/\/www.scimitar.es\/\" target=\"_blank\" rel=\"noopener noreferrer\" style=\"color: #3f3f3f; text-decoration: underline;\">http:\/\/www.scimitar.es\/<\/a><\/span><\/p>\n<p>[\/et_pb_text][\/et_pb_column][\/et_pb_row][et_pb_row _builder_version=&#8221;4.6.1&#8243; _module_preset=&#8221;default&#8221; custom_padding=&#8221;|||0px||&#8221;][et_pb_column type=&#8221;4_4&#8243; _builder_version=&#8221;4.6.1&#8243; _module_preset=&#8221;default&#8221;][et_pb_text _builder_version=&#8221;4.6.1&#8243; _module_preset=&#8221;default&#8221; text_font=&#8221;Montserrat||||||||&#8221; text_font_size=&#8221;11px&#8221; inline_fonts=&#8221;Montserrat&#8221; custom_padding=&#8221;0px|||||&#8221;]<\/p>\n<p><strong><u>PUBLICACI\u00d3NS REPRESENTATIVAS:<\/u><\/strong><\/p>\n<p><strong><a href=\"https:\/\/www.sciencedirect.com\/science\/article\/pii\/S0378216619306642\">The pragmatics and prosody of variable tag questions in English:<em><\/em>Uncovering function-to-form correlations<\/a><\/strong><span><strong>.<\/strong>\u00a0<\/span><em>Journal of Pragmatics\u00a0<\/em><span>158. 33-52 (en coautor\u00eda con\u00a0<strong>\u00a0Deh\u00e9)<\/strong>. 2020.\u00a0<\/span><\/p>\n<p><a href=\"http:\/\/www.degruyter.com\/view\/product\/460440?rskey=7jK01H&amp;result=1\" target=\"_blank\" rel=\"noopener noreferrer\"><em><span><strong>English Pronunciation for Speakers of Spanish. From Theory to Practice<\/strong><\/span> (EPSS)<\/em><\/a> (en coautor\u00eda con Mar\u00eda Teresa S\u00e1nchez Roura). Boston\/Berlin\/Beijing: Mouton de Gruyter, 2016.<\/p>\n<p><a href=\"http:\/\/www.usc.es\/libros\/index.php\/spic\/catalog\/book\/1057\" target=\"_blank\" rel=\"noopener noreferrer\"><em><span><strong>English Pronunciation for Speakers of Spanish. From Theory to Practice<\/strong><\/span> (EPSS, DVD Toolkit)<\/em><\/a> (en coautor\u00eda con Mar\u00eda Teresa S\u00e1nchez Roura, Milagros Torrado Cesp\u00f3n, Andrew Rollings e\u00a0Mar\u00eda Dolores G\u00f3mez Penas). Boston\/Berlin\/Beijing: Mouton de Gruyter, 2016.<\/p>\n<p><span><strong><a href=\"http:\/\/www.usc.es\/multimlab\/\" target=\"_blank\" rel=\"noopener noreferrer\"><em>EPSS Multimedia Lab<\/em><\/a><\/strong><\/span> (en coautor\u00eda con Mar\u00eda Teresa S\u00e1nchez Roura, Milagros Torrado Cesp\u00f3n, Andrew Rollings e\u00a0Mar\u00eda Dolores G\u00f3mez Penas). Universidad de Santiago de Compostela. Patente\/Propiedad Intelectual: SC 054 16.<\/p>\n<p>\u201c<strong>Cohesion<\/strong>.\u201d <span><a href=\"http:\/\/www.blackwellreference.com\/public\/tocnode?id=g9781405131995_yr2013_chunk_g978140513199517_ss6-1\" target=\"_blank\" rel=\"noopener noreferrer\"><em>The International Encyclopedia of Language and Social Interaction<\/em><\/a><\/span>, editado por Karen Tracy, Cornelia Ilie e\u00a0Todd Sandel. Boston: John Wiley &amp; Sons, 2015.<\/p>\n<p><span><strong><a href=\"https:\/\/benjamins.com\/#catalog\/books\/pbns.247\" target=\"_blank\" rel=\"noopener noreferrer\"><em>The Functional Perspective on Language and Discourse: Implications and Applications<\/em><\/a> <\/strong><\/span>(co-editado con F. Ruiz de Mendoza Ib\u00e1\u00f1ez, F. Gonz\u00e1lez Garc\u00eda e\u00a0A. Downing). Amsterdam\/Philadelphia: John Benjamins, 2014.<\/p>\n<p>\u201c<span><strong><a href=\"https:\/\/benjamins.com\/#catalog\/journals\/lic.14.1.06gom\/details\" target=\"_blank\" rel=\"noopener noreferrer\">Canonical Tag Questions in English, Spanish and Portuguese. A Discourse-Functional Study<\/a><\/strong><\/span>.\u201d <em>Languages in Contrast<\/em>1 (2014): 93-126.<\/p>\n<p><span><strong><a href=\"https:\/\/benjamins.com\/#catalog\/books\/sfsl.68\/main\" target=\"_blank\" rel=\"noopener noreferrer\"><em>Theory and Practice in Functional-Cognitive Space. Studies in Functional and Structural Linguistics Series<\/em><\/a><\/strong><\/span> (co-editado con F. Ruiz de Mendoza Ib\u00e1\u00f1ez e\u00a0F. Gonz\u00e1lez Garc\u00eda). Amsterdam\/Philadelphia: John Benjamins, 2014.<\/p>\n<p>\u201c<span><strong><a href=\"http:\/\/applij.oxfordjournals.org\/content\/early\/2012\/08\/27\/applin.ams026.abstract%22\" target=\"_blank\" rel=\"noopener noreferrer\">A Reappraisal of Lexical Cohesion in English Conversations<\/a><\/strong><\/span>.\u201d <em>Applied Linguistics<\/em>2 (2012): 128-150.<\/p>\n<p>\u201c<span><strong><a href=\"http:\/\/www.sciencedirect.com\/science\/article\/pii\/S0388000110000495\" target=\"_blank\" rel=\"noopener noreferrer\">Lexical Cohesion in Multiparty Conversations<\/a><\/strong><\/span>.\u201d <em>Language Sciences<\/em>1 (2011): 167-179<span style=\"font-size: 11px;\">\u00a0<\/span><\/p>\n<p><span><strong><a href=\"https:\/\/www.benjamins.com\/#catalog\/books\/pbns.175\" target=\"_blank\" rel=\"noopener noreferrer\"><em>Languages and Cultures in Contrast and Comparison<\/em><\/a><\/strong><\/span> (co-editado con J. L. Mackenzie e\u00a0E. M. Gonz\u00e1lez \u00c1lvarez). Amsterdam\/Philadelphia: Benjamins, 2008.<\/p>\n<p>&nbsp;<\/p>\n<p>[\/et_pb_text][\/et_pb_column][\/et_pb_row][\/et_pb_section]<\/p>\n","protected":false},"excerpt":{"rendered":"<p>Mar\u00eda de los \u00c1ngeles G\u00f3mez Gonz\u00e1lezORCID:\u00a0\u00a00000-0003-0575-8550 Google Scholar Scopus Author ID: 14422140900Mar\u00eda de los \u00c1ngeles G\u00f3mez Gonz\u00e1lez\u00a0\u00e9 Catedr\u00e1tica de Universidade en Lingua e Ling\u00fc\u00edstica Inglesas na Universidade de Santiago de Compostela (USC), onde imparte\u00a0 e coordina as materias English Phonetics and Phonology, English Syntax and Semantics e Pragmatics and Discourse Analysis in English. Mar\u00eda \u00e9 [&hellip;]<\/p>\n","protected":false},"author":1,"featured_media":0,"parent":0,"menu_order":0,"comment_status":"closed","ping_status":"closed","template":"","meta":{"_et_pb_use_builder":"on","_et_pb_old_content":"","_et_gb_content_width":"","footnotes":""},"class_list":["post-666","page","type-page","status-publish","hentry"],"_links":{"self":[{"href":"https:\/\/discursoeidentidade.com\/index.php?rest_route=\/wp\/v2\/pages\/666","targetHints":{"allow":["GET"]}}],"collection":[{"href":"https:\/\/discursoeidentidade.com\/index.php?rest_route=\/wp\/v2\/pages"}],"about":[{"href":"https:\/\/discursoeidentidade.com\/index.php?rest_route=\/wp\/v2\/types\/page"}],"author":[{"embeddable":true,"href":"https:\/\/discursoeidentidade.com\/index.php?rest_route=\/wp\/v2\/users\/1"}],"replies":[{"embeddable":true,"href":"https:\/\/discursoeidentidade.com\/index.php?rest_route=%2Fwp%2Fv2%2Fcomments&post=666"}],"version-history":[{"count":0,"href":"https:\/\/discursoeidentidade.com\/index.php?rest_route=\/wp\/v2\/pages\/666\/revisions"}],"wp:attachment":[{"href":"https:\/\/discursoeidentidade.com\/index.php?rest_route=%2Fwp%2Fv2%2Fmedia&parent=666"}],"curies":[{"name":"wp","href":"https:\/\/api.w.org\/{rel}","templated":true}]}}