{"id":645,"date":"2016-06-07T13:31:51","date_gmt":"2016-06-07T11:31:51","guid":{"rendered":"http:\/\/discursoeidentidade.com\/?page_id=645"},"modified":"2024-02-22T15:35:02","modified_gmt":"2024-02-22T14:35:02","slug":"manuela-palacios-gonzalez","status":"publish","type":"page","link":"https:\/\/discursoeidentidade.com\/?page_id=645","title":{"rendered":"MIEMBRO_Manuela Palacios Gonz\u00e1lez"},"content":{"rendered":"<p>[et_pb_section fb_built=&#8221;1&#8243; inner_shadow=&#8221;on&#8221; fullwidth=&#8221;on&#8221; custom_padding_last_edited=&#8221;on|desktop&#8221; admin_label=&#8221;section&#8221; _builder_version=&#8221;4.16&#8243; background_color=&#8221;#153b60&#8243; custom_padding_tablet=&#8221;50px|0|50px|0&#8243; custom_padding_phone=&#8221;&#8221; transparent_background=&#8221;off&#8221; padding_mobile=&#8221;off&#8221; make_fullwidth=&#8221;off&#8221; use_custom_width=&#8221;off&#8221; width_unit=&#8221;on&#8221; custom_width_px=&#8221;1080px&#8221; custom_width_percent=&#8221;80%&#8221; global_colors_info=&#8221;{}&#8221;][et_pb_fullwidth_header content_max_width=&#8221;none&#8221; admin_label=&#8221;T\u00cdTULO SECCI\u00d3N&#8221; _builder_version=&#8221;4.16&#8243; title_font=&#8221;Montserrat||||||||&#8221; background_color=&#8221;rgba(255, 255, 255, 0)&#8221; custom_padding=&#8221;||0px|||&#8221; button_one_letter_spacing_hover=&#8221;0&#8243; button_two_letter_spacing_hover=&#8221;0&#8243; global_colors_info=&#8221;{}&#8221; button_one_text_size__hover_enabled=&#8221;off&#8221; button_two_text_size__hover_enabled=&#8221;off&#8221; button_one_text_color__hover_enabled=&#8221;off&#8221; button_two_text_color__hover_enabled=&#8221;off&#8221; button_one_border_width__hover_enabled=&#8221;off&#8221; button_two_border_width__hover_enabled=&#8221;off&#8221; button_one_border_color__hover_enabled=&#8221;off&#8221; button_two_border_color__hover_enabled=&#8221;off&#8221; button_one_border_radius__hover_enabled=&#8221;off&#8221; button_two_border_radius__hover_enabled=&#8221;off&#8221; button_one_letter_spacing__hover_enabled=&#8221;on&#8221; button_one_letter_spacing__hover=&#8221;0&#8243; button_two_letter_spacing__hover_enabled=&#8221;on&#8221; button_two_letter_spacing__hover=&#8221;0&#8243; button_one_bg_color__hover_enabled=&#8221;off&#8221; button_two_bg_color__hover_enabled=&#8221;off&#8221;]<\/p>\n<h1>Manuela Palacios Gonz\u00e1lez\u00a0<\/h1>\n<p>[\/et_pb_fullwidth_header][\/et_pb_section][et_pb_section fb_built=&#8221;1&#8243; custom_padding_last_edited=&#8221;on|desktop&#8221; admin_label=&#8221;section&#8221; _builder_version=&#8221;4.16&#8243; background_color=&#8221;rgba(0,0,0,0)&#8221; custom_padding_tablet=&#8221;50px|0|50px|0&#8243; custom_padding_phone=&#8221;&#8221; transparent_background=&#8221;off&#8221; padding_mobile=&#8221;off&#8221; make_fullwidth=&#8221;off&#8221; use_custom_width=&#8221;off&#8221; width_unit=&#8221;on&#8221; custom_width_px=&#8221;1080px&#8221; custom_width_percent=&#8221;80%&#8221; global_colors_info=&#8221;{}&#8221;][et_pb_row column_structure=&#8221;2_5,3_5&#8243; _builder_version=&#8221;4.16&#8243; _module_preset=&#8221;default&#8221; background_color=&#8221;#d6d6d6&#8243; width=&#8221;79.9%&#8221; custom_padding=&#8221;||27px|28px||&#8221; global_colors_info=&#8221;{}&#8221;][et_pb_column type=&#8221;2_5&#8243; _builder_version=&#8221;4.16&#8243; _module_preset=&#8221;default&#8221; global_colors_info=&#8221;{}&#8221;][et_pb_image src=&#8221;https:\/\/discursoeidentidade.com\/wp-content\/uploads\/2020\/09\/foto-Manoli-despacho-copia-1024&#215;1024-1.jpg&#8221; title_text=&#8221;Manuela Palacios&#8221; _builder_version=&#8221;4.16&#8243; _module_preset=&#8221;default&#8221; custom_padding=&#8221;|0px||8px||&#8221; global_colors_info=&#8221;{}&#8221;][\/et_pb_image][et_pb_text _builder_version=&#8221;4.16&#8243; _module_preset=&#8221;default&#8221; global_colors_info=&#8221;{}&#8221;]<\/p>\n<div style=\"text-align: center;\"><strong><a href=\"http:\/\/orcid.org\/0000-0002-7470-441X\">ORCID ID:\u00a00000-0002-7470-441X<\/a><\/strong><\/div>\n<div>\n<div id=\"Signature\">\n<div id=\"divtagdefaultwrapper\" dir=\"ltr\">\n<div class=\"_Entity _EType_OWALinkPreview _EId_OWALinkPreview _EReadonly_1\" style=\"text-align: center;\"><strong><a href=\"https:\/\/scholar.google.es\/citations?hl=es&amp;user=ScoKzokAAAAJ&amp;view_op=list_works&amp;gmla=AJsN-F7buwnQYLbO0aoxHtab_EeBh2WGOcwJIK8g4QOxXMInbg-1GfkukPohVus11PHcRPhVaNLcyOwGwotghss5lgrA6OyfIiZOhq5o-nlDn5Gz0Mkd7uk\">Google Scholar<\/a><\/strong><\/div>\n<\/div>\n<\/div>\n<\/div>\n<p>[\/et_pb_text][\/et_pb_column][et_pb_column type=&#8221;3_5&#8243; _builder_version=&#8221;4.16&#8243; _module_preset=&#8221;default&#8221; global_colors_info=&#8221;{}&#8221;][et_pb_text _builder_version=&#8221;4.24.0&#8243; _module_preset=&#8221;default&#8221; text_font=&#8221;Montserrat||||||||&#8221; min_height=&#8221;117px&#8221; custom_margin=&#8221;-1px||8px|||&#8221; custom_padding=&#8221;0px|95px||||&#8221; hover_enabled=&#8221;0&#8243; inline_fonts=&#8221;Montserrat&#8221; global_colors_info=&#8221;{}&#8221; sticky_enabled=&#8221;0&#8243;]<\/p>\n<p align=\"left\"><b>Manuela Palacios Gonz\u00e1lez\u00a0<\/b>\u00e9 Profesora Titular de Literatura Inglesa na Universidade de Santiago de Compostela (USC). Dirixiu seis proxectos de investigaci\u00f3n financiados polo <span style=\"color: #000000;\">Ministerio de Ciencia, Innovaci\u00f3n y Universidades <\/span>e centrados no estudo da literatura irlandesa e galega contempor\u00e1nea, editando e coeditando varios libros en relaci\u00f3n con esta li\u00f1a de investigaci\u00f3n: <em>Pluriversos<\/em> (2003), <em><a href=\"https:\/\/books.google.es\/books?id=e3fFmrirB9MC&amp;printsec=frontcover&amp;hl=es#v=onepage&amp;q&amp;f=false\" target=\"_blank\" rel=\"noopener\">Palabras extremas<\/a><\/em> (2008), <em><a href=\"http:\/\/www.peterlang.com\/\" target=\"_blank\" rel=\"noopener\">Writing Bonds<\/a><\/em> (2009), <em><a href=\"http:\/\/www.peterlang.com\/index.cfm?event=cmp.ccc.seitenstruktur.detailseiten&amp;seitentyp=produkt&amp;pk=54279\" target=\"_blank\" rel=\"noopener\">Creation, Publishing and Criticism<\/a><\/em> (2010), <em><a href=\"http:\/\/www.salmonpoetry.com\/details.php?ID=194\" target=\"_blank\" rel=\"noopener\">To the Winds Our Sails<\/a><\/em> (2010), <em><a href=\"http:\/\/www.shearsman.com\/ws-shop\/category\/1118-palacios-manuela\/product\/4210-manuela-palacios-forked-tongues\" target=\"_blank\" rel=\"noopener\">Forked Tongues<\/a><\/em> (2012), <em><a href=\"http:\/\/www.bookdepository.com\/Six-Galician-Poets\/9781910345450\" target=\"_blank\" rel=\"noopener\">Six Galician Poets<\/a><\/em> (2016), <em><a href=\"https:\/\/www.salmonpoetry.com\/details.php?ID=439&amp;a=308\">Migrant Shores<\/a><\/em> (2017), <em><a href=\"https:\/\/www.youngpoets.eu\/en\/anthology-of-young-galician-poets\/\">\u0391\u03bd\u03b8\u03bf\u03bb\u03bf\u03b3\u03af\u03b1 \u039d\u03ad\u03c9\u03bd \u0393\u03b1\u03bb\u03b9\u03ba\u03b9\u03b1\u03bd\u03ce\u03bd \u03a0\u03bf\u03b9\u03b7\u03c4\u03ce\u03bd \u2013 Antolox\u00eda De Poes\u00eda Galega Nova<\/a><\/em> (2019), <a href=\"https:\/\/www.estudiosirlandeses.org\/issue\/issue-15-2\/\"><em>Eco-Fictions, the Animal Trope and Irish Studies<\/em><span style=\"color: #0000ff;\"><u> <\/u><\/span><\/a>(<em>Estudios Irlandeses<\/em>, 15.2, 2020). <span lang=\"en-US\">As\u00ed mesmo, \u00e9 autora da monograf\u00eda <\/span><span lang=\"en-US\"><i>Us &amp; Them: Women Writers\u2019 Discourses on Foreignness<\/i><\/span><span lang=\"en-US\"> (2023). <\/span>Outras publicaci\u00f3ns incl\u00faen traduci\u00f3ns de poes\u00eda e ficci\u00f3n europea e \u00e1rabe (<em>Los ritos de los sentidos, Vello ceo n\u00f3rdico, Cara ao faro<\/em>), monograf\u00edas sobre a imaxiner\u00eda pict\u00f3rica en Virginia Woolf e <em>Richard III<\/em> de Shakespeare, as\u00ed como artigos sobre ecocr\u00edtica. <span lang=\"en-US\">Desde 2020 \u00e9 membro do\u00a0College of Expert Reviewers da European Science Foundation.<\/span><\/p>\n<p>&nbsp;<\/p>\n<p><strong>@:\u00a0<a href=\"mailto:manuela.palacios@usc.es\">manuela.palacios@usc.es<\/a><\/strong><\/p>\n<p><strong><a href=\"http:\/\/irgal.es\/\u00a0\">http:\/\/irgal.es\/\u00a0<\/a><\/strong><\/p>\n<p>[\/et_pb_text][\/et_pb_column][\/et_pb_row][et_pb_row _builder_version=&#8221;4.16&#8243; _module_preset=&#8221;default&#8221; custom_padding=&#8221;|||0px||&#8221; global_colors_info=&#8221;{}&#8221;][et_pb_column type=&#8221;4_4&#8243; _builder_version=&#8221;4.16&#8243; _module_preset=&#8221;default&#8221; global_colors_info=&#8221;{}&#8221;][et_pb_text _builder_version=&#8221;4.16&#8243; _module_preset=&#8221;default&#8221; text_font=&#8221;Montserrat||||||||&#8221; text_font_size=&#8221;11px&#8221; inline_fonts=&#8221;Montserrat&#8221; global_colors_info=&#8221;{}&#8221;]<\/p>\n<p><strong><u>PUBLICACI\u00d3NS REPRESENTATIVAS:<\/u><\/strong><span style=\"font-size: 11px;\"><\/span><a href=\"http:\/\/cantarabia.org\/editorial\/node\/99\" target=\"_blank\" rel=\"noopener noreferrer\" style=\"font-size: 11px;\"><strong><em><\/em><\/strong><\/a><\/p>\n<p><strong><em>Eco-Fictions, the Animal Trope and Irish Studies (co-editado con Margarita Est\u00e9vez Sa\u00e1 e Noem\u00ed Pereira Ares)<\/em><\/strong>\u00a0(2020). Special Issue <em>Estudios Irlandeses<\/em> 15.2 (2020). ISSN: 1699-311X<strong>. <\/strong><a href=\"https:\/\/doi.org\/10.24162\/EI\">https:\/\/doi.org\/10.24162\/EI<\/a>.<\/p>\n<p><strong>\u201cOtherwhereness and Gender: Mary O\u2019Malley\u2019s <em>Asylum Road<\/em> and Marga do Val\u2019s <em>A cidade sen roupa ao sol<\/em>\u201d (Co-escrito con Mar\u00eda Xes\u00fas Nogueira Pereira).<\/strong> <em>Oce\u00e1nide<\/em>, 13 (2020): 103-110. <a href=\"https:\/\/doi.org\/10.37668\/oceanide.v13i.46\">https:\/\/doi.org\/10.37668\/oceanide.v13i.46<\/a> ISSN: 1989-6328.<\/p>\n<p><strong>\u201cRelational Difference in Sin\u00e9ad Morrissey\u2019s Poetry: An Ecocritical Approach\u201d<\/strong> <em>\u00c9tudes Irlandaises<\/em>, 44.1 (2019): 73-85. <span>DOI: <\/span><span><a href=\"https:\/\/doi.org\/10.1080\/00497878.2018.1425579\">10.1080\/00497878.2018.1425579\u00a0<\/a><\/span><span style=\"font-size: 11px;\">ISSN: 2259-8863, 0243-1106<\/span><\/p>\n<p><strong>\u201cInside the Whale: Configurations of An-other Female Subjectivity&#8221;<\/strong> <em>Women\u2019s Studies<\/em><em>,<\/em>47.2 (2018): 160-172. <span>DOI: <\/span><span><a href=\"https:\/\/doi.org\/10.1080\/00497878.2018.1425579\">10.1080\/00497878.2018.1425579<\/a><\/span><\/p>\n<p><strong style=\"font-size: 11px;\">&#8220;Of Penelopes, Mermaids and Flying Women: Celia de Fr\u00e9ine\u2019s Tropes of Mobility&#8221;.<\/strong><span style=\"font-size: 11px;\"> <\/span><em style=\"font-size: 11px;\">Estudios Irlandeses<\/em><span style=\"font-size: 11px;\"> 12 (<\/span>2017<span style=\"font-size: 11px;\">).92-103. <\/span><a href=\"https:\/\/doi.org\/10.24162\/EI2017-6850\" style=\"font-size: 11px;\">https:\/\/doi.org\/10.24162\/EI2017-6850<\/a><span style=\"font-size: 11px;\"><\/span><span style=\"font-size: 11px;\">\u00a0<\/span><span style=\"font-size: 11px; color: #666666;\">ISSN: 1699-311X.<\/span><\/p>\n<p><span style=\"color: #666666;\"><a href=\"http:\/\/cantarabia.org\/editorial\/node\/99\" target=\"_blank\" rel=\"noopener noreferrer\" style=\"color: #666666;\"><strong><em>Los ritos de los sentidos. Poes\u00eda \u00e1rabe<\/em><\/strong><\/a>. Antolox\u00eda, traduci\u00f3n, introduci\u00f3n e ap\u00e9ndices por Jaouad Elouafi, Bahi Takkouche, Manuela Palacios e Arturo Casas. Ilustraciones caligr\u00e1ficas por Hachemi Mokrane. Madrid: Cantarabia, 2015. ISBN: 978-84-86514-63.<\/span><\/p>\n<p>[\/et_pb_text][\/et_pb_column][\/et_pb_row][\/et_pb_section]<\/p>\n","protected":false},"excerpt":{"rendered":"<p>Manuela Palacios Gonz\u00e1lez\u00a0ORCID ID:\u00a00000-0002-7470-441X Google Scholar Manuela Palacios Gonz\u00e1lez\u00a0\u00e9 Profesora Titular de Literatura Inglesa na Universidade de Santiago de Compostela (USC). Dirixiu seis proxectos de investigaci\u00f3n financiados polo Ministerio de Ciencia, Innovaci\u00f3n y Universidades e centrados no estudo da literatura irlandesa e galega contempor\u00e1nea, editando e coeditando varios libros en relaci\u00f3n con esta li\u00f1a de [&hellip;]<\/p>\n","protected":false},"author":1,"featured_media":0,"parent":0,"menu_order":0,"comment_status":"closed","ping_status":"closed","template":"","meta":{"_et_pb_use_builder":"on","_et_pb_old_content":"","_et_gb_content_width":"","footnotes":""},"class_list":["post-645","page","type-page","status-publish","hentry"],"_links":{"self":[{"href":"https:\/\/discursoeidentidade.com\/index.php?rest_route=\/wp\/v2\/pages\/645","targetHints":{"allow":["GET"]}}],"collection":[{"href":"https:\/\/discursoeidentidade.com\/index.php?rest_route=\/wp\/v2\/pages"}],"about":[{"href":"https:\/\/discursoeidentidade.com\/index.php?rest_route=\/wp\/v2\/types\/page"}],"author":[{"embeddable":true,"href":"https:\/\/discursoeidentidade.com\/index.php?rest_route=\/wp\/v2\/users\/1"}],"replies":[{"embeddable":true,"href":"https:\/\/discursoeidentidade.com\/index.php?rest_route=%2Fwp%2Fv2%2Fcomments&post=645"}],"version-history":[{"count":0,"href":"https:\/\/discursoeidentidade.com\/index.php?rest_route=\/wp\/v2\/pages\/645\/revisions"}],"wp:attachment":[{"href":"https:\/\/discursoeidentidade.com\/index.php?rest_route=%2Fwp%2Fv2%2Fmedia&parent=645"}],"curies":[{"name":"wp","href":"https:\/\/api.w.org\/{rel}","templated":true}]}}