{"id":6411,"date":"2021-03-15T12:17:15","date_gmt":"2021-03-15T11:17:15","guid":{"rendered":"http:\/\/discursoeidentidade.com\/?page_id=6411"},"modified":"2024-03-05T17:06:36","modified_gmt":"2024-03-05T16:06:36","slug":"6411-2","status":"publish","type":"page","link":"https:\/\/discursoeidentidade.com\/?page_id=6411&lang=es","title":{"rendered":"PUBLICACIONES_Rese\u00f1as"},"content":{"rendered":"<p>[et_pb_section fb_built=&#8221;1&#8243; inner_shadow=&#8221;on&#8221; fullwidth=&#8221;on&#8221; custom_padding_last_edited=&#8221;on|desktop&#8221; admin_label=&#8221;section&#8221; _builder_version=&#8221;4.16&#8243; background_color=&#8221;#153b60&#8243; custom_padding_tablet=&#8221;50px|0|50px|0&#8243; custom_padding_phone=&#8221;&#8221; transparent_background=&#8221;off&#8221; padding_mobile=&#8221;off&#8221; make_fullwidth=&#8221;off&#8221; use_custom_width=&#8221;off&#8221; width_unit=&#8221;on&#8221; custom_width_px=&#8221;1080px&#8221; custom_width_percent=&#8221;80%&#8221; global_colors_info=&#8221;{}&#8221;][et_pb_fullwidth_header content_max_width=&#8221;none&#8221; admin_label=&#8221;T\u00cdTULO SECCI\u00d3N&#8221; _builder_version=&#8221;4.16&#8243; title_font=&#8221;Montserrat||||||||&#8221; background_color=&#8221;rgba(255, 255, 255, 0)&#8221; custom_padding=&#8221;||0px|||&#8221; button_one_letter_spacing_hover=&#8221;0&#8243; button_two_letter_spacing_hover=&#8221;0&#8243; global_colors_info=&#8221;{}&#8221; button_one_text_size__hover_enabled=&#8221;off&#8221; button_two_text_size__hover_enabled=&#8221;off&#8221; button_one_text_color__hover_enabled=&#8221;off&#8221; button_two_text_color__hover_enabled=&#8221;off&#8221; button_one_border_width__hover_enabled=&#8221;off&#8221; button_two_border_width__hover_enabled=&#8221;off&#8221; button_one_border_color__hover_enabled=&#8221;off&#8221; button_two_border_color__hover_enabled=&#8221;off&#8221; button_one_border_radius__hover_enabled=&#8221;off&#8221; button_two_border_radius__hover_enabled=&#8221;off&#8221; button_one_letter_spacing__hover_enabled=&#8221;on&#8221; button_one_letter_spacing__hover=&#8221;0&#8243; button_two_letter_spacing__hover_enabled=&#8221;on&#8221; button_two_letter_spacing__hover=&#8221;0&#8243; button_one_bg_color__hover_enabled=&#8221;off&#8221; button_two_bg_color__hover_enabled=&#8221;off&#8221;]<\/p>\n<h1>RESE\u00d1AS<\/h1>\n<p>[\/et_pb_fullwidth_header][\/et_pb_section][et_pb_section fb_built=&#8221;1&#8243; _builder_version=&#8221;4.24.0&#8243; _module_preset=&#8221;default&#8221; background_color=&#8221;rgba(0,0,0,0)&#8221; hover_enabled=&#8221;0&#8243; global_colors_info=&#8221;{}&#8221; sticky_enabled=&#8221;0&#8243;][et_pb_row _builder_version=&#8221;4.16&#8243; _module_preset=&#8221;default&#8221; hover_enabled=&#8221;0&#8243; global_colors_info=&#8221;{}&#8221; sticky_enabled=&#8221;0&#8243;][et_pb_column type=&#8221;4_4&#8243; _builder_version=&#8221;4.16&#8243; _module_preset=&#8221;default&#8221; global_colors_info=&#8221;{}&#8221;][et_pb_toggle title=&#8221;2024&#8243; open=&#8221;on&#8221; _builder_version=&#8221;4.24.0&#8243; _module_preset=&#8221;default&#8221; title_font=&#8221;Montserrat||||||||&#8221; closed_title_font=&#8221;Montserrat||||||||&#8221; custom_padding=&#8221;||18px|||&#8221; hover_enabled=&#8221;0&#8243; global_colors_info=&#8221;{}&#8221; sticky_enabled=&#8221;0&#8243; locked=&#8221;off&#8221;]<\/p>\n<p><strong>Varela Zapata, Jes\u00fas.<\/strong> <span>Rese\u00f1a de Miguel P\u00e9rez Romero, ed. y trad. So\u00f1o dunha noite de ver\u00e1n. A Coru\u00f1a: Pub. U. Coru\u00f1a, 2020.\u00a0 Moenia. Vol 30 (2024), <a href=\"https:doi.org\/10.15304\/moenia.id8886\">https:doi.org\/10.15304\/moenia.id8886<\/a>. &#8220;The Long Way to Emancipation in Margaret Laurence&#8217;s A Jest of God.&#8221; Canada &amp; Beyond, 13 (2024), 105-120.<\/span><\/p>\n<p>[\/et_pb_toggle][et_pb_toggle title=&#8221;2019 &#8221; open=&#8221;on&#8221; _builder_version=&#8221;4.16&#8243; _module_preset=&#8221;default&#8221; title_font=&#8221;Montserrat||||||||&#8221; closed_title_font=&#8221;Montserrat||||||||&#8221; custom_padding=&#8221;||18px|||&#8221; global_colors_info=&#8221;{}&#8221;]<\/p>\n<p><strong style=\"font-size: 14px;\">Palacios Gonz\u00e1lez, Manuela<\/strong><em style=\"font-size: 14px;\">. <\/em><span style=\"font-size: 14px;\">\u00a0Rese\u00f1a de Sacido-Romero, Jorge &amp; Laura M\u00aa Lojo-Rodr\u00edguez (eds.)\u00a0(2018)\u00a0<\/span><em style=\"font-size: 14px;\">Gender and Short Fiction. Women\u2019s Tales in Contemporary Britain<\/em><span style=\"font-size: 14px;\">. New York &amp; London: Routledge.\u00a0.\u00a0<\/span><em style=\"font-size: 14px;\">Nexus<\/em><span style=\"font-size: 14px;\">\u00a0(AEDEAN) 2 (<\/span><strong style=\"font-size: 14px;\">2019<\/strong><span style=\"font-size: 14px;\">): 63-66. ISSN 1697-4646.<\/span><\/p>\n<p><a href=\"https:\/\/aedean.org\/wp-content\/uploads\/nexus-2019-02.pdf\">https:\/\/aedean.org\/wp-content\/uploads\/nexus-2019-02.pdf<\/a><\/p>\n<p><strong>Palacios Gonz\u00e1lez, Manuela<em>. <\/em><\/strong>Rese\u00f1a de\u00a0<a href=\"https:\/\/revistas.ucm.es\/index.php\/MADR\/article\/view\/66888\">Linares Fern\u00e1ndez, Laura (ed.) (2016)\u00a0<em>Verbas atl\u00e1nticas. Poes\u00eda inglesa, escocesa e irlandesa traducida por Pl\u00e1cido Castro<\/em>. Cambados: Fundaci\u00f3n Pl\u00e1cido Castro<\/a>.\u00a0.\u00a0<em>Madrygal. Revista de Estudios Gallegos<\/em>\u00a022 (<strong>2019<\/strong>): 369-371.\u00a0<\/p>\n<p><a href=\"https:\/\/revistas.ucm.es\/index.php\/MADR\/article\/view\/66888\/4564456552387\">https:\/\/revistas.ucm.es\/index.php\/MADR\/article\/view\/66888\/4564456552387<\/a><\/p>\n<p><strong>Pereira-Ares, Noem\u00ed. 2019.<\/strong> \u201c<em>El octavo arte. La moda en la sociedad contempor\u00e1nea<\/em>, de Jos\u00e9 Mar\u00eda Paz Gago.\u201d <em>Fashion Theory. The Journal of Dress, Body and Culture<\/em>, 23.1: 137-142.<\/p>\n<p>[\/et_pb_toggle][et_pb_toggle title=&#8221;2018&#8243; _builder_version=&#8221;4.16&#8243; _module_preset=&#8221;default&#8221; title_font=&#8221;Montserrat||||||||&#8221; closed_title_font=&#8221;Montserrat||||||||&#8221; custom_padding=&#8221;||18px|||&#8221; global_colors_info=&#8221;{}&#8221;]<\/p>\n<p><strong>Marchetto Santorun, Cecilia.<\/strong> &#8216;Recensi\u00f3n do libro <em>Superhero Comics, por Chris Gavaler&#8217;<\/em>, na revista <em>Nexus 1 <\/em>(2018) Ed. Antonio Ballesteros Gonz\u00e1lez (AEDEAN). ISSN: 1697-4646. URL: &lt; https:\/\/aedean.org\/wp-content\/uploads\/nexus-2018-01.pdf&gt; Fecha de publicaci\u00f3n: 20\/06\/2018.<\/p>\n<p><strong>Mart\u00ednez Ponciano, Regina. <\/strong>\u00a8Migrant Shores: Irish, Moroccan &amp; Galician Poetry.\u00a8Review of Migrant Shores: Irish, Moroccan &amp; Galician Poetry, edited by Manuela Palacios&#8221;. <em>Estudios Irlandeses: Journal of Irish Studies<\/em> 13.13 (2018), 185-188.<\/p>\n<p><strong>Pereira-Ares, Noem\u00ed. <\/strong>\u2018<a href=\"https:\/\/www.tandfonline.com\/doi\/abs\/10.1080\/1362704X.2018.1427890?journalCode=rfft20\">El octavo arte: la moda en la sociedad contempor\u00e1nea<\/a>\u2019. <em>Journal of Fashion Theory<\/em>. Reino Unido: Routledge. Publicaci\u00f3n online previa publicaci\u00f3n en papel (31\/01\/2018). Pp. 1-6.\u00a0 ISSN 1362704X. DOI: 10.1080\/1362704X.2018.1427890.<\/p>\n<p><strong>Pereira-Ares, Noem\u00ed. <\/strong>&#8216;<a href=\"https:\/\/www.tandfonline.com\/doi\/abs\/10.1080\/00497878.2018.1430416\">Ecological and Social Healing: Multicultural Women\u2019s Voices<\/a>, edited by Jeanine M. Canty&#8217;. <em>Women&#8217;s Studies: An Inter-disciplinary Journal<\/em>. 47 &#8211; 2, pp. 251 &#8211; 255. Routledge, 09\/02\/2018. ISSN 1547-7045<strong>.<\/strong><\/p>\n<p><strong>Rodr\u00edguez Dur\u00e1n, Jorge. <\/strong>Rese\u00f1a \u201cCamino de Santiago. D\u00e1nta. Poems. Poemas\u201d de Liam \u00d3 Muirthile. Madrygal. Revista de Estudios Gallegos, vol. 21, 2018. ISSN: 1138-9664, ISSN-e: 1988-3285. 2019.<\/p>\n<p><strong>Rodr\u00edguez Fern\u00e1ndez, Arancha. <\/strong>&#8216;Recensi\u00f3n de <em>Migrant Shores. Irish, Moroccan &amp; Galician Poetry, <\/em>Manuela Palacios, Salmon Poetry, 2017&#8242;. Publicada en <em>Studi Irlandesi<\/em>, n\u00ba8, p\u00e1ginas 478-480.<\/p>\n<p>[\/et_pb_toggle][et_pb_toggle title=&#8221;2017&#8243; _builder_version=&#8221;4.16&#8243; _module_preset=&#8221;default&#8221; title_font=&#8221;Montserrat||||||||&#8221; closed_title_font=&#8221;Montserrat||||||||&#8221; custom_padding=&#8221;||18px|||&#8221; global_colors_info=&#8221;{}&#8221;]<\/p>\n<p><strong>Fern\u00e1ndez Fern\u00e1ndez, Martin. 2017<\/strong>. \u201cReview of Plurivozes Americanas \/ American Plural Voices \/ Plurivoces Americanas, edited by por Gisele Giandoni Wolkoff. Belas Infieis, 2016, p. 187-190.\u201d <em>The Voiced Puzzle of Americas <\/em>(en prensa).<\/p>\n<p><strong>G\u00f3mez Gonz\u00e1lez, M. \u00c1. 2017<\/strong>. \u2018<a href=\"https:\/\/benjamins.com\/#catalog\/journals\/fol.23.3\/toc\">Book Review of A Functional Discourse Grammar of English by Evelien Keizer<\/a>.\u2019 <em>Functions of Language <\/em>23.3: 400-409.<\/p>\n<p><strong>Palacios Gonz\u00e1lez, Manuela<em>. <\/em><\/strong>\u00a0Rese\u00f1a de\u00a0<em>Bloodroot<\/em>\u00a0(Doire Press, 2017), de Annemarie N\u00ed Churre\u00e1in.\u00a0<em>Estudios Irlandeses<\/em>\u00a0(revista electr\u00f3nica de la Asociaci\u00f3n AEDEI). N\u00ba 14 (<strong>2019<\/strong>): 268-270.<a href=\"https:\/\/www.estudiosirlandeses.org\/reviews\/bloodroot\/?fbclid=IwAR29AVSCaNPaoPQyGT50q2SanrYPADEqp2Kc7YYQ12xrcwHwKXmwyGCJoaQ\">https:\/\/www.estudiosirlandeses.org\/reviews\/bloodroot\/?fbclid=IwAR29AVSCaNPaoPQyGT50q2SanrYPADEqp2Kc7YYQ12xrcwHwKXmwyGCJoaQ<\/a><\/p>\n<p><strong>Pereira-Ares, Noem\u00ed. 2017. <\/strong>\u2018<a href=\"https:\/\/www.atlantisjournal.org\/index.php?journal=atlantis&amp;page=article&amp;op=view&amp;path%5B%5D=404\">Review: Mar\u00eda Jes\u00fas Lorenzo-Modia, ed. 2016. <em>Ex\u2212Sistere: Women\u2019s Mobility in Contemporary Irish, Welsh and Galician Literatures<\/em>. Newcastle upon Tyne: Cambridge Scholars<\/a>. x + 223 pp. ISBN: 978-1-4438-8700-7.<em>\u2019<\/em><em> Atlantis: Journal of the Spanish Association for Anglo-American Studies<\/em>, 39(1): 247-251.<\/p>\n<p><strong>Rodr\u00edguez Dur\u00e1n, Jorge. <\/strong>\u2018Pathos, logos e outras derivaci\u00f3ns. Bibli\u00f3patas e Fob\u00f3logos. Emma Pedreira, Editorial Galaxia, 2017\u2019. <em>Grial: Revista Galega de Cultura<\/em>, 55, 216\u00a0<\/p>\n<p><strong>Rodr\u00edguez Fern\u00e1ndez, Arancha. <\/strong>\u201c<a href=\"https:\/\/minerva.usc.es\/xmlui\/bitstream\/handle\/10347\/16200\/57664-116539-2-PB%20%281%29.pdf?sequence=1&amp;isAllowed=y\">Recensi\u00f3n de Six Galician Poets\u201d (Ed. Manuela Palacios, Trad. Keith Payne)<\/a>. <em>Madrygal, Revista de Estudios Gallegos<\/em>, vol. 20 (2017), pp. 319-320.<\/p>\n<p>[\/et_pb_toggle][et_pb_toggle title=&#8221;2016&#8243; _builder_version=&#8221;4.16&#8243; _module_preset=&#8221;default&#8221; title_font=&#8221;Montserrat||||||||&#8221; closed_title_font=&#8221;Montserrat||||||||&#8221; custom_padding=&#8221;||18px|||&#8221; global_colors_info=&#8221;{}&#8221;]<\/p>\n<p><strong>Varela Zapata, Jes\u00fas. 2016. <\/strong>\u2018Review of Elinor Shaffer and Catherine Brown, eds. 2016. <em>The Reception of George Eliot in Europe<\/em>.\u2019 <em>ES <\/em>37: 133-7.<\/p>\n<p>[\/et_pb_toggle][et_pb_toggle title=&#8221;2015&#8243; _builder_version=&#8221;4.16&#8243; _module_preset=&#8221;default&#8221; title_font=&#8221;Montserrat||||||||&#8221; closed_title_font=&#8221;Montserrat||||||||&#8221; custom_padding=&#8221;||18px|||&#8221; global_colors_info=&#8221;{}&#8221;]<\/p>\n<p><strong>Palacios Gonz\u00e1lez, Manuela. <\/strong>\u2018Recensi\u00f3n de <em>Pagan to the Core<\/em> (Dublin: Arlen House, 2014), de M\u00e1ighr\u00e9ad Medbh.\u2019 <em>Estudios Irlandeses<\/em> (revista electr\u00f3nica da Asociaci\u00f3n AEDEI). N\u00ba 10 (2015): 164-165.<\/p>\n<p>[\/et_pb_toggle][et_pb_toggle title=&#8221;2014&#8243; _builder_version=&#8221;4.16&#8243; _module_preset=&#8221;default&#8221; title_font=&#8221;Montserrat||||||||&#8221; closed_title_font=&#8221;Montserrat||||||||&#8221; custom_padding=&#8221;||18px|||&#8221; global_colors_info=&#8221;{}&#8221;]<\/p>\n<p><strong>Lojo Rodr\u00edguez, Laura.<\/strong> \u2018<a href=\"https:\/\/dialnet.unirioja.es\/revista\/3395\/V\/53\">Invitaci\u00f3n a cavilar, so\u00f1ar, imaxinar. <em>Ovella descarreirada<\/em>, Marilar Aleiandre, Edici\u00f3ns Xerais, 2014<\/a>.\u2019 <em>Grial: Revista Galega de Cultura<\/em>, 53.205 (2015): 102-103.<\/p>\n<p><strong>Palacios Gonz\u00e1lez, Manuela.<\/strong> \u2018Recensi\u00f3n de <em>Carne de Leviat\u00e1n<\/em> (Vigo, Galaxia, 2013), de Chus Pato.\u2019 <em>Caravansari.Poes\u00eda contempor\u00e1nea en lenguas peninsulares<\/em>, No. 5 (2014): 162.<\/p>\n<p>[\/et_pb_toggle][et_pb_toggle title=&#8221;2013&#8243; _builder_version=&#8221;4.16&#8243; _module_preset=&#8221;default&#8221; title_font=&#8221;Montserrat||||||||&#8221; closed_title_font=&#8221;Montserrat||||||||&#8221; custom_padding=&#8221;||18px|||&#8221; global_colors_info=&#8221;{}&#8221;]<\/p>\n<p><strong>Lojo Rodr\u00edguez, Laura. <\/strong>\u2018<a href=\"http:\/\/www.atlantisjournal.org\/index.php\/atlantis\/issue\/view\/4\">Review of Viorica Patea, ed. 2012: <em>Short Story Theories: A Twenty-First Century Perspective<\/em><\/a>.\u2019 <em>Journal of the Spanish Association of Anglo-American Studies<\/em>, 35.2 (2013): 195-201.<\/p>\n<p>[\/et_pb_toggle][et_pb_toggle title=&#8221;2012&#8243; _builder_version=&#8221;4.16&#8243; _module_preset=&#8221;default&#8221; title_font=&#8221;Montserrat||||||||&#8221; closed_title_font=&#8221;Montserrat||||||||&#8221; custom_padding=&#8221;||18px|||&#8221; global_colors_info=&#8221;{}&#8221;]<\/p>\n<p><strong>G\u00f3mez-Gonz\u00e1lez, Mar\u00eda de los \u00c1ngeles.<\/strong> \u2018<a href=\"https:\/\/benjamins.com\/#catalog\/journals\/lic.12.1.10ang\/details\">Review of <em>Contrastive Pragmatics<\/em> by Karin Aijmer (ed).<\/a>\u2019 <em>Languages in Contrast<\/em>. Amsterdam\/New York: John Benjamins. 112-119<strong>.<\/strong><\/p>\n<p>[\/et_pb_toggle][et_pb_toggle title=&#8221;2011&#8243; _builder_version=&#8221;4.16&#8243; _module_preset=&#8221;default&#8221; title_font=&#8221;Montserrat||||||||&#8221; closed_title_font=&#8221;Montserrat||||||||&#8221; custom_padding=&#8221;||18px|||&#8221; global_colors_info=&#8221;{}&#8221;]<\/p>\n<p><strong>Palacios Gonz\u00e1lez, Manuela.<\/strong> \u2018<a href=\"http:\/\/www.estudiosirlandeses.org\/portfolio-items\/issue-7\/\">Recensi\u00f3n de <em>Aib\u00edtir Aoise: Alphabet of an Age<\/em>, de Celia de Fr\u00e9ine (Dublin: Arlen House, 2011).<\/a>\u2019 <em>Estudios Irlandeses <\/em>7 (2012): 197-198.<\/p>\n<p><strong>Palacios Gonz\u00e1lez, Manuela.<\/strong> \u2018<a href=\"http:\/\/www.estudiosirlandeses.org\/portfolio-items\/issue-7\/\">Recensi\u00f3n de <em>Witness Trees<\/em>, de Lorna Shaughnessy (Cliffs of Moher, Co Clare: Salmon Poetry, 2011)<\/a>.\u2019 <em>Estudios Irlandeses <\/em>7 (2012): 195-196.<\/p>\n<p>[\/et_pb_toggle][et_pb_toggle title=&#8221;2010&#8243; _builder_version=&#8221;4.16&#8243; _module_preset=&#8221;default&#8221; title_font=&#8221;Montserrat||||||||&#8221; closed_title_font=&#8221;Montserrat||||||||&#8221; custom_padding=&#8221;||18px|||&#8221; global_colors_info=&#8221;{}&#8221;]<\/p>\n<p><strong>Palacios Gonz\u00e1lez, Manuela. <\/strong><a href=\"http:\/\/www.poesiagalega.org\/revista_de_poesia\/artigos\/artigo\/f\/1602\/\">\u201c\u2018O tempo pronunciado,\u2019 recensi\u00f3n de <em>O coraz\u00f3n non morre<\/em>, de Fernando Beltr\u00e1n. Trad. Luz Pichel (Barcelona: Momentum Editors, 2010).<\/a>\u2019 <em>Revista de poes\u00eda<\/em>, 2 (2012).<\/p>\n<p>[\/et_pb_toggle][et_pb_toggle title=&#8221;2009&#8243; _builder_version=&#8221;4.16&#8243; _module_preset=&#8221;default&#8221; title_font=&#8221;Montserrat||||||||&#8221; closed_title_font=&#8221;Montserrat||||||||&#8221; custom_padding=&#8221;||18px|||&#8221; global_colors_info=&#8221;{}&#8221;]<\/p>\n<p><strong>G\u00f3mez-Gonz\u00e1lez, Mar\u00eda de los \u00c1ngeles.<\/strong> \u2018Review of N. Erteschik-Shik\u2019s <em>Information Structure: The Syntax-Discourse Interface<\/em>.\u2019 <a href=\"https:\/\/benjamins.com\/#catalog\/journals\/fol.16.1\/main\"><em>Functions of Language<\/em><\/a> 1 (2009): 123-134.<\/p>\n<p>[\/et_pb_toggle][\/et_pb_column][\/et_pb_row][\/et_pb_section]<\/p>\n","protected":false},"excerpt":{"rendered":"<p>RESE\u00d1ASVarela Zapata, Jes\u00fas. Rese\u00f1a de Miguel P\u00e9rez Romero, ed. y trad. So\u00f1o dunha noite de ver\u00e1n. A Coru\u00f1a: Pub. U. Coru\u00f1a, 2020.\u00a0 Moenia. Vol 30 (2024), https:doi.org\/10.15304\/moenia.id8886. &#8220;The Long Way to Emancipation in Margaret Laurence&#8217;s A Jest of God.&#8221; Canada &amp; Beyond, 13 (2024), 105-120.Palacios Gonz\u00e1lez, Manuela. \u00a0Rese\u00f1a de Sacido-Romero, Jorge &amp; Laura M\u00aa Lojo-Rodr\u00edguez [&hellip;]<\/p>\n","protected":false},"author":1,"featured_media":0,"parent":0,"menu_order":0,"comment_status":"closed","ping_status":"closed","template":"","meta":{"_et_pb_use_builder":"on","_et_pb_old_content":"","_et_gb_content_width":"","footnotes":""},"class_list":["post-6411","page","type-page","status-publish","hentry"],"_links":{"self":[{"href":"https:\/\/discursoeidentidade.com\/index.php?rest_route=\/wp\/v2\/pages\/6411","targetHints":{"allow":["GET"]}}],"collection":[{"href":"https:\/\/discursoeidentidade.com\/index.php?rest_route=\/wp\/v2\/pages"}],"about":[{"href":"https:\/\/discursoeidentidade.com\/index.php?rest_route=\/wp\/v2\/types\/page"}],"author":[{"embeddable":true,"href":"https:\/\/discursoeidentidade.com\/index.php?rest_route=\/wp\/v2\/users\/1"}],"replies":[{"embeddable":true,"href":"https:\/\/discursoeidentidade.com\/index.php?rest_route=%2Fwp%2Fv2%2Fcomments&post=6411"}],"version-history":[{"count":0,"href":"https:\/\/discursoeidentidade.com\/index.php?rest_route=\/wp\/v2\/pages\/6411\/revisions"}],"wp:attachment":[{"href":"https:\/\/discursoeidentidade.com\/index.php?rest_route=%2Fwp%2Fv2%2Fmedia&parent=6411"}],"curies":[{"name":"wp","href":"https:\/\/api.w.org\/{rel}","templated":true}]}}