{"id":626,"date":"2016-06-06T13:14:32","date_gmt":"2016-06-06T11:14:32","guid":{"rendered":"http:\/\/discursoeidentidade.com\/?page_id=626"},"modified":"2021-09-29T19:45:23","modified_gmt":"2021-09-29T17:45:23","slug":"jose-manuel-barbeito-varela","status":"publish","type":"page","link":"https:\/\/discursoeidentidade.com\/?page_id=626","title":{"rendered":"MIEMBRO_Jos\u00e9 Manuel Barbeito Varela"},"content":{"rendered":"<p>[et_pb_section fb_built=&#8221;1&#8243; inner_shadow=&#8221;on&#8221; fullwidth=&#8221;on&#8221; custom_padding_last_edited=&#8221;on|desktop&#8221; admin_label=&#8221;section&#8221; _builder_version=&#8221;4.6.1&#8243; background_color=&#8221;#153b60&#8243; custom_padding_tablet=&#8221;50px|0|50px|0&#8243; custom_padding_phone=&#8221;&#8221; transparent_background=&#8221;off&#8221; padding_mobile=&#8221;off&#8221; make_fullwidth=&#8221;off&#8221; use_custom_width=&#8221;off&#8221; width_unit=&#8221;on&#8221; custom_width_px=&#8221;1080px&#8221; custom_width_percent=&#8221;80%&#8221;][et_pb_fullwidth_header content_max_width=&#8221;none&#8221; admin_label=&#8221;T\u00cdTULO SECCI\u00d3N&#8221; _builder_version=&#8221;4.6.1&#8243; title_font=&#8221;Montserrat||||||||&#8221; background_color=&#8221;rgba(255, 255, 255, 0)&#8221; custom_padding=&#8221;||0px|||&#8221; button_one_letter_spacing_hover=&#8221;0&#8243; button_two_letter_spacing_hover=&#8221;0&#8243; button_one_text_size__hover_enabled=&#8221;off&#8221; button_two_text_size__hover_enabled=&#8221;off&#8221; button_one_text_color__hover_enabled=&#8221;off&#8221; button_two_text_color__hover_enabled=&#8221;off&#8221; button_one_border_width__hover_enabled=&#8221;off&#8221; button_two_border_width__hover_enabled=&#8221;off&#8221; button_one_border_color__hover_enabled=&#8221;off&#8221; button_two_border_color__hover_enabled=&#8221;off&#8221; button_one_border_radius__hover_enabled=&#8221;off&#8221; button_two_border_radius__hover_enabled=&#8221;off&#8221; button_one_letter_spacing__hover_enabled=&#8221;on&#8221; button_one_letter_spacing__hover=&#8221;0&#8243; button_two_letter_spacing__hover_enabled=&#8221;on&#8221; button_two_letter_spacing__hover=&#8221;0&#8243; button_one_bg_color__hover_enabled=&#8221;off&#8221; button_two_bg_color__hover_enabled=&#8221;off&#8221;]<\/p>\n<h1>Jos\u00e9 Manuel Barbeito Varela\u00a0<\/h1>\n<p>[\/et_pb_fullwidth_header][\/et_pb_section][et_pb_section fb_built=&#8221;1&#8243; custom_padding_last_edited=&#8221;on|desktop&#8221; admin_label=&#8221;section&#8221; _builder_version=&#8221;4.7.3&#8243; background_color=&#8221;rgba(0,0,0,0)&#8221; custom_padding_tablet=&#8221;50px|0|50px|0&#8243; custom_padding_phone=&#8221;&#8221; transparent_background=&#8221;off&#8221; padding_mobile=&#8221;off&#8221; make_fullwidth=&#8221;off&#8221; use_custom_width=&#8221;off&#8221; width_unit=&#8221;on&#8221; custom_width_px=&#8221;1080px&#8221; custom_width_percent=&#8221;80%&#8221;][et_pb_row _builder_version=&#8221;4.6.1&#8243; _module_preset=&#8221;default&#8221; background_color=&#8221;#d6d6d6&#8243; width=&#8221;79.9%&#8221; custom_padding=&#8221;||27px|28px||&#8221;][et_pb_column type=&#8221;4_4&#8243; _builder_version=&#8221;4.6.1&#8243; _module_preset=&#8221;default&#8221;][et_pb_text _builder_version=&#8221;4.6.1&#8243; _module_preset=&#8221;default&#8221; text_font=&#8221;Montserrat||||||||&#8221; min_height=&#8221;117px&#8221; custom_margin=&#8221;-5px|||||&#8221; custom_padding=&#8221;|95px||||&#8221; inline_fonts=&#8221;Montserrat&#8221;]<\/p>\n<p><b style=\"font-size: 14px;\">J. Manuel Barbeito Varela<\/b><span style=\"font-size: 14px;\">\u00a0\u00e9 Profesor Titular de Filolox\u00eda Inglesa na Universidade de Santiago de Compostela (USC). A s\u00faa investigaci\u00f3n c\u00e9ntrase principalmente no estudo da identidade e a subxectividade na tradici\u00f3n literaria en lingua inglesa. Nesta li\u00f1a, ten publicado sobre escritores como W. Shakespeare, J Milton, J. Swift, J. Austen, T. Hardy, W. B. Yeats, James Joyce ou Salman Rushdie. Barbeito Varela \u00e9 autor de t\u00edtulos como\u00a0<i>Las Br\u00f6nte y su mundo\u00a0<\/i>(2006) ou\u00a0<i>El individuo y el mundo moderno: el drama de la identidad en siete cl\u00e1sicos de la literatura brit\u00e1nica<\/i>\u00a0(2004). Tam\u00e9n editou\u00a0<i>In Mortal Shakespeare. Radical Readings\u00a0(1989),\u00a0Paradise Lost: The Word, the words, the world<\/i>\u00a0(1991)<i>,\u00a0<\/i><a href=\"https:\/\/books.google.es\/books?id=AXqYozbscbQC&amp;pg=PA9&amp;lpg=PA9&amp;dq=Modernity,+Modernism,+Postmodernism&amp;source=bl&amp;ots=f2OD2WFFvn&amp;sig=o24iB95N-IMmPp2u9vlH1Un5UJ4&amp;hl=es&amp;sa=X&amp;ved=0ahUKEwjSwMTX3afLAhWHuBQKHeFPB1IQ6AEIMzAC#v=onepage&amp;q=Modernity%2C%20Modernism%2C%20Postmodernism&amp;f=false\" target=\"_blank\" rel=\"noopener noreferrer\"><i>Modernity, Modernism, Postmodernism<\/i><\/a>\u00a0(2000)<i>,\u00a0<\/i><a href=\"https:\/\/books.google.es\/books?id=LRtWcTa3b_EC&amp;printsec=frontcover&amp;hl=es#v=onepage&amp;q&amp;f=false\" target=\"_blank\" rel=\"noopener noreferrer\"><i>Feminism, Aesthetics and Subjectivity: Essays on Women and Culture in Early Twentieth Century British Literature<\/i><\/a>\u00a0(2001), e coeditou o volume\u00a0<a href=\"http:\/\/www.peterlang.com\/detail\/buch\/13777\/5\/11228\/\" target=\"_blank\" rel=\"noopener noreferrer\"><i>National Identities and European Literatures<\/i><\/a>\u00a0(2008)<i>. <\/i>F\u00f3ra do \u00e1mbito dos estudos ingleses, publicou o cap\u00edtulo \u201cSpanish and Spanish-American Poetics and Criticism,\u201d en\u00a0<a href=\"http:\/\/universitypublishingonline.org\/cambridge\/histories\/ebook.jsf?bid=CBO9781139055376\" target=\"_blank\" rel=\"noopener noreferrer\"><i>Cambridge History of Literary Criticism<\/i>, vol. IX<\/a>\u00a0(2001).<span><i>Mais recentemente,\u00a0o seu interese na teor\u00eda literaria e na relaci\u00f3n entre a filosof\u00eda e a literatura pode verse reflectido nos ensayos &#8216;Jonathan Culler: Teor\u00eda, literatura y la posibilidad de la cr\u00edtica,\u2019 en\u00a0 Theory Now. A Journal of Theory, Literature, en Critique, and Thought. <\/i>Vol. 1 (2018) e &#8216;Derrida, Badiou, and the Possibilities and Limits of Spectrality,\u2019 aceptado para a s\u00faa publicaci\u00f3n en <i>Badiou Studies<\/i>. <\/span>Barbeito Varela coordinou diversos proxectos de investigaci\u00f3n e ten organizado varias conferencias e seminarios que contaron coa presenza de reco\u00f1ecidos acad\u00e9micos no campo da teor\u00eda cr\u00edtica.<\/span><span style=\"font-size: 14px;\"><o:p>\u00a0<\/o:p><\/span><\/p>\n<p><strong>@:<\/strong> <span><\/span><span><strong><a href=\"mailto:jmanuel.barbeito@usc.es\">jmanuel.barbeito@usc.es<\/a><\/strong><\/span><\/p>\n<p>[\/et_pb_text][\/et_pb_column][\/et_pb_row][et_pb_row _builder_version=&#8221;4.9.0&#8243; _module_preset=&#8221;default&#8221; custom_padding=&#8221;|||0px||&#8221;][et_pb_column type=&#8221;4_4&#8243; _builder_version=&#8221;4.6.1&#8243; _module_preset=&#8221;default&#8221;][et_pb_text _builder_version=&#8221;4.6.1&#8243; _module_preset=&#8221;default&#8221; text_font=&#8221;Montserrat||||||||&#8221; text_font_size=&#8221;11px&#8221; custom_padding=&#8221;0px||7px|||&#8221; inline_fonts=&#8221;Montserrat&#8221;]<\/p>\n<p><strong><span style=\"color: #000000;\"><u>PUBLICACI\u00d3NS REPRESENTATIVAS:<\/u><\/span><\/strong><\/p>\n<p><strong><span style=\"color: #000000;\"><u><\/u><\/span><\/strong><\/p>\n<p>Barbeito Varela, Jose Manuel. <strong>\u201cDerrida, Badiou, and the Possibilities and Limits of Spectrality.\u201d<\/strong> Accepted for publication in <em>Badiou Studies<\/em>.<\/p>\n<p>Barbeito Varela, Jose Manuel. <strong>\u201cJonathan Culler: Teor\u00eda, literatura y la posibilidad de la cr\u00edtica.\u201d<\/strong> <em>Theory Now. A Journal of Theory, Literature, Critique, and Thought<\/em> 1-1, 2018: 35-50.<\/p>\n<p>Barbeito Varela, Jose Manuel. \u201cEurope like Hamlet; or, <em>Hamlet<\/em> as a Mousetrap.\u201d <em>Shakespeare Lives<\/em> 25-2, 2016: 5-13.<\/p>\n<p>Barbeito Varela, Jose Manuel. <strong>\u201cEl tiempo, el amor y la celebraci\u00f3n del ser seg\u00fan \u2018Lullaby,\u2019 de W.H. Auden.\u201d<\/strong> Q<em>uaderns de Vers\u00e0lia<\/em>\u00a0W. H. Auden, 2014: 26-33.<\/p>\n<p>Barbeito Varela, Jose Manuel, Mar\u00eda Lozano Mantec\u00f3n.\u00a0<strong>\u201cMind the Gap: Modernism in Salman Rushdie\u2019s Postmodern Short Stories.\u201d\u00a0<\/strong><em>Modernism, Postmodernism, and the Short Story in English<\/em>, edited byJorge Sacido Romero. \u00c1msterdam: Rodopi \/ Brill, 2012: 175-206.<\/p>\n<p>Barbeito Varela, Jose Manuel.\u00a0<strong><a href=\"http:\/\/www.peterlang.com\/detail\/buch\/13777\/5\/11228\/\"><em>National Identities and European Literatures<\/em><\/a><\/strong>\u00a0(coedited with Jaime Feij\u00f3o, Ant\u00f3n Figuero and\u00a0Jorge Sacido). Bern: Peter Lang, 2008.<\/p>\n<p>Barbeito Varela, Jose Manuel.\u00a0<strong>\u2018Moral Realism, Radical Politics. A Commentary on Ferry Eagleton\u2019s\u00a0<em>Holy Terror<\/em>.\u2019<\/strong><em>\u00a0<\/em><em>Philosophy and Social Criticism\u00a0<\/em>34, 2008.<\/p>\n<p>Barbeito Varela, Jose Manuel.<em>\u00a0<strong>Las Br\u00f6nte y su mundo<\/strong><\/em><strong>.<\/strong> Madrid: S\u00edntesis, 2006.<\/p>\n<p>Barbeito Varela, Jose Manuel.\u00a0<strong>\u201cJohn Huston\u2019s vs. James Joyce\u2019s \u2018The dead.\u2019\u201d\u00a0<\/strong><em>Books in Motion: Adaptation, Intertextuality, Authorship<\/em>, edited by Mireia Aragay. Amsterdam: Rodopi, 2005: 145-161.\u00a0<\/p>\n<p>Barbeito Varela, Jose Manuel.<em>\u00a0<strong>El individuo y el mundo moderno: el drama de la identidad en siete cl\u00e1sicos de la literatura brit\u00e1nica<\/strong>.<\/em>\u00a0Oviedo: Septem, 2004.<\/p>\n<p><a href=\"https:\/\/books.google.es\/books?id=LRtWcTa3b_EC&amp;printsec=frontcover&amp;hl=es#v=onepage&amp;q&amp;f=false\">Barbeito Varela, Jose Manuel.\u00a0<strong><em>Feminism, Aesthetics and Subjectivity: Essays on Women and Culture in Early Twentieth-Century British Literature<\/em><\/strong><\/a>\u00a0(editor). Santiago de Compostela: Universidade de Santiago de Compostela, Servicio de Publicaci\u00f3ns e Intercambio Cient\u00edfico, 2001.<\/p>\n<p><a href=\"http:\/\/www.atlantisjournal.org\/index.php\/atlantis\/issue\/archive?issue=23-2\">Barbeito Varela, Jose Manuel.\u00a0<strong>\u201cA Conversation with Terry Eagleton.\u201d<\/strong><\/a><strong>\u00a0<\/strong><em>Atlantis<\/em> 23.2, 2001: 165-185.<\/p>\n<p>&nbsp;<\/p>\n<p>[\/et_pb_text][\/et_pb_column][\/et_pb_row][\/et_pb_section]<\/p>\n","protected":false},"excerpt":{"rendered":"<p>Jos\u00e9 Manuel Barbeito Varela\u00a0J. Manuel Barbeito Varela\u00a0\u00e9 Profesor Titular de Filolox\u00eda Inglesa na Universidade de Santiago de Compostela (USC). A s\u00faa investigaci\u00f3n c\u00e9ntrase principalmente no estudo da identidade e a subxectividade na tradici\u00f3n literaria en lingua inglesa. Nesta li\u00f1a, ten publicado sobre escritores como W. Shakespeare, J Milton, J. Swift, J. Austen, T. Hardy, W. [&hellip;]<\/p>\n","protected":false},"author":1,"featured_media":0,"parent":0,"menu_order":0,"comment_status":"closed","ping_status":"closed","template":"","meta":{"_et_pb_use_builder":"on","_et_pb_old_content":"","_et_gb_content_width":"","footnotes":""},"class_list":["post-626","page","type-page","status-publish","hentry"],"_links":{"self":[{"href":"https:\/\/discursoeidentidade.com\/index.php?rest_route=\/wp\/v2\/pages\/626","targetHints":{"allow":["GET"]}}],"collection":[{"href":"https:\/\/discursoeidentidade.com\/index.php?rest_route=\/wp\/v2\/pages"}],"about":[{"href":"https:\/\/discursoeidentidade.com\/index.php?rest_route=\/wp\/v2\/types\/page"}],"author":[{"embeddable":true,"href":"https:\/\/discursoeidentidade.com\/index.php?rest_route=\/wp\/v2\/users\/1"}],"replies":[{"embeddable":true,"href":"https:\/\/discursoeidentidade.com\/index.php?rest_route=%2Fwp%2Fv2%2Fcomments&post=626"}],"version-history":[{"count":0,"href":"https:\/\/discursoeidentidade.com\/index.php?rest_route=\/wp\/v2\/pages\/626\/revisions"}],"wp:attachment":[{"href":"https:\/\/discursoeidentidade.com\/index.php?rest_route=%2Fwp%2Fv2%2Fmedia&parent=626"}],"curies":[{"name":"wp","href":"https:\/\/api.w.org\/{rel}","templated":true}]}}