{"id":609,"date":"2016-06-07T13:17:23","date_gmt":"2016-06-07T11:17:23","guid":{"rendered":"http:\/\/discursoeidentidade.com\/?page_id=609"},"modified":"2020-10-27T12:47:26","modified_gmt":"2020-10-27T11:47:26","slug":"elsa-gonzalez-alvarez","status":"publish","type":"page","link":"https:\/\/discursoeidentidade.com\/?page_id=609","title":{"rendered":"MIEMBRO_Elsa Gonz\u00e1lez \u00c1lvarez"},"content":{"rendered":"<p>[et_pb_section fb_built=&#8221;1&#8243; inner_shadow=&#8221;on&#8221; fullwidth=&#8221;on&#8221; custom_padding_last_edited=&#8221;on|desktop&#8221; admin_label=&#8221;section&#8221; _builder_version=&#8221;4.6.1&#8243; background_color=&#8221;#153b60&#8243; custom_padding_tablet=&#8221;50px|0|50px|0&#8243; custom_padding_phone=&#8221;&#8221; transparent_background=&#8221;off&#8221; padding_mobile=&#8221;off&#8221; make_fullwidth=&#8221;off&#8221; use_custom_width=&#8221;off&#8221; width_unit=&#8221;on&#8221; custom_width_px=&#8221;1080px&#8221; custom_width_percent=&#8221;80%&#8221;][et_pb_fullwidth_header content_max_width=&#8221;none&#8221; admin_label=&#8221;T\u00cdTULO SECCI\u00d3N&#8221; _builder_version=&#8221;4.6.1&#8243; title_font=&#8221;Montserrat||||||||&#8221; background_color=&#8221;rgba(255, 255, 255, 0)&#8221; custom_padding=&#8221;||0px|||&#8221; button_one_letter_spacing_hover=&#8221;0&#8243; button_two_letter_spacing_hover=&#8221;0&#8243; button_one_text_size__hover_enabled=&#8221;off&#8221; button_two_text_size__hover_enabled=&#8221;off&#8221; button_one_text_color__hover_enabled=&#8221;off&#8221; button_two_text_color__hover_enabled=&#8221;off&#8221; button_one_border_width__hover_enabled=&#8221;off&#8221; button_two_border_width__hover_enabled=&#8221;off&#8221; button_one_border_color__hover_enabled=&#8221;off&#8221; button_two_border_color__hover_enabled=&#8221;off&#8221; button_one_border_radius__hover_enabled=&#8221;off&#8221; button_two_border_radius__hover_enabled=&#8221;off&#8221; button_one_letter_spacing__hover_enabled=&#8221;on&#8221; button_one_letter_spacing__hover=&#8221;0&#8243; button_two_letter_spacing__hover_enabled=&#8221;on&#8221; button_two_letter_spacing__hover=&#8221;0&#8243; button_one_bg_color__hover_enabled=&#8221;off&#8221; button_two_bg_color__hover_enabled=&#8221;off&#8221;]<\/p>\n<h1>Elsa Gonz\u00e1lez \u00c1lvarez\u00a0<\/h1>\n<p>[\/et_pb_fullwidth_header][\/et_pb_section][et_pb_section fb_built=&#8221;1&#8243; custom_padding_last_edited=&#8221;on|desktop&#8221; admin_label=&#8221;section&#8221; _builder_version=&#8221;4.6.1&#8243; background_color=&#8221;rgba(0,0,0,0)&#8221; custom_padding_tablet=&#8221;50px|0|50px|0&#8243; custom_padding_phone=&#8221;&#8221; transparent_background=&#8221;off&#8221; padding_mobile=&#8221;off&#8221; make_fullwidth=&#8221;off&#8221; use_custom_width=&#8221;off&#8221; width_unit=&#8221;on&#8221; custom_width_px=&#8221;1080px&#8221; custom_width_percent=&#8221;80%&#8221;][et_pb_row column_structure=&#8221;2_5,3_5&#8243; _builder_version=&#8221;4.6.1&#8243; _module_preset=&#8221;default&#8221; background_color=&#8221;#d6d6d6&#8243; width=&#8221;79.9%&#8221; custom_padding=&#8221;||27px|28px||&#8221;][et_pb_column type=&#8221;2_5&#8243; _builder_version=&#8221;4.6.1&#8243; _module_preset=&#8221;default&#8221;][et_pb_image src=&#8221;http:\/\/discursoeidentidade.com\/wp-content\/uploads\/2020\/09\/Fotografi\u0301a_Elsa.png&#8221; _builder_version=&#8221;4.6.1&#8243; _module_preset=&#8221;default&#8221; title_text=&#8221;Elsa Gonz\u00e1lez&#8221; hover_enabled=&#8221;0&#8243; sticky_enabled=&#8221;0&#8243; custom_padding=&#8221;|||63px||&#8221;][\/et_pb_image][\/et_pb_column][et_pb_column type=&#8221;3_5&#8243; _builder_version=&#8221;4.6.1&#8243; _module_preset=&#8221;default&#8221;][et_pb_text _builder_version=&#8221;4.6.1&#8243; _module_preset=&#8221;default&#8221; text_font=&#8221;Montserrat||||||||&#8221; min_height=&#8221;170px&#8221; custom_margin=&#8221;-2px|||||&#8221; custom_padding=&#8221;|95px|0px|||&#8221; hover_enabled=&#8221;0&#8243; inline_fonts=&#8221;Montserrat&#8221; sticky_enabled=&#8221;0&#8243;]<\/p>\n<p>\u00a0<strong>Elsa M\u00aa Gonz\u00e1lez \u00c1lvarez\u00a0<\/strong>\u00e9 Profesora Titular de Filolox\u00eda Inglesa na Universidade de Santiago de Compostela (USC). As s\u00faas investigaci\u00f3ns c\u00e9ntranse no estudo da adquisici\u00f3n de segundas linguas, concretamente nas innovaci\u00f3ns l\u00e9xicas que se manifestan na interlengua dos aprendices de L2. Nesta li\u00f1a, publicou traballos como <em>Adquisici\u00f3n e aprendizaxe do l\u00e9xico dunha L2<\/em> (1999), <span><em><a href=\"http:\/\/lincom-shop.eu\/LSLA-11-Interlanguage-Lexical-Innovation\" target=\"_blank\" rel=\"noopener noreferrer\">Interlanguage Lexical Innovation<\/a><\/em><\/span> (2004) ou \u201cInnovaci\u00f3n l\u00e9xica: compostos nominais na interlingua de aprendices espa\u00f1ois de ingl\u00e9s como L2\u201d (2005). Recentemente, Gonz\u00e1lez \u00c1lvarez desenvolveu investigaci\u00f3ns dentro da \u00e1rea da ling\u00fc\u00edstica contrastiva, co-editando e colaborando nos volumes <span><em><a href=\"https:\/\/benjamins.com\/#catalog\/books\/pbns.175\" target=\"_blank\" rel=\"noopener noreferrer\">Languages and Cultures in Contrast and Comparison<\/a><\/em><\/span> (2008) e \u00a0<span><em><a href=\"https:\/\/benjamins.com\/#catalog\/books\/sfsl.60\" target=\"_blank\" rel=\"noopener noreferrer\">Current Trends in Contrastive Linguistics: Functional and Cognitive Perspectives<\/a><\/em><\/span> (2008).<\/p>\n<p><strong>@: elsa.gonzalez@usc.es<\/strong><\/p>\n<p>[\/et_pb_text][\/et_pb_column][\/et_pb_row][et_pb_row _builder_version=&#8221;4.6.1&#8243; _module_preset=&#8221;default&#8221; custom_padding=&#8221;|||0px||&#8221;][et_pb_column type=&#8221;4_4&#8243; _builder_version=&#8221;4.6.1&#8243; _module_preset=&#8221;default&#8221;][et_pb_text _builder_version=&#8221;4.6.1&#8243; _module_preset=&#8221;default&#8221; text_font=&#8221;Montserrat||||||||&#8221; text_font_size=&#8221;11px&#8221; hover_enabled=&#8221;0&#8243; inline_fonts=&#8221;Montserrat&#8221; sticky_enabled=&#8221;0&#8243;]<\/p>\n<p><span style=\"color: #000000;\"><u>PUBLICACI\u00d3NS RELEVANTES:<\/u><\/span><\/p>\n<p><span style=\"color: #000000;\">\u201c<strong>The Use of Extraposition in the Written Production of Spanish Advanced Learners of English<\/strong>.\u201d (en co-autor\u00eda con Susana Doval Su\u00e1rez). <em>The Linguistics Journal <\/em><em>\u00a0<\/em>10.1 (2016): 5-27.<\/span><\/p>\n<p><span style=\"color: #000000;\"><strong><em><a href=\"https:\/\/www.equinoxpub.com\/home\/contrastive-discourse-analysis\/\" style=\"color: #000000;\">Contrastive Discourse Analysis: Functional and Corpus Perspectives<\/a><\/em>.<\/strong> Co-editado con Maite Taboada e\u00a0Susana Doval Su\u00e1rez. Sheffield: Equinox, 2013.<\/span><\/p>\n<p><span style=\"color: #000000;\">\u201c<strong>Take + Noun Sequences in Native and Learner Written Data.\u201d<\/strong> (Co-editado con Susana Doval Su\u00e1rez). <em>Revista electronica de linguistica aplicada<\/em> 10 (2011): 55-58.<\/span><\/p>\n<p><span style=\"color: #000000;\">\u201c<strong><a href=\"https:\/\/journals.equinoxpub.com\/index.php\/LHS\/article\/view\/14617\" style=\"color: #000000;\">The use of it-clefts in the written production of Spanish advanced learners of English<\/a><\/strong>.\u201d (en co-autor\u00eda con Susana Doval Su\u00e1rez). <em>Linguistics &amp; the Human Sciences <\/em>1-3 (2010): 151-171.<\/span><\/p>\n<p><span style=\"color: #000000;\"><strong><em><a href=\"https:\/\/www.benjamins.com\/#catalog\/books\/pbns.175\/main\" style=\"color: #000000;\">Languages and Cultures in Contrast and Comparison<\/a><\/em>.<\/strong> Co-editado con Mar\u00eda de los \u00c1ngeles G\u00f3mez Gonz\u00e1lez e\u00a0J. Lachlan Mackenzie. Amsterdam and Philadelphia: John Benjamins, 2008.<\/span><\/p>\n<p><span style=\"color: #000000;\"><strong><em><a href=\"https:\/\/www.benjamins.com\/#catalog\/books\/sfsl.60\/main\" style=\"color: #000000;\">Current Trends in Contrastive Linguistics: Functional and Cognitive Perspectives<\/a><\/em>.<\/strong> Co-editado con Mar\u00eda de los \u00c1ngeles G\u00f3mez Gonz\u00e1lez e\u00a0J. Lachlan Mackenzie. Amsterdam and Philadelphia: John Benjamins, 2008.<\/span><\/p>\n<p><span style=\"color: #000000;\"><strong><em><a href=\"http:\/\/lincom-shop.eu\/LSLA-11-Interlanguage-Lexical-Innovation\" style=\"color: #000000;\">Interlanguage Lexical Innovation<\/a><\/em>.<\/strong> Munich: Lincom Europa, 2004.<\/span><\/p>\n<p>[\/et_pb_text][\/et_pb_column][\/et_pb_row][\/et_pb_section]<\/p>\n","protected":false},"excerpt":{"rendered":"<p>Elsa Gonz\u00e1lez \u00c1lvarez\u00a0\u00a0Elsa M\u00aa Gonz\u00e1lez \u00c1lvarez\u00a0\u00e9 Profesora Titular de Filolox\u00eda Inglesa na Universidade de Santiago de Compostela (USC). As s\u00faas investigaci\u00f3ns c\u00e9ntranse no estudo da adquisici\u00f3n de segundas linguas, concretamente nas innovaci\u00f3ns l\u00e9xicas que se manifestan na interlengua dos aprendices de L2. Nesta li\u00f1a, publicou traballos como Adquisici\u00f3n e aprendizaxe do l\u00e9xico dunha L2 (1999), [&hellip;]<\/p>\n","protected":false},"author":1,"featured_media":0,"parent":0,"menu_order":0,"comment_status":"closed","ping_status":"closed","template":"","meta":{"_et_pb_use_builder":"on","_et_pb_old_content":"","_et_gb_content_width":"","footnotes":""},"class_list":["post-609","page","type-page","status-publish","hentry"],"_links":{"self":[{"href":"https:\/\/discursoeidentidade.com\/index.php?rest_route=\/wp\/v2\/pages\/609","targetHints":{"allow":["GET"]}}],"collection":[{"href":"https:\/\/discursoeidentidade.com\/index.php?rest_route=\/wp\/v2\/pages"}],"about":[{"href":"https:\/\/discursoeidentidade.com\/index.php?rest_route=\/wp\/v2\/types\/page"}],"author":[{"embeddable":true,"href":"https:\/\/discursoeidentidade.com\/index.php?rest_route=\/wp\/v2\/users\/1"}],"replies":[{"embeddable":true,"href":"https:\/\/discursoeidentidade.com\/index.php?rest_route=%2Fwp%2Fv2%2Fcomments&post=609"}],"version-history":[{"count":0,"href":"https:\/\/discursoeidentidade.com\/index.php?rest_route=\/wp\/v2\/pages\/609\/revisions"}],"wp:attachment":[{"href":"https:\/\/discursoeidentidade.com\/index.php?rest_route=%2Fwp%2Fv2%2Fmedia&parent=609"}],"curies":[{"name":"wp","href":"https:\/\/api.w.org\/{rel}","templated":true}]}}