{"id":586,"date":"2016-06-07T13:23:10","date_gmt":"2016-06-07T11:23:10","guid":{"rendered":"http:\/\/discursoeidentidade.com\/?page_id=586"},"modified":"2025-12-10T07:46:30","modified_gmt":"2025-12-10T06:46:30","slug":"cristina-mouron-figueroa","status":"publish","type":"page","link":"https:\/\/discursoeidentidade.com\/?page_id=586","title":{"rendered":"MIEMBRO_Cristina Mour\u00f3n Figueroa"},"content":{"rendered":"<p>[et_pb_section fb_built=&#8221;1&#8243; inner_shadow=&#8221;on&#8221; fullwidth=&#8221;on&#8221; custom_padding_last_edited=&#8221;on|desktop&#8221; admin_label=&#8221;section&#8221; _builder_version=&#8221;4.16&#8243; background_color=&#8221;#153b60&#8243; custom_padding_tablet=&#8221;50px|0|50px|0&#8243; custom_padding_phone=&#8221;&#8221; transparent_background=&#8221;off&#8221; padding_mobile=&#8221;off&#8221; make_fullwidth=&#8221;off&#8221; use_custom_width=&#8221;off&#8221; width_unit=&#8221;on&#8221; custom_width_px=&#8221;1080px&#8221; custom_width_percent=&#8221;80%&#8221; global_colors_info=&#8221;{}&#8221;][et_pb_fullwidth_header content_max_width=&#8221;none&#8221; admin_label=&#8221;T\u00cdTULO SECCI\u00d3N&#8221; _builder_version=&#8221;4.16&#8243; title_font=&#8221;Montserrat||||||||&#8221; background_color=&#8221;rgba(255, 255, 255, 0)&#8221; custom_padding=&#8221;||0px|||&#8221; button_one_letter_spacing_hover=&#8221;0&#8243; button_two_letter_spacing_hover=&#8221;0&#8243; global_colors_info=&#8221;{}&#8221; button_one_text_size__hover_enabled=&#8221;off&#8221; button_two_text_size__hover_enabled=&#8221;off&#8221; button_one_text_color__hover_enabled=&#8221;off&#8221; button_two_text_color__hover_enabled=&#8221;off&#8221; button_one_border_width__hover_enabled=&#8221;off&#8221; button_two_border_width__hover_enabled=&#8221;off&#8221; button_one_border_color__hover_enabled=&#8221;off&#8221; button_two_border_color__hover_enabled=&#8221;off&#8221; button_one_border_radius__hover_enabled=&#8221;off&#8221; button_two_border_radius__hover_enabled=&#8221;off&#8221; button_one_letter_spacing__hover_enabled=&#8221;on&#8221; button_one_letter_spacing__hover=&#8221;0&#8243; button_two_letter_spacing__hover_enabled=&#8221;on&#8221; button_two_letter_spacing__hover=&#8221;0&#8243; button_one_bg_color__hover_enabled=&#8221;off&#8221; button_two_bg_color__hover_enabled=&#8221;off&#8221;]<\/p>\n<h1>Cristina Mour\u00f3n Figueroa\u00a0\u00a0<\/h1>\n<p>[\/et_pb_fullwidth_header][\/et_pb_section][et_pb_section fb_built=&#8221;1&#8243; custom_padding_last_edited=&#8221;on|desktop&#8221; admin_label=&#8221;section&#8221; _builder_version=&#8221;4.16&#8243; background_color=&#8221;rgba(0,0,0,0)&#8221; custom_padding_tablet=&#8221;50px|0|50px|0&#8243; custom_padding_phone=&#8221;&#8221; transparent_background=&#8221;off&#8221; padding_mobile=&#8221;off&#8221; make_fullwidth=&#8221;off&#8221; use_custom_width=&#8221;off&#8221; width_unit=&#8221;on&#8221; custom_width_px=&#8221;1080px&#8221; custom_width_percent=&#8221;80%&#8221; global_colors_info=&#8221;{}&#8221;][et_pb_row column_structure=&#8221;2_5,3_5&#8243; _builder_version=&#8221;4.16&#8243; _module_preset=&#8221;default&#8221; background_color=&#8221;#d6d6d6&#8243; width=&#8221;79.9%&#8221; custom_padding=&#8221;||27px|28px||&#8221; global_colors_info=&#8221;{}&#8221;][et_pb_column type=&#8221;2_5&#8243; _builder_version=&#8221;4.16&#8243; _module_preset=&#8221;default&#8221; global_colors_info=&#8221;{}&#8221;][et_pb_image src=&#8221;https:\/\/discursoeidentidade.com\/wp-content\/uploads\/2020\/09\/IMG-20150409-WA0000.jpg&#8221; title_text=&#8221;Cristina Mour\u00f3n&#8221; _builder_version=&#8221;4.16&#8243; _module_preset=&#8221;default&#8221; min_height=&#8221;249px&#8221; custom_margin=&#8221;50px|34px||||&#8221; custom_padding=&#8221;||6px|||&#8221; global_colors_info=&#8221;{}&#8221;][\/et_pb_image][\/et_pb_column][et_pb_column type=&#8221;3_5&#8243; _builder_version=&#8221;4.16&#8243; _module_preset=&#8221;default&#8221; global_colors_info=&#8221;{}&#8221;][et_pb_text _builder_version=&#8221;4.24.0&#8243; _module_preset=&#8221;default&#8221; text_font=&#8221;Montserrat||||||||&#8221; min_height=&#8221;166px&#8221; custom_margin=&#8221;1px|||||&#8221; custom_padding=&#8221;|95px||||&#8221; inline_fonts=&#8221;Montserrat&#8221; global_colors_info=&#8221;{}&#8221;]<\/p>\n<p><span style=\"font-size: small;\"><strong>Cristina Mour\u00f3n Figueroa\u00a0<\/strong>started as a lecturer at the Department of English and German Philology, University of Santiago de Compostela (USC) in 1998. In 2002 she defended her Doctoral Dissertation (distinction <em>cum laude<\/em>) and in 2008 she became a Senior Lecturer in English Philology. Current research interests focus on two main areas: the historical, social, and cultural aspects of late medieval England analysing evidence from historical and literary sources (including English medieval theatre, based on her PhD thesis on the York Cycle) and their representation in film, television, and literary fiction. These interests align with a long-standing teaching career increasingly specialized in historical, literary, and cultural subjects. Another area of expertise concerns the historical and mythological figure of King Richard III in English culture, literature and in audiovisual media and historical fiction. For this purpose, she was awarded a Salvador de Madariaga Research Fellowship by the Spanish Ministry of Education and Science to fund the project entitled <em>Adaptations and Reinterpretations of the Historical Figure of King Richard III in Recent British Television Series and Literature: History, Fiction and Mythology<\/em> (academic year 2017\u20132018). To carry out this research, she was appointed Honorary Visiting Professor by the School of Arts at the University of Leicester (UK). In this regard, she served as a historical consultant for the theatrical production \u201cMala vida e pior morte do rei Ricardo III\u201d (Evaristo Calvo et al., dirs., 2025) and is the author of the historical fiction trilogy <em>Hijos de York<\/em> (2023). Mour\u00f3n Figueroa has widely participated in international specialised conferences, networks and research projects and has contributed largely to knowledge transfer through a significant number of talks, lectures, and seminars. She has also undertaken administrative and management tasks related to her Department and to the organisation of international conferences. She was the Head of the Department of English and German Philology (USC) between 2012 and 2016 and is a member of the scientific and cultural organisations such as The Richard III Society, SELIM and The International Arthurian Society &#8211; Rama Hisp\u00e1nica.<\/span><\/p>\n<p><span style=\"font-size: small;\"><\/span><\/p>\n<p><span style=\"font-size: small;\"><strong>@:\u00a0<a href=\"mailto:cristina.mouron@usc.es\">cristina.mouron@usc.es<\/a><\/strong><\/span><\/p>\n<p>[\/et_pb_text][et_pb_text disabled_on=&#8221;on|on|on&#8221; _builder_version=&#8221;4.24.0&#8243; _module_preset=&#8221;default&#8221; text_font=&#8221;Montserrat||||||||&#8221; min_height=&#8221;166px&#8221; custom_margin=&#8221;1px|||||&#8221; custom_padding=&#8221;|95px||||&#8221; disabled=&#8221;on&#8221; inline_fonts=&#8221;Montserrat&#8221; global_colors_info=&#8221;{}&#8221;]<\/p>\n<p><span style=\"font-size: small;\"><strong>Cristina Mour\u00f3n Figueroa\u00a0<\/strong>comezou como profesora no Departamento de Filolox\u00eda Inglesa e Alem\u00e1 da Universidade de Santiago de Compostela (USC) en 1998. En 2002 defendeu a s\u00faa tese de doutoramento (distinci\u00f3n <em>cum laude<\/em>) e en 2008 pasou a converterse en Profesora Titular de Filolox\u00eda Inglesa. Mour\u00f3n Figueroa leva impartido unha ampla variedade de materias cunha progresiva especializaci\u00f3n no campo da historia e da cultura das Illas Brit\u00e1nicas. O seu perfil investigador relaci\u00f3nase directamente co estudo da historia e a cultura da Inglaterra medieval tard\u00eda, analizando datos tanto de fontes hist\u00f3ricas como literarias. Outras li\u00f1as de investigaci\u00f3n de Mour\u00f3n Figueroa incl\u00faen: as mulleres inglesas medievais e o seu mundo, o teatro ingl\u00e9s medieval (destacando o <em>York Corpus Christi Cycle<\/em>), as\u00ed como a figura hist\u00f3rica e mitol\u00f3xica do rei Ricardo III na cultura e literatura brit\u00e1nicas. Mour\u00f3n Figueroa ten participado de forma prol\u00edfica en conferencias internacionais especializadas, as\u00ed como en redes e proxectos de investigaci\u00f3n. No curso 2017-2018 foi Profesora Visitante Honoraria na University of Leicester (Reino Unido) na que levou a cabo un proxecto de investigaci\u00f3n sobre Ricardo III ao abeiro da bolsa Salvador de Madariaga.<br \/>As\u00ed mesmo, leva desenvolvido m\u00faltiples tarefas administrativas e de xesti\u00f3n relacionadas co seu departamento e coa organizaci\u00f3n de congresos internacionais. Mour\u00f3n Figueroa foi a Directora do Departamento de Filolox\u00eda Inglesa e Alem\u00e1 (USC) entre os anos 2012 e 2016 e actualmente \u00e9 membro das organizaci\u00f3ns cient\u00edficas e culturais <a href=\"https:\/\/richardiii.net\/\" target=\"_blank\" rel=\"noopener\"><em>The Richard III Society<\/em><\/a> e <em>Sociedad Tolkien Espa\u00f1ola<\/em>. En 2023 publicou a s\u00faa primeira novela, <em>Hijos de York<\/em>, unha trilox\u00eda hist\u00f3rica sobre o rei Ricardo III.<\/span><\/p>\n<p><span style=\"font-size: small;\"><\/span><\/p>\n<p><span style=\"font-size: small;\"><strong>@:\u00a0<a href=\"mailto:cristina.mouron@usc.es\">cristina.mouron@usc.es<\/a><\/strong><\/span><\/p>\n<p>[\/et_pb_text][\/et_pb_column][\/et_pb_row][et_pb_row _builder_version=&#8221;4.16&#8243; _module_preset=&#8221;default&#8221; custom_padding=&#8221;|||0px||&#8221; global_colors_info=&#8221;{}&#8221;][et_pb_column type=&#8221;4_4&#8243; _builder_version=&#8221;4.16&#8243; _module_preset=&#8221;default&#8221; global_colors_info=&#8221;{}&#8221;][et_pb_text _builder_version=&#8221;4.24.0&#8243; _module_preset=&#8221;default&#8221; text_font=&#8221;Montserrat||||||||&#8221; text_font_size=&#8221;11px&#8221; custom_padding=&#8221;||0px|||&#8221; hover_enabled=&#8221;0&#8243; inline_fonts=&#8221;Montserrat&#8221; global_colors_info=&#8221;{}&#8221; sticky_enabled=&#8221;0&#8243;]<\/p>\n<p><strong><u>PUBLICACI\u00d3NS REPRESENTATIVAS:<\/u><\/strong><\/p>\n<p><span style=\"color: #000000; font-family: Montserrat; font-weight: normal; font-size: small;\"><strong>&#8220;\u201cLa representaci\u00f3n de la deformidad del cuerpo en \u00e9poca isabelina y su car\u00e1cter pol\u00edtico\u201d<\/strong>.Cat\u00e1logo \u201cEl Cuerpo Humano desde la Antig\u00fcedad hasta el Barroco: Ciencia, Arte y Pensamiento\u201d. Santiago de Compostela: Universidade de Santiago de Compostela, (en prensa). <a href=\"https:\/\/www.santiagoturismo.com\/files\/2024\/09\/tripticoGL.pdf\">Link<\/a><\/span>.<\/p>\n<p><span style=\"color: #000000; font-family: Montserrat; font-weight: normal; font-size: small;\">\u201c<strong>\u201cRicardo III y la representaci\u00f3n visual de su dimensi\u00f3n f\u00edsica: rumbo a la desmitificaci\u00f3n\u201d<\/strong>.\u201d <em> S\u00e9mata: Ciencias Sociais e Humanidades<\/em>.. Santiago de Compostela: Universidade de Santiago de Compostela, (en prensa). <a href=\"https:\/\/www.santiagoturismo.com\/files\/2024\/09\/tripticoGL.pdf\">Link<\/a>.<\/span><\/p>\n<p><span style=\"color: #000000; font-family: Montserrat; font-weight: normal; font-size: small;\">\u201c<strong>\u201cReinventing Noah: from the Biblical Patriarch in the York Mystery Cycle to Darren Aronofsky&#8217;s Film <em>Noah<\/em>\u201d. <\/strong>.\u201d En Gonz\u00e1lez-Alvarez. (ed). <em>Filolox\u00eda, onte, hoxe e ma\u00f1\u00e1: lingua, literatura, cultura. Formulaci\u00f3ns te\u00f3ricas, anal\u00edticas e\/ou aplicadas.<\/em> Santiago de Compostela: Universidade de Santiago de Compostela, (2025): 95-101. .<a href=\"https:\/\/discursoeidentidade.com\/wp-content\/uploads\/2015\/11\/Programa_Popular_Culture_2.pdf\">Link 1<\/a>. &#8211; <a href=\"https:\/\/selim28.wordpress.com\/wp-content\/uploads\/2016\/01\/abstractsbook.pdf\">Link 2<\/a>.<\/span><\/p>\n<p><span style=\"color: #000000; font-family: Montserrat; font-weight: normal; font-size: small;\">\u201c<strong>\u201cY aun los dragones tienen su final\u201d: Or\u00edgenes e influencias del Smaug Tolkieniano\u201d <\/strong><em>Tolkien. Un cl\u00e1sico de nuestros d\u00edas<\/em><strong>.<\/strong>.\u201d Ed. Jose M\u00aa Miranda Boto. Oviedo: Legendaria (2024): 93-117. <a href=\"https:\/\/dialnet.unirioja.es\/servlet\/articulo?codigo=9596009\">Link<\/a><\/span><\/p>\n<p><span style=\"color: #000000; font-family: Montserrat; font-weight: normal; font-size: small;\">\u201c<strong>Mujeres en profesiones m\u00e9dicas y su reputaci\u00f3n en la Inglaterra medieval: el caso de <em>Un mundo sin fin <\/em>de Ken Follet<\/strong>.\u201d<em>La mujer en la ciencia: Historia de una desigualdad. Lincom Studies in Anthropology <\/em>15. Eds. Bego\u00f1a Crespo Garc\u00eda, In\u00e9s Lareo Mart\u00edn e\u00a0Isabel Moskowich-Spiegel Fandi\u00f1o. Lincom: Europa, 2011.3-23. Localizador: <a href=\"https:\/\/dialnet.unirioja.es\/servlet\/libro?codigo=577919\">Link<\/a><\/span><\/p>\n<p><span style=\"color: #000000; font-family: Montserrat; font-weight: normal; font-size: small;\">\u201c<strong>The York Cycle and Fisterra Resurrection Plays: A Comparative Study&#8221;<\/strong>. <em>European Medieval <\/em>Drama, 15 (2011): 153-186.<\/span><\/p>\n<p><span style=\"color: #000000; font-family: Montserrat; font-weight: normal; font-size: small;\">\u201c<strong>El Auto de Resurrecci\u00f3n de Fisterra: an\u00e1lisis de una tradici\u00f3n dram\u00e1tica medieval<\/strong>.\u201d <em>Anuario Brigantino <\/em>32 (2009): 407-432.<\/span><\/p>\n<p><span style=\"color: #000000; font-family: Montserrat; font-weight: normal; font-size: small;\">\u201c<strong>Mel Gibson\u2019s <em>The Passion of the Christ<\/em> and the York Cycle: A Comparative Study of Violence as Dramatic Device<\/strong>.\u201d <em>Mediaevalia <\/em>2 (2006): 117-133.<\/span><\/p>\n<p><span style=\"color: #000000; font-family: Montserrat; font-weight: normal; font-size: small;\"><strong><em>El ciclo de York: sociedad y cultura en la Inglaterra bajomedieval<\/em><\/strong>. Santiago de Compostela: Universidade de Santiago de Compostela (2005). Servicio de Publicaci\u00f3ns da Universidade de Santiago de Compostela, (2005). Reviewed in <em>Leeds Studies in English<\/em> XXXVIII. University of Leeds, (2007), 224-227.<a href=\"https:\/\/libros-xestion.usc.gal\/index.php\/spic\/catalog\/book\/238\">Link 1<\/a> &#8211; <a href=\"https:\/\/books.google.es\/books?id=7e8rbn1cSuIC&amp;source=gbs_book_other_versions_r&amp;redir_esc=y\">Link 2<\/a><\/span><\/p>\n<p><span style=\"font-size: small; color: #000000;\"><span style=\"font-family: Montserrat;\">\u00a0<\/span><\/span><\/p>\n<p><span style=\"color: #000000;\"><span style=\"font-family: Montserrat; font-size: 13px;\"><\/span><\/span><\/p>\n<p>[\/et_pb_text][et_pb_text disabled_on=&#8221;on|on|on&#8221; _builder_version=&#8221;4.24.0&#8243; _module_preset=&#8221;default&#8221; text_font=&#8221;Montserrat||||||||&#8221; text_font_size=&#8221;11px&#8221; custom_padding=&#8221;||0px|||&#8221; disabled=&#8221;on&#8221; inline_fonts=&#8221;Montserrat&#8221; global_colors_info=&#8221;{}&#8221;]<\/p>\n<p><strong><u>PUBLICACI\u00d3NS REPRESENTATIVAS:<\/u><\/strong><\/p>\n<p><span style=\"color: #000000; font-family: Montserrat; font-weight: normal; font-size: small;\"><strong>&#8220;Y a\u00fan los dragones tienen su final&#8221;. Or\u00edgenes e influencias del Smaug Tolkieniano&#8221;<\/strong>. <em>Tolkien, un cl\u00e1sico de nuestros d\u00edas<\/em>. Ed. Jos\u00e9 Mar\u00eda Miranda Boto. Oviedo: Legendaria (2024) [en prensa].<\/span><span style=\"color: #000000; font-family: Montserrat; font-weight: normal; font-size: small;\"><\/span><\/p>\n<p><span style=\"color: #000000; font-family: Montserrat; font-weight: normal; font-size: small;\">\u201c<strong><a href=\"https:\/\/www.barbantia.es\/www\/cont\/wp-content\/uploads\/2013\/02\/anuario_barbantia_2012.pdf\" target=\"_blank\" rel=\"noopener noreferrer\" style=\"color: #000000;\">As d\u00fabidas de Xos\u00e9 sobre Mar\u00eda. Traduci\u00f3n ao galego de <em>Jospeh&#8217;s Trouble about Mary<\/em> do <em>York Cycle<\/em><\/a><\/strong>.\u201d <em> Anuario de estudos do Barbanza<\/em>, 8 (2012): 153-166.<\/span><\/p>\n<p><span style=\"color: #000000; font-family: Montserrat; font-weight: normal; font-size: small;\">\u201c<strong>Mujeres en profesiones m\u00e9dicas y su reputaci\u00f3n en la Inglaterra medieval: el caso de <em>Un mundo sin fin <\/em>de Ken Follet<\/strong>.\u201d <a href=\"http:\/\/lincom-shop.eu\/epages\/57709feb-b889-4707-b2ce-c666fc88085d.sf\/fr_FR\/?ObjectPath=\/Shops\/57709feb-b889-4707-b2ce-c666fc88085d\/Products\/%22ISBN%209783862881017%22\" target=\"_blank\" rel=\"noopener noreferrer\" style=\"color: #000000;\"><em>La mujer en la ciencia: Historia de una desigualdad. Lincom Studies in Anthropology <\/em>15<\/a>. Eds. Bego\u00f1a Crespo Garc\u00eda, In\u00e9s Lareo Mart\u00edn e\u00a0Isabel Moskowich-Spiegel Fandi\u00f1o. Lincom: Europa, 2011.3-23. Localizador: <a href=\"https:\/\/dialnet.unirioja.es\/servlet\/libro?codigo=577919\">https:\/\/dialnet.unirioja.es\/servlet\/libro?codigo=577919<\/a><\/span><\/p>\n<p><span style=\"color: #000000; font-family: Montserrat; font-weight: normal; font-size: small;\">\u201c<strong><a href=\"https:\/\/www.brepolsonline.net\/doi\/10.1484\/J.EMD.1.102938\" target=\"_blank\" rel=\"noopener noreferrer\" style=\"color: #000000;\">The York Cycle and Fisterra Resurrection Plays: A Comparative Study<\/a><\/strong>.\u201d <em>European Medieval <\/em>Drama, 15 (2011): 153-186.<\/span><\/p>\n<p><span style=\"color: #000000; font-family: Montserrat; font-weight: normal; font-size: small;\"><strong><a href=\"http:\/\/dialnet.unirioja.es\/servlet\/libro?codigo=497755\" target=\"_blank\" rel=\"noopener noreferrer\" style=\"color: #000000;\"><em>A Arca de No\u00e9. Traduci\u00f3n ao galego de \u201cNoah\u2019s Ark\u201d do Newcastle (non-cycle) Play e \u201cThe Fall of Angels\u201d (do York Cycle)<\/em><\/a><\/strong> (en co-autor\u00eda con Bego\u00f1a Crespo e\u00a0Isabel Moskowich). Betanzos: Biblioteca Arquivo Teatral Francisco Pillado Mayor, 2011.<\/span><\/p>\n<p><span style=\"color: #000000; font-family: Montserrat; font-weight: normal; font-size: small;\">\u201c<strong>El Auto de Resurrecci\u00f3n de Fisterra: an\u00e1lisis de una tradici\u00f3n dram\u00e1tica medieval<\/strong>.\u201d <em>Anuario Brigantino <\/em>32 (2009): 407-432.<\/span><\/p>\n<p><span style=\"color: #000000; font-family: Montserrat; font-weight: normal; font-size: small;\">\u201c<a href=\"https:\/\/www.pdcnet.org\/mediaevalia\/content\/mediaevalia_2006_0027_0002_0117_0133\" target=\"_blank\" rel=\"noopener noreferrer\" style=\"color: #000000;\"><strong>Mel Gibson\u2019s <em>The Passion of the Christ<\/em> and the York Cycle: A Comparative Study of Violence as Dramatic Device<\/strong>.<\/a>\u201d <em>Mediaevalia <\/em>2 (2006): 117-133.<\/span><\/p>\n<p><span style=\"color: #000000; font-family: Montserrat; font-weight: normal; font-size: small;\"><strong><em>El ciclo de York: sociedad y cultura en la Inglaterra bajomedieval<\/em><\/strong>. Santiago de Compostela: Universidade de Santiago de Compostela (2005).<\/span><\/p>\n<p><span style=\"font-size: small; color: #000000;\"><span style=\"font-family: Montserrat;\">\u00a0<\/span><\/span><\/p>\n<p><span style=\"color: #000000;\"><span style=\"font-family: Montserrat; font-size: 13px;\"><\/span><\/span><\/p>\n<p>[\/et_pb_text][\/et_pb_column][\/et_pb_row][\/et_pb_section]<\/p>\n","protected":false},"excerpt":{"rendered":"<p>Cristina Mour\u00f3n Figueroa\u00a0\u00a0Cristina Mour\u00f3n Figueroa\u00a0started as a lecturer at the Department of English and German Philology, University of Santiago de Compostela (USC) in 1998. In 2002 she defended her Doctoral Dissertation (distinction cum laude) and in 2008 she became a Senior Lecturer in English Philology. Current research interests focus on two main areas: the historical, [&hellip;]<\/p>\n","protected":false},"author":1,"featured_media":0,"parent":0,"menu_order":0,"comment_status":"closed","ping_status":"closed","template":"","meta":{"_et_pb_use_builder":"on","_et_pb_old_content":"","_et_gb_content_width":"","footnotes":""},"class_list":["post-586","page","type-page","status-publish","hentry"],"_links":{"self":[{"href":"https:\/\/discursoeidentidade.com\/index.php?rest_route=\/wp\/v2\/pages\/586","targetHints":{"allow":["GET"]}}],"collection":[{"href":"https:\/\/discursoeidentidade.com\/index.php?rest_route=\/wp\/v2\/pages"}],"about":[{"href":"https:\/\/discursoeidentidade.com\/index.php?rest_route=\/wp\/v2\/types\/page"}],"author":[{"embeddable":true,"href":"https:\/\/discursoeidentidade.com\/index.php?rest_route=\/wp\/v2\/users\/1"}],"replies":[{"embeddable":true,"href":"https:\/\/discursoeidentidade.com\/index.php?rest_route=%2Fwp%2Fv2%2Fcomments&post=586"}],"version-history":[{"count":7,"href":"https:\/\/discursoeidentidade.com\/index.php?rest_route=\/wp\/v2\/pages\/586\/revisions"}],"predecessor-version":[{"id":8972,"href":"https:\/\/discursoeidentidade.com\/index.php?rest_route=\/wp\/v2\/pages\/586\/revisions\/8972"}],"wp:attachment":[{"href":"https:\/\/discursoeidentidade.com\/index.php?rest_route=%2Fwp%2Fv2%2Fmedia&parent=586"}],"curies":[{"name":"wp","href":"https:\/\/api.w.org\/{rel}","templated":true}]}}