{"id":5470,"date":"2020-12-10T17:36:48","date_gmt":"2020-12-10T16:36:48","guid":{"rendered":"http:\/\/discursoeidentidade.com?page_id=5470"},"modified":"2024-03-11T12:51:05","modified_gmt":"2024-03-11T11:51:05","slug":"5470-2","status":"publish","type":"page","link":"https:\/\/discursoeidentidade.com\/?page_id=5470","title":{"rendered":"MIEMBRO IFP_Ant\u00eda Rom\u00e1n Sotelo"},"content":{"rendered":"<p>[et_pb_section fb_built=&#8221;1&#8243; inner_shadow=&#8221;on&#8221; fullwidth=&#8221;on&#8221; custom_padding_last_edited=&#8221;on|desktop&#8221; admin_label=&#8221;section&#8221; _builder_version=&#8221;4.16&#8243; background_color=&#8221;#153b60&#8243; custom_padding_tablet=&#8221;50px|0|50px|0&#8243; custom_padding_phone=&#8221;&#8221; transparent_background=&#8221;off&#8221; padding_mobile=&#8221;off&#8221; make_fullwidth=&#8221;off&#8221; use_custom_width=&#8221;off&#8221; width_unit=&#8221;on&#8221; custom_width_px=&#8221;1080px&#8221; custom_width_percent=&#8221;80%&#8221; global_colors_info=&#8221;{}&#8221;][et_pb_fullwidth_header content_max_width=&#8221;none&#8221; admin_label=&#8221;T\u00cdTULO SECCI\u00d3N&#8221; _builder_version=&#8221;4.16&#8243; title_font=&#8221;Montserrat||||||||&#8221; background_color=&#8221;rgba(255, 255, 255, 0)&#8221; custom_padding=&#8221;||0px|||&#8221; button_one_letter_spacing_hover=&#8221;0&#8243; button_two_letter_spacing_hover=&#8221;0&#8243; global_colors_info=&#8221;{}&#8221; button_one_text_size__hover_enabled=&#8221;off&#8221; button_two_text_size__hover_enabled=&#8221;off&#8221; button_one_text_color__hover_enabled=&#8221;off&#8221; button_two_text_color__hover_enabled=&#8221;off&#8221; button_one_border_width__hover_enabled=&#8221;off&#8221; button_two_border_width__hover_enabled=&#8221;off&#8221; button_one_border_color__hover_enabled=&#8221;off&#8221; button_two_border_color__hover_enabled=&#8221;off&#8221; button_one_border_radius__hover_enabled=&#8221;off&#8221; button_two_border_radius__hover_enabled=&#8221;off&#8221; button_one_letter_spacing__hover_enabled=&#8221;on&#8221; button_one_letter_spacing__hover=&#8221;0&#8243; button_two_letter_spacing__hover_enabled=&#8221;on&#8221; button_two_letter_spacing__hover=&#8221;0&#8243; button_one_bg_color__hover_enabled=&#8221;off&#8221; button_two_bg_color__hover_enabled=&#8221;off&#8221;]<\/p>\n<h1>Ant\u00eda Rom\u00e1n Sotelo<\/h1>\n<p>[\/et_pb_fullwidth_header][\/et_pb_section][et_pb_section fb_built=&#8221;1&#8243; custom_padding_last_edited=&#8221;on|desktop&#8221; admin_label=&#8221;section&#8221; _builder_version=&#8221;4.16&#8243; background_color=&#8221;rgba(0,0,0,0)&#8221; custom_padding_tablet=&#8221;50px|0|50px|0&#8243; custom_padding_phone=&#8221;&#8221; transparent_background=&#8221;off&#8221; padding_mobile=&#8221;off&#8221; make_fullwidth=&#8221;off&#8221; use_custom_width=&#8221;off&#8221; width_unit=&#8221;on&#8221; custom_width_px=&#8221;1080px&#8221; custom_width_percent=&#8221;80%&#8221; global_colors_info=&#8221;{}&#8221;][et_pb_row column_structure=&#8221;2_5,3_5&#8243; _builder_version=&#8221;4.16&#8243; _module_preset=&#8221;default&#8221; background_color=&#8221;#d6d6d6&#8243; width=&#8221;79.9%&#8221; custom_padding=&#8221;||27px|28px||&#8221; global_colors_info=&#8221;{}&#8221;][et_pb_column type=&#8221;2_5&#8243; _builder_version=&#8221;4.16&#8243; _module_preset=&#8221;default&#8221; global_colors_info=&#8221;{}&#8221;][et_pb_image src=&#8221;https:\/\/discursoeidentidade.com\/wp-content\/uploads\/2020\/12\/antia-roma\u0301n-scaled-e1607617971774.jpg&#8221; title_text=&#8221;Processed with VSCO with g3 preset&#8221; _builder_version=&#8221;4.16&#8243; _module_preset=&#8221;default&#8221; min_height=&#8221;299px&#8221; custom_margin=&#8221;26px|||||&#8221; custom_padding=&#8221;|||34px||&#8221; global_colors_info=&#8221;{}&#8221;][\/et_pb_image][\/et_pb_column][et_pb_column type=&#8221;3_5&#8243; _builder_version=&#8221;4.16&#8243; _module_preset=&#8221;default&#8221; global_colors_info=&#8221;{}&#8221;][et_pb_text _builder_version=&#8221;4.16&#8243; _module_preset=&#8221;default&#8221; text_font=&#8221;Montserrat||||||||&#8221; min_height=&#8221;117px&#8221; custom_margin=&#8221;-5px|||||&#8221; custom_padding=&#8221;|95px||||&#8221; inline_fonts=&#8221;Montserrat&#8221; global_colors_info=&#8221;{}&#8221;]<\/p>\n<div><b>Ant\u00eda Rom\u00e1n Sotelo<\/b> graduouse en Lingua e Literatura Inglesas pola Universidade de Santiago de Compostela (2018), onde obtivo tam\u00e9n o Mestrado en Estudos Ingleses Avanzados e as s\u00faas Aplicaci\u00f3ns (2019). Actualmente, est\u00e1 traballando na s\u00faa tese doutoral baixo a supervisi\u00f3n da profesora Laura Lojo Rodr\u00edguez e cun contrato predoutoral concedido polo Ministerio de Universidades. A s\u00faa tese, que leva por t\u00edtulo provisional &#8220;Reverberations of Trauma: The Great War Revisited in Contemporary Irish Literature&#8221;, examina as causas hist\u00f3ricas, pol\u00edticas e sociais que contribu\u00edron ao esquecemento da participaci\u00f3n irlandesa na Gran Guerra, analizando o concepto de &#8216;trauma&#8217; con relaci\u00f3n \u00e1 represi\u00f3n do suceso.<span>Dita tese pretende dar visibilidade aos autores\/as contempor\u00e1neos que decidiron abordar o conflicto como parte dun proceso de reconciliaci\u00f3n co pasado, e analizar as estratexias discursivas das que se serve a literatura para expresar o que <\/span>adoita<b>\u00a0<\/b><span>permanecer oculto.\u00a0<\/span><span>As principais li\u00f1as de investigaci\u00f3n de Rom\u00e1n Sotelo incl\u00faen os estudos de trauma, o poscolonialismo e a literatura irlandesa.<\/span><\/div>\n<div><span><\/span><\/div>\n<div><span><\/span><\/div>\n<div><span><\/span><\/div>\n<div><span><\/span><\/div>\n<div><span><\/span><\/div>\n<div><span><\/span><\/div>\n<div><span><\/span><\/div>\n<div><span><\/span><\/div>\n<div><\/div>\n<div><strong>@: <a href=\"mailto:antia.roman.sotelo@usc.es\">antia.roman.sotelo@usc.es<\/a><\/strong><\/div>\n<p>[\/et_pb_text][\/et_pb_column][\/et_pb_row][et_pb_row _builder_version=&#8221;4.16&#8243; _module_preset=&#8221;default&#8221; custom_padding=&#8221;|||0px||&#8221; global_colors_info=&#8221;{}&#8221;][et_pb_column type=&#8221;4_4&#8243; _builder_version=&#8221;4.16&#8243; _module_preset=&#8221;default&#8221; global_colors_info=&#8221;{}&#8221;][et_pb_text _builder_version=&#8221;4.24.0&#8243; _module_preset=&#8221;default&#8221; text_font=&#8221;Montserrat||||||||&#8221; text_font_size=&#8221;11px&#8221; custom_padding=&#8221;0px||7px|||&#8221; hover_enabled=&#8221;0&#8243; inline_fonts=&#8221;Montserrat&#8221; global_colors_info=&#8221;{}&#8221; sticky_enabled=&#8221;0&#8243;]<\/p>\n<div>\n<p><strong>PARTICIPACI\u00d3N EN CONGRESOS<\/strong><\/p>\n<p>&nbsp;<\/p>\n<\/div>\n<p><strong>&#8220;&#8216;To Ride on the Coattails of Anger over Brexit and the Border?&#8217;: The Northern Ireland Question Through Rosemary Jenkinson&#8217;s &#8216;The Night They Shot the Journalist&#8217;.&#8221;<\/strong> Presentada en <i>46th AEDEAN Conference<\/i>, Universidad de Las Palmas de Gran Canaria, 8-10 de novembro de 2023<\/p>\n<p><strong>&#8220;&#8216;Change Isn&#8217;t Always Good&#8217;: The Resurgence of Tensions in Post-Brexit Northern Ireland Through Rosemary Jenkinsons&#8217;s &#8216;Portrait of a European City&#8217;.&#8221; <\/strong>Presentada na conferencia<i>\u00a0BrexLit: Writing the British Border in Times of Crisis<\/i>, Universidade de Santiago de Compostela, 6-7 de xullo de 2023<br \/><strong>&#8220;&#8216;The Fragmented Birth of the New&#8217;: Constructing Irishness from a Liminal Space in Mary O&#8217;Donnell&#8217;s &#8216;The Unchosen&#8217;.&#8221; <\/strong>Presentada na conferencia internacional <i>Mapping Brevity across Borders: Short Forms as Tools for Educational, Social and Cultural Mediation<\/i>,\u00a0Universidade de Santiago de Compostela,\u00a04-5 de xullo de 2022<\/p>\n<p><strong>&#8220;&#8216;To Think a Woman Had So Much Power and Not Know It&#8217;: Margaret&#8217;s Journey in Mary O&#8217;Donnell&#8217;s &#8216;Empire&#8217;.&#8221; <\/strong>Presentada na conferencia internacional (<i>De)Writing the Borderland: Human and Non-Human Liminal Identities<\/i>, Universidades de Santiago de Compostela e Vigo, 13-14 de xaneiro de 2022<strong><\/strong><\/p>\n<p><strong>&#8220;&#8216;Poor Useless Cannon Fodder&#8217;: Ireland&#8217;s Forgotten Great War Stories Through Liam O&#8217;Flaherty&#8217;s &#8216;The Discarded Soldier&#8217; and &#8216;The Alien Skull&#8217;.&#8221;<\/strong> Presentada en <i>44th AEDEAN Conference<\/i>, Universidad de Cantabria, 24-26 de novembro de 2021<strong><\/strong><\/p>\n<p><strong>&#8220;&#8216;Your Cause Is a Just Cause Too&#8217;: Great War Irish Literature and Trauma in Mary O&#8217;Donnell&#8217;s &#8216;Fortune on a Fair Day&#8217;.&#8221;<\/strong> Presentada na conferencia internacional <i>Rewriting War and Peace in the Twentieth and Twenty-First Centuries: Contemporary British and American Literature<\/i>, Universitat Aut\u00f2noma de Barcelona, 8-9 de setembro de 2021<strong><\/strong><\/p>\n<p><strong>&#8220;&#8216;Perhaps They Have Forgotten&#8217;: The Rejection of Irish Soldiers and Writers of the Great War Through Sean O&#8217;Casey&#8217;s <i>The Silver Tassie<\/i>.&#8221;<\/strong> Presentada en <i>19th International AEDEI Conference: Silences and Inconvenient Truths in Irish Culture and Society<\/i>, Universidade de Vigo, 27-28 de maio de 2021<\/p>\n<div>\n<p><strong><\/strong><\/p>\n<p><strong><\/strong><\/p>\n<p><strong><\/strong><\/p>\n<p><strong>PUBLICACIONS<\/strong><\/p>\n<p><strong><\/strong><\/p>\n<\/div>\n<p><strong>&#8220;Review: The Poison Glen, by Annemarie N\u00ed Churre\u00e1in&#8221;<\/strong>, en <i>ABEI Journal: The Brazilian Journal of Irish Studies<\/i>, 23, 255-257. ISSN: 1518-0581. eISSN: 2595-8127. DOI: 10.37389\/abei.v23i2.197804. 2022<strong><br \/><\/strong><\/p>\n<p><strong>&#8220;Irish Identities Revisited in Mary O&#8217;Donnell&#8217;s &#8216;Empire'&#8221;<\/strong>, en <i>Estudios Irlandeses<\/i>, 17, 90-100. ISSN: 1699-311X. DOI: 10.24162\/EI2022-10694<strong>. <\/strong>2020.<strong><\/strong><\/p>\n<p><strong>&#8220;&#8216;A Struggle with the Unfamiliar&#8217;: Irish Migration and Identity in Colm T\u00f3ib\u00edn&#8217;s <i>Brooklyn<\/i>&#8220;,<\/strong> en <i>Thresholds and Ways Forward in English Studies<\/i>, 158-166. ISBN 978-84-1302-079-2. DOI: 10.14198\/pua.2020.twfes.15. 2020<\/p>\n<p><strong>&#8220;From Colony to Uprising: Ireland&#8217;s Liminal State Through Mary O&#8217;Donnell&#8217;s <i>Empire<\/i>.&#8221;<\/strong> Presentada na conferencia <i>Liminal Identities: Nature, Culture and Society<\/i>, Universidade de Santiago de Compostela, 5 de outubro de 2020.<\/p>\n<p><strong>&#8220;&#8216;Playing at Being Empire&#8217;: Victims of Imperialist Ideology in Mary O&#8217;Donnell&#8217;s &#8216;Empire&#8217;.&#8221;<\/strong> Presentada na conferencia internacional <i>Language and Violence: Literary Meditations in the Age of the Anthropocene<\/i>, Universidade de Vigo, 16-17 de xaneiro de 2020.<\/p>\n<p><strong>&#8220;&#8216;A Struggle with the Unfamiliar&#8217;: Irish Migration and Identity in Colm T\u00f3ib\u00edn&#8217;s <i>Brooklyn<\/i>.&#8221;<\/strong> Presentada en <i>43rd AEDEAN Conference<\/i>, Universitat d&#8217;Alacant, 13-15 de novembro de 2019.<\/p>\n<p><strong>&#8220;Reverberations of Trauma Through Irish Literature of the Great War.&#8221;<\/strong> Presentada na conferencia internacional <i>Ireland, the Revolution and the First World War: Continuities, Ruptures and Legacies (1913-1919)<\/i>, Centre Culturel Irlandais de Paris, 27 de xu\u00f1o de 2019.<\/p>\n<p>[\/et_pb_text][\/et_pb_column][\/et_pb_row][\/et_pb_section]<\/p>\n","protected":false},"excerpt":{"rendered":"<p>Ant\u00eda Rom\u00e1n SoteloAnt\u00eda Rom\u00e1n Sotelo graduouse en Lingua e Literatura Inglesas pola Universidade de Santiago de Compostela (2018), onde obtivo tam\u00e9n o Mestrado en Estudos Ingleses Avanzados e as s\u00faas Aplicaci\u00f3ns (2019). Actualmente, est\u00e1 traballando na s\u00faa tese doutoral baixo a supervisi\u00f3n da profesora Laura Lojo Rodr\u00edguez e cun contrato predoutoral concedido polo Ministerio de [&hellip;]<\/p>\n","protected":false},"author":1,"featured_media":0,"parent":0,"menu_order":0,"comment_status":"closed","ping_status":"closed","template":"","meta":{"_et_pb_use_builder":"on","_et_pb_old_content":"","_et_gb_content_width":"","footnotes":""},"class_list":["post-5470","page","type-page","status-publish","hentry"],"_links":{"self":[{"href":"https:\/\/discursoeidentidade.com\/index.php?rest_route=\/wp\/v2\/pages\/5470","targetHints":{"allow":["GET"]}}],"collection":[{"href":"https:\/\/discursoeidentidade.com\/index.php?rest_route=\/wp\/v2\/pages"}],"about":[{"href":"https:\/\/discursoeidentidade.com\/index.php?rest_route=\/wp\/v2\/types\/page"}],"author":[{"embeddable":true,"href":"https:\/\/discursoeidentidade.com\/index.php?rest_route=\/wp\/v2\/users\/1"}],"replies":[{"embeddable":true,"href":"https:\/\/discursoeidentidade.com\/index.php?rest_route=%2Fwp%2Fv2%2Fcomments&post=5470"}],"version-history":[{"count":0,"href":"https:\/\/discursoeidentidade.com\/index.php?rest_route=\/wp\/v2\/pages\/5470\/revisions"}],"wp:attachment":[{"href":"https:\/\/discursoeidentidade.com\/index.php?rest_route=%2Fwp%2Fv2%2Fmedia&parent=5470"}],"curies":[{"name":"wp","href":"https:\/\/api.w.org\/{rel}","templated":true}]}}