{"id":5401,"date":"2020-12-04T10:28:35","date_gmt":"2020-12-04T09:28:35","guid":{"rendered":"http:\/\/discursoeidentidade.com?page_id=5401"},"modified":"2026-01-08T01:07:09","modified_gmt":"2026-01-08T00:07:09","slug":"membro-ifp_elena-guerreira-labrador","status":"publish","type":"page","link":"https:\/\/discursoeidentidade.com\/?page_id=5401","title":{"rendered":"MIEMBRO IFP_Elena Guerreira Labrador"},"content":{"rendered":"<p>[et_pb_section fb_built=&#8221;1&#8243; inner_shadow=&#8221;on&#8221; fullwidth=&#8221;on&#8221; custom_padding_last_edited=&#8221;on|desktop&#8221; admin_label=&#8221;section&#8221; _builder_version=&#8221;4.6.1&#8243; background_color=&#8221;#153b60&#8243; custom_padding_tablet=&#8221;50px|0|50px|0&#8243; custom_padding_phone=&#8221;&#8221; transparent_background=&#8221;off&#8221; padding_mobile=&#8221;off&#8221; make_fullwidth=&#8221;off&#8221; use_custom_width=&#8221;off&#8221; width_unit=&#8221;on&#8221; custom_width_px=&#8221;1080px&#8221; custom_width_percent=&#8221;80%&#8221;][et_pb_fullwidth_header content_max_width=&#8221;none&#8221; admin_label=&#8221;T\u00cdTULO SECCI\u00d3N&#8221; _builder_version=&#8221;4.6.1&#8243; title_font=&#8221;Montserrat||||||||&#8221; background_color=&#8221;rgba(255, 255, 255, 0)&#8221; custom_padding=&#8221;||0px|||&#8221; button_one_letter_spacing_hover=&#8221;0&#8243; button_two_letter_spacing_hover=&#8221;0&#8243; button_one_text_size__hover_enabled=&#8221;off&#8221; button_two_text_size__hover_enabled=&#8221;off&#8221; button_one_text_color__hover_enabled=&#8221;off&#8221; button_two_text_color__hover_enabled=&#8221;off&#8221; button_one_border_width__hover_enabled=&#8221;off&#8221; button_two_border_width__hover_enabled=&#8221;off&#8221; button_one_border_color__hover_enabled=&#8221;off&#8221; button_two_border_color__hover_enabled=&#8221;off&#8221; button_one_border_radius__hover_enabled=&#8221;off&#8221; button_two_border_radius__hover_enabled=&#8221;off&#8221; button_one_letter_spacing__hover_enabled=&#8221;on&#8221; button_one_letter_spacing__hover=&#8221;0&#8243; button_two_letter_spacing__hover_enabled=&#8221;on&#8221; button_two_letter_spacing__hover=&#8221;0&#8243; button_one_bg_color__hover_enabled=&#8221;off&#8221; button_two_bg_color__hover_enabled=&#8221;off&#8221;]<\/p>\n<h1>Elena Guerreira Labrador<\/h1>\n<p>[\/et_pb_fullwidth_header][\/et_pb_section][et_pb_section fb_built=&#8221;1&#8243; custom_padding_last_edited=&#8221;on|desktop&#8221; admin_label=&#8221;section&#8221; _builder_version=&#8221;4.7.3&#8243; background_color=&#8221;rgba(0,0,0,0)&#8221; custom_padding_tablet=&#8221;50px|0|50px|0&#8243; custom_padding_phone=&#8221;&#8221; transparent_background=&#8221;off&#8221; padding_mobile=&#8221;off&#8221; make_fullwidth=&#8221;off&#8221; use_custom_width=&#8221;off&#8221; width_unit=&#8221;on&#8221; custom_width_px=&#8221;1080px&#8221; custom_width_percent=&#8221;80%&#8221;][et_pb_row column_structure=&#8221;2_5,3_5&#8243; _builder_version=&#8221;4.9.0&#8243; _module_preset=&#8221;default&#8221; background_color=&#8221;#d6d6d6&#8243; width=&#8221;79.9%&#8221; custom_padding=&#8221;||27px|28px||&#8221; hover_enabled=&#8221;0&#8243; sticky_enabled=&#8221;0&#8243;][et_pb_column type=&#8221;2_5&#8243; _builder_version=&#8221;4.6.1&#8243; _module_preset=&#8221;default&#8221;][et_pb_image src=&#8221;http:\/\/discursoeidentidade.com\/wp-content\/uploads\/2020\/09\/Imagen-JPEG-e1600677275106-300&#215;300.jpeg&#8221; title_text=&#8221;Imagen JPEG&#8221; _builder_version=&#8221;4.9.0&#8243; _module_preset=&#8221;default&#8221; min_height=&#8221;299px&#8221; custom_margin=&#8221;26px|22px|3px|||&#8221; custom_padding=&#8221;||3px|34px||&#8221; hover_enabled=&#8221;0&#8243; sticky_enabled=&#8221;0&#8243; width=&#8221;100%&#8221;][\/et_pb_image][\/et_pb_column][et_pb_column type=&#8221;3_5&#8243; _builder_version=&#8221;4.6.1&#8243; _module_preset=&#8221;default&#8221;][et_pb_text _builder_version=&#8221;4.6.1&#8243; _module_preset=&#8221;default&#8221; text_font=&#8221;Montserrat||||||||&#8221; min_height=&#8221;117px&#8221; custom_margin=&#8221;-5px|||||&#8221; custom_padding=&#8221;|95px||||&#8221; inline_fonts=&#8221;Montserrat&#8221;]<\/p>\n<p><strong>Elena Guerreira Labrador<\/strong> ten un grao en Lingua e Literatura Inglesas (2017) e un mestrado en Estudos Avanzados Ingleses (2018), \u00e1mbolos dous outorgados pola Universidade de Santiago de Compostela. Guerreira Labrador tam\u00e9n participou no programa ERASMUS, xa que estudou un curso acad\u00e9mico na Universidade de Essex, Reino Unido (2015-2016). Elena Guerreira Labrador traballa actualmente na s\u00faa tese de doutoramento baixo a supervisi\u00f3n de Dra. Laura Mar\u00eda Lojo Rodr\u00edguez e Dr. Mario Cal Varela. Titulada <em>Identidade e x\u00e9nero na narrativa breve de autoras brit\u00e1nicas contempor\u00e1neas, <\/em>a s\u00faa tese explora as intersecci\u00f3ns entre x\u00e9nero narrativo e x\u00e9nero sexual, as\u00ed como o concepto de liminalidade como descripci\u00f3n de identidades e situaci\u00f3ns transitorias, flu\u00eddas ou intermedias en termos de x\u00e9nero e etnia, na narrativa breve escrita pola autora escocesa contempor\u00e1nea Jackie Kay. As intereses de investigaci\u00f3n principais de Guerreira Labrador incl\u00faen a literatura brit\u00e1nica contempor\u00e1nea, o postcolonialismo, a narrativa breve e os estudos de x\u00e9nero. Guerreira Labrador tam\u00e9n traballou no eido da socioling\u00fc\u00edstica, xa que participou nun proxecto desta \u00e1rea cunha bolsa de colaboraci\u00f3n do Ministerio de Educaci\u00f3n (2017) durante o \u00faltimo ano do seu grao universitario. No presente, Guerreira Labrador traballa no Departamento de Filolox\u00eda Inglesa e Alem\u00e1 da USC cun contrato FPU de car\u00e1cter estatal, que foi outorgado no ano 2018. Dende outubro de 2020, levar\u00e1 a cabo a s\u00faa estancia predoutoral de investigaci\u00f3n no estranxeiro, na Universidade do Minho, Portugal, durante tres meses.<\/p>\n<p>&nbsp;<\/p>\n<p><strong>@:\u00a0elena.guerreira.labrador@usc.es<\/strong><\/p>\n<p>[\/et_pb_text][\/et_pb_column][\/et_pb_row][et_pb_row _builder_version=&#8221;4.6.1&#8243; _module_preset=&#8221;default&#8221; custom_padding=&#8221;|||0px||&#8221;][et_pb_column type=&#8221;4_4&#8243; _builder_version=&#8221;4.6.1&#8243; _module_preset=&#8221;default&#8221;][et_pb_text _builder_version=&#8221;4.6.1&#8243; _module_preset=&#8221;default&#8221; text_font=&#8221;Montserrat||||||||&#8221; text_font_size=&#8221;11px&#8221; custom_padding=&#8221;0px||7px|||&#8221; inline_fonts=&#8221;Montserrat&#8221;]<\/p>\n<p><strong><i>Gender and Identity in the Short Fiction of Contemporary British Women Writers<\/i>. Tea Seminars 2020-2021 (1st session)<\/strong> &#8211; CEHUM do ILCH, Universidade do Minho (17-11-2020).  <a href=\"https:\/\/bhadbhabieonlyfans.blog\/\" target=\"_blank\">bhad bhabie now<\/a><\/p>\n<p><strong>Childhood Trauma and Self-Search in Jackie Kay\u2019s \u201cBig Milk\u201d.<\/strong> Conference <i>Liminal Identities: Nature, Culture and Society <\/i>(05-10-2020).<\/p>\n<p><strong>\u201cEffects of Slavery on Female Characters in Toni Morrison\u2019s <em>Beloved<\/em>\u201d,<\/strong> Seminar <em>Reading the Gendered Body: Body Spaces and Borders in Cultural Productions<\/em>. Universidade de Santiago de Compostela, 20-04-2018.<\/p>\n<p><strong>\u201cSwearing among British teenagers: A gender corpus-based analysis\u201d<\/strong>, Conference <em>ICNICE 2018: Pushing English to the limit. Innovation, creativity and communicative negotiation in native and non-native contexts<\/em>. Universidade de Santiago de Compostela, 14-06-2018.<\/p>\n<p>[\/et_pb_text][\/et_pb_column][\/et_pb_row][\/et_pb_section]<\/p>\n","protected":false},"excerpt":{"rendered":"<p>Elena Guerreira LabradorElena Guerreira Labrador ten un grao en Lingua e Literatura Inglesas (2017) e un mestrado en Estudos Avanzados Ingleses (2018), \u00e1mbolos dous outorgados pola Universidade de Santiago de Compostela. Guerreira Labrador tam\u00e9n participou no programa ERASMUS, xa que estudou un curso acad\u00e9mico na Universidade de Essex, Reino Unido (2015-2016). Elena Guerreira Labrador traballa [&hellip;]<\/p>\n","protected":false},"author":1,"featured_media":0,"parent":0,"menu_order":0,"comment_status":"closed","ping_status":"closed","template":"","meta":{"_et_pb_use_builder":"on","_et_pb_old_content":"","_et_gb_content_width":"","footnotes":""},"class_list":["post-5401","page","type-page","status-publish","hentry"],"_links":{"self":[{"href":"https:\/\/discursoeidentidade.com\/index.php?rest_route=\/wp\/v2\/pages\/5401","targetHints":{"allow":["GET"]}}],"collection":[{"href":"https:\/\/discursoeidentidade.com\/index.php?rest_route=\/wp\/v2\/pages"}],"about":[{"href":"https:\/\/discursoeidentidade.com\/index.php?rest_route=\/wp\/v2\/types\/page"}],"author":[{"embeddable":true,"href":"https:\/\/discursoeidentidade.com\/index.php?rest_route=\/wp\/v2\/users\/1"}],"replies":[{"embeddable":true,"href":"https:\/\/discursoeidentidade.com\/index.php?rest_route=%2Fwp%2Fv2%2Fcomments&post=5401"}],"version-history":[{"count":0,"href":"https:\/\/discursoeidentidade.com\/index.php?rest_route=\/wp\/v2\/pages\/5401\/revisions"}],"wp:attachment":[{"href":"https:\/\/discursoeidentidade.com\/index.php?rest_route=%2Fwp%2Fv2%2Fmedia&parent=5401"}],"curies":[{"name":"wp","href":"https:\/\/api.w.org\/{rel}","templated":true}]}}