{"id":5175,"date":"2020-11-02T13:36:53","date_gmt":"2020-11-02T12:36:53","guid":{"rendered":"http:\/\/discursoeidentidade.com?page_id=5175"},"modified":"2024-02-22T14:31:54","modified_gmt":"2024-02-22T13:31:54","slug":"membros-ifp_vanesa-lado","status":"publish","type":"page","link":"https:\/\/discursoeidentidade.com\/?page_id=5175","title":{"rendered":"MEMBRO IFP_Vanesa Lado"},"content":{"rendered":"<p>[et_pb_section fb_built=&#8221;1&#8243; inner_shadow=&#8221;on&#8221; fullwidth=&#8221;on&#8221; custom_padding_last_edited=&#8221;on|desktop&#8221; admin_label=&#8221;section&#8221; _builder_version=&#8221;4.16&#8243; background_color=&#8221;#153b60&#8243; custom_padding_tablet=&#8221;50px|0|50px|0&#8243; custom_padding_phone=&#8221;&#8221; transparent_background=&#8221;off&#8221; padding_mobile=&#8221;off&#8221; make_fullwidth=&#8221;off&#8221; use_custom_width=&#8221;off&#8221; width_unit=&#8221;on&#8221; custom_width_px=&#8221;1080px&#8221; custom_width_percent=&#8221;80%&#8221; global_colors_info=&#8221;{}&#8221;][et_pb_fullwidth_header content_max_width=&#8221;none&#8221; admin_label=&#8221;T\u00cdTULO SECCI\u00d3N&#8221; _builder_version=&#8221;4.16&#8243; title_font=&#8221;Montserrat||||||||&#8221; background_color=&#8221;rgba(255, 255, 255, 0)&#8221; custom_padding=&#8221;||0px|||&#8221; button_one_letter_spacing_hover=&#8221;0&#8243; button_two_letter_spacing_hover=&#8221;0&#8243; global_colors_info=&#8221;{}&#8221; button_one_text_size__hover_enabled=&#8221;off&#8221; button_two_text_size__hover_enabled=&#8221;off&#8221; button_one_text_color__hover_enabled=&#8221;off&#8221; button_two_text_color__hover_enabled=&#8221;off&#8221; button_one_border_width__hover_enabled=&#8221;off&#8221; button_two_border_width__hover_enabled=&#8221;off&#8221; button_one_border_color__hover_enabled=&#8221;off&#8221; button_two_border_color__hover_enabled=&#8221;off&#8221; button_one_border_radius__hover_enabled=&#8221;off&#8221; button_two_border_radius__hover_enabled=&#8221;off&#8221; button_one_letter_spacing__hover_enabled=&#8221;on&#8221; button_one_letter_spacing__hover=&#8221;0&#8243; button_two_letter_spacing__hover_enabled=&#8221;on&#8221; button_two_letter_spacing__hover=&#8221;0&#8243; button_one_bg_color__hover_enabled=&#8221;off&#8221; button_two_bg_color__hover_enabled=&#8221;off&#8221;]<\/p>\n<h1>Vanesa Lado Pazos\u00a0<\/h1>\n<p>[\/et_pb_fullwidth_header][\/et_pb_section][et_pb_section fb_built=&#8221;1&#8243; custom_padding_last_edited=&#8221;on|desktop&#8221; admin_label=&#8221;section&#8221; _builder_version=&#8221;4.16&#8243; background_color=&#8221;rgba(0,0,0,0)&#8221; custom_padding_tablet=&#8221;50px|0|50px|0&#8243; custom_padding_phone=&#8221;&#8221; transparent_background=&#8221;off&#8221; padding_mobile=&#8221;off&#8221; make_fullwidth=&#8221;off&#8221; use_custom_width=&#8221;off&#8221; width_unit=&#8221;on&#8221; custom_width_px=&#8221;1080px&#8221; custom_width_percent=&#8221;80%&#8221; global_colors_info=&#8221;{}&#8221;][et_pb_row column_structure=&#8221;2_5,3_5&#8243; _builder_version=&#8221;4.16&#8243; _module_preset=&#8221;default&#8221; background_color=&#8221;#d6d6d6&#8243; width=&#8221;79.9%&#8221; custom_padding=&#8221;||27px|28px||&#8221; global_colors_info=&#8221;{}&#8221;][et_pb_column type=&#8221;2_5&#8243; _builder_version=&#8221;4.16&#8243; _module_preset=&#8221;default&#8221; global_colors_info=&#8221;{}&#8221;][et_pb_image src=&#8221;https:\/\/discursoeidentidade.com\/wp-content\/uploads\/2020\/10\/vanesa-lado-e1604320340455.jpg&#8221; title_text=&#8221;vanesa lado&#8221; _builder_version=&#8221;4.16&#8243; _module_preset=&#8221;default&#8221; width=&#8221;93.6%&#8221; custom_padding=&#8221;19px|||||&#8221; global_colors_info=&#8221;{}&#8221;][\/et_pb_image][\/et_pb_column][et_pb_column type=&#8221;3_5&#8243; _builder_version=&#8221;4.16&#8243; _module_preset=&#8221;default&#8221; global_colors_info=&#8221;{}&#8221;][et_pb_text _builder_version=&#8221;4.16&#8243; _module_preset=&#8221;default&#8221; text_font=&#8221;Montserrat||||||||&#8221; min_height=&#8221;117px&#8221; custom_margin=&#8221;1px|||||&#8221; custom_padding=&#8221;2px|95px||||&#8221; inline_fonts=&#8221;Montserrat&#8221; global_colors_info=&#8221;{}&#8221;]<\/p>\n<p><strong style=\"font-size: 14px;\"><\/strong><\/p>\n<p><strong style=\"font-size: 14px;\"><\/strong><\/p>\n<p><strong style=\"font-size: 14px;\"><\/strong><\/p>\n<p><strong style=\"font-size: 14px;\">Vanesa Lado Pazos<\/strong><span style=\"font-size: 14px;\"> estudou o Grao en Lingua e Literatura Inglesas (2018) e o Mestrado en Estudos Ingleses Avanzados e as s\u00faas Aplicaci\u00f3ns (2019) na Universidade de Santiago de Compostela. Na actualidade est\u00e1 elaborando a s\u00faa tese doutoral baixo a direcci\u00f3n do profesor Constante Gonz\u00e1lez Groba. Provisionalmente titulada <\/span><em style=\"font-size: 14px;\">Estudo da espectralidade na ficci\u00f3n afroamericana contempor\u00e1nea,<\/em><span style=\"font-size: 14px;\"> a disertaci\u00f3n examina o uso recorrente do espectral en relaci\u00f3n co trauma en varias novelas escritas por autoras afroamericanas dende finais dos oitenta ata o presente. As principais li\u00f1as de investigaci\u00f3n de Lado Pazos incl\u00faen a literatura e a cultura afroamericana e do sur dos Estados Unidos.\u00a0\u00a0<\/span><\/p>\n<p><span style=\"font-size: 14px;\"><\/span><\/p>\n<p><span style=\"font-size: 14px;\"><\/span><\/p>\n<p><strong>@:\u00a0vanesa.lado.pazos@usc.es<\/strong><\/p>\n<p>[\/et_pb_text][\/et_pb_column][\/et_pb_row][et_pb_row _builder_version=&#8221;4.16&#8243; _module_preset=&#8221;default&#8221; custom_padding=&#8221;|||0px||&#8221; global_colors_info=&#8221;{}&#8221;][et_pb_column type=&#8221;4_4&#8243; _builder_version=&#8221;4.16&#8243; _module_preset=&#8221;default&#8221; global_colors_info=&#8221;{}&#8221;][et_pb_text _builder_version=&#8221;4.24.0&#8243; _module_preset=&#8221;default&#8221; text_font=&#8221;Montserrat||||||||&#8221; text_font_size=&#8221;11px&#8221; hover_enabled=&#8221;0&#8243; inline_fonts=&#8221;Montserrat&#8221; global_colors_info=&#8221;{}&#8221; sticky_enabled=&#8221;0&#8243;]<\/p>\n<p>Participaci\u00f3n congreso: <strong style=\"font-size: 11px;\">&#8220;&#8216;Us here, us here, us ever here&#8217;: Invisibility and Resistance in Jesmyn Ward&#8217;s &#8216;Mother Swamp'&#8221; <\/strong><span style=\"font-size: 11px;\">Paper presented at the International Symposium North-American Literatures in the 21st Century: Intersectional\/Transatlantic Perspectives (Universitat Jaume I, Castell\u00f3 25-26\/05\/2023)<\/span><\/p>\n<p>Participaci\u00f3n congreso: <strong style=\"font-size: 11px;\">&#8220;From Parchman to Angola: The Construction of the Spectral Metaphor in Jesmyn Ward&#8217;s Sing, Unburied, Sing and Quntos KunQuest&#8217;s This Life.&#8221;<\/strong><span style=\"font-size: 11px;\">Paper presented at the Symposium Race and the Body: The Legacy of Slavery (Universidade de Santiago de Compostela, 05-06\/09\/2022)<\/span><\/p>\n<p><span style=\"font-size: 11px;\">Participaci\u00f3n congreso: <\/span><strong style=\"font-size: 11px;\">&#8220;&#8216;There&#8217;s No Justice. Only Grace&#8217;: Spectrality and the Subversion of Historical Narratives.&#8221;<\/strong><span style=\"font-size: 11px;\">Paper presented at the SANAS 2022 Conference (University of Fribourg, 18-19\/11\/2022)<\/span><\/p>\n<p><strong style=\"font-size: 11px;\">&#8220;Haunting Back: A Study of Spectrality in Jesmyn Ward&#8217;s Sing, Unburied, Sing.&#8221;<\/strong><span style=\"font-size: 11px;\">The Southern Quarterly, vol.58, no.3, 2021. 113-120.<\/span><\/p>\n<p><strong style=\"font-size: 11px;\">\u201cFinished With All That\u201d: The Death of the Southern Lady and the Emergence of the New Woman in Ellen Glasgow\u2019s Fiction.\u201d<\/strong><span style=\"font-size: 11px;\"> <\/span><i style=\"font-size: 11px;\">Annales Universitatis Mariae Curie-Sklodowska. Sectio FF. Philologiae, <\/i><span style=\"font-size: 11px;\">vol.38, no.2, 2020.\u00a081-92 e o DOI: 10.17951\/ff.2020.38.2.81-92<\/span><\/p>\n<p><strong style=\"font-size: 11px;\">\u201cThe Specter of Racial and Sexual Liminality in Randall Kenan\u2019s <em>A Visitation of Spirits.<\/em>\u201d <\/strong><span style=\"font-size: 11px;\">Paper presented at the Conference <\/span><em style=\"font-size: 11px;\">\u2018Liminal Identities: Nature, Culture and Society\u2019<\/em><span style=\"font-size: 11px;\">, University of Santiago de Compostela (online), 05 October 2020.<\/span><\/p>\n<p><strong>\u201c\u201cI Belong to the Abandoned Fields\u201d: An Ecofeminist Approach to Ellen Glasgow\u2019s <em>Barren Ground<\/em>.\u201d <\/strong>Paper presented the International Conference <em>\u2018Language and Violence: Literary Meditations in the Age of the Anthropocene\u2019, <\/em>University of Vigo, 16-17 January 2020.<\/p>\n<p><strong>\u201c\u201cA Revolt from the Pretense of Being\u201d: The Death of the Southern Lady and the Emergence of the New Woman in Ellen Glasgow\u2019s Novels.\u201d <\/strong>Paper Presented at the AEDEAN Conference 2019, University of Alicante, 13-15 November 2019.<\/p>\n<p>[\/et_pb_text][\/et_pb_column][\/et_pb_row][\/et_pb_section]<\/p>\n","protected":false},"excerpt":{"rendered":"<p>Vanesa Lado Pazos\u00a0 Vanesa Lado Pazos estudou o Grao en Lingua e Literatura Inglesas (2018) e o Mestrado en Estudos Ingleses Avanzados e as s\u00faas Aplicaci\u00f3ns (2019) na Universidade de Santiago de Compostela. Na actualidade est\u00e1 elaborando a s\u00faa tese doutoral baixo a direcci\u00f3n do profesor Constante Gonz\u00e1lez Groba. Provisionalmente titulada Estudo da espectralidade na [&hellip;]<\/p>\n","protected":false},"author":1,"featured_media":0,"parent":0,"menu_order":0,"comment_status":"closed","ping_status":"closed","template":"","meta":{"_et_pb_use_builder":"on","_et_pb_old_content":"","_et_gb_content_width":"","footnotes":""},"class_list":["post-5175","page","type-page","status-publish","hentry"],"_links":{"self":[{"href":"https:\/\/discursoeidentidade.com\/index.php?rest_route=\/wp\/v2\/pages\/5175","targetHints":{"allow":["GET"]}}],"collection":[{"href":"https:\/\/discursoeidentidade.com\/index.php?rest_route=\/wp\/v2\/pages"}],"about":[{"href":"https:\/\/discursoeidentidade.com\/index.php?rest_route=\/wp\/v2\/types\/page"}],"author":[{"embeddable":true,"href":"https:\/\/discursoeidentidade.com\/index.php?rest_route=\/wp\/v2\/users\/1"}],"replies":[{"embeddable":true,"href":"https:\/\/discursoeidentidade.com\/index.php?rest_route=%2Fwp%2Fv2%2Fcomments&post=5175"}],"version-history":[{"count":0,"href":"https:\/\/discursoeidentidade.com\/index.php?rest_route=\/wp\/v2\/pages\/5175\/revisions"}],"wp:attachment":[{"href":"https:\/\/discursoeidentidade.com\/index.php?rest_route=%2Fwp%2Fv2%2Fmedia&parent=5175"}],"curies":[{"name":"wp","href":"https:\/\/api.w.org\/{rel}","templated":true}]}}