{"id":5160,"date":"2020-11-02T13:21:36","date_gmt":"2020-11-02T12:21:36","guid":{"rendered":"http:\/\/discursoeidentidade.com?page_id=5160"},"modified":"2021-07-01T11:49:30","modified_gmt":"2021-07-01T09:49:30","slug":"membros-ifp_sergio-lopez-sande","status":"publish","type":"page","link":"https:\/\/discursoeidentidade.com\/?page_id=5160","title":{"rendered":"MEMBRO IFP_Sergio L\u00f3pez Sande"},"content":{"rendered":"<p>[et_pb_section fb_built=&#8221;1&#8243; inner_shadow=&#8221;on&#8221; fullwidth=&#8221;on&#8221; custom_padding_last_edited=&#8221;on|desktop&#8221; admin_label=&#8221;section&#8221; _builder_version=&#8221;4.6.1&#8243; background_color=&#8221;#153b60&#8243; custom_padding_tablet=&#8221;50px|0|50px|0&#8243; custom_padding_phone=&#8221;&#8221; transparent_background=&#8221;off&#8221; padding_mobile=&#8221;off&#8221; make_fullwidth=&#8221;off&#8221; use_custom_width=&#8221;off&#8221; width_unit=&#8221;on&#8221; custom_width_px=&#8221;1080px&#8221; custom_width_percent=&#8221;80%&#8221;][et_pb_fullwidth_header content_max_width=&#8221;none&#8221; admin_label=&#8221;T\u00cdTULO SECCI\u00d3N&#8221; _builder_version=&#8221;4.6.1&#8243; title_font=&#8221;Montserrat||||||||&#8221; background_color=&#8221;rgba(255, 255, 255, 0)&#8221; custom_padding=&#8221;||0px|||&#8221; button_one_letter_spacing_hover=&#8221;0&#8243; button_two_letter_spacing_hover=&#8221;0&#8243; button_one_text_size__hover_enabled=&#8221;off&#8221; button_two_text_size__hover_enabled=&#8221;off&#8221; button_one_text_color__hover_enabled=&#8221;off&#8221; button_two_text_color__hover_enabled=&#8221;off&#8221; button_one_border_width__hover_enabled=&#8221;off&#8221; button_two_border_width__hover_enabled=&#8221;off&#8221; button_one_border_color__hover_enabled=&#8221;off&#8221; button_two_border_color__hover_enabled=&#8221;off&#8221; button_one_border_radius__hover_enabled=&#8221;off&#8221; button_two_border_radius__hover_enabled=&#8221;off&#8221; button_one_letter_spacing__hover_enabled=&#8221;on&#8221; button_one_letter_spacing__hover=&#8221;0&#8243; button_two_letter_spacing__hover_enabled=&#8221;on&#8221; button_two_letter_spacing__hover=&#8221;0&#8243; button_one_bg_color__hover_enabled=&#8221;off&#8221; button_two_bg_color__hover_enabled=&#8221;off&#8221;]<\/p>\n<h1>Sergio L\u00f3pez Sande\u00a0<\/h1>\n<p>[\/et_pb_fullwidth_header][\/et_pb_section][et_pb_section fb_built=&#8221;1&#8243; custom_padding_last_edited=&#8221;on|desktop&#8221; admin_label=&#8221;section&#8221; _builder_version=&#8221;4.6.1&#8243; background_color=&#8221;rgba(0,0,0,0)&#8221; custom_padding=&#8221;|||3px||&#8221; custom_padding_tablet=&#8221;50px|0|50px|0&#8243; custom_padding_phone=&#8221;&#8221; transparent_background=&#8221;off&#8221; padding_mobile=&#8221;off&#8221; make_fullwidth=&#8221;off&#8221; use_custom_width=&#8221;off&#8221; width_unit=&#8221;on&#8221; custom_width_px=&#8221;1080px&#8221; custom_width_percent=&#8221;80%&#8221;][et_pb_row column_structure=&#8221;2_5,3_5&#8243; _builder_version=&#8221;4.6.1&#8243; _module_preset=&#8221;default&#8221; background_color=&#8221;#d6d6d6&#8243; width=&#8221;79.9%&#8221; custom_padding=&#8221;||5px|28px||&#8221;][et_pb_column type=&#8221;2_5&#8243; _builder_version=&#8221;4.6.1&#8243; _module_preset=&#8221;default&#8221;][et_pb_image src=&#8221;http:\/\/discursoeidentidade.com\/wp-content\/uploads\/2020\/10\/20201027_103911-1.png&#8221; title_text=&#8221;20201027_103911&#8243; _builder_version=&#8221;4.6.1&#8243; _module_preset=&#8221;default&#8221; custom_margin=&#8221;|6px||45px||&#8221; custom_padding=&#8221;15px|||||&#8221;][\/et_pb_image][\/et_pb_column][et_pb_column type=&#8221;3_5&#8243; _builder_version=&#8221;4.6.1&#8243; _module_preset=&#8221;default&#8221;][et_pb_text _builder_version=&#8221;4.6.1&#8243; _module_preset=&#8221;default&#8221; text_font=&#8221;Montserrat||||||||&#8221; min_height=&#8221;117px&#8221; custom_margin=&#8221;11px|||||&#8221; custom_padding=&#8221;|95px||||&#8221; inline_fonts=&#8221;Montserrat&#8221;]<\/p>\n<p><strong>Sergio L\u00f3pez Sande<\/strong> graduouse en Lingua e Literatura Inglesas na Universidade de Santiago de Compostela (2017) e completou os estudos de mestrado en Construci\u00f3n e Representaci\u00f3n de Identidades Culturais na Universidade de Barcelona (2018). Actualmente prepara a s\u00faa tese de doutoramento, que leva por t\u00edtulo provisional <em>Literatura m\u00e1is al\u00e1 do solipsismo: Autoconciencia, empat\u00eda e o outro na ficci\u00f3n breve de David Foster Wallace<\/em>, baixo a supervisi\u00f3n das Dras. Laura Lojo Rodr\u00edguez e Cristina Alsina R\u00edsquez. Dito traballo examina como o interese interseccional do autor nos eidos da filosof\u00eda e a literatura pode esclarecer o uso recorrente de certos temas e motivos na construci\u00f3n de personaxes. Pr\u00e9stase igualmente atenci\u00f3n \u00e1 maneira na que a ficci\u00f3n breve, coa s\u00faa reco\u00f1ecida \u00abunidade de impresi\u00f3n\u00bb, sup\u00f3n para Wallace o contexto onde a autenticidade afectiva e os desbaratamentos do posmodernismo experimental resultan m\u00e1is capaces de atravesar a fronteira epistemol\u00f3xica do texto literario.<\/p>\n<p>Os seus intereses principais incl\u00faen o posmodernismo americano, as teor\u00edas do relato breve e os estudos de x\u00e9nero e sexualidade.<\/p>\n<p><strong>@:\u00a0sergio.sande@usc.es<\/strong><\/p>\n<p>&nbsp;<\/p>\n<p>[\/et_pb_text][\/et_pb_column][\/et_pb_row][et_pb_row _builder_version=&#8221;4.6.1&#8243; _module_preset=&#8221;default&#8221; custom_padding=&#8221;||27px|0px||&#8221;][et_pb_column type=&#8221;4_4&#8243; _builder_version=&#8221;4.6.1&#8243; _module_preset=&#8221;default&#8221;][et_pb_text _builder_version=&#8221;4.6.1&#8243; _module_preset=&#8221;default&#8221; text_font=&#8221;Montserrat||||||||&#8221; text_font_size=&#8221;11px&#8221; inline_fonts=&#8221;Montserrat&#8221;]<\/p>\n<p><strong style=\"font-size: 11px;\">\u201cIntimacy and Intersubjective Connection in the Postmodern Short Story: David Foster Wallace\u2019s \u2018Octet\u2019 and \u2018Good Old Neon\u2019 Before the Boundaries of the Cognizable.\u201d<\/strong><span style=\"font-size: 11px;\"> Presentada en <\/span><em style=\"font-size: 11px;\">Liminal Identities: Nature, Culture &amp; Society<\/em><span style=\"font-size: 11px;\">, Universidade de Santiago de Compostela, 5 de octubre de 2020.<\/span><\/p>\n<p><strong>\u201cThe Funhouse Architect Divested: David Foster Wallace\u2019s \u2018The Planet Trillaphon as It Stands in Relation to the Bad Thing\u2019 and the Aporia of the Autobiographical Short Story.\u201d<\/strong> Presentada en <em>43rd AEDEAN Conference<\/em>, Universitat d\u2019Alacant, 13-15 de noviembre de 2019.<\/p>\n<p><strong>\u201cThe Anti-Empathic Aftermath of Linguistic Disillusionment in David Foster Wallace\u2019s \u2018The Depressed Person\u2019.\u201d<\/strong> Presentada en <em>43rd AEDEAN Conference<\/em>, Universitat d\u2019Alacant, 13-15 de noviembre de 2019.<\/p>\n<p><strong>\u201cThe Weaponised Face: Otherness and the Unethicality of Expression in David Foster Wallace\u2019s Short Fiction.\u201d<\/strong> Presentada en <em>Borders, Intersections &amp; Identity in the Contemporary Short Story in English<\/em>, Universidade de Santiago de Compostela, 23-24 de mayo de 2019.<\/p>\n<p><strong>\u201cA Gaze of One\u2019s Own; Or, the Porosity of the Looking-Glass as Demonstrative of the Epistemological Autonomy of Character.\u201d<\/strong> Presentada en <em>International Conference \u201cMirror, Mirror: Perceptions, Deceptions, and Reflections in Time<\/em>,<em>\u201d<\/em> London Centre for Interdisciplinary Research, 9 de marzo de 2019.<\/p>\n<p><strong>\u201cMimesis Beheld: Toward a Theory of Fictionality After the Fall of the Great Mirror.\u201d<\/strong> Presentada en <em>42nd AEDEAN Conference<\/em>, Universidad de C\u00f3rdoba, 7-9 de noviembre de 2018.<\/p>\n<p>[\/et_pb_text][\/et_pb_column][\/et_pb_row][\/et_pb_section]<\/p>\n","protected":false},"excerpt":{"rendered":"<p>Sergio L\u00f3pez Sande\u00a0Sergio L\u00f3pez Sande graduouse en Lingua e Literatura Inglesas na Universidade de Santiago de Compostela (2017) e completou os estudos de mestrado en Construci\u00f3n e Representaci\u00f3n de Identidades Culturais na Universidade de Barcelona (2018). Actualmente prepara a s\u00faa tese de doutoramento, que leva por t\u00edtulo provisional Literatura m\u00e1is al\u00e1 do solipsismo: Autoconciencia, empat\u00eda [&hellip;]<\/p>\n","protected":false},"author":1,"featured_media":0,"parent":0,"menu_order":0,"comment_status":"closed","ping_status":"closed","template":"","meta":{"_et_pb_use_builder":"on","_et_pb_old_content":"","_et_gb_content_width":"","footnotes":""},"class_list":["post-5160","page","type-page","status-publish","hentry"],"_links":{"self":[{"href":"https:\/\/discursoeidentidade.com\/index.php?rest_route=\/wp\/v2\/pages\/5160","targetHints":{"allow":["GET"]}}],"collection":[{"href":"https:\/\/discursoeidentidade.com\/index.php?rest_route=\/wp\/v2\/pages"}],"about":[{"href":"https:\/\/discursoeidentidade.com\/index.php?rest_route=\/wp\/v2\/types\/page"}],"author":[{"embeddable":true,"href":"https:\/\/discursoeidentidade.com\/index.php?rest_route=\/wp\/v2\/users\/1"}],"replies":[{"embeddable":true,"href":"https:\/\/discursoeidentidade.com\/index.php?rest_route=%2Fwp%2Fv2%2Fcomments&post=5160"}],"version-history":[{"count":0,"href":"https:\/\/discursoeidentidade.com\/index.php?rest_route=\/wp\/v2\/pages\/5160\/revisions"}],"wp:attachment":[{"href":"https:\/\/discursoeidentidade.com\/index.php?rest_route=%2Fwp%2Fv2%2Fmedia&parent=5160"}],"curies":[{"name":"wp","href":"https:\/\/api.w.org\/{rel}","templated":true}]}}