{"id":515,"date":"2016-06-07T13:46:50","date_gmt":"2016-06-07T11:46:50","guid":{"rendered":"http:\/\/discursoeidentidade.com\/?page_id=515&#038;lang=es"},"modified":"2017-06-15T13:15:09","modified_gmt":"2017-06-15T11:15:09","slug":"nerea-riobo-perez","status":"publish","type":"page","link":"https:\/\/discursoeidentidade.com\/?page_id=515&lang=es","title":{"rendered":"Nerea Riob\u00f3 P\u00e9rez"},"content":{"rendered":"<p>[et_pb_section admin_label=&#8221;section&#8221; fullwidth=&#8221;on&#8221; specialty=&#8221;off&#8221; background_color=&#8221;#153b60&#8243; inner_shadow=&#8221;on&#8221; parallax=&#8221;off&#8221; transparent_background=&#8221;off&#8221; allow_player_pause=&#8221;off&#8221; parallax_method=&#8221;off&#8221; padding_mobile=&#8221;off&#8221; make_fullwidth=&#8221;off&#8221; use_custom_width=&#8221;off&#8221; width_unit=&#8221;on&#8221; make_equal=&#8221;off&#8221; use_custom_gutter=&#8221;off&#8221; gutter_width=&#8221;3&#8243;][et_pb_fullwidth_header admin_label=&#8221;T\u00cdTULO SECCI\u00d3N&#8221; title=&#8221;Nerea Riob\u00f3-P\u00e9rez&#8221; background_layout=&#8221;dark&#8221; text_orientation=&#8221;left&#8221; header_fullscreen=&#8221;off&#8221; header_scroll_down=&#8221;off&#8221; parallax=&#8221;off&#8221; parallax_method=&#8221;off&#8221; content_orientation=&#8221;center&#8221; image_orientation=&#8221;center&#8221; custom_button_one=&#8221;off&#8221; button_one_letter_spacing=&#8221;0&#8243; button_one_use_icon=&#8221;default&#8221; button_one_icon_placement=&#8221;right&#8221; button_one_on_hover=&#8221;on&#8221; button_one_letter_spacing_hover=&#8221;0&#8243; custom_button_two=&#8221;off&#8221; button_two_letter_spacing=&#8221;0&#8243; button_two_use_icon=&#8221;default&#8221; button_two_icon_placement=&#8221;right&#8221; button_two_on_hover=&#8221;on&#8221; button_two_letter_spacing_hover=&#8221;0&#8243;] [\/et_pb_fullwidth_header][\/et_pb_section][et_pb_section admin_label=&#8221;section&#8221; transparent_background=&#8221;off&#8221; background_color=&#8221;#f7f7f7&#8243; allow_player_pause=&#8221;off&#8221; inner_shadow=&#8221;off&#8221; parallax=&#8221;off&#8221; parallax_method=&#8221;off&#8221; padding_mobile=&#8221;off&#8221; make_fullwidth=&#8221;off&#8221; use_custom_width=&#8221;off&#8221; width_unit=&#8221;on&#8221; make_equal=&#8221;off&#8221; use_custom_gutter=&#8221;off&#8221;][et_pb_row admin_label=&#8221;Row&#8221; make_fullwidth=&#8221;on&#8221; use_custom_width=&#8221;off&#8221; width_unit=&#8221;on&#8221; use_custom_gutter=&#8221;off&#8221; padding_mobile=&#8221;off&#8221; background_color=&#8221;#f7f7f7&#8243; allow_player_pause=&#8221;off&#8221; parallax=&#8221;off&#8221; parallax_method=&#8221;off&#8221; make_equal=&#8221;off&#8221; parallax_1=&#8221;off&#8221; parallax_method_1=&#8221;off&#8221; parallax_2=&#8221;off&#8221; parallax_method_2=&#8221;off&#8221; column_padding_mobile=&#8221;on&#8221;][et_pb_column type=&#8221;1_4&#8243;][et_pb_text admin_label=&#8221;Text&#8221; background_layout=&#8221;light&#8221; text_orientation=&#8221;left&#8221; use_border_color=&#8221;off&#8221; border_color=&#8221;#ffffff&#8221; border_style=&#8221;solid&#8221;] [\/et_pb_text][\/et_pb_column][et_pb_column type=&#8221;1_4&#8243;][et_pb_image admin_label=&#8221;Image&#8221; src=&#8221;http:\/\/discursoeidentidade.com\/wp-content\/uploads\/2016\/06\/Nerea-Riob\u00f3-P\u00e9rez-1.jpg&#8221; show_in_lightbox=&#8221;on&#8221; url_new_window=&#8221;off&#8221; use_overlay=&#8221;off&#8221; animation=&#8221;left&#8221; sticky=&#8221;off&#8221; align=&#8221;left&#8221; force_fullwidth=&#8221;on&#8221; always_center_on_mobile=&#8221;on&#8221; use_border_color=&#8221;off&#8221; border_color=&#8221;#ffffff&#8221; border_style=&#8221;solid&#8221;] [\/et_pb_image][\/et_pb_column][et_pb_column type=&#8221;1_2&#8243;][et_pb_text admin_label=&#8221;Text&#8221; background_layout=&#8221;light&#8221; text_orientation=&#8221;left&#8221; use_border_color=&#8221;off&#8221; border_color=&#8221;#ffffff&#8221; border_style=&#8221;solid&#8221;]<\/p>\n<h2><\/h2>\n<h2><\/h2>\n<h2><\/h2>\n<p>&nbsp;<\/p>\n<h2><strong>Nerea Riob\u00f3-P\u00e9rez<\/strong><\/h2>\n<h4 style=\"text-align: justify;\"><strong>Nerea Riob\u00f3-P\u00e9rez<\/strong> se licenci\u00f3 en Lengua y Literatura Inglesas en 2012 por la Universidad de Santiago de Compostela, donde en 2013 curs\u00f3 adem\u00e1s el m\u00e1ster en Estudios Ingleses Avanzados. Como estudiante de intercambio ERASMUS (2010-2011), Riob\u00f3-P\u00e9rez tambi\u00e9n estudi\u00f3 en la Universidad de Aberdeen, Reino Unido. Tras especializarse en los cuentos de Angela Carter sobre Caperucita Roja, en la actualidad, Riob\u00f3-P\u00e9rez est\u00e1 completando su tesis doctoral bajo la supervisi\u00f3n de la Doctora Laura Lojo Rodr\u00edguez. Titulada <em>Wicked Women or Passive Heroines in Fairy Tales? Angela Carter&#8217;s Female Characters and Sexuality<\/em>, la tesis analiza el uso del simbolismo y la identidad femenina en los cuentos de Angela Carter. Las principales l\u00edneas de investigaci\u00f3n de Riob\u00f3-P\u00e9rez incluyen el estudio de los cuentos de hadas y el folclore, el feminismo y la sexualidad, lo g\u00f3tico y la construcci\u00f3n del g\u00e9nero en el relato corto.<\/h4>\n<p>&nbsp;<\/p>\n<h4><strong>Correo electr\u00f3nico<\/strong>: <span style=\"color: #000080;\"><a style=\"color: #000080;\" href=\"mailto:nerea.riobo.perez@gmail.com\">nerea.riobo.perez@gmail.com<\/a><\/span><\/h4>\n<p>[\/et_pb_text][\/et_pb_column][\/et_pb_row][\/et_pb_section][et_pb_section admin_label=&#8221;section&#8221; transparent_background=&#8221;on&#8221; background_color=&#8221;#f7f7f7&#8243; allow_player_pause=&#8221;off&#8221; inner_shadow=&#8221;off&#8221; parallax=&#8221;off&#8221; parallax_method=&#8221;off&#8221; padding_mobile=&#8221;off&#8221; make_fullwidth=&#8221;off&#8221; use_custom_width=&#8221;off&#8221; width_unit=&#8221;on&#8221; make_equal=&#8221;off&#8221; use_custom_gutter=&#8221;off&#8221;][et_pb_row admin_label=&#8221;Row&#8221; make_fullwidth=&#8221;on&#8221; use_custom_width=&#8221;off&#8221; width_unit=&#8221;on&#8221; use_custom_gutter=&#8221;off&#8221; padding_mobile=&#8221;off&#8221; background_color=&#8221;#ffffff&#8221; allow_player_pause=&#8221;off&#8221; parallax=&#8221;off&#8221; parallax_method=&#8221;off&#8221; make_equal=&#8221;off&#8221; parallax_1=&#8221;off&#8221; parallax_method_1=&#8221;off&#8221; column_padding_mobile=&#8221;on&#8221;][et_pb_column type=&#8221;4_4&#8243;][et_pb_text admin_label=&#8221;Text&#8221; background_layout=&#8221;light&#8221; text_orientation=&#8221;left&#8221; use_border_color=&#8221;off&#8221; border_color=&#8221;#ffffff&#8221; border_style=&#8221;solid&#8221; background_color=&#8221;#ffffff&#8221;]<\/p>\n<h3><strong>Contribuciones\u00a0Recientes<\/strong><strong>:<\/strong><\/h3>\n<p>&nbsp;<\/p>\n<ul>\n<li>\n<h4 style=\"text-align: justify;\">\u201c<strong>Gothic Fairy Tales: Angela Carter\u2019s Torture Chamber and the Evil Marqu<\/strong>is.\u201d Ponencia presentada en <em>39<span style=\"font-size: 15px; line-height: 15px;\">th<\/span>\u00a0AEDEAN Conference<\/em>, congreso celebrado en la Universidad de Deusto (Bilbao), 11-13 noviembre 2015.<\/h4>\n<\/li>\n<li style=\"text-align: justify;\">\n<h4>\u201c<strong>Happily Ever After: Maternal Desires in Patriarchal Tradition and Angela Carter\u2019s Revision of Asputtle\u2019s Fairy Tale<\/strong>.\u201d Ponencia presentada en <em>39<sup>th<\/sup> AEDEAN Conference<\/em>, congreso celebrado en la Universidad de Deusto (Bilbao), 11-13 noviembre 2015<\/h4>\n<\/li>\n<li style=\"text-align: justify;\">\n<h4>\u201c<strong>A British Woman in the Land of the Raising Sun. Angela Carter\u2019s \u2018A Souvenir of Japan<\/strong>.\u2019\u201d Ponencia presentada en <em>New Typologies of (E\/Im)Migration: Mobility and Transcultural Spaces. 20<sup>th<\/sup> Culture and Power International Conference<\/em>, congreso celebrado en Santiago de Compostela, 8-10 octubre 2015.<\/h4>\n<\/li>\n<li style=\"text-align: justify;\">\n<h4>\u201c<strong>Angela Carter and the Fairy Tale<\/strong>.\u201d Ponencia presentada en <em>IDAES Graduate Day 2015: International Doctoral Programme in Advanced English Studies \u2013 Linguistics, Literature and Culture<\/em>, reuni\u00f3n celebrada en la Universidad de Vigo, 9 mayo 2015.<\/h4>\n<\/li>\n<li>\n<h4 style=\"text-align: justify;\">\u201c<strong>Angela Carter e o conto de fadas<\/strong>.\u201d Ponencia presentada en el <em>III Encontro da Mocidade Investigadora da USC<\/em>, celebrado en la Universidad de Santiago de Compostela, 25-26 marzo 2015.<\/h4>\n<\/li>\n<\/ul>\n<p>[\/et_pb_text][\/et_pb_column][\/et_pb_row][\/et_pb_section]<\/p>\n","protected":false},"excerpt":{"rendered":"<p>&nbsp; Nerea Riob\u00f3-P\u00e9rez Nerea Riob\u00f3-P\u00e9rez se licenci\u00f3 en Lengua y Literatura Inglesas en 2012 por la Universidad de Santiago de Compostela, donde en 2013 curs\u00f3 adem\u00e1s el m\u00e1ster en Estudios Ingleses Avanzados. Como estudiante de intercambio ERASMUS (2010-2011), Riob\u00f3-P\u00e9rez tambi\u00e9n estudi\u00f3 en la Universidad de Aberdeen, Reino Unido. Tras especializarse en los cuentos de Angela [&hellip;]<\/p>\n","protected":false},"author":1,"featured_media":0,"parent":0,"menu_order":0,"comment_status":"closed","ping_status":"closed","template":"","meta":{"_et_pb_use_builder":"on","_et_pb_old_content":"","_et_gb_content_width":"","footnotes":""},"class_list":["post-515","page","type-page","status-publish","hentry"],"_links":{"self":[{"href":"https:\/\/discursoeidentidade.com\/index.php?rest_route=\/wp\/v2\/pages\/515","targetHints":{"allow":["GET"]}}],"collection":[{"href":"https:\/\/discursoeidentidade.com\/index.php?rest_route=\/wp\/v2\/pages"}],"about":[{"href":"https:\/\/discursoeidentidade.com\/index.php?rest_route=\/wp\/v2\/types\/page"}],"author":[{"embeddable":true,"href":"https:\/\/discursoeidentidade.com\/index.php?rest_route=\/wp\/v2\/users\/1"}],"replies":[{"embeddable":true,"href":"https:\/\/discursoeidentidade.com\/index.php?rest_route=%2Fwp%2Fv2%2Fcomments&post=515"}],"version-history":[{"count":0,"href":"https:\/\/discursoeidentidade.com\/index.php?rest_route=\/wp\/v2\/pages\/515\/revisions"}],"wp:attachment":[{"href":"https:\/\/discursoeidentidade.com\/index.php?rest_route=%2Fwp%2Fv2%2Fmedia&parent=515"}],"curies":[{"name":"wp","href":"https:\/\/api.w.org\/{rel}","templated":true}]}}