{"id":3501,"date":"2018-03-16T11:48:44","date_gmt":"2018-03-16T10:48:44","guid":{"rendered":"http:\/\/discursoeidentidade.com?page_id=3501"},"modified":"2020-10-27T11:58:52","modified_gmt":"2020-10-27T10:58:52","slug":"aedei-registration","status":"publish","type":"page","link":"https:\/\/discursoeidentidade.com\/?page_id=3501","title":{"rendered":"registration (PARA CONGRESOS)"},"content":{"rendered":"<p>[et_pb_section bb_built=&#8221;1&#8243; admin_label=&#8221;section&#8221; background_color=&#8221;rgba(0,63,56,0.77)&#8221; inner_shadow=&#8221;on&#8221; parallax_method=&#8221;off&#8221; fullwidth=&#8221;on&#8221; specialty=&#8221;off&#8221; disabled=&#8221;off&#8221; custom_padding_tablet=&#8221;50px|0|50px|0&#8243; custom_padding_last_edited=&#8221;on|desktop&#8221; next_background_color=&#8221;#f7f7f7&#8243; _builder_version=&#8221;3.0.101&#8243;][et_pb_fullwidth_header admin_label=&#8221;T\u00cdTULO SECCI\u00d3N&#8221; title=&#8221;XVII International AEDEI Conference: &#8216;Eco-Fictions &amp; Irish Studies&#8217;. REGISTRATION&#8221; background_layout=&#8221;dark&#8221; text_orientation=&#8221;left&#8221; header_fullscreen=&#8221;off&#8221; header_scroll_down=&#8221;off&#8221; content_orientation=&#8221;center&#8221; image_orientation=&#8221;center&#8221; custom_button_one=&#8221;off&#8221; button_one_icon_placement=&#8221;right&#8221; custom_button_two=&#8221;off&#8221; button_two_icon_placement=&#8221;right&#8221; disabled=&#8221;off&#8221; _builder_version=&#8221;3.0.101&#8243; max_width_tablet=&#8221;50px&#8221; background_color=&#8221;rgba(0,63,56,0.77)&#8221; \/][\/et_pb_section][et_pb_section bb_built=&#8221;1&#8243; admin_label=&#8221;section&#8221; transparent_background=&#8221;off&#8221; background_color=&#8221;#f7f7f7&#8243; allow_player_pause=&#8221;off&#8221; inner_shadow=&#8221;off&#8221; parallax=&#8221;off&#8221; parallax_method=&#8221;off&#8221; padding_mobile=&#8221;off&#8221; make_fullwidth=&#8221;off&#8221; use_custom_width=&#8221;off&#8221; width_unit=&#8221;on&#8221; custom_width_px=&#8221;1080px&#8221; custom_width_percent=&#8221;80%&#8221; make_equal=&#8221;off&#8221; use_custom_gutter=&#8221;off&#8221; fullwidth=&#8221;off&#8221; specialty=&#8221;off&#8221; disabled=&#8221;off&#8221; custom_padding_tablet=&#8221;50px|0|50px|0&#8243; custom_padding_last_edited=&#8221;on|desktop&#8221; prev_background_color=&#8221;rgba(0,63,56,0.77)&#8221; next_background_color=&#8221;#ffffff&#8221;][et_pb_row make_fullwidth=&#8221;on&#8221; use_custom_width=&#8221;off&#8221; width_unit=&#8221;on&#8221; custom_width_px=&#8221;1080px&#8221; custom_width_percent=&#8221;80%&#8221; use_custom_gutter=&#8221;off&#8221; gutter_width=&#8221;3&#8243; padding_mobile=&#8221;off&#8221; background_color=&#8221;#f7f7f7&#8243; allow_player_pause=&#8221;off&#8221; parallax=&#8221;off&#8221; parallax_method=&#8221;off&#8221; make_equal=&#8221;off&#8221; column_padding_mobile=&#8221;on&#8221; parallax_1=&#8221;off&#8221; parallax_method_1=&#8221;off&#8221; parallax_2=&#8221;off&#8221; parallax_method_2=&#8221;off&#8221; parallax_3=&#8221;off&#8221; parallax_method_3=&#8221;on&#8221; parallax_4=&#8221;off&#8221; parallax_method_4=&#8221;on&#8221; disabled=&#8221;off&#8221; background_position=&#8221;top_left&#8221; background_repeat=&#8221;repeat&#8221; background_size=&#8221;initial&#8221;][et_pb_column type=&#8221;4_4&#8243;][et_pb_text background_layout=&#8221;light&#8221; text_orientation=&#8221;left&#8221; use_border_color=&#8221;off&#8221; border_style=&#8221;solid&#8221; disabled=&#8221;off&#8221; background_position=&#8221;top_left&#8221; background_repeat=&#8221;repeat&#8221; background_size=&#8221;initial&#8221; _builder_version=&#8221;3.0.101&#8243;]<\/p>\n<h1><strong><u>REGISTRATION FEES:<\/u><\/strong><\/h1>\n<p>[\/et_pb_text][\/et_pb_column][\/et_pb_row][et_pb_row make_fullwidth=&#8221;on&#8221; use_custom_width=&#8221;off&#8221; width_unit=&#8221;on&#8221; custom_width_px=&#8221;1080px&#8221; custom_width_percent=&#8221;80%&#8221; use_custom_gutter=&#8221;off&#8221; gutter_width=&#8221;3&#8243; padding_mobile=&#8221;off&#8221; background_color=&#8221;#f7f7f7&#8243; allow_player_pause=&#8221;off&#8221; parallax=&#8221;off&#8221; parallax_method=&#8221;off&#8221; make_equal=&#8221;off&#8221; column_padding_mobile=&#8221;on&#8221; parallax_1=&#8221;off&#8221; parallax_method_1=&#8221;off&#8221; parallax_2=&#8221;off&#8221; parallax_method_2=&#8221;off&#8221; parallax_3=&#8221;off&#8221; parallax_method_3=&#8221;on&#8221; parallax_4=&#8221;off&#8221; parallax_method_4=&#8221;on&#8221; disabled=&#8221;off&#8221; background_position=&#8221;top_left&#8221; background_repeat=&#8221;repeat&#8221; background_size=&#8221;initial&#8221;][et_pb_column type=&#8221;1_2&#8243;][et_pb_text background_layout=&#8221;light&#8221; use_border_color=&#8221;off&#8221; disabled=&#8221;off&#8221; background_position=&#8221;top_left&#8221; background_repeat=&#8221;repeat&#8221; background_size=&#8221;initial&#8221; _builder_version=&#8221;3.0.101&#8243;]<\/p>\n<h3><strong>EARLY REGISTRATION<\/strong> (Before 15 April 2018):<\/h3>\n<h4>\u25a1 Conference registration: 140\u20ac<\/h4>\n<h4>\u25a1 Conference registration and Gala Dinner: 172\u20ac<\/h4>\n<h4>\u25a1 Conference registration for students: 100\u20ac<\/h4>\n<h4>\u25a1 Conference registration and Gala Dinner for students: 132\u20ac<\/h4>\n<p>[\/et_pb_text][\/et_pb_column][et_pb_column type=&#8221;1_2&#8243;][et_pb_text background_layout=&#8221;light&#8221; use_border_color=&#8221;off&#8221; disabled=&#8221;off&#8221; background_position=&#8221;top_left&#8221; background_repeat=&#8221;repeat&#8221; background_size=&#8221;initial&#8221; _builder_version=&#8221;3.0.101&#8243;]<\/p>\n<h3><strong>LATE REGISTRATION<\/strong> (from 15 April to 15 May 2018)<\/h3>\n<h4>\u25a1 Conference registration: 170\u20ac<\/h4>\n<h4>\u25a1 Conference registration and Gala Dinner: 202\u20ac<\/h4>\n<h4>\u25a1 Conference registration for students: 130\u20ac<\/h4>\n<h4>\u25a1 Conference registration and Gala Dinner for students: 162\u20ac<\/h4>\n<p>[\/et_pb_text][\/et_pb_column][\/et_pb_row][et_pb_row make_fullwidth=&#8221;on&#8221; use_custom_width=&#8221;off&#8221; width_unit=&#8221;on&#8221; custom_width_px=&#8221;1080px&#8221; custom_width_percent=&#8221;80%&#8221; use_custom_gutter=&#8221;off&#8221; gutter_width=&#8221;3&#8243; padding_mobile=&#8221;off&#8221; background_color=&#8221;#f7f7f7&#8243; allow_player_pause=&#8221;off&#8221; parallax=&#8221;off&#8221; parallax_method=&#8221;off&#8221; make_equal=&#8221;off&#8221; column_padding_mobile=&#8221;on&#8221; parallax_1=&#8221;off&#8221; parallax_method_1=&#8221;off&#8221; parallax_2=&#8221;off&#8221; parallax_method_2=&#8221;off&#8221; parallax_3=&#8221;off&#8221; parallax_method_3=&#8221;on&#8221; parallax_4=&#8221;off&#8221; parallax_method_4=&#8221;on&#8221; disabled=&#8221;off&#8221; background_position=&#8221;top_left&#8221; background_repeat=&#8221;repeat&#8221; background_size=&#8221;initial&#8221;][et_pb_column type=&#8221;1_4&#8243;][\/et_pb_column][et_pb_column type=&#8221;1_2&#8243;][et_pb_cta title=&#8221;REGISTRATION FORM&#8221; url_new_window=&#8221;on&#8221; button_text=&#8221;DOWNLOAD&#8221; use_background_color=&#8221;on&#8221; background_layout=&#8221;dark&#8221; use_border_color=&#8221;off&#8221; custom_button=&#8221;off&#8221; button_icon_placement=&#8221;right&#8221; disabled=&#8221;off&#8221; background_position=&#8221;top_left&#8221; background_repeat=&#8221;repeat&#8221; background_size=&#8221;initial&#8221; _builder_version=&#8221;3.0.101&#8243; background_color=&#8221;rgba(155,111,0,0.94)&#8221; button_url=&#8221;http:\/\/discursoeidentidade.com\/wp-content\/uploads\/2018\/04\/REGISTRATION-FORM-AEDEI-2018.pdf&#8221; \/][\/et_pb_column][et_pb_column type=&#8221;1_4&#8243;][\/et_pb_column][\/et_pb_row][\/et_pb_section][et_pb_section bb_built=&#8221;1&#8243; transparent_background=&#8221;off&#8221; allow_player_pause=&#8221;off&#8221; inner_shadow=&#8221;off&#8221; parallax=&#8221;off&#8221; parallax_method=&#8221;on&#8221; padding_mobile=&#8221;off&#8221; make_fullwidth=&#8221;off&#8221; use_custom_width=&#8221;off&#8221; width_unit=&#8221;off&#8221; custom_width_px=&#8221;1080px&#8221; custom_width_percent=&#8221;80%&#8221; make_equal=&#8221;off&#8221; use_custom_gutter=&#8221;off&#8221; fullwidth=&#8221;off&#8221; specialty=&#8221;off&#8221; disabled=&#8221;off&#8221; custom_padding_tablet=&#8221;50px|0|50px|0&#8243; custom_padding_last_edited=&#8221;on|desktop&#8221; prev_background_color=&#8221;#f7f7f7&#8243; next_background_color=&#8221;#000000&#8243;][et_pb_row make_fullwidth=&#8221;off&#8221; use_custom_width=&#8221;off&#8221; width_unit=&#8221;off&#8221; custom_width_px=&#8221;1080px&#8221; custom_width_percent=&#8221;80%&#8221; use_custom_gutter=&#8221;off&#8221; gutter_width=&#8221;3&#8243; padding_mobile=&#8221;off&#8221; allow_player_pause=&#8221;off&#8221; parallax=&#8221;off&#8221; parallax_method=&#8221;on&#8221; make_equal=&#8221;off&#8221; column_padding_mobile=&#8221;on&#8221; parallax_1=&#8221;off&#8221; parallax_method_1=&#8221;on&#8221; parallax_2=&#8221;off&#8221; parallax_method_2=&#8221;on&#8221; parallax_3=&#8221;off&#8221; parallax_method_3=&#8221;on&#8221; parallax_4=&#8221;off&#8221; parallax_method_4=&#8221;on&#8221; disabled=&#8221;off&#8221; background_position=&#8221;top_left&#8221; background_repeat=&#8221;repeat&#8221; background_size=&#8221;initial&#8221;][et_pb_column type=&#8221;4_4&#8243;][et_pb_text background_layout=&#8221;light&#8221; use_border_color=&#8221;off&#8221; disabled=&#8221;off&#8221; background_position=&#8221;top_left&#8221; background_repeat=&#8221;repeat&#8221; background_size=&#8221;initial&#8221; _builder_version=&#8221;3.0.101&#8243;]<\/p>\n<h3 style=\"text-align: left;\"><strong>REGISTRATION PROCESS<\/strong><\/h3>\n<h3 style=\"text-align: left;\"><strong>Please make the payment via bank transfer to the following recipient:<\/strong><\/h3>\n<h4 style=\"text-align: left;\"><strong>BANK<\/strong>: Banco Santander Central Hispano<\/h4>\n<h4 style=\"text-align: left;\"><strong>BANK ACCOUNT HOLDER:<\/strong>\u00a0Universidade de Santiago de Compostela<\/h4>\n<h4 style=\"text-align: left;\"><strong>ADDRESS OF THE BANK:<\/strong>\u00a0R\u00faa Calderer\u00eda 54-56, 15703 Santiago de Compostela, Espa\u00f1a<\/h4>\n<h4 style=\"text-align: left;\"><strong>ADDRESS OF THE BANK ACCOUNT HOLDER:<\/strong>\u00a0Casa da Balconada, 15782 Santiago de Compostela, Espa\u00f1a.<\/h4>\n<h4 style=\"text-align: left;\"><strong>ACCOUNT NUMBER (IBAN code):\u00a0<\/strong>ES40 0049 2584 90 2214002210<\/h4>\n<h4 style=\"text-align: left;\"><strong>SWIFT\/BIC code:\u00a0<\/strong>BSCHESMM<\/h4>\n<h4 style=\"text-align: left;\"><strong>REASON FOR PAYMENT:\u00a0<\/strong>5040.C5FR.64300 + Participant\u2019s Full Name + AEDEI2018<\/h4>\n<h3 style=\"text-align: left;\"><\/h3>\n<h3 style=\"text-align: center;\">After you complete the transaction, please send <strong>proof of payment<\/strong> to <span style=\"color: #06187f;\"><strong>congreso.aedei2018@usc.es<\/strong><\/span>, along with the completed registration form. Please note that the registration process will not be completed until the Organising Committee has received a copy of the receipt for the bank transfer. Should you encounter any problems with the payment or should you have any queries, please send an email to <span style=\"color: #06187f;\"><strong>congreso.aedei2018@usc.es.<\/strong><\/span><\/h3>\n<p>[\/et_pb_text][\/et_pb_column][\/et_pb_row][\/et_pb_section]<\/p>\n","protected":false},"excerpt":{"rendered":"<p>REGISTRATION FEES: EARLY REGISTRATION (Before 15 April 2018): \u25a1 Conference registration: 140\u20ac \u25a1 Conference registration and Gala Dinner: 172\u20ac \u25a1 Conference registration for students: 100\u20ac \u25a1 Conference registration and Gala Dinner for students: 132\u20ac LATE REGISTRATION (from 15 April to 15 May 2018) \u25a1 Conference registration: 170\u20ac \u25a1 Conference registration and Gala Dinner: 202\u20ac \u25a1 [&hellip;]<\/p>\n","protected":false},"author":1,"featured_media":0,"parent":0,"menu_order":0,"comment_status":"closed","ping_status":"closed","template":"","meta":{"_et_pb_use_builder":"on","_et_pb_old_content":"","_et_gb_content_width":"","footnotes":""},"class_list":["post-3501","page","type-page","status-publish","hentry"],"_links":{"self":[{"href":"https:\/\/discursoeidentidade.com\/index.php?rest_route=\/wp\/v2\/pages\/3501","targetHints":{"allow":["GET"]}}],"collection":[{"href":"https:\/\/discursoeidentidade.com\/index.php?rest_route=\/wp\/v2\/pages"}],"about":[{"href":"https:\/\/discursoeidentidade.com\/index.php?rest_route=\/wp\/v2\/types\/page"}],"author":[{"embeddable":true,"href":"https:\/\/discursoeidentidade.com\/index.php?rest_route=\/wp\/v2\/users\/1"}],"replies":[{"embeddable":true,"href":"https:\/\/discursoeidentidade.com\/index.php?rest_route=%2Fwp%2Fv2%2Fcomments&post=3501"}],"version-history":[{"count":0,"href":"https:\/\/discursoeidentidade.com\/index.php?rest_route=\/wp\/v2\/pages\/3501\/revisions"}],"wp:attachment":[{"href":"https:\/\/discursoeidentidade.com\/index.php?rest_route=%2Fwp%2Fv2%2Fmedia&parent=3501"}],"curies":[{"name":"wp","href":"https:\/\/api.w.org\/{rel}","templated":true}]}}