{"id":3380,"date":"2018-02-28T11:50:47","date_gmt":"2018-02-28T10:50:47","guid":{"rendered":"http:\/\/discursoeidentidade.com?page_id=3380"},"modified":"2018-02-28T12:01:48","modified_gmt":"2018-02-28T11:01:48","slug":"3373-2","status":"publish","type":"page","link":"https:\/\/discursoeidentidade.com\/?page_id=3380&lang=es","title":{"rendered":"sandra"},"content":{"rendered":"<p>[et_pb_section bb_built=&#8221;1&#8243; admin_label=&#8221;section&#8221; fullwidth=&#8221;on&#8221; specialty=&#8221;off&#8221; background_color=&#8221;#153b60&#8243; inner_shadow=&#8221;on&#8221; parallax=&#8221;off&#8221; transparent_background=&#8221;off&#8221; allow_player_pause=&#8221;off&#8221; parallax_method=&#8221;off&#8221; padding_mobile=&#8221;off&#8221; make_fullwidth=&#8221;off&#8221; use_custom_width=&#8221;off&#8221; width_unit=&#8221;on&#8221; make_equal=&#8221;off&#8221; use_custom_gutter=&#8221;off&#8221; gutter_width=&#8221;3&#8243; next_background_color=&#8221;#f7f7f7&#8243; custom_padding_tablet=&#8221;50px|0|50px|0&#8243; custom_padding_last_edited=&#8221;on|desktop&#8221;][et_pb_fullwidth_header admin_label=&#8221;T\u00cdTULO SECCI\u00d3N&#8221; title=&#8221;Sandra G\u00f3mez Garrido&#8221; background_layout=&#8221;dark&#8221; text_orientation=&#8221;left&#8221; header_fullscreen=&#8221;off&#8221; header_scroll_down=&#8221;off&#8221; content_orientation=&#8221;center&#8221; image_orientation=&#8221;center&#8221; custom_button_one=&#8221;off&#8221; button_one_icon_placement=&#8221;right&#8221; custom_button_two=&#8221;off&#8221; button_two_icon_placement=&#8221;right&#8221; _builder_version=&#8221;3.0.101&#8243; \/][\/et_pb_section][et_pb_section bb_built=&#8221;1&#8243; admin_label=&#8221;section&#8221; transparent_background=&#8221;off&#8221; background_color=&#8221;#f7f7f7&#8243; allow_player_pause=&#8221;off&#8221; inner_shadow=&#8221;off&#8221; parallax=&#8221;off&#8221; parallax_method=&#8221;off&#8221; padding_mobile=&#8221;off&#8221; make_fullwidth=&#8221;off&#8221; use_custom_width=&#8221;off&#8221; width_unit=&#8221;on&#8221; make_equal=&#8221;off&#8221; use_custom_gutter=&#8221;off&#8221; prev_background_color=&#8221;#153b60&#8243; next_background_color=&#8221;rgba(255,255,255,0)&#8221; custom_padding_tablet=&#8221;50px|0|50px|0&#8243; custom_padding_last_edited=&#8221;on|desktop&#8221;][et_pb_row make_fullwidth=&#8221;on&#8221; use_custom_width=&#8221;off&#8221; width_unit=&#8221;on&#8221; use_custom_gutter=&#8221;off&#8221; padding_mobile=&#8221;off&#8221; background_color=&#8221;#f7f7f7&#8243; allow_player_pause=&#8221;off&#8221; parallax=&#8221;off&#8221; parallax_method=&#8221;off&#8221; make_equal=&#8221;off&#8221; parallax_1=&#8221;off&#8221; parallax_method_1=&#8221;off&#8221; parallax_2=&#8221;off&#8221; parallax_method_2=&#8221;off&#8221; column_padding_mobile=&#8221;on&#8221; background_position=&#8221;top_left&#8221; background_repeat=&#8221;repeat&#8221; background_size=&#8221;initial&#8221;][et_pb_column type=&#8221;1_4&#8243;][et_pb_text _builder_version=&#8221;3.0.101&#8243; background_layout=&#8221;light&#8221; \/][\/et_pb_column][et_pb_column type=&#8221;1_4&#8243;][et_pb_image src=&#8221;http:\/\/discursoeidentidade.com\/wp-content\/uploads\/2018\/02\/Sandra-G\u00f3mez.jpeg&#8221; show_in_lightbox=&#8221;on&#8221; url_new_window=&#8221;off&#8221; use_overlay=&#8221;off&#8221; animation=&#8221;left&#8221; sticky=&#8221;off&#8221; align=&#8221;left&#8221; force_fullwidth=&#8221;on&#8221; always_center_on_mobile=&#8221;on&#8221; use_border_color=&#8221;off&#8221; border_color=&#8221;#ffffff&#8221; border_style=&#8221;solid&#8221; _builder_version=&#8221;3.0.101&#8243; show_bottom_space=&#8221;on&#8221; \/][\/et_pb_column][et_pb_column type=&#8221;1_2&#8243;][et_pb_text background_layout=&#8221;light&#8221; use_border_color=&#8221;off&#8221; _builder_version=&#8221;3.0.101&#8243;]<\/p>\n<h2><\/h2>\n<h2><\/h2>\n<h2><\/h2>\n<h2><strong>Sandra G\u00f3mez Garrido<br \/>\n<\/strong><\/h2>\n<h4 style=\"text-align: justify;\"><strong>Sandra G\u00f3mez Garrido <\/strong>se gradu\u00f3 en Lengua y Literatura Inglesas (2016) por la Universidad de Santiago de Compostela, donde tambi\u00e9n obtuvo el M\u00e1ster en Estudios Ingleses Avanzados y sus Aplicaciones (2017). Actualmente est\u00e1 trabajando en su tesis doctoral bajo la direcci\u00f3n de la Dra. Patricia Fra-L\u00f3pez. Provisionalmente titulada <em>A Long Walk Home:<\/em> <em>Revisiting National Landscapes and Identity in Bruce Springsteen through American Literature and Culture<\/em>, su investigaci\u00f3n pretende analizar c\u00f3mo las distintas representaciones del paisaje y los espacios en la obra de Springsteen reflejan su (re)visi\u00f3n de la identidad americana. Sus principales lineas de investigaci\u00f3n incluyen la cultura y literatura estadounidense, la Literatura comparada, especialmente la relaci\u00f3n entre m\u00fasica y literatura y los Estudios Culturales.<\/h4>\n<p>&nbsp;<\/p>\n<h4><strong>Correo electr\u00f3nico<\/strong>:\u00a0 <span style=\"color: #000080;\">sandra.gomez.garrido@rai.usc.es<\/span><\/h4>\n<p>[\/et_pb_text][\/et_pb_column][\/et_pb_row][\/et_pb_section][et_pb_section bb_built=&#8221;1&#8243; admin_label=&#8221;section&#8221; transparent_background=&#8221;on&#8221; background_color=&#8221;rgba(255,255,255,0)&#8221; allow_player_pause=&#8221;off&#8221; inner_shadow=&#8221;off&#8221; parallax=&#8221;off&#8221; parallax_method=&#8221;off&#8221; padding_mobile=&#8221;off&#8221; make_fullwidth=&#8221;off&#8221; use_custom_width=&#8221;off&#8221; width_unit=&#8221;on&#8221; make_equal=&#8221;off&#8221; use_custom_gutter=&#8221;off&#8221; prev_background_color=&#8221;#f7f7f7&#8243; custom_padding_tablet=&#8221;50px|0|50px|0&#8243; custom_padding_last_edited=&#8221;on|desktop&#8221;][et_pb_row make_fullwidth=&#8221;on&#8221; use_custom_width=&#8221;off&#8221; width_unit=&#8221;on&#8221; use_custom_gutter=&#8221;off&#8221; padding_mobile=&#8221;off&#8221; background_color=&#8221;#ffffff&#8221; allow_player_pause=&#8221;off&#8221; parallax=&#8221;off&#8221; parallax_method=&#8221;off&#8221; make_equal=&#8221;off&#8221; parallax_1=&#8221;off&#8221; parallax_method_1=&#8221;off&#8221; column_padding_mobile=&#8221;on&#8221; background_position=&#8221;top_left&#8221; background_repeat=&#8221;repeat&#8221; background_size=&#8221;initial&#8221;][et_pb_column type=&#8221;4_4&#8243;][et_pb_text background_layout=&#8221;light&#8221; use_border_color=&#8221;off&#8221; background_color=&#8221;#ffffff&#8221; background_position=&#8221;top_left&#8221; background_repeat=&#8221;repeat&#8221; background_size=&#8221;initial&#8221; _builder_version=&#8221;3.0.101&#8243;]<\/p>\n<h3><strong>Contribuciones Recientes<\/strong><strong>:<\/strong><\/h3>\n<p>&nbsp;<\/p>\n<ul>\n<li>\n<h4><strong>\u201cWalking a Road Other Men Have Gone Down: Echoes of the American Folk Song in Bob Dylan\u2019s Representation of the Common Man\u201d<\/strong>. <em>Words and Music: Celebrating the Songs of Dylan and Cohen<\/em>, 29 septiembre 2017, Universitat de Barcelona.<\/h4>\n<\/li>\n<\/ul>\n<ul>\n<li>\n<h4><strong><em>\u201c<\/em><\/strong><strong>Representations of the Common Man in Steinbeck and Springsteen: a Comparative Approach\u201d <\/strong><em>IDAES Graduate Day 2017: International Doctoral Programme in Advanced English Studies- Linguistics, Literature and Culture<\/em>, 30 mayo 2017, Universidade da Coru\u00f1a.<\/h4>\n<\/li>\n<\/ul>\n<ul>\n<li>\n<h4><strong>\u201cSinging about Tom Joad: Steinbeck\u2019s Hero in Woody Guthrie and Bruce Springsteen\u201d <\/strong><em>Ciclo de Conferencias English Studies and Popular Culture II<\/em>, 31 de enero -14 de marzo 2017, Universidade de Santiago de Compostela.<\/h4>\n<\/li>\n<\/ul>\n<p>[\/et_pb_text][\/et_pb_column][\/et_pb_row][\/et_pb_section]<\/p>\n","protected":false},"excerpt":{"rendered":"<p>Sandra G\u00f3mez Garrido Sandra G\u00f3mez Garrido se gradu\u00f3 en Lengua y Literatura Inglesas (2016) por la Universidad de Santiago de Compostela, donde tambi\u00e9n obtuvo el M\u00e1ster en Estudios Ingleses Avanzados y sus Aplicaciones (2017). Actualmente est\u00e1 trabajando en su tesis doctoral bajo la direcci\u00f3n de la Dra. Patricia Fra-L\u00f3pez. Provisionalmente titulada A Long Walk Home: [&hellip;]<\/p>\n","protected":false},"author":1,"featured_media":0,"parent":0,"menu_order":0,"comment_status":"closed","ping_status":"closed","template":"","meta":{"_et_pb_use_builder":"on","_et_pb_old_content":"","_et_gb_content_width":"","footnotes":""},"class_list":["post-3380","page","type-page","status-publish","hentry"],"_links":{"self":[{"href":"https:\/\/discursoeidentidade.com\/index.php?rest_route=\/wp\/v2\/pages\/3380","targetHints":{"allow":["GET"]}}],"collection":[{"href":"https:\/\/discursoeidentidade.com\/index.php?rest_route=\/wp\/v2\/pages"}],"about":[{"href":"https:\/\/discursoeidentidade.com\/index.php?rest_route=\/wp\/v2\/types\/page"}],"author":[{"embeddable":true,"href":"https:\/\/discursoeidentidade.com\/index.php?rest_route=\/wp\/v2\/users\/1"}],"replies":[{"embeddable":true,"href":"https:\/\/discursoeidentidade.com\/index.php?rest_route=%2Fwp%2Fv2%2Fcomments&post=3380"}],"version-history":[{"count":0,"href":"https:\/\/discursoeidentidade.com\/index.php?rest_route=\/wp\/v2\/pages\/3380\/revisions"}],"wp:attachment":[{"href":"https:\/\/discursoeidentidade.com\/index.php?rest_route=%2Fwp%2Fv2%2Fmedia&parent=3380"}],"curies":[{"name":"wp","href":"https:\/\/api.w.org\/{rel}","templated":true}]}}