{"id":3331,"date":"2018-02-14T12:57:50","date_gmt":"2018-02-14T11:57:50","guid":{"rendered":"http:\/\/discursoeidentidade.com?page_id=3331"},"modified":"2018-02-14T13:09:50","modified_gmt":"2018-02-14T12:09:50","slug":"3312-2","status":"publish","type":"page","link":"https:\/\/discursoeidentidade.com\/?page_id=3331&lang=en","title":{"rendered":"esther"},"content":{"rendered":"<p>[et_pb_section bb_built=&#8221;1&#8243; admin_label=&#8221;section&#8221; background_color=&#8221;#153b60&#8243; inner_shadow=&#8221;on&#8221; fullwidth=&#8221;on&#8221; custom_padding_last_edited=&#8221;on|desktop&#8221; _builder_version=&#8221;3.0.47&#8243; custom_padding_tablet=&#8221;50px|0|50px|0&#8243; transparent_background=&#8221;off&#8221; padding_mobile=&#8221;off&#8221;][et_pb_fullwidth_header admin_label=&#8221;T\u00cdTULO SECCI\u00d3N&#8221; title=&#8221;Esther G\u00f3mez L\u00f3pez &#8221; background_layout=&#8221;dark&#8221; _builder_version=&#8221;3.0.86&#8243; \/][\/et_pb_section][et_pb_section bb_built=&#8221;1&#8243; admin_label=&#8221;section&#8221; background_color=&#8221;#f7f7f7&#8243; custom_padding_last_edited=&#8221;on|desktop&#8221; _builder_version=&#8221;3.0.47&#8243; custom_padding_tablet=&#8221;50px|0|50px|0&#8243; transparent_background=&#8221;off&#8221; padding_mobile=&#8221;off&#8221;][et_pb_row make_fullwidth=&#8221;on&#8221; padding_mobile=&#8221;off&#8221; background_color=&#8221;#f7f7f7&#8243; column_padding_mobile=&#8221;on&#8221; parallax_method_1=&#8221;off&#8221; parallax_method_2=&#8221;off&#8221; _builder_version=&#8221;3.0.47&#8243; background_size=&#8221;initial&#8221; background_position=&#8221;top_left&#8221; background_repeat=&#8221;repeat&#8221;][et_pb_column type=&#8221;4_4&#8243;][et_pb_text _builder_version=&#8221;3.0.86&#8243; background_layout=&#8221;light&#8221;]<\/p>\n<h2><strong>Esther G\u00f3mez L\u00f3pez<\/strong><\/h2>\n<h4 style=\"text-align: justify;\"><strong>Esther G\u00f3mez L\u00f3pez <\/strong>was born in Santiago de Compostela (Spain) in 1987, where she finished her studies of English Philology in 2010. In the year 2014, she did a MA in Advanced English Studies at the same university. At present, she is working on a PhD under the supervision of Dr. Susana Mar\u00eda Jim\u00e9nez Placer, centered on the work of the American author Joyce Carol Oates; particularly, on how do individuals develop within a family and what is the influence of violence over them. Her research lines include gender studies, trauma studies, social science, developmental psychology and clinical psychology, among others.<\/h4>\n<h4><strong>Correo electr\u00f3nico<\/strong>:\u00a0 <span style=\"color: #333333;\"><a style=\"color: #333333;\" href=\"mailto:esther.gomez.lopez@rai.usc.es\" target=\"_blank\" rel=\"noopener noreferrer\"><span style=\"color: #0a0666;\"><span id=\"0.5794955562914724\" class=\"highlight\">esther<\/span>.gomez.lopez@rai.usc.e<\/span>s<\/a><\/span><\/h4>\n<p>[\/et_pb_text][\/et_pb_column][\/et_pb_row][\/et_pb_section][et_pb_section bb_built=&#8221;1&#8243; admin_label=&#8221;section&#8221; background_color=&#8221;rgba(255,255,255,0)&#8221; custom_padding_last_edited=&#8221;on|desktop&#8221; _builder_version=&#8221;3.0.47&#8243; custom_padding_tablet=&#8221;50px|0|50px|0&#8243; transparent_background=&#8221;on&#8221; padding_mobile=&#8221;off&#8221;][et_pb_row make_fullwidth=&#8221;on&#8221; padding_mobile=&#8221;off&#8221; background_color=&#8221;#ffffff&#8221; column_padding_mobile=&#8221;on&#8221; parallax_method_1=&#8221;off&#8221; _builder_version=&#8221;3.0.47&#8243; background_size=&#8221;initial&#8221; background_position=&#8221;top_left&#8221; background_repeat=&#8221;repeat&#8221;][et_pb_column type=&#8221;4_4&#8243;][et_pb_text _builder_version=&#8221;3.0.86&#8243; background_color=&#8221;#ffffff&#8221; background_layout=&#8221;light&#8221;]<\/p>\n<h3><strong>Recent Contributions<\/strong><strong>:<\/strong><\/h3>\n<p>&nbsp;<\/p>\n<ul>\n<li>\n<h4><strong>\u201cParenting Styles in the Fiction of Joyce Carol Oates\u201d<\/strong>, paper presented at the 41\u00ba AEDEAN Conference, University of La Laguna, Tenerife, 9 November 2017.<\/h4>\n<\/li>\n<li>\n<h4><strong>\u201cThe Development of the Self within the Family Circle in Joyce Carol Oates\u2019 <em>Carthage<\/em>\u201d<\/strong>, paper presented at the 2\u00ba International Conference <em>The Discourse of Identity<\/em>, University of Santiago de Compostela, 9 June 2017.<\/h4>\n<\/li>\n<li>\n<h4><strong>\u201cRecovering from Rape in Joyce Carol Oates\u2019s <em>We Were the Mulvaneys<\/em>\u201d<\/strong>, paper presented at the 13\u00ba <em>SAAS<\/em> Conference \u201cUnderstanding (Human) Nature\u201d, University of Extremadura, C\u00e1ceres, 7 April 2017.<\/h4>\n<\/li>\n<li>\n<h4><strong>\u201cFamily Relationships in the Fiction of Joyce Carol Oates\u201d<\/strong>, presentation at <em>IDAES Graduate Day<\/em>, University of A Coru\u00f1a, A Coru\u00f1a, 30 May 2017.<\/h4>\n<\/li>\n<li>\n<h4><strong>\u201cFamily Loss in Joyce Carol Oates\u2019s <em>We Were the Mulvaneys<\/em>\u201d<\/strong> <em>On the Move: Glancing Backwards to Build a Future in English Studies.<\/em> 39. (08 June 2016): 101-105.<\/h4>\n<\/li>\n<li>\n<h4><strong>\u201cFamily Loss in Joyce Carol Oates\u2019s <em>We Were the Mulvaneys<\/em>\u201d<\/strong>, paper presented at the 39\u00ba <em>AEDEAN <\/em>Conference, University of Deusto, Bilbao, 11 November 2015.<\/h4>\n<\/li>\n<\/ul>\n<p>&nbsp;<\/p>\n<p>&nbsp;<\/p>\n<p>&nbsp;<\/p>\n<h4><\/h4>\n<p>&nbsp;<\/p>\n<p>&nbsp;<\/p>\n<p>&nbsp;<\/p>\n<p>&nbsp;<\/p>\n<p>[\/et_pb_text][\/et_pb_column][\/et_pb_row][\/et_pb_section]<\/p>\n","protected":false},"excerpt":{"rendered":"<p>Esther G\u00f3mez L\u00f3pez Esther G\u00f3mez L\u00f3pez was born in Santiago de Compostela (Spain) in 1987, where she finished her studies of English Philology in 2010. In the year 2014, she did a MA in Advanced English Studies at the same university. At present, she is working on a PhD under the supervision of Dr. Susana [&hellip;]<\/p>\n","protected":false},"author":1,"featured_media":0,"parent":0,"menu_order":0,"comment_status":"closed","ping_status":"closed","template":"","meta":{"_et_pb_use_builder":"on","_et_pb_old_content":"","_et_gb_content_width":"","footnotes":""},"class_list":["post-3331","page","type-page","status-publish","hentry"],"_links":{"self":[{"href":"https:\/\/discursoeidentidade.com\/index.php?rest_route=\/wp\/v2\/pages\/3331","targetHints":{"allow":["GET"]}}],"collection":[{"href":"https:\/\/discursoeidentidade.com\/index.php?rest_route=\/wp\/v2\/pages"}],"about":[{"href":"https:\/\/discursoeidentidade.com\/index.php?rest_route=\/wp\/v2\/types\/page"}],"author":[{"embeddable":true,"href":"https:\/\/discursoeidentidade.com\/index.php?rest_route=\/wp\/v2\/users\/1"}],"replies":[{"embeddable":true,"href":"https:\/\/discursoeidentidade.com\/index.php?rest_route=%2Fwp%2Fv2%2Fcomments&post=3331"}],"version-history":[{"count":0,"href":"https:\/\/discursoeidentidade.com\/index.php?rest_route=\/wp\/v2\/pages\/3331\/revisions"}],"wp:attachment":[{"href":"https:\/\/discursoeidentidade.com\/index.php?rest_route=%2Fwp%2Fv2%2Fmedia&parent=3331"}],"curies":[{"name":"wp","href":"https:\/\/api.w.org\/{rel}","templated":true}]}}