{"id":3320,"date":"2018-02-14T12:50:13","date_gmt":"2018-02-14T11:50:13","guid":{"rendered":"http:\/\/discursoeidentidade.com?page_id=3320"},"modified":"2018-02-15T10:55:01","modified_gmt":"2018-02-15T09:55:01","slug":"3312-2","status":"publish","type":"page","link":"https:\/\/discursoeidentidade.com\/?page_id=3320&lang=es","title":{"rendered":"esther"},"content":{"rendered":"<p>[et_pb_section bb_built=&#8221;1&#8243; admin_label=&#8221;section&#8221; background_color=&#8221;#153b60&#8243; inner_shadow=&#8221;on&#8221; fullwidth=&#8221;on&#8221; custom_padding_last_edited=&#8221;on|desktop&#8221; _builder_version=&#8221;3.0.47&#8243; custom_padding_tablet=&#8221;50px|0|50px|0&#8243; transparent_background=&#8221;off&#8221; padding_mobile=&#8221;off&#8221; next_background_color=&#8221;#f7f7f7&#8243;][et_pb_fullwidth_header admin_label=&#8221;T\u00cdTULO SECCI\u00d3N&#8221; title=&#8221;Esther G\u00f3mez L\u00f3pez &#8221; background_layout=&#8221;dark&#8221; _builder_version=&#8221;3.0.86&#8243; \/][\/et_pb_section][et_pb_section bb_built=&#8221;1&#8243; admin_label=&#8221;section&#8221; background_color=&#8221;#f7f7f7&#8243; custom_padding_last_edited=&#8221;on|desktop&#8221; _builder_version=&#8221;3.0.47&#8243; custom_padding_tablet=&#8221;50px|0|50px|0&#8243; transparent_background=&#8221;off&#8221; padding_mobile=&#8221;off&#8221; prev_background_color=&#8221;#153b60&#8243; next_background_color=&#8221;rgba(255,255,255,0)&#8221;][et_pb_row make_fullwidth=&#8221;on&#8221; padding_mobile=&#8221;off&#8221; background_color=&#8221;#f7f7f7&#8243; column_padding_mobile=&#8221;on&#8221; parallax_method_1=&#8221;off&#8221; parallax_method_2=&#8221;off&#8221; _builder_version=&#8221;3.0.47&#8243; background_size=&#8221;initial&#8221; background_position=&#8221;top_left&#8221; background_repeat=&#8221;repeat&#8221;][et_pb_column type=&#8221;4_4&#8243;][et_pb_text _builder_version=&#8221;3.0.86&#8243;]<\/p>\n<h2><strong>Esther G\u00f3mez L\u00f3pez<\/strong><\/h2>\n<h4 style=\"text-align: justify;\"><strong>Esther G\u00f3mez L\u00f3pez <\/strong>naci\u00f3 en Santiago de Compostela en 1987, donde se licenci\u00f3 en Filolog\u00eda Inglesa en el 2010. En el a\u00f1o 2014, estudi\u00f3 un m\u00e1ster interuniversitario en Estudios Ingleses Avanzados en la misma universidad. Actualmente, est\u00e1 escribiendo su tesis doctoral bajo la supervisi\u00f3n de la Dr. Susana Mar\u00eda Jim\u00e9nez Placer sobre la obra de la escritora norteamericana Joyce Carol Oates. La tesis se centra en el desarrollo del individuo dentro de la familia y en el impacto de la violencia en ella desde una perspectiva multidisciplinar basada principalmente en estudios de g\u00e9nero, estudios de trauma, ciencias sociales, psicolog\u00eda del desarrollo y psicolog\u00eda cl\u00ednica.<\/h4>\n<h4><strong>Correo electr\u00f3nico<\/strong>:\u00a0 <span style=\"color: #333333;\"><a style=\"color: #333333;\" href=\"mailto:esther.gomez.lopez@rai.usc.es\" target=\"_blank\" rel=\"noopener noreferrer\"><span style=\"color: #0a0666;\"><span id=\"0.5794955562914724\" class=\"highlight\">esther<\/span>.gomez.lopez@rai.usc.e<\/span>s<\/a><\/span><\/h4>\n<p>[\/et_pb_text][\/et_pb_column][\/et_pb_row][\/et_pb_section][et_pb_section bb_built=&#8221;1&#8243; admin_label=&#8221;section&#8221; background_color=&#8221;rgba(255,255,255,0)&#8221; custom_padding_last_edited=&#8221;on|desktop&#8221; _builder_version=&#8221;3.0.47&#8243; custom_padding_tablet=&#8221;50px|0|50px|0&#8243; transparent_background=&#8221;on&#8221; padding_mobile=&#8221;off&#8221; prev_background_color=&#8221;#f7f7f7&#8243;][et_pb_row make_fullwidth=&#8221;on&#8221; padding_mobile=&#8221;off&#8221; background_color=&#8221;#ffffff&#8221; column_padding_mobile=&#8221;on&#8221; parallax_method_1=&#8221;off&#8221; _builder_version=&#8221;3.0.47&#8243; background_size=&#8221;initial&#8221; background_position=&#8221;top_left&#8221; background_repeat=&#8221;repeat&#8221;][et_pb_column type=&#8221;4_4&#8243;][et_pb_text _builder_version=&#8221;3.0.101&#8243; background_color=&#8221;#ffffff&#8221; background_layout=&#8221;light&#8221;]<\/p>\n<h3><strong>Contribuciones Recientes<\/strong><strong>:<\/strong><\/h3>\n<p>&nbsp;<\/p>\n<ul>\n<li>\n<h4><strong>\u201cParenting Styles in the Fiction of Joyce Carol Oates\u201d<\/strong>, ponencia presentada en el 41\u00ba congreso de <em>AEDEAN<\/em>, Universidad de La Laguna, Tenerife, 9 noviembre 2017.<\/h4>\n<\/li>\n<li>\n<h4><strong>\u201cThe Development of the Self within the Family Circle in Joyce Carol Oates\u2019 <em>Carthage<\/em>\u201d<\/strong>, ponencia presentada en el 2\u00ba Congreso Internacional <em>The Discourse of Identity<\/em>, Universidad de Santiago de Compostela, 9 junio 2017.<\/h4>\n<\/li>\n<li>\n<h4><strong>\u201cRecovering from Rape in Joyce Carol Oates\u2019s <em>We Were the Mulvaneys<\/em>\u201d<\/strong>, ponencia presentada en el 13\u00ba Congreso de <em>SAAS<\/em> \u201cUnderstanding (Human) Nature\u201d, Universidad de Extremadura, C\u00e1ceres, 7 abril 2017.<\/h4>\n<\/li>\n<li>\n<h4><strong>\u201cFamily Relationships in the Fiction of Joyce Carol Oates\u201d<\/strong>,\u00a0 exposici\u00f3n presentada en <em>IDAES Graduate Day<\/em>, Universidad de A Coru\u00f1a, A Coru\u00f1a, 30 mayo 2017.<\/h4>\n<\/li>\n<li>\n<h4><strong>\u201cFamily Loss in Joyce Carol Oates\u2019s <em>We Were the Mulvaneys<\/em>\u201d<\/strong> <em>On the Move: Glancing Backwards to Build a Future in English Studies.<\/em> 39. (08 junio 2016): 101-105.<\/h4>\n<\/li>\n<li>\n<h4><strong>\u201cFamily Loss in Joyce Carol Oates\u2019s <em>We Were the Mulvaneys<\/em>\u201d<\/strong>, ponencia presentada en el 39\u00ba Congreso <em>AEDEAN<\/em>, Universidad de Deusto, Bilbao, 11 noviembre 2015.<\/h4>\n<\/li>\n<\/ul>\n<p>&nbsp;<\/p>\n<p>&nbsp;<\/p>\n<p>&nbsp;<\/p>\n<h4><\/h4>\n<p>&nbsp;<\/p>\n<p>&nbsp;<\/p>\n<p>&nbsp;<\/p>\n<p>&nbsp;<\/p>\n<p>[\/et_pb_text][\/et_pb_column][\/et_pb_row][\/et_pb_section]<\/p>\n","protected":false},"excerpt":{"rendered":"<p>Esther G\u00f3mez L\u00f3pez Esther G\u00f3mez L\u00f3pez naci\u00f3 en Santiago de Compostela en 1987, donde se licenci\u00f3 en Filolog\u00eda Inglesa en el 2010. En el a\u00f1o 2014, estudi\u00f3 un m\u00e1ster interuniversitario en Estudios Ingleses Avanzados en la misma universidad. Actualmente, est\u00e1 escribiendo su tesis doctoral bajo la supervisi\u00f3n de la Dr. Susana Mar\u00eda Jim\u00e9nez Placer sobre [&hellip;]<\/p>\n","protected":false},"author":1,"featured_media":0,"parent":0,"menu_order":0,"comment_status":"closed","ping_status":"closed","template":"","meta":{"_et_pb_use_builder":"on","_et_pb_old_content":"","_et_gb_content_width":"","footnotes":""},"class_list":["post-3320","page","type-page","status-publish","hentry"],"_links":{"self":[{"href":"https:\/\/discursoeidentidade.com\/index.php?rest_route=\/wp\/v2\/pages\/3320","targetHints":{"allow":["GET"]}}],"collection":[{"href":"https:\/\/discursoeidentidade.com\/index.php?rest_route=\/wp\/v2\/pages"}],"about":[{"href":"https:\/\/discursoeidentidade.com\/index.php?rest_route=\/wp\/v2\/types\/page"}],"author":[{"embeddable":true,"href":"https:\/\/discursoeidentidade.com\/index.php?rest_route=\/wp\/v2\/users\/1"}],"replies":[{"embeddable":true,"href":"https:\/\/discursoeidentidade.com\/index.php?rest_route=%2Fwp%2Fv2%2Fcomments&post=3320"}],"version-history":[{"count":0,"href":"https:\/\/discursoeidentidade.com\/index.php?rest_route=\/wp\/v2\/pages\/3320\/revisions"}],"wp:attachment":[{"href":"https:\/\/discursoeidentidade.com\/index.php?rest_route=%2Fwp%2Fv2%2Fmedia&parent=3320"}],"curies":[{"name":"wp","href":"https:\/\/api.w.org\/{rel}","templated":true}]}}