{"id":2806,"date":"2017-10-31T11:34:27","date_gmt":"2017-10-31T10:34:27","guid":{"rendered":"http:\/\/discursoeidentidade.com?page_id=2806"},"modified":"2024-11-12T14:29:41","modified_gmt":"2024-11-12T13:29:41","slug":"regina","status":"publish","type":"page","link":"https:\/\/discursoeidentidade.com\/?page_id=2806&lang=es","title":{"rendered":"REGINA"},"content":{"rendered":"<p>[et_pb_section fb_built=&#8221;1&#8243; inner_shadow=&#8221;on&#8221; fullwidth=&#8221;on&#8221; custom_padding_last_edited=&#8221;on|desktop&#8221; admin_label=&#8221;section&#8221; _builder_version=&#8221;4.16&#8243; background_color=&#8221;#153b60&#8243; custom_padding_tablet=&#8221;50px|0|50px|0&#8243; custom_padding_phone=&#8221;&#8221; transparent_background=&#8221;off&#8221; padding_mobile=&#8221;off&#8221; make_fullwidth=&#8221;off&#8221; use_custom_width=&#8221;off&#8221; width_unit=&#8221;on&#8221; custom_width_px=&#8221;1080px&#8221; custom_width_percent=&#8221;80%&#8221; global_colors_info=&#8221;{}&#8221;][et_pb_fullwidth_header content_max_width=&#8221;none&#8221; admin_label=&#8221;T\u00cdTULO SECCI\u00d3N&#8221; _builder_version=&#8221;4.16&#8243; title_font=&#8221;Montserrat||||||||&#8221; background_color=&#8221;rgba(255, 255, 255, 0)&#8221; custom_padding=&#8221;||0px|||&#8221; button_one_letter_spacing_hover=&#8221;0&#8243; button_two_letter_spacing_hover=&#8221;0&#8243; global_colors_info=&#8221;{}&#8221; button_one_text_size__hover_enabled=&#8221;off&#8221; button_two_text_size__hover_enabled=&#8221;off&#8221; button_one_text_color__hover_enabled=&#8221;off&#8221; button_two_text_color__hover_enabled=&#8221;off&#8221; button_one_border_width__hover_enabled=&#8221;off&#8221; button_two_border_width__hover_enabled=&#8221;off&#8221; button_one_border_color__hover_enabled=&#8221;off&#8221; button_two_border_color__hover_enabled=&#8221;off&#8221; button_one_border_radius__hover_enabled=&#8221;off&#8221; button_two_border_radius__hover_enabled=&#8221;off&#8221; button_one_letter_spacing__hover_enabled=&#8221;on&#8221; button_one_letter_spacing__hover=&#8221;0&#8243; button_two_letter_spacing__hover_enabled=&#8221;on&#8221; button_two_letter_spacing__hover=&#8221;0&#8243; button_one_bg_color__hover_enabled=&#8221;off&#8221; button_two_bg_color__hover_enabled=&#8221;off&#8221;]<\/p>\n<h1>Regina M. Ponciano<\/h1>\n<p>[\/et_pb_fullwidth_header][\/et_pb_section][et_pb_section fb_built=&#8221;1&#8243; custom_padding_last_edited=&#8221;on|desktop&#8221; admin_label=&#8221;section&#8221; _builder_version=&#8221;4.16&#8243; background_color=&#8221;rgba(0,0,0,0)&#8221; custom_padding_tablet=&#8221;50px|0|50px|0&#8243; custom_padding_phone=&#8221;&#8221; transparent_background=&#8221;off&#8221; padding_mobile=&#8221;off&#8221; make_fullwidth=&#8221;off&#8221; use_custom_width=&#8221;off&#8221; width_unit=&#8221;on&#8221; custom_width_px=&#8221;1080px&#8221; custom_width_percent=&#8221;80%&#8221; global_colors_info=&#8221;{}&#8221;][et_pb_row column_structure=&#8221;2_5,3_5&#8243; _builder_version=&#8221;4.16&#8243; _module_preset=&#8221;default&#8221; background_color=&#8221;#d6d6d6&#8243; width=&#8221;79.9%&#8221; custom_padding=&#8221;||27px|28px||&#8221; global_colors_info=&#8221;{}&#8221;][et_pb_column type=&#8221;2_5&#8243; _builder_version=&#8221;4.16&#8243; _module_preset=&#8221;default&#8221; global_colors_info=&#8221;{}&#8221;][et_pb_image src=&#8221;https:\/\/discursoeidentidade.com\/wp-content\/uploads\/2024\/11\/Regina_M_Ponciano.jpeg&#8221; title_text=&#8221;Regina_M_Ponciano&#8221; _builder_version=&#8221;4.24.0&#8243; _module_preset=&#8221;default&#8221; min_height=&#8221;299px&#8221; custom_margin=&#8221;26px|||||&#8221; custom_padding=&#8221;|||34px||&#8221; hover_enabled=&#8221;0&#8243; global_colors_info=&#8221;{}&#8221; alt=&#8221;Regina_M_Ponciano&#8221; sticky_enabled=&#8221;0&#8243;][\/et_pb_image][\/et_pb_column][et_pb_column type=&#8221;3_5&#8243; _builder_version=&#8221;4.16&#8243; _module_preset=&#8221;default&#8221; global_colors_info=&#8221;{}&#8221;][et_pb_text _builder_version=&#8221;4.16&#8243; _module_preset=&#8221;default&#8221; text_font=&#8221;Montserrat||||||||&#8221; min_height=&#8221;117px&#8221; custom_margin=&#8221;-5px|||||&#8221; custom_padding=&#8221;|95px|0px|||&#8221; inline_fonts=&#8221;Montserrat&#8221; global_colors_info=&#8221;{}&#8221;]<\/p>\n<p><strong>Regina M. Ponciano <\/strong>es doctora en Filolog\u00eda Inglesa (2024), con un m\u00e1ster (2016) y un grado (2015) en la misma especialidad, que est\u00e1 cursando un m\u00e1ster en formaci\u00f3n del profesorado. En la actualidad, Regina tambi\u00e9n es profesora sustituta en la Universidad de Santiago de Compostela, donde anteriormente ocup\u00f3 el cargo de profesora ayudante. Tambi\u00e9n ha trabajado como profesora ayudante en la Universidad de Galway (Irlanda), ha impartido clases en la educaci\u00f3n privada y en la formaci\u00f3n profesional, y cuenta con una amplia experiencia docente a trav\u00e9s de diversas actividades de voluntariado. Su tesis doctoral, titulada <i>&#8220;Oscar Wilde, the Short Story Writer&#8221;<\/i>, recibi\u00f3 el prestigioso premio In\u00e9s Praga 2024 de la <a href=\"https:\/\/aedei.es\/\" id=\"OWAf50358f1-794d-9c92-38cc-40c5e2807e3c\" class=\"OWAAutoLink\" title=\"https:\/\/aedei.es\/\" target=\"_blank\" rel=\"noopener noreferrer\"> Asociaci\u00f3n Espa\u00f1ola de Estudios Irlandeses<\/a><a href=\"https:\/\/aedei.es\/\" id=\"OWAc0d88454-2ee4-d6b0-f722-bab383407ff5\" class=\"OWAAutoLink\" title=\"https:\/\/aedei.es\/\" style=\"text-decoration: none;\" target=\"_blank\" rel=\"noopener noreferrer\"> <\/a>(ex aequo). Basada en un marco ecl\u00e9ctico que combina investigaci\u00f3n de archivo y lecturas cr\u00edticas, esta obra corrigi\u00f3 y contextualiz\u00f3 los relatos can\u00f3nicos sobre la producci\u00f3n, publicaci\u00f3n y recepci\u00f3n de las colecciones de cuentos de Wilde, adem\u00e1s de analizar la liminalidad en y de tres cuentos. Uno de los proyectos activos de Regina es su sitio web, <b><a href=\"https:\/\/wildeshortfiction.com\/\" id=\"OWAbdf32db3-2bfa-e692-d1a9-332e7ed5ca0c\" class=\"OWAAutoLink\" title=\"https:\/\/wildeshortfiction.com\/\" target=\"_blank\" rel=\"noopener noreferrer\">wildeshortfiction.com<\/a><\/b>, que pone a disposici\u00f3n del p\u00fablico las fuentes primarias utilizadas en su tesis. En su forma actual, ofrece una bibliograf\u00eda descriptiva detallada, una extensa bibliograf\u00eda enumerativa y una base de datos que recopila 80 rese\u00f1as contempor\u00e1neas de las colecciones de cuentos de Wilde. Recientemente, Regina ha sido galardonada con la beca posdoctoral Mar\u00eda Turell, otorgada por la <a href=\"https:\/\/aedean.org\/\" id=\"OWA521e2dfb-7a96-0341-94a7-3246c57b1a36\" class=\"OWAAutoLink\" title=\"https:\/\/aedean.org\/\" target=\"_blank\" rel=\"noopener noreferrer\"> Asociaci\u00f3n Espa\u00f1ola de Estudios Anglo-Norteamericanos<\/a>, para ampliar este sitio web.<\/p>\n<p>&nbsp;<\/p>\n<p><strong>@:\u00a0\u00a0<a href=\"mailto:regina.ponciano@usc.es\">regina.ponciano@usc.es<\/a><\/strong><\/p>\n<p><strong>P\u00e1gina web:<span>\u00a0<\/span><\/strong><span><a class=\"Hyperlink SCXW14818255\" href=\"https:\/\/usc-es.academia.edu\/ReginaPonciano\" target=\"_blank\" rel=\"noopener noreferrer\"><span class=\"TextRun Underlined SCXW14818255\" lang=\"EN-US\" xml:lang=\"EN-US\"><span class=\"NormalTextRun SCXW14818255\">https:\/\/usc-es.academia.edu\/ReginaPonciano<\/span><\/span><\/a><span class=\"TextRun SCXW14818255\" lang=\"EN-US\" xml:lang=\"EN-US\"><span class=\"NormalTextRun SCXW14818255\">\u00a0<\/span><\/span><\/span><\/p>\n<p><strong>Twitter:<span>\u00a0<\/span><\/strong><b><\/b>\u00a0<span><a href=\"https:\/\/twitter.com\/regina_ponciano\"><b>@<\/b>regina_ponciano\u00a0<\/a>\u00a0<\/span><\/p>\n<p>[\/et_pb_text][\/et_pb_column][\/et_pb_row][et_pb_row _builder_version=&#8221;4.16&#8243; _module_preset=&#8221;default&#8221; custom_padding=&#8221;|||0px||&#8221; global_colors_info=&#8221;{}&#8221;][et_pb_column type=&#8221;4_4&#8243; _builder_version=&#8221;4.16&#8243; _module_preset=&#8221;default&#8221; global_colors_info=&#8221;{}&#8221;][et_pb_text _builder_version=&#8221;4.16&#8243; _module_preset=&#8221;default&#8221; text_font=&#8221;Montserrat||||||||&#8221; text_font_size=&#8221;11px&#8221; custom_padding=&#8221;0px||7px|||&#8221; inline_fonts=&#8221;Montserrat&#8221; global_colors_info=&#8221;{}&#8221;]<\/p>\n<p><strong>\u201cLoveable Monsters, Redeemable Men: The Lonely Voice of Oscar Wilde\u201d.<\/strong><span>\u00a0<\/span><span class=\"\"><i class=\"\">Advances in English and American Studies: Current Developments, Future Trends.<span>\u00a0<\/span><\/i>Universidad de C\u00f3rdoba, 2020. 49-56.<\/span><\/p>\n<p><span class=\"\"><strong>\u00a0<i class=\"\">O Relato Curto Brit\u00e1nico<\/i>.<\/strong><span>\u00a0<\/span>Colecci\u00f3n Unidades Did\u00e1cticas, Servizo de Normalizaci\u00f3n Ling\u00fc\u00edstica. \u00a0<\/span><span class=\"\">Servizo de Publicaci\u00f3ns e Intercambio Cient\u00edfico, 2019.<\/span><span class=\"\">\u00a0<\/span><span class=\"\"><a href=\"https:\/\/dx.doi.org\/10.15304\/\" class=\"\" title=\"https:\/\/dx.doi.org\/10.15304\/\">https:\/\/dx.doi.org\/10.15304\/<\/a><\/span><\/p>\n<p><strong><span class=\"TextRun SCXW248207230\" lang=\"EN-GB\" xml:lang=\"EN-GB\"><span class=\"NormalTextRun SCXW248207230\">\u00a0\u201cReview of<span>\u00a0<\/span><\/span><\/span><span class=\"TextRun SCXW248207230\" lang=\"EN-GB\" xml:lang=\"EN-GB\"><span class=\"NormalTextRun SCXW248207230\">Migrant Shores: Irish, Moroccan &amp; Galician Poetry,<span>\u00a0<\/span><\/span><\/span><span class=\"TextRun SCXW248207230\" lang=\"EN-GB\" xml:lang=\"EN-GB\"><span class=\"NormalTextRun SCXW248207230\">edited by Manuela Palacios<\/span><\/span><span class=\"TextRun SCXW248207230\" lang=\"EN-GB\" xml:lang=\"EN-GB\"><span class=\"NormalTextRun SCXW248207230\">,\u201d<span>\u00a0<\/span><\/span><\/span><\/strong><span class=\"TextRun SCXW248207230\" lang=\"EN-GB\" xml:lang=\"EN-GB\"><em><span class=\"SpellingError SCXW248207230\">Estudios<\/span><span>\u00a0<\/span><span class=\"SpellingError SCXW248207230\">Irlandeses<\/span><\/em><span class=\"NormalTextRun SCXW248207230\"><em>: Journal of Irish Studies<\/em><span>\u00a0<\/span><\/span><\/span><span class=\"TextRun SCXW248207230\" lang=\"EN-GB\" xml:lang=\"EN-GB\"><span class=\"NormalTextRun SCXW248207230\">13.13 (2018), 185-188.<\/span><\/span><span>\u00a0<\/span><\/p>\n<p><span><\/span><\/p>\n<p><span><\/span><\/p>\n<p><span><\/span><\/p>\n<p><span><\/span><\/p>\n<p><b class=\"\">\u201cMonstrosity, Love, and Individualism in Oscar Wilde\u2019s<span>\u00a0<\/span><i class=\"\">A House of Pomegranates<\/i>.\u201d<\/b>\u00a0<i class=\"\">Liminal Identities: Nature, Culture and Society.<span>\u00a0<\/span><\/i>5 outubre 2020.\u00a0Universidade de Santiago de Compostela.\u00a0<\/p>\n<p><b>\u201cLoveable Monsters, Redeemable Men: The Lonely Voice of Oscar Wilde\u201d.<span>\u00a0<\/span><\/b><i>AEDEAN 42<\/i>, 7-9 novembro 2018, Universidad de C\u00f3rdoba (Spain).<\/p>\n<p><b>\u201cVisualizing Oscar Wilde, Then and Now\u201d<\/b><b>.<span>\u00a0<\/span><\/b><i>MENAWA Study Day<\/i>, 22 xu\u00f1o 2018, Lancaster University (United Kingdom).<\/p>\n<p><b>\u201cMasculinities and the Modern Short Story: The Liminality<span>\u00a0<\/span><\/b><b><i>in<span>\u00a0<\/span><\/i><\/b><b>and<span>\u00a0<\/span><\/b><b><i>of<span>\u00a0<\/span><\/i><\/b><b>Oscar Wilde\u2019s Short Prose Writings\u201d<\/b><b>.<span>\u00a0<\/span><\/b><i>Department of European Languages and Cultures Postgraduate Colloquium,<span>\u00a0<\/span><\/i>30 abril 2018, Lancaster University (United Kingdom).<\/p>\n<p><b>\u201cThe Boundaries of Affection: Oscar Wilde\u2019s<span>\u00a0<\/span><\/b><b><i>The Happy Prince and Other Tales<span>\u00a0<\/span><\/i><\/b><b>(1888) and<span>\u00a0<\/span><\/b><b><i>A House of Pomegranates<span>\u00a0<\/span><\/i><\/b><b>(1891)\u201d<\/b><b>.<\/b><span>\u00a0<\/span><i>Border Experiences: The English Short Story and Europe in the 21<\/i><i>st<\/i><i><span>\u00a0<\/span>Century<\/i>, 9-10 febreiro 2018, Freiburg University (Germany)<\/p>\n<p><b>\u201cSpace, Place, and National Identity in Sir Arthur Conan Doyle\u2019s Early Non-Fiction\u201d<\/b>.\u202f<i>Research Society for Victorian Periodicals Annual Conference<\/i>, 27-29 xullo 2017, Freiburg University (Germany).<span data-ccp-props=\"{&quot;134233117&quot;:true,&quot;134233118&quot;:true,&quot;201341983&quot;:2,&quot;335559685&quot;:0,&quot;335559740&quot;:240}\">\u00a0<\/span><\/p>\n<p><b>\u201c\u2018Yours Truly\u2019?: Authorial and National Identity in Sir Arthur Conan Doyle\u2019s Public and Private Discourses\u201d.<\/b><b>\u202f<\/b><i>II International Conference \u2018Discourse of Identity<\/i>, 8-9 xu\u00f1o 2017, Universidade de Santiago de Compostela.<span data-ccp-props=\"{&quot;134233117&quot;:true,&quot;134233118&quot;:true,&quot;201341983&quot;:2,&quot;335559685&quot;:0,&quot;335559740&quot;:240}\">\u00a0<\/span><span>\u00a0<\/span><\/p>\n<p><b>\u201cSpaces, Paces, and Masculinities in Late Victorian Short Fiction.\u201d<\/b>\u202f<i>IDAES Graduate Day<\/i>, 20 maio 2017, Universidade da Coru\u00f1a.<span data-ccp-props=\"{&quot;134233117&quot;:true,&quot;134233118&quot;:true,&quot;201341983&quot;:2,&quot;335559685&quot;:0,&quot;335559740&quot;:240}\">\u00a0<\/span><\/p>\n<p><b>\u201cThe Sign of the Wildean Four: Sherlock, Thaddeus Sholto, Mycroft, and Sebastian Moran. Sir Arthur Conan Doyle\u00b4s Exploration of Masculinity in Times of Crisis\u201d<\/b>.\u202f<i>40th AEDEAN Conference<\/i>, 9-11 noviembro 2016, Universidad de Zaragoza.<span data-ccp-props=\"{&quot;134233117&quot;:true,&quot;134233118&quot;:true,&quot;201341983&quot;:2,&quot;335559685&quot;:0,&quot;335559740&quot;:240}\">\u00a0<\/span><\/p>\n<p><b>\u201cWriting in his Own Shadow: Sir Arthur Conan Doyle\u2019s \u2018Tales of Mystery\u2019 (1898-1899)\u201d<\/b>.\u202f<i>40th AEDEAN Conference<\/i>, 9-11 noviembr0 2016, Universidad de Zaragoza.<span data-ccp-props=\"{&quot;134233117&quot;:true,&quot;134233118&quot;:true,&quot;201341983&quot;:2,&quot;335559685&quot;:0,&quot;335559740&quot;:240}\">\u00a0<\/span><\/p>\n<p><b>\u201cMale Romance or Fiction of Loss? Analyzing Wildean Masculinities in Conan Doyle\u2019s Sherlock Holmes\u201d<\/b>.<i>\u202f<\/i><i>IDAES Graduate Day<\/i>, 19 maio 2017, Universidade de Santiago de Compostela.<span data-ccp-props=\"{&quot;134233117&quot;:true,&quot;134233118&quot;:true,&quot;201341983&quot;:2,&quot;335559685&quot;:0,&quot;335559740&quot;:240}\">\u00a0<\/span><\/p>\n<p><b>\u201cSherlock Holmes as a Barometer of Late Victorian England\u201d<\/b>.\u202f<i>English Studies &amp; Popular Culture<\/i>, 16 febreiro 2016, Universidade de Santiago de Compostela.<span data-ccp-props=\"{&quot;134233117&quot;:true,&quot;134233118&quot;:true,&quot;201341983&quot;:2,&quot;335559685&quot;:0,&quot;335559740&quot;:240}\">\u00a0<\/span><\/p>\n<p>[\/et_pb_text][\/et_pb_column][\/et_pb_row][\/et_pb_section]<\/p>\n","protected":false},"excerpt":{"rendered":"<p>Regina M. PoncianoRegina M. Ponciano es doctora en Filolog\u00eda Inglesa (2024), con un m\u00e1ster (2016) y un grado (2015) en la misma especialidad, que est\u00e1 cursando un m\u00e1ster en formaci\u00f3n del profesorado. En la actualidad, Regina tambi\u00e9n es profesora sustituta en la Universidad de Santiago de Compostela, donde anteriormente ocup\u00f3 el cargo de profesora ayudante. [&hellip;]<\/p>\n","protected":false},"author":1,"featured_media":0,"parent":0,"menu_order":0,"comment_status":"closed","ping_status":"closed","template":"","meta":{"_et_pb_use_builder":"on","_et_pb_old_content":"","_et_gb_content_width":"","footnotes":""},"class_list":["post-2806","page","type-page","status-publish","hentry"],"_links":{"self":[{"href":"https:\/\/discursoeidentidade.com\/index.php?rest_route=\/wp\/v2\/pages\/2806","targetHints":{"allow":["GET"]}}],"collection":[{"href":"https:\/\/discursoeidentidade.com\/index.php?rest_route=\/wp\/v2\/pages"}],"about":[{"href":"https:\/\/discursoeidentidade.com\/index.php?rest_route=\/wp\/v2\/types\/page"}],"author":[{"embeddable":true,"href":"https:\/\/discursoeidentidade.com\/index.php?rest_route=\/wp\/v2\/users\/1"}],"replies":[{"embeddable":true,"href":"https:\/\/discursoeidentidade.com\/index.php?rest_route=%2Fwp%2Fv2%2Fcomments&post=2806"}],"version-history":[{"count":0,"href":"https:\/\/discursoeidentidade.com\/index.php?rest_route=\/wp\/v2\/pages\/2806\/revisions"}],"wp:attachment":[{"href":"https:\/\/discursoeidentidade.com\/index.php?rest_route=%2Fwp%2Fv2%2Fmedia&parent=2806"}],"curies":[{"name":"wp","href":"https:\/\/api.w.org\/{rel}","templated":true}]}}