{"id":2801,"date":"2017-10-31T11:34:27","date_gmt":"2017-10-31T10:34:27","guid":{"rendered":"http:\/\/discursoeidentidade.com?page_id=2801"},"modified":"2024-11-13T07:47:36","modified_gmt":"2024-11-13T06:47:36","slug":"regina","status":"publish","type":"page","link":"https:\/\/discursoeidentidade.com\/?page_id=2801","title":{"rendered":"MIEMBRO IFP_Regina Mart\u00ednez Ponciano"},"content":{"rendered":"<p>[et_pb_section fb_built=&#8221;1&#8243; inner_shadow=&#8221;on&#8221; fullwidth=&#8221;on&#8221; custom_padding_last_edited=&#8221;on|desktop&#8221; admin_label=&#8221;section&#8221; _builder_version=&#8221;4.16&#8243; background_color=&#8221;#153b60&#8243; custom_padding_tablet=&#8221;50px|0|50px|0&#8243; custom_padding_phone=&#8221;&#8221; transparent_background=&#8221;off&#8221; padding_mobile=&#8221;off&#8221; make_fullwidth=&#8221;off&#8221; use_custom_width=&#8221;off&#8221; width_unit=&#8221;on&#8221; custom_width_px=&#8221;1080px&#8221; custom_width_percent=&#8221;80%&#8221; global_colors_info=&#8221;{}&#8221;][et_pb_fullwidth_header content_max_width=&#8221;none&#8221; admin_label=&#8221;T\u00cdTULO SECCI\u00d3N&#8221; _builder_version=&#8221;4.16&#8243; title_font=&#8221;Montserrat||||||||&#8221; background_color=&#8221;rgba(255, 255, 255, 0)&#8221; custom_padding=&#8221;||0px|||&#8221; button_one_letter_spacing_hover=&#8221;0&#8243; button_two_letter_spacing_hover=&#8221;0&#8243; global_colors_info=&#8221;{}&#8221; button_one_text_size__hover_enabled=&#8221;off&#8221; button_two_text_size__hover_enabled=&#8221;off&#8221; button_one_text_color__hover_enabled=&#8221;off&#8221; button_two_text_color__hover_enabled=&#8221;off&#8221; button_one_border_width__hover_enabled=&#8221;off&#8221; button_two_border_width__hover_enabled=&#8221;off&#8221; button_one_border_color__hover_enabled=&#8221;off&#8221; button_two_border_color__hover_enabled=&#8221;off&#8221; button_one_border_radius__hover_enabled=&#8221;off&#8221; button_two_border_radius__hover_enabled=&#8221;off&#8221; button_one_letter_spacing__hover_enabled=&#8221;on&#8221; button_one_letter_spacing__hover=&#8221;0&#8243; button_two_letter_spacing__hover_enabled=&#8221;on&#8221; button_two_letter_spacing__hover=&#8221;0&#8243; button_one_bg_color__hover_enabled=&#8221;off&#8221; button_two_bg_color__hover_enabled=&#8221;off&#8221;]<\/p>\n<h1>Regina M. Ponciano<\/h1>\n<p>[\/et_pb_fullwidth_header][\/et_pb_section][et_pb_section fb_built=&#8221;1&#8243; custom_padding_last_edited=&#8221;on|desktop&#8221; admin_label=&#8221;section&#8221; _builder_version=&#8221;4.16&#8243; background_color=&#8221;rgba(0,0,0,0)&#8221; custom_padding_tablet=&#8221;50px|0|50px|0&#8243; custom_padding_phone=&#8221;&#8221; transparent_background=&#8221;off&#8221; padding_mobile=&#8221;off&#8221; make_fullwidth=&#8221;off&#8221; use_custom_width=&#8221;off&#8221; width_unit=&#8221;on&#8221; custom_width_px=&#8221;1080px&#8221; custom_width_percent=&#8221;80%&#8221; global_colors_info=&#8221;{}&#8221;][et_pb_row column_structure=&#8221;2_5,3_5&#8243; _builder_version=&#8221;4.16&#8243; _module_preset=&#8221;default&#8221; background_color=&#8221;#d6d6d6&#8243; width=&#8221;79.9%&#8221; custom_padding=&#8221;||27px|28px||&#8221; global_colors_info=&#8221;{}&#8221;][et_pb_column type=&#8221;2_5&#8243; _builder_version=&#8221;4.16&#8243; _module_preset=&#8221;default&#8221; global_colors_info=&#8221;{}&#8221;][et_pb_image src=&#8221;https:\/\/discursoeidentidade.com\/wp-content\/uploads\/2024\/11\/Regina_M_Ponciano.jpeg&#8221; title_text=&#8221;Regina_M_Ponciano&#8221; _builder_version=&#8221;4.24.0&#8243; _module_preset=&#8221;default&#8221; custom_margin=&#8221;|20px||||&#8221; custom_padding=&#8221;5px|||||&#8221; global_colors_info=&#8221;{}&#8221;][\/et_pb_image][\/et_pb_column][et_pb_column type=&#8221;3_5&#8243; _builder_version=&#8221;4.16&#8243; _module_preset=&#8221;default&#8221; global_colors_info=&#8221;{}&#8221;][et_pb_text _builder_version=&#8221;4.24.0&#8243; _module_preset=&#8221;default&#8221; text_font=&#8221;Montserrat||||||||&#8221; min_height=&#8221;117px&#8221; custom_margin=&#8221;1px|||||&#8221; custom_padding=&#8221;|95px||||&#8221; hover_enabled=&#8221;0&#8243; inline_fonts=&#8221;Montserrat&#8221; global_colors_info=&#8221;{}&#8221; sticky_enabled=&#8221;0&#8243;]<\/p>\n<p><strong>Regina M. Ponciano <\/strong>\u00e9 doutora en Filolox\u00eda Inglesa (2024), con un mestrado (2016) e un grao (2015) na mesma especialidade, que est\u00e1 a cursar un m\u00e1ster en formaci\u00f3n do profesorado. Na actualidade, Regina tam\u00e9n \u00e9 profesora substituta na Universidade de Santiago de Compostela, onde anteriormente ocupou o cargo de profesora axudante. Tam\u00e9n traballou como profesora axudante na Universidade de Galway (Irlanda), impartiu clases na educaci\u00f3n privada e na formaci\u00f3n profesional, e conta cunha ampla experiencia docente a trav\u00e9s de diversas actividades de voluntariado. A s\u00faa tese de doutoramento, titulada <i>&#8220;Oscar Wilde, the Short Story Writer&#8221;<\/i>, recibiu o prestixioso premio In\u00e9s Praga 2024 da <a href=\"https:\/\/aedei.es\/\">Asociaci\u00f3n Espa\u00f1ola de Estudos Irlandeses<\/a> (ex aequo). Baseada nun marco ecl\u00e9ctico que combina investigaci\u00f3n de arquivo e lecturas cr\u00edticas, esta obra corrixiu e contextualizou os relatos can\u00f3nicos sobre a produci\u00f3n, publicaci\u00f3n e recepci\u00f3n das colecci\u00f3ns de relatos de Wilde, ademais de analizar a liminalidade en e de tres relatos. Un dos proxectos activos de Regina \u00e9 o seu sitio web, <a href=\"wildeshortfiction.com\">wildeshortfiction.com<\/a>, que pon \u00e1 disposici\u00f3n do p\u00fablico as fontes primarias utilizadas na s\u00faa tese. Na s\u00faa forma actual, ofrece unha bibliograf\u00eda descritiva detallada, unha extensa bibliograf\u00eda enumerativa e unha base de datos que recompila 80 recensi\u00f3ns contempor\u00e1neas das colecci\u00f3ns de relatos de Wilde. Recentemente, Regina foi galardoada coa bolsa posdoutoral Mar\u00eda Turell, outorgada pola <a href=\"https:\/\/aedean.org\/\">Asociaci\u00f3n Espa\u00f1ola de Estudos Anglo-Norteamericanos<\/a>, para ampliar este sitio web.<\/p>\n<p>&nbsp;<\/p>\n<p><strong>@:\u00a0\u00a0<a href=\"mailto:regina.ponciano@usc.es\">regina.ponciano@usc.es<\/a><\/strong><\/p>\n<p><strong>P\u00e1xina web: <\/strong><span><a class=\"Hyperlink SCXW14818255\" href=\"https:\/\/usc-es.academia.edu\/ReginaPonciano\" target=\"_blank\" rel=\"noopener noreferrer\"><span class=\"TextRun Underlined SCXW14818255\" lang=\"EN-US\" xml:lang=\"EN-US\"><span class=\"NormalTextRun SCXW14818255\">https:\/\/usc-es.academia.edu\/ReginaPonciano<\/span><\/span><\/a><span class=\"TextRun SCXW14818255\" lang=\"EN-US\" xml:lang=\"EN-US\"><span class=\"NormalTextRun SCXW14818255\">\u00a0 <\/span><\/span><\/span><\/p>\n<p><strong>Twitter: <\/strong><b><\/b>\u00a0<span><a href=\"https:\/\/twitter.com\/regina_ponciano\"><b>@<\/b>regina_ponciano\u00a0<\/a>\u00a0<\/span><\/p>\n<p>[\/et_pb_text][\/et_pb_column][\/et_pb_row][et_pb_row _builder_version=&#8221;4.16&#8243; _module_preset=&#8221;default&#8221; width=&#8221;71.9%&#8221; custom_padding=&#8221;|||0px||&#8221; global_colors_info=&#8221;{}&#8221;][et_pb_column type=&#8221;4_4&#8243; _builder_version=&#8221;4.16&#8243; _module_preset=&#8221;default&#8221; global_colors_info=&#8221;{}&#8221;][et_pb_text _builder_version=&#8221;4.16&#8243; _module_preset=&#8221;default&#8221; text_font=&#8221;Montserrat||||||||&#8221; text_font_size=&#8221;11px&#8221; inline_fonts=&#8221;Montserrat&#8221; global_colors_info=&#8221;{}&#8221;]<\/p>\n<p><strong style=\"font-size: 11px;\">\u201cLoveable Monsters, Redeemable Men: The Lonely Voice of Oscar Wilde\u201d.<\/strong><span style=\"font-size: 11px;\">\u00a0<\/span><span class=\"\" style=\"font-size: 11px;\"><i class=\"\">Advances in English and American Studies: Current Developments, Future Trends. <\/i>Universidad de C\u00f3rdoba, 2020. 49-56.<\/span><\/p>\n<p><span class=\"\"><strong>\u00a0<i class=\"\">O Relato Curto Brit\u00e1nico<\/i>.<\/strong> Colecci\u00f3n Unidades Did\u00e1cticas, Servizo de Normalizaci\u00f3n Ling\u00fc\u00edstica. \u00a0<\/span><span class=\"\">Servizo de Publicaci\u00f3ns e Intercambio Cient\u00edfico, 2019.<\/span><span class=\"\">\u00a0<\/span><span class=\"\"><a href=\"https:\/\/dx.doi.org\/10.15304\/\" class=\"\" title=\"https:\/\/dx.doi.org\/10.15304\/\">https:\/\/dx.doi.org\/10.15304\/<\/a><\/span><\/p>\n<p><strong><span class=\"TextRun SCXW248207230\" lang=\"EN-GB\" xml:lang=\"EN-GB\"><span class=\"NormalTextRun SCXW248207230\">\u00a0&#8220;Review of <\/span><\/span><span class=\"TextRun SCXW248207230\" lang=\"EN-GB\" xml:lang=\"EN-GB\"><span class=\"NormalTextRun SCXW248207230\">Migrant Shores: Irish, Moroccan &amp; Galician Poetry, <\/span><\/span><span class=\"TextRun SCXW248207230\" lang=\"EN-GB\" xml:lang=\"EN-GB\"><span class=\"NormalTextRun SCXW248207230\">edited by Manuela Palacios<\/span><\/span><span class=\"TextRun SCXW248207230\" lang=\"EN-GB\" xml:lang=\"EN-GB\"><span class=\"NormalTextRun SCXW248207230\">,&#8221; <\/span><\/span><\/strong><span class=\"TextRun SCXW248207230\" lang=\"EN-GB\" xml:lang=\"EN-GB\"><em><span class=\"SpellingError SCXW248207230\">Estudios<\/span> <span class=\"SpellingError SCXW248207230\">Irlandeses<\/span><\/em><span class=\"NormalTextRun SCXW248207230\"><em>: Journal of Irish Studies<\/em> <\/span><\/span><span class=\"TextRun SCXW248207230\" lang=\"EN-GB\" xml:lang=\"EN-GB\"><span class=\"NormalTextRun SCXW248207230\">13.13 (2018), 185-188.<\/span><\/span><span style=\"font-size: 11px;\">\u00a0<\/span><\/p>\n<p><span style=\"font-size: 11px;\"><\/span><\/p>\n<p><span style=\"text-decoration: underline;\"><\/span><\/p>\n<p><span style=\"text-decoration: underline;\"><\/span><\/p>\n<p><span style=\"text-decoration: underline;\"><\/span><\/p>\n<p><b class=\"\">\u201cMonstrosity, Love, and Individualism in Oscar Wilde\u2019s <i class=\"\">A House of Pomegranates<\/i>.\u201d<\/b>\u00a0<i class=\"\">Liminal Identities: Nature, Culture and Society. <\/i>5 outubre 2020.\u00a0Universidade de Santiago de Compostela.\u00a0<\/p>\n<p><b>\u201cLoveable Monsters, Redeemable Men: The Lonely Voice of Oscar Wilde\u201d. <\/b><i>AEDEAN 42<\/i>, 7-9 novembro 2018, Universidad de C\u00f3rdoba (Spain).<\/p>\n<p><b>\u201cVisualizing Oscar Wilde, Then and Now\u201d<\/b><b>. <\/b><i>MENAWA Study Day<\/i>, 22 xu\u00f1o 2018, Lancaster University (United Kingdom).<\/p>\n<p><b>\u201cMasculinities and the Modern Short Story: The Liminality <\/b><b><i>in <\/i><\/b><b>and <\/b><b><i>of <\/i><\/b><b>Oscar Wilde\u2019s Short Prose Writings\u201d<\/b><b>. <\/b><i>Department of European Languages and Cultures Postgraduate Colloquium, <\/i>30 abril 2018, Lancaster University (United Kingdom).<\/p>\n<p><b>\u201cThe Boundaries of Affection: Oscar Wilde\u2019s <\/b><b><i>The Happy Prince and Other Tales <\/i><\/b><b>(1888) and <\/b><b><i>A House of Pomegranates <\/i><\/b><b>(1891)\u201d<\/b><b>.<\/b> <i>Border Experiences: The English Short Story and Europe in the 21<\/i><i>st<\/i><i> Century<\/i>, 9-10 febreiro 2018, Freiburg University (Germany)<\/p>\n<p><b>\u201cSpace, Place, and National Identity in Sir Arthur Conan Doyle\u2019s Early Non-Fiction\u201d<\/b>.\u202f<i>Research Society for Victorian Periodicals Annual Conference<\/i>, 27-29 xullo 2017, Freiburg University (Germany).<span data-ccp-props=\"{&quot;134233117&quot;:true,&quot;134233118&quot;:true,&quot;201341983&quot;:2,&quot;335559685&quot;:0,&quot;335559740&quot;:240}\">\u00a0<\/span><\/p>\n<p><b>\u201c\u2018Yours Truly\u2019?: Authorial and National Identity in Sir Arthur Conan Doyle\u2019s Public and Private Discourses\u201d.<\/b><b>\u202f<\/b><i>II International Conference \u2018Discourse of Identity<\/i>, 8-9 xu\u00f1o 2017, Universidade de Santiago de Compostela.<span data-ccp-props=\"{&quot;134233117&quot;:true,&quot;134233118&quot;:true,&quot;201341983&quot;:2,&quot;335559685&quot;:0,&quot;335559740&quot;:240}\">\u00a0<\/span><span>\u00a0<\/span><\/p>\n<p><b>\u201cSpaces, Paces, and Masculinities in Late Victorian Short Fiction.\u201d<\/b>\u202f<i>IDAES Graduate Day<\/i>, 20 maio 2017, Universidade da Coru\u00f1a.<span data-ccp-props=\"{&quot;134233117&quot;:true,&quot;134233118&quot;:true,&quot;201341983&quot;:2,&quot;335559685&quot;:0,&quot;335559740&quot;:240}\">\u00a0<\/span><\/p>\n<p><b>\u201cThe Sign of the Wildean Four: Sherlock, Thaddeus Sholto, Mycroft, and Sebastian Moran. Sir Arthur Conan Doyle\u00b4s Exploration of Masculinity in Times of Crisis\u201d<\/b>.\u202f<i>40th AEDEAN Conference<\/i>, 9-11 noviembro 2016, Universidad de Zaragoza.<span data-ccp-props=\"{&quot;134233117&quot;:true,&quot;134233118&quot;:true,&quot;201341983&quot;:2,&quot;335559685&quot;:0,&quot;335559740&quot;:240}\">\u00a0<\/span><\/p>\n<p><b>\u201cWriting in his Own Shadow: Sir Arthur Conan Doyle\u2019s \u2018Tales of Mystery\u2019 (1898-1899)\u201d<\/b>.\u202f<i>40th AEDEAN Conference<\/i>, 9-11 noviembr0 2016, Universidad de Zaragoza.<span data-ccp-props=\"{&quot;134233117&quot;:true,&quot;134233118&quot;:true,&quot;201341983&quot;:2,&quot;335559685&quot;:0,&quot;335559740&quot;:240}\">\u00a0<\/span><\/p>\n<p><b>\u201cMale Romance or Fiction of Loss? Analyzing Wildean Masculinities in Conan Doyle\u2019s Sherlock Holmes\u201d<\/b>.<i>\u202f<\/i><i>IDAES Graduate Day<\/i>, 19 maio 2017, Universidade de Santiago de Compostela.<span data-ccp-props=\"{&quot;134233117&quot;:true,&quot;134233118&quot;:true,&quot;201341983&quot;:2,&quot;335559685&quot;:0,&quot;335559740&quot;:240}\">\u00a0<\/span><\/p>\n<p><b>\u201cSherlock Holmes as a Barometer of Late Victorian England\u201d<\/b>.\u202f<i>English Studies &amp; Popular Culture<\/i>, 16 febreiro 2016, Universidade de Santiago de Compostela.<span data-ccp-props=\"{&quot;134233117&quot;:true,&quot;134233118&quot;:true,&quot;201341983&quot;:2,&quot;335559685&quot;:0,&quot;335559740&quot;:240}\">\u00a0<\/span><\/p>\n<p><span data-ccp-props=\"{}\">\u00a0<\/span><\/p>\n<p>[\/et_pb_text][\/et_pb_column][\/et_pb_row][\/et_pb_section]<\/p>\n","protected":false},"excerpt":{"rendered":"<p>Regina M. PoncianoRegina M. Ponciano \u00e9 doutora en Filolox\u00eda Inglesa (2024), con un mestrado (2016) e un grao (2015) na mesma especialidade, que est\u00e1 a cursar un m\u00e1ster en formaci\u00f3n do profesorado. Na actualidade, Regina tam\u00e9n \u00e9 profesora substituta na Universidade de Santiago de Compostela, onde anteriormente ocupou o cargo de profesora axudante. Tam\u00e9n traballou [&hellip;]<\/p>\n","protected":false},"author":1,"featured_media":0,"parent":0,"menu_order":0,"comment_status":"closed","ping_status":"closed","template":"","meta":{"_et_pb_use_builder":"on","_et_pb_old_content":"","_et_gb_content_width":"","footnotes":""},"class_list":["post-2801","page","type-page","status-publish","hentry"],"_links":{"self":[{"href":"https:\/\/discursoeidentidade.com\/index.php?rest_route=\/wp\/v2\/pages\/2801","targetHints":{"allow":["GET"]}}],"collection":[{"href":"https:\/\/discursoeidentidade.com\/index.php?rest_route=\/wp\/v2\/pages"}],"about":[{"href":"https:\/\/discursoeidentidade.com\/index.php?rest_route=\/wp\/v2\/types\/page"}],"author":[{"embeddable":true,"href":"https:\/\/discursoeidentidade.com\/index.php?rest_route=\/wp\/v2\/users\/1"}],"replies":[{"embeddable":true,"href":"https:\/\/discursoeidentidade.com\/index.php?rest_route=%2Fwp%2Fv2%2Fcomments&post=2801"}],"version-history":[{"count":0,"href":"https:\/\/discursoeidentidade.com\/index.php?rest_route=\/wp\/v2\/pages\/2801\/revisions"}],"wp:attachment":[{"href":"https:\/\/discursoeidentidade.com\/index.php?rest_route=%2Fwp%2Fv2%2Fmedia&parent=2801"}],"curies":[{"name":"wp","href":"https:\/\/api.w.org\/{rel}","templated":true}]}}