{"id":2725,"date":"2017-10-03T11:50:50","date_gmt":"2017-10-03T09:50:50","guid":{"rendered":"http:\/\/discursoeidentidade.com?page_id=2725"},"modified":"2026-04-07T08:08:58","modified_gmt":"2026-04-07T06:08:58","slug":"2708-2","status":"publish","type":"page","link":"https:\/\/discursoeidentidade.com\/?page_id=2725&lang=en","title":{"rendered":"Noem\u00ed Pereira Ares"},"content":{"rendered":"<p>[et_pb_section fb_built=&#8221;1&#8243; inner_shadow=&#8221;on&#8221; fullwidth=&#8221;on&#8221; custom_padding_last_edited=&#8221;on|desktop&#8221; admin_label=&#8221;section&#8221; _builder_version=&#8221;4.16&#8243; background_color=&#8221;#153b60&#8243; custom_padding_tablet=&#8221;50px|0|50px|0&#8243; custom_padding_phone=&#8221;&#8221; transparent_background=&#8221;off&#8221; padding_mobile=&#8221;off&#8221; make_fullwidth=&#8221;off&#8221; use_custom_width=&#8221;off&#8221; width_unit=&#8221;on&#8221; custom_width_px=&#8221;1080px&#8221; custom_width_percent=&#8221;80%&#8221; global_colors_info=&#8221;{}&#8221;][et_pb_fullwidth_header content_max_width=&#8221;none&#8221; admin_label=&#8221;T\u00cdTULO SECCI\u00d3N&#8221; _builder_version=&#8221;4.16&#8243; title_font=&#8221;Montserrat||||||||&#8221; background_color=&#8221;rgba(255, 255, 255, 0)&#8221; custom_padding=&#8221;||0px|||&#8221; button_one_letter_spacing_hover=&#8221;0&#8243; button_two_letter_spacing_hover=&#8221;0&#8243; global_colors_info=&#8221;{}&#8221; button_one_text_size__hover_enabled=&#8221;off&#8221; button_two_text_size__hover_enabled=&#8221;off&#8221; button_one_text_color__hover_enabled=&#8221;off&#8221; button_two_text_color__hover_enabled=&#8221;off&#8221; button_one_border_width__hover_enabled=&#8221;off&#8221; button_two_border_width__hover_enabled=&#8221;off&#8221; button_one_border_color__hover_enabled=&#8221;off&#8221; button_two_border_color__hover_enabled=&#8221;off&#8221; button_one_border_radius__hover_enabled=&#8221;off&#8221; button_two_border_radius__hover_enabled=&#8221;off&#8221; button_one_letter_spacing__hover_enabled=&#8221;on&#8221; button_one_letter_spacing__hover=&#8221;0&#8243; button_two_letter_spacing__hover_enabled=&#8221;on&#8221; button_two_letter_spacing__hover=&#8221;0&#8243; button_one_bg_color__hover_enabled=&#8221;off&#8221; button_two_bg_color__hover_enabled=&#8221;off&#8221;]<\/p>\n<h1>Noem\u00ed Pereira Ares<\/h1>\n<p>[\/et_pb_fullwidth_header][\/et_pb_section][et_pb_section fb_built=&#8221;1&#8243; custom_padding_last_edited=&#8221;on|desktop&#8221; admin_label=&#8221;section&#8221; _builder_version=&#8221;4.16&#8243; background_color=&#8221;rgba(0,0,0,0)&#8221; custom_padding_tablet=&#8221;50px|0|50px|0&#8243; custom_padding_phone=&#8221;&#8221; transparent_background=&#8221;off&#8221; padding_mobile=&#8221;off&#8221; make_fullwidth=&#8221;off&#8221; use_custom_width=&#8221;off&#8221; width_unit=&#8221;on&#8221; custom_width_px=&#8221;1080px&#8221; custom_width_percent=&#8221;80%&#8221; global_colors_info=&#8221;{}&#8221;][et_pb_row column_structure=&#8221;2_5,3_5&#8243; _builder_version=&#8221;4.16&#8243; _module_preset=&#8221;default&#8221; background_color=&#8221;#d6d6d6&#8243; width=&#8221;79.9%&#8221; custom_padding=&#8221;||27px|28px||&#8221; global_colors_info=&#8221;{}&#8221;][et_pb_column type=&#8221;2_5&#8243; _builder_version=&#8221;4.16&#8243; _module_preset=&#8221;default&#8221; global_colors_info=&#8221;{}&#8221;][et_pb_image src=&#8221;http:\/\/discursoeidentidade.com\/wp-content\/uploads\/2020\/10\/WhatsApp-Image-2020-10-19-at-16.26.30-3.jpeg&#8221; title_text=&#8221;Noem\u00ed Pereira Ares&#8221; _builder_version=&#8221;4.16&#8243; _module_preset=&#8221;default&#8221; min_height=&#8221;299px&#8221; custom_margin=&#8221;26px|||||&#8221; custom_padding=&#8221;|||34px||&#8221; global_colors_info=&#8221;{}&#8221;][\/et_pb_image][\/et_pb_column][et_pb_column type=&#8221;3_5&#8243; _builder_version=&#8221;4.16&#8243; _module_preset=&#8221;default&#8221; global_colors_info=&#8221;{}&#8221;][et_pb_text _builder_version=&#8221;4.16&#8243; _module_preset=&#8221;default&#8221; text_font=&#8221;Montserrat||||||||&#8221; min_height=&#8221;117px&#8221; custom_margin=&#8221;-5px|||||&#8221; custom_padding=&#8221;|95px||||&#8221; inline_fonts=&#8221;Montserrat&#8221; global_colors_info=&#8221;{}&#8221;]<\/p>\n<p><span style=\"font-weight: 400;\"><strong><\/strong><\/span><\/p>\n<p><span style=\"font-weight: 400;\"><strong><\/strong><\/span><\/p>\n<p><span style=\"font-weight: 400;\"><strong><\/strong><\/span><\/p>\n<p><strong>Noem\u00ed Pereira-Ares<\/strong> is Senior Lecturer in the Department of English and German Studies at the University of Santiago de Compostela (Spain). Her research lines include contemporary literature on migration, postcolonial, transcultural and diaspora studies, as well as sociological approaches to the dressed body in literature. Her research has appeared in international academic journals such as <em>The Journal of Postcolonial Writing<\/em> and <em>Journal of Commonwealth Literature<\/em>. She is the author of <em>Fashion, Dress and Identity in the Narratives of the South Asian Diaspora: From the Eighteenth Century to Monica Ali<\/em> (Palgrave Macmillan, 2018), and she has co-edited, amongst others, the volume <em>Postcolonial Youth in Contemporary British Fiction<\/em> (Brill, 2021) and the special issue <em>Border Politics and Refugee Narratives in Contemporary Literature<\/em> (<em>Humanities<\/em>, 2024). \u00a0<\/p>\n<p><span style=\"font-weight: 400;\"><\/span><\/p>\n<p><span style=\"font-weight: 400;\"><\/span><\/p>\n<p><span style=\"font-weight: 400;\"><strong>@: noemi.pereira@usc.es<\/strong><\/span><\/p>\n<p>[\/et_pb_text][\/et_pb_column][\/et_pb_row][\/et_pb_section][et_pb_section fb_built=&#8221;1&#8243; custom_padding_last_edited=&#8221;on|desktop&#8221; admin_label=&#8221;section&#8221; _builder_version=&#8221;4.16&#8243; background_color=&#8221;rgba(0,0,0,0)&#8221; custom_padding_tablet=&#8221;50px|0|50px|0&#8243; custom_padding_phone=&#8221;&#8221; transparent_background=&#8221;off&#8221; padding_mobile=&#8221;off&#8221; make_fullwidth=&#8221;off&#8221; use_custom_width=&#8221;off&#8221; width_unit=&#8221;on&#8221; custom_width_px=&#8221;1080px&#8221; custom_width_percent=&#8221;80%&#8221; global_colors_info=&#8221;{}&#8221;][et_pb_row _builder_version=&#8221;4.16&#8243; _module_preset=&#8221;default&#8221; custom_padding=&#8221;|||0px||&#8221; global_colors_info=&#8221;{}&#8221;][et_pb_column type=&#8221;4_4&#8243; _builder_version=&#8221;4.16&#8243; _module_preset=&#8221;default&#8221; global_colors_info=&#8221;{}&#8221;][et_pb_text _builder_version=&#8221;4.16&#8243; _module_preset=&#8221;default&#8221; text_font=&#8221;Montserrat||||||||&#8221; text_font_size=&#8221;11px&#8221; custom_padding=&#8221;0px||7px|||&#8221; inline_fonts=&#8221;Montserrat&#8221; global_colors_info=&#8221;{}&#8221;]<\/p>\n<ul>\n<li>Pereira-Ares, Noem\u00ed. 2026. \u201c\u2018Forging a Hospitable Contact Zone: Transculturalism in Refugee Tales.\u2019 <em>Cartographies of the Transcultural in the Contemporary: Insights from Cultural Studies and Literature<\/em>, edited by Eduardo de Gregorio Godeo. Peter Lang (forthcoming).<\/li>\n<li>Pereira-Ares, Noem\u00ed. 2024. \u201cClothescapes of Refugeehood: Emma Lee\u2019s <em>The Significance of a Dress<\/em> (2020).\u201d <em>Fashion Theory \u2013 Journal of Dress, Body and Culture<\/em>, 23.5-6: 813-837.<\/li>\n<li>Lojo-Rodr\u00edguez, Laura and Noem\u00ed Pereira-Ares, eds. 2024. Special Issue \u201cBorder Politics and Refugee Narratives in Contemporary Literature.\u201d <em>Humanities<\/em>3.<\/li>\n<li>Pereira-Ares, Noem\u00ed. 2023. \u201cModa, subalternidad y ecofeminismo en clave socio-literaria: <em>Brick Lane<\/em>, de Monica Ali.\u201d <em>Atl\u00e1nticas: revista internacional de estudios feministas<\/em>1: 169-191.<\/li>\n<li>Lojo-Rodr\u00edguez, Laura, Jorge Sacido-Romero and Noem\u00ed Pereira-Ares, eds. 2021. <em>Postcolonial Youth in Contemporary British Fiction<\/em>. Brill.<\/li>\n<li><span style=\"font-size: 11px;\">Pereira-Ares, Noem\u00ed. 2020. \u201cMeera Syal\u2019s \u2018The Traveller\u2019. Its Feminist Allegory and Later Echoes.\u201d<span style=\"font-size: 11px;\">\u00a0<em style=\"font-size: 11px;\">ATLANTIS: Revista de la Asociaci\u00f3n Espa\u00f1ola de Estudios Anglo-Norteamericanos<span style=\"font-size: 11px;\">, 42.1: 1-19.<\/span><\/em><\/span><\/span><\/li>\n<li>Pereira-Ares, Noem\u00ed. 2019. \u201cSartorial Borders and Border Crossing in Contemporary Multi-Ethnic Short Stories\u201d.<\/li>\n<li>Pereira-Ares, Noem\u00ed. 2018. Est\u00e9vez-Sa\u00e1, Margarita and Noem\u00ed Pereira-Ares. 2016. \u201cTrauma and Transculturalism in Contemporary Fictional Memories of 9\/11\u201d.<\/li>\n<li>Pereira-Ares, Noem\u00ed. 2015. \u201cTransculturalism and Cultural Translation in Cauvery Madhavan\u2019s<\/li>\n<li>Pereira-Ares, Noem\u00ed. 2013. \u201cThe Politics of Hijab in Monica Ali\u2019s<\/li>\n<\/ul>\n<p>[\/et_pb_text][\/et_pb_column][\/et_pb_row][\/et_pb_section]<\/p>\n","protected":false},"excerpt":{"rendered":"<p>Noem\u00ed Pereira Ares Noem\u00ed Pereira-Ares is Senior Lecturer in the Department of English and German Studies at the University of Santiago de Compostela (Spain). Her research lines include contemporary literature on migration, postcolonial, transcultural and diaspora studies, as well as sociological approaches to the dressed body in literature. Her research has appeared in international academic [&hellip;]<\/p>\n","protected":false},"author":1,"featured_media":0,"parent":0,"menu_order":0,"comment_status":"closed","ping_status":"closed","template":"","meta":{"_et_pb_use_builder":"on","_et_pb_old_content":"","_et_gb_content_width":"","footnotes":""},"class_list":["post-2725","page","type-page","status-publish","hentry"],"_links":{"self":[{"href":"https:\/\/discursoeidentidade.com\/index.php?rest_route=\/wp\/v2\/pages\/2725","targetHints":{"allow":["GET"]}}],"collection":[{"href":"https:\/\/discursoeidentidade.com\/index.php?rest_route=\/wp\/v2\/pages"}],"about":[{"href":"https:\/\/discursoeidentidade.com\/index.php?rest_route=\/wp\/v2\/types\/page"}],"author":[{"embeddable":true,"href":"https:\/\/discursoeidentidade.com\/index.php?rest_route=\/wp\/v2\/users\/1"}],"replies":[{"embeddable":true,"href":"https:\/\/discursoeidentidade.com\/index.php?rest_route=%2Fwp%2Fv2%2Fcomments&post=2725"}],"version-history":[{"count":2,"href":"https:\/\/discursoeidentidade.com\/index.php?rest_route=\/wp\/v2\/pages\/2725\/revisions"}],"predecessor-version":[{"id":9276,"href":"https:\/\/discursoeidentidade.com\/index.php?rest_route=\/wp\/v2\/pages\/2725\/revisions\/9276"}],"wp:attachment":[{"href":"https:\/\/discursoeidentidade.com\/index.php?rest_route=%2Fwp%2Fv2%2Fmedia&parent=2725"}],"curies":[{"name":"wp","href":"https:\/\/api.w.org\/{rel}","templated":true}]}}