{"id":2636,"date":"2017-09-06T10:49:06","date_gmt":"2017-09-06T08:49:06","guid":{"rendered":"http:\/\/discursoeidentidade.com?page_id=2636"},"modified":"2024-04-16T07:28:44","modified_gmt":"2024-04-16T05:28:44","slug":"arancha","status":"publish","type":"page","link":"https:\/\/discursoeidentidade.com\/?page_id=2636&lang=es","title":{"rendered":"Sergio Jos\u00e9 Rodr\u00edguez Gonz\u00e1lez"},"content":{"rendered":"<p>[et_pb_section fb_built=&#8221;1&#8243; inner_shadow=&#8221;on&#8221; fullwidth=&#8221;on&#8221; custom_padding_last_edited=&#8221;on|desktop&#8221; admin_label=&#8221;section&#8221; _builder_version=&#8221;4.16&#8243; background_color=&#8221;#153b60&#8243; custom_padding_tablet=&#8221;50px|0|50px|0&#8243; custom_padding_phone=&#8221;&#8221; transparent_background=&#8221;off&#8221; padding_mobile=&#8221;off&#8221; make_fullwidth=&#8221;off&#8221; use_custom_width=&#8221;off&#8221; width_unit=&#8221;on&#8221; custom_width_px=&#8221;1080px&#8221; custom_width_percent=&#8221;80%&#8221; global_colors_info=&#8221;{}&#8221;][et_pb_fullwidth_header content_max_width=&#8221;none&#8221; admin_label=&#8221;T\u00cdTULO SECCI\u00d3N&#8221; _builder_version=&#8221;4.16&#8243; title_font=&#8221;Montserrat||||||||&#8221; background_color=&#8221;rgba(255, 255, 255, 0)&#8221; custom_padding=&#8221;||0px|||&#8221; button_one_letter_spacing_hover=&#8221;0&#8243; button_two_letter_spacing_hover=&#8221;0&#8243; global_colors_info=&#8221;{}&#8221; button_one_text_size__hover_enabled=&#8221;off&#8221; button_two_text_size__hover_enabled=&#8221;off&#8221; button_one_text_color__hover_enabled=&#8221;off&#8221; button_two_text_color__hover_enabled=&#8221;off&#8221; button_one_border_width__hover_enabled=&#8221;off&#8221; button_two_border_width__hover_enabled=&#8221;off&#8221; button_one_border_color__hover_enabled=&#8221;off&#8221; button_two_border_color__hover_enabled=&#8221;off&#8221; button_one_border_radius__hover_enabled=&#8221;off&#8221; button_two_border_radius__hover_enabled=&#8221;off&#8221; button_one_letter_spacing__hover_enabled=&#8221;on&#8221; button_one_letter_spacing__hover=&#8221;0&#8243; button_two_letter_spacing__hover_enabled=&#8221;on&#8221; button_two_letter_spacing__hover=&#8221;0&#8243; button_one_bg_color__hover_enabled=&#8221;off&#8221; button_two_bg_color__hover_enabled=&#8221;off&#8221;]<\/p>\n<h1>Sergio Jos\u00e9 Rodr\u00edguez Gonz\u00e1lez<\/h1>\n<p>[\/et_pb_fullwidth_header][\/et_pb_section][et_pb_section fb_built=&#8221;1&#8243; custom_padding_last_edited=&#8221;on|desktop&#8221; admin_label=&#8221;section&#8221; _builder_version=&#8221;4.16&#8243; background_color=&#8221;rgba(0,0,0,0)&#8221; custom_padding=&#8221;||20px|||&#8221; custom_padding_tablet=&#8221;50px|0|50px|0&#8243; custom_padding_phone=&#8221;&#8221; transparent_background=&#8221;off&#8221; padding_mobile=&#8221;off&#8221; make_fullwidth=&#8221;off&#8221; use_custom_width=&#8221;off&#8221; width_unit=&#8221;on&#8221; custom_width_px=&#8221;1080px&#8221; custom_width_percent=&#8221;80%&#8221; global_colors_info=&#8221;{}&#8221;][et_pb_row column_structure=&#8221;2_5,3_5&#8243; _builder_version=&#8221;4.16&#8243; _module_preset=&#8221;default&#8221; background_color=&#8221;#d6d6d6&#8243; width=&#8221;79.9%&#8221; custom_padding=&#8221;||27px|28px||&#8221; global_colors_info=&#8221;{}&#8221;][et_pb_column type=&#8221;2_5&#8243; _builder_version=&#8221;4.16&#8243; _module_preset=&#8221;default&#8221; global_colors_info=&#8221;{}&#8221;][et_pb_image src=&#8221;https:\/\/discursoeidentidade.com\/wp-content\/uploads\/2020\/11\/IMG_465f2.jpg&#8221; title_text=&#8221;IMG_465f2&#8243; _builder_version=&#8221;4.16&#8243; _module_preset=&#8221;default&#8221; min_height=&#8221;299px&#8221; custom_margin=&#8221;26px|59px||||&#8221; custom_padding=&#8221;|||34px||&#8221; global_colors_info=&#8221;{}&#8221;][\/et_pb_image][\/et_pb_column][et_pb_column type=&#8221;3_5&#8243; _builder_version=&#8221;4.16&#8243; _module_preset=&#8221;default&#8221; global_colors_info=&#8221;{}&#8221;][et_pb_text _builder_version=&#8221;4.24.0&#8243; _module_preset=&#8221;default&#8221; text_font=&#8221;Montserrat||||||||&#8221; min_height=&#8221;117px&#8221; custom_margin=&#8221;-5px|||||&#8221; custom_padding=&#8221;|95px||||&#8221; hover_enabled=&#8221;0&#8243; inline_fonts=&#8221;Montserrat&#8221; global_colors_info=&#8221;{}&#8221; sticky_enabled=&#8221;0&#8243;]<span style=\"font-weight: 400;\"><strong><\/strong><\/span><\/p>\n<p><span style=\"font-weight: 400;\"><strong><\/strong><\/span><\/p>\n<p><span style=\"font-weight: 400;\"><strong><\/strong><\/span><\/p>\n<p><span style=\"font-weight: 400;\"><strong>Sergio Jos\u00e9 Rodr\u00edguez Gonz\u00e1lez<\/strong> se gradu\u00f3 en Lengua y Literatura Inglesas por la Universidad de Santiago de Compostela (2017). Posteriormente, complet\u00f3 el M\u00e1ster en Formaci\u00f3n del Profesorado en la Universidad Internacional de Valencia (2018). Actualmente, se encuentra inmerso en la elaboraci\u00f3n de su tesis doctoral en el Programa de Doctorado en Estudios Ingleses Avanzados de la Universidad de Santiago de Compostela. Sus principales \u00e1reas de inter\u00e9s acad\u00e9mico incluyen la cultura y literatura de los pa\u00edses de habla inglesa, as\u00ed como las relaciones entre el cine y la literatura.<\/span><\/p>\n<p><span style=\"font-weight: 400;\">En lo que respecta a su trayectoria docente, ejerce como profesor titular de Educaci\u00f3n Secundaria y Bachillerato en el Colegio de Fomento Pe\u00f1arredonda (A Coru\u00f1a), instituci\u00f3n educativa en la que tambi\u00e9n ocupa el cargo de Coordinador del Departamento de Estudios Ingleses. Asimismo, colabora con docencia en la Universidad Isabel I en el M\u00e1ster en Formaci\u00f3n del Profesorado.<\/span><\/p>\n<p><span><strong><\/strong><\/span><br \/>\nLinkedin:<a href=\"http:\/\/www.linkedin.com\/in\/sjrodriguezgonzalez\" target=\"_blank\" rel=\"noopener noreferrer\">www.linkedin.com\/in\/sjrodriguezgonzalez<\/a><\/p>\n<p><strong>ORCID ID: 0000-0002-6434-5310<\/strong><\/p>\n<p>E-mail:\u00a0<a href=\"mailto:sjrodriguez@fomento.edu\" rel=\"noreferrer\">sjrodriguez@fomento.edu<\/a>\u00a0&#8211;\u00a0<a href=\"mailto:sergiojose.rodriguez@ui1.es\" rel=\"noreferrer\">sergiojose.rodriguez@ui1.es<\/a><\/p>\n<p><span><\/span><\/p>\n<p>&nbsp;<\/p>\n<p><span style=\"font-weight: 400;\"><\/span>[\/et_pb_text][\/et_pb_column][\/et_pb_row][\/et_pb_section]<\/p>\n","protected":false},"excerpt":{"rendered":"<p>Sergio Jos\u00e9 Rodr\u00edguez Gonz\u00e1lez Sergio Jos\u00e9 Rodr\u00edguez Gonz\u00e1lez se gradu\u00f3 en Lengua y Literatura Inglesas por la Universidad de Santiago de Compostela (2017). Posteriormente, complet\u00f3 el M\u00e1ster en Formaci\u00f3n del Profesorado en la Universidad Internacional de Valencia (2018). Actualmente, se encuentra inmerso en la elaboraci\u00f3n de su tesis doctoral en el Programa de Doctorado en [&hellip;]<\/p>\n","protected":false},"author":1,"featured_media":0,"parent":0,"menu_order":0,"comment_status":"closed","ping_status":"closed","template":"","meta":{"_et_pb_use_builder":"on","_et_pb_old_content":"","_et_gb_content_width":"","footnotes":""},"class_list":["post-2636","page","type-page","status-publish","hentry"],"_links":{"self":[{"href":"https:\/\/discursoeidentidade.com\/index.php?rest_route=\/wp\/v2\/pages\/2636","targetHints":{"allow":["GET"]}}],"collection":[{"href":"https:\/\/discursoeidentidade.com\/index.php?rest_route=\/wp\/v2\/pages"}],"about":[{"href":"https:\/\/discursoeidentidade.com\/index.php?rest_route=\/wp\/v2\/types\/page"}],"author":[{"embeddable":true,"href":"https:\/\/discursoeidentidade.com\/index.php?rest_route=\/wp\/v2\/users\/1"}],"replies":[{"embeddable":true,"href":"https:\/\/discursoeidentidade.com\/index.php?rest_route=%2Fwp%2Fv2%2Fcomments&post=2636"}],"version-history":[{"count":0,"href":"https:\/\/discursoeidentidade.com\/index.php?rest_route=\/wp\/v2\/pages\/2636\/revisions"}],"wp:attachment":[{"href":"https:\/\/discursoeidentidade.com\/index.php?rest_route=%2Fwp%2Fv2%2Fmedia&parent=2636"}],"curies":[{"name":"wp","href":"https:\/\/api.w.org\/{rel}","templated":true}]}}