{"id":184,"date":"2016-02-07T11:01:00","date_gmt":"2016-02-07T10:01:00","guid":{"rendered":"http:\/\/discursoeidentidade.com\/?page_id=184"},"modified":"2020-11-02T12:27:10","modified_gmt":"2020-11-02T11:27:10","slug":"sobre-nos","status":"publish","type":"page","link":"https:\/\/discursoeidentidade.com\/?page_id=184","title":{"rendered":"SOBRE N\u00d3S"},"content":{"rendered":"<p>[et_pb_section fb_built=&#8221;1&#8243; inner_shadow=&#8221;on&#8221; fullwidth=&#8221;on&#8221; custom_padding_last_edited=&#8221;on|desktop&#8221; admin_label=&#8221;section&#8221; _builder_version=&#8221;4.6.1&#8243; background_color=&#8221;#153b60&#8243; custom_padding_tablet=&#8221;50px|0|50px|0&#8243; custom_padding_phone=&#8221;&#8221; transparent_background=&#8221;off&#8221; padding_mobile=&#8221;off&#8221; make_fullwidth=&#8221;off&#8221; use_custom_width=&#8221;off&#8221; width_unit=&#8221;on&#8221; custom_width_px=&#8221;1080px&#8221; custom_width_percent=&#8221;80%&#8221;][et_pb_fullwidth_header content_max_width=&#8221;none&#8221; admin_label=&#8221;T\u00cdTULO SECCI\u00d3N&#8221; _builder_version=&#8221;4.6.1&#8243; title_font=&#8221;Montserrat||||||||&#8221; background_color=&#8221;rgba(255, 255, 255, 0)&#8221; custom_padding=&#8221;||0px|||&#8221; button_one_letter_spacing_hover=&#8221;0&#8243; button_two_letter_spacing_hover=&#8221;0&#8243; button_one_text_size__hover_enabled=&#8221;off&#8221; button_two_text_size__hover_enabled=&#8221;off&#8221; button_one_text_color__hover_enabled=&#8221;off&#8221; button_two_text_color__hover_enabled=&#8221;off&#8221; button_one_border_width__hover_enabled=&#8221;off&#8221; button_two_border_width__hover_enabled=&#8221;off&#8221; button_one_border_color__hover_enabled=&#8221;off&#8221; button_two_border_color__hover_enabled=&#8221;off&#8221; button_one_border_radius__hover_enabled=&#8221;off&#8221; button_two_border_radius__hover_enabled=&#8221;off&#8221; button_one_letter_spacing__hover_enabled=&#8221;on&#8221; button_one_letter_spacing__hover=&#8221;0&#8243; button_two_letter_spacing__hover_enabled=&#8221;on&#8221; button_two_letter_spacing__hover=&#8221;0&#8243; button_one_bg_color__hover_enabled=&#8221;off&#8221; button_two_bg_color__hover_enabled=&#8221;off&#8221;]<\/p>\n<h1>Sobre n\u00f3s\u00a0<\/h1>\n<p>[\/et_pb_fullwidth_header][\/et_pb_section][et_pb_section fb_built=&#8221;1&#8243; custom_padding_last_edited=&#8221;on|desktop&#8221; admin_label=&#8221;section&#8221; _builder_version=&#8221;4.6.1&#8243; background_color=&#8221;rgba(0,0,0,0)&#8221; custom_padding=&#8221;55px|0px|54px|0px&#8221; custom_padding_tablet=&#8221;50px|0|50px|0&#8243; custom_padding_phone=&#8221;&#8221; transparent_background=&#8221;off&#8221; padding_mobile=&#8221;off&#8221;][et_pb_row column_structure=&#8221;2_3,1_3&#8243; padding_mobile=&#8221;off&#8221; column_padding_mobile=&#8221;on&#8221; _builder_version=&#8221;3.25&#8243; background_size=&#8221;initial&#8221; background_position=&#8221;top_left&#8221; background_repeat=&#8221;repeat&#8221; custom_padding=&#8221;||1px|||&#8221; custom_margin=&#8221;-32px|auto||auto||&#8221;][et_pb_column type=&#8221;2_3&#8243; _builder_version=&#8221;3.25&#8243; custom_padding=&#8221;|||&#8221; custom_padding__hover=&#8221;|||&#8221;][et_pb_text admin_label=&#8221;PRESENTACI\u00d3N&#8221; _builder_version=&#8221;3.27.4&#8243; background_size=&#8221;initial&#8221; background_position=&#8221;top_left&#8221; background_repeat=&#8221;repeat&#8221; inline_fonts=&#8221;DM Sans,Arial,Arvo&#8221; custom_margin=&#8221;||-11px|||&#8221;]<\/p>\n<h3 style=\"text-align: justify;\"><span style=\"font-family: Arial; font-weight: normal; font-size: medium;\"><strong>DISCURSO E IDENTIDADE<\/strong> (<strong>D&amp;I<\/strong>) \u00e9 un grupo de investigaci\u00f3n de referencia competitiva (ED431C 2019\/01, Xunta de Galicia) pertencente ao\u00a0Departamento de Filolox\u00eda Inglesa e Alem\u00e1 da Universidade de Santiago de Compostela (USC). Coordinado por Laura Lojo-Rodr\u00edguez, D&amp;I est\u00e1 integrado nas seguintes redes de investigaci\u00f3n:<\/span><\/h3>\n<p><span style=\"font-family: Arial; font-weight: normal; font-size: medium;\">\u00a0<\/span><\/p>\n<ul>\n<li style=\"text-align: justify;\">\n<h3><span style=\"font-family: Arial; font-weight: normal; font-size: medium;\"><span style=\"color: #000080;\"><em><a style=\"color: #000080;\" href=\"http:\/\/www.udc.es\/grupos\/redeingles\/\" target=\"_blank\" rel=\"noopener noreferrer\">Lingua, Literatura Inglesa e Identidade III<\/a><\/em><\/span> (ED431D 2017\/17)<\/span><\/h3>\n<\/li>\n<li style=\"text-align: justify;\">\n<h3><span style=\"font-family: Arial; font-weight: normal; font-size: medium;\"><span style=\"color: #000080;\"><em><a style=\"color: #000080;\" href=\"http:\/\/ensfr.hypotheses.org\/about\" target=\"_blank\" rel=\"noopener noreferrer\">European Network for Short Fiction Research<\/a> <\/em><\/span>(ENSFR)<\/span><\/h3>\n<\/li>\n<li style=\"text-align: justify;\">\n<h3><span style=\"font-family: Arial; font-weight: normal; font-size: medium;\"><span style=\"color: #000080;\"><em><a style=\"color: #000080;\" href=\"http:\/\/www.contragram-network.ugent.be\/\" target=\"_blank\" rel=\"noopener noreferrer\">Contrastive Linguistics: Constructional and Functional Approaches<\/a><\/em> <\/span>(FWO-Flanders)<\/span><\/h3>\n<\/li>\n<\/ul>\n<h3 style=\"text-align: justify;\"><span style=\"font-family: Arial; font-weight: normal; font-size: medium;\">Cunha vocaci\u00f3n interdisciplinaria, <strong>D&amp;I<\/strong> re\u00fane un conxunto de expertos en tres \u00e1reas de co\u00f1ecemento dentro da Filolox\u00eda Inglesa: ling\u00fc\u00edstica, literatura e historia-cultura. O grupo est\u00e1 formado por vinte\u00a0investigadores principais pertencentes \u00e1 USC, as\u00ed como investigadores en formaci\u00f3n, persoal de apoio e colaboradores externos vencellados a outras universidades nacionais e estranxeiras. Pola s\u00faa traxectoria investigadora e competitividade, o grupo <strong>D&amp;I<\/strong> conta con financiamento por parte da Universidade de Santiago de Compostela, a Xunta de Galicia, o Goberno de Espa\u00f1a, as\u00ed como fondos europeos.\u00a0<\/span><\/h3>\n<p>[\/et_pb_text][\/et_pb_column][et_pb_column type=&#8221;1_3&#8243; _builder_version=&#8221;3.25&#8243; custom_padding=&#8221;|||&#8221; custom_padding__hover=&#8221;|||&#8221;][et_pb_text _builder_version=&#8221;3.27.4&#8243; background_size=&#8221;initial&#8221; background_position=&#8221;top_left&#8221; background_repeat=&#8221;repeat&#8221;]<\/p>\n<p style=\"text-align: left;\"><span style=\"color: #f7f7f7;\">\u00a0Coordinadora de D&amp;I.<\/span><\/p>\n<p>[\/et_pb_text][et_pb_image src=&#8221;http:\/\/discursoeidentidade.com\/wp-content\/uploads\/2020\/09\/Laura_Lojo.jpg&#8221; title_text=&#8221;Laura_Lojo&#8221; align_tablet=&#8221;center&#8221; align_phone=&#8221;&#8221; align_last_edited=&#8221;on|desktop&#8221; _builder_version=&#8221;4.6.1&#8243; animation_direction=&#8221;left&#8221;][\/et_pb_image][et_pb_text _builder_version=&#8221;4.6.1&#8243; background_size=&#8221;initial&#8221; background_position=&#8221;top_left&#8221; background_repeat=&#8221;repeat&#8221; hover_enabled=&#8221;0&#8243; sticky_enabled=&#8221;0&#8243;]<\/p>\n<p style=\"text-align: center;\"><span style=\"color: #000080;\"><strong><a style=\"color: #000080;\" href=\"?page_id=634\">Laura Lojo-Rodr\u00edguez<\/a><\/strong><\/span><\/p>\n<p style=\"text-align: center;\">Coordinadora<\/p>\n<p>[\/et_pb_text][\/et_pb_column][\/et_pb_row][et_pb_row column_structure=&#8221;3_5,2_5&#8243; padding_mobile=&#8221;off&#8221; column_padding_mobile=&#8221;on&#8221; _builder_version=&#8221;3.25&#8243; background_size=&#8221;initial&#8221; background_position=&#8221;top_left&#8221; background_repeat=&#8221;repeat&#8221;][et_pb_column type=&#8221;3_5&#8243; _builder_version=&#8221;3.25&#8243; custom_padding=&#8221;|||&#8221; custom_padding__hover=&#8221;|||&#8221;][et_pb_text admin_label=&#8221;OBJETIVOS&#8221; _builder_version=&#8221;3.27.4&#8243; background_size=&#8221;initial&#8221; background_position=&#8221;top_left&#8221; background_repeat=&#8221;repeat&#8221; inline_fonts=&#8221;Arial&#8221;]<\/p>\n<h3 style=\"text-align: justify;\"><span style=\"font-family: Arial; font-weight: normal; font-size: medium;\">Constitu\u00eddo en 2009, o grupo <strong>Discurso e Identidade<\/strong> (<strong>D&amp;I<\/strong>) nace cun duplo obxectivo: potenciar desde unha \u00f3ptica interdisciplinaria a investigaci\u00f3n sobre a relaci\u00f3n discurso-identidade e promover unha investigaci\u00f3n de calidade a trav\u00e9s da colaboraci\u00f3n entre expertos en <strong>ling\u00fc\u00edstica<\/strong>, <strong>literatura<\/strong> e <strong>estudos culturais<\/strong>. Os estudos levados a cabo no seo do grupo pretenden afondar na relaci\u00f3n existente entre o discurso nas s\u00faas m\u00faltiples manifestaci\u00f3ns (ling\u00fc\u00edsticas, literarias, est\u00e9ticas, culturais ou semi\u00f3ticas, entre outras) e os procesos de formaci\u00f3n da identidade individual, cultural as\u00ed como de x\u00e9nero e clase, tendo en conta as ideolox\u00edas potencialmente subxacentes \u00e1 correlaci\u00f3n discurso-identidade. Como avalan aproximaci\u00f3ns tales como \u201c<em>Critical Discourse Analysis<\/em>\u201d, \u201c<em>Social Semiotics<\/em>\u201d ou \u201c<em>Cognitive Linguistics<\/em>\u201d, entre outras, os estudos realizados dentro do grupo de investigaci\u00f3n toman como punto de partida a existencia dunha interacci\u00f3n esencial entre:<\/span><\/h3>\n<ul style=\"text-align: justify;\">\n<li>\n<h3><span style=\"font-family: Arial; font-weight: normal; font-size: medium;\">\u201c<strong>discurso<\/strong>\u201d (&lt; Lat <em>dis-currere<\/em>) entendido como os procesos e sistemas semi\u00f3ticos (non exclusivamente ling\u00fc\u00edsticos) que interve\u00f1en na produci\u00f3n e interpretaci\u00f3n dun acto comunicativo (Van Dijk 1985),<\/span><\/h3>\n<\/li>\n<li>\n<h3><span style=\"font-family: Arial; font-weight: normal; font-size: medium;\">\u201c<strong>identidade<\/strong>\u201d (&lt; Lat <em>idem-et-idem<\/em>), aludindo tanto \u00e1 identidade individual como \u00e1 colectiva nun contexto social determinado, as\u00ed como \u00e1s sinerx\u00edas e antagonismos que poden xurdir entre elas (Bhabha 1994, Nederveen Pieterse 2004),<\/span><\/h3>\n<\/li>\n<li>\n<h3><span style=\"font-family: Arial; font-weight: normal; font-size: medium;\">\u201c<strong>ideolox\u00eda<\/strong>\u201d, concepto que interpretamos como un corpo sistem\u00e1tico de ideas que se organizan desde un punto de vista determinado (Kress &amp; Hodge 1979).<\/span><\/h3>\n<\/li>\n<\/ul>\n<h3 style=\"text-align: justify;\"><span style=\"font-family: Arial; font-weight: normal; font-size: medium;\">Pola s\u00faa complexidade e amplitude, a an\u00e1lise cr\u00edtica da interacci\u00f3n existente no trinomio discurso-identidade-ideolox\u00eda fai preciso un achegamento multi- e inter-disciplinario que esixe, ao tempo que xustifica, a colaboraci\u00f3n dos equipos que traballan nos tres \u00e1mbitos sinalados, as\u00ed como a incorporaci\u00f3n da epistemolox\u00eda achegada por outras disciplinas, cal a psicolox\u00eda, a sociolox\u00eda ou a semi\u00f3tica. De feito, o grupo promove a colaboraci\u00f3n con acad\u00e9micos doutras \u00e1reas baixo o interese com\u00fan de afondar en aspectos relacionados co discurso e a identidade. As\u00ed mesmo, os membros do grupo traballan en colaboraci\u00f3n con varias sociedades cient\u00edficas, revistas acad\u00e9micas, editoriais e diversas instituci\u00f3ns.<\/span><\/h3>\n<p>[\/et_pb_text][\/et_pb_column][et_pb_column type=&#8221;2_5&#8243; _builder_version=&#8221;3.25&#8243; custom_padding=&#8221;|||&#8221; custom_padding__hover=&#8221;|||&#8221;][et_pb_toggle title=&#8221;LIGAZ\u00d3NS&#8221; open=&#8221;on&#8221; _builder_version=&#8221;4.6.1&#8243; _module_preset=&#8221;default&#8221; hover_enabled=&#8221;0&#8243; sticky_enabled=&#8221;0&#8243; title_font=&#8221;Montserrat||||||||&#8221;]<\/p>\n<p><strong><span style=\"color: #333399;\">REDES DE INVESTIGACI\u00d3N nas que se integra D&amp;I<\/span><\/strong><\/p>\n<p><span style=\"color: #333399;\"><\/span><\/p>\n<ul>\n<li>\n<p><a href=\"http:\/\/www.contragram-network.ugent.be\/\">Contrastive Linguistics: Constructional and Functional Approaches<\/a><\/p>\n<\/li>\n<li>\n<p><a href=\"https:\/\/ensfr.hypotheses.org\/about\">European Research Network for Short Fiction<\/a><\/p>\n<\/li>\n<\/ul>\n<p>&nbsp;<\/p>\n<p><strong><span style=\"color: #333399;\">CENTROS, INSTITUTOS e\u00a0ASOCIACI\u00d3NS\u00a0coas que D&amp;I colabora<\/span><\/strong><\/p>\n<p><span style=\"color: #333399;\"><\/span><\/p>\n<p><span style=\"color: #333399;\"><\/span><\/p>\n<ul>\n<li>\n<p><a href=\"https:\/\/aedean.org\/\">AEDEAN\u00a0(Asociaci\u00f3n Espa\u00f1ola de Estudios Anglo-norteamericanos)<\/a><\/p>\n<\/li>\n<li>\n<p><a href=\"http:\/\/193.147.33.53\/amergin\/\">Amergin. Instituto Universitario de Estudios Irlandeses<\/a><\/p>\n<\/li>\n<li>\n<p><a href=\"http:\/\/www.siff.us.es\/iberjoyce\/en\/spanish-james-joyce-society\/\">Asociaci\u00f3n Espa\u00f1ola James Joyce<\/a><\/p>\n<\/li>\n<li>\n<p><span style=\"font-size: 14px;\"><a href=\"http:\/\/www.aelg.org\/\">Asociaci\u00f3n de Escritores en Lingua Galega<\/a><\/span><\/p>\n<\/li>\n<li>\n<p><a href=\"http:\/\/celga.iltec.pt\/en\/news.html\">Celga-ILTEC. Centro de Estudos de Lingu\u00edstica Geral e Aplicada da Universidade de Coimbra<\/a><\/p>\n<\/li>\n<li>\n<p><a href=\"http:\/\/www.usc.es\/en\/institutos\/cippce\/\">CIPPCE\u00a0(Centro de Investigaci\u00f3n de Procesos e Pr\u00e1cticas Culturais\u00a0Emerxentes)<\/a><\/p>\n<\/li>\n<li>\n<p><a href=\"http:\/\/dublin.cervantes.es\/es\/\">Instituto Cervantes\u00a0(Dubl\u00edn)<\/a><\/p>\n<\/li>\n<li>\n<p><a href=\"http:\/\/www.richardiii.net\/\">The Richard III Society<\/a><\/p>\n<\/li>\n<li>\n<p><a href=\"http:\/\/www.selicup.es\/\">SELICUP\u00a0(Sociedad Espa\u00f1ola de Estudios Literarios de Cultura Popular)<\/a><\/p>\n<\/li>\n<li>\n<p><a href=\"http:\/\/www.sitm.info\/\">SITM\u00a0(Soci\u00e9t\u00e9 Internationale pour l\u2019\u00e9tude du th\u00e9\u00e2tre m\u00e9di\u00e9val)<\/a><\/p>\n<\/li>\n<\/ul>\n<p>[\/et_pb_toggle][\/et_pb_column][\/et_pb_row][et_pb_row padding_mobile=&#8221;off&#8221; column_padding_mobile=&#8221;on&#8221; _builder_version=&#8221;3.25&#8243; background_size=&#8221;initial&#8221; background_position=&#8221;top_left&#8221; background_repeat=&#8221;repeat&#8221; custom_padding=&#8221;15px|||||&#8221;][et_pb_column type=&#8221;4_4&#8243; _builder_version=&#8221;3.25&#8243; custom_padding=&#8221;|||&#8221; custom_padding__hover=&#8221;|||&#8221;][et_pb_text admin_label=&#8221;RESULTADOS&#8221; _builder_version=&#8221;4.6.1&#8243; background_size=&#8221;initial&#8221; background_position=&#8221;top_left&#8221; background_repeat=&#8221;repeat&#8221; inline_fonts=&#8221;Arial&#8221;]<\/p>\n<h3 style=\"text-align: justify;\"><span style=\"font-family: Arial; font-weight: normal; font-size: medium;\">O grupo de investigaci\u00f3n <strong>D&amp;I <\/strong>organizou diversas actividades froito da colaboraci\u00f3n interdisciplinaria entre diferentes equipos, como \u00e9 o caso das diferentes edici\u00f3ns do\u00a0<strong><em>International Workshop on Discourse Analysis\u00a0<\/em><\/strong>(2011, 2013, 2015, 2016, 2018) ou da\u00a0<strong><em>International Conference on the Discourse of Identity\u00a0<\/em><\/strong>(2012, 2017). Os devanditos eventos, que contaron con sucesivas edici\u00f3ns, reuniron m\u00e1is de 300 expertos de reco\u00f1ecido prestixio nos \u00e1mbitos da <strong>ling\u00fc\u00edstica<\/strong>, a <strong>literatura<\/strong> e a<strong> historia-cultura inglesas<\/strong>, o que fai do noso grupo un <strong>referente internacional<\/strong> no \u00e1mbito dos <strong>estudos discursivos e identitarios<\/strong>. Ademais da organizaci\u00f3n de congresos, talleres ou seminarios, o grupo convida regularmente conferenciantes e acad\u00e9micos de universidades de todo o mundo, contribu\u00edndo as\u00ed \u00e1 <strong>internacionalizaci\u00f3n<\/strong> da nosa investigaci\u00f3n e ao establecemento de novas colaboraci\u00f3ns. A transferencia de resultados tam\u00e9n se manifesta no volume de<strong> publicaci\u00f3ns<\/strong> en revistas acad\u00e9micas e editoriais de reco\u00f1ecido prestixio e ampla difusi\u00f3n a nivel internacional. A calidade dos traballos acad\u00e9micos do grupo traduciuse nunha importante <strong>captaci\u00f3n de recursos<\/strong> <strong>e financiamento<\/strong> a nivel auton\u00f3mico, nacional e europeo. Desde 2009, o grupo contou con m\u00e1is de <strong>10 proxectos de investigaci\u00f3n<\/strong> con financiamento, e desde 2016 recibe financiamento por parte da <strong>Xunta de Galicia<\/strong> no marco do programa de consolidaci\u00f3n e estruturaci\u00f3n de <strong>unidades de investigaci\u00f3n competitivas<\/strong> do Sistema Universitario de Galicia. As\u00ed mesmo, ao longo da s\u00faa historia o grupo tam\u00e9n demostrou ter unha ampla <strong>capacidade de formaci\u00f3n<\/strong>. Desde 2009, defend\u00e9ronse m\u00e1is de 50 teses e na actualidade hai m\u00e1is de 20 teses de doutoramento en curso.<\/span><\/h3>\n<p>[\/et_pb_text][\/et_pb_column][\/et_pb_row][et_pb_row _builder_version=&#8221;4.6.1&#8243; _module_preset=&#8221;default&#8221;][et_pb_column type=&#8221;4_4&#8243; _builder_version=&#8221;4.6.1&#8243; _module_preset=&#8221;default&#8221;][et_pb_toggle title=&#8221;PREMIOS &#8221; _builder_version=&#8221;4.6.1&#8243; _module_preset=&#8221;default&#8221; title_text_align=&#8221;center&#8221; custom_margin=&#8221;-16px|||||&#8221; hover_enabled=&#8221;0&#8243; title_font=&#8221;Montserrat||||||||&#8221; sticky_enabled=&#8221;0&#8243;]<\/p>\n<ul>\n<li><span><strong>G\u00f3mez Gonz\u00e1lez, Mar\u00eda de los \u00c1ngeles. <a href=\"http:\/\/discursoeidentidade.com\/wp-content\/uploads\/2019\/04\/Premio_AESLA_2019_Fotos_page-0006.jpg\">Premio \u2018Rafael Monroy\u2019 para investigadores experimentados, concedido pola Asociaci\u00f3n Espa\u00f1ola de Ling\u00fc\u00edstica Aplicada (AESLA), 2019.<\/a><\/strong><\/span><\/li>\n<\/ul>\n<p><span><strong><\/strong><\/span><\/p>\n<ul>\n<li><span><strong>Mart\u00ednez Ponciano, Regina. <a href=\"http:\/\/discursoeidentidade.com\/wp-content\/uploads\/2019\/04\/RA.jpeg\">Premio de investigaci\u00f3n \u2018Patricia Shaw\u2019, concedido pola Asociaci\u00f3n Espa\u00f1ola de Estudios Anglonorteamericanos (AEDEAN), 2016.\u00a0<\/a><\/strong><\/span><\/li>\n<\/ul>\n<p><span><strong><\/strong><\/span><\/p>\n<ul>\n<li><span><strong>Palacios Gonz\u00e1lez, Manuela.\u00a0<\/strong><\/span><a href=\"http:\/\/discursoeidentidade.com\/wp-content\/uploads\/2019\/04\/Premios-excelencia-promocion-USC-destinos-internacionales-040418.jpg\"><span><strong>Premio de Promoci\u00f3n da USC en Destinos Internacionais (1\u00ba premio\u00a0na categor\u00eda de Artes e Humanidades)\u00a0<\/strong><\/span><\/a><\/li>\n<\/ul>\n<p><span><strong><\/strong><\/span><\/p>\n<ul>\n<li><span><strong>Palacios Gonz\u00e1lez, Manuela. <a href=\"http:\/\/discursoeidentidade.com\/wp-content\/uploads\/2019\/04\/image_gallery_4463_PerspectivaX\u00e9nero.jpg\">2\u00ba Premio Investigaci\u00f3n, V Edici\u00f3n Premios \u00e1 Introduci\u00f3n da Perspectiva de X\u00e9nero. Universidade de Santiago de Compostela, 2014.\u00a0<\/a><\/strong><\/span><\/li>\n<\/ul>\n<p>[\/et_pb_toggle][\/et_pb_column][\/et_pb_row][\/et_pb_section]<\/p>\n","protected":false},"excerpt":{"rendered":"<p>Sobre n\u00f3s\u00a0DISCURSO E IDENTIDADE (D&amp;I) \u00e9 un grupo de investigaci\u00f3n de referencia competitiva (ED431C 2019\/01, Xunta de Galicia) pertencente ao\u00a0Departamento de Filolox\u00eda Inglesa e Alem\u00e1 da Universidade de Santiago de Compostela (USC). Coordinado por Laura Lojo-Rodr\u00edguez, D&amp;I est\u00e1 integrado nas seguintes redes de investigaci\u00f3n: \u00a0 Lingua, Literatura Inglesa e Identidade III (ED431D 2017\/17) European Network [&hellip;]<\/p>\n","protected":false},"author":1,"featured_media":0,"parent":0,"menu_order":0,"comment_status":"closed","ping_status":"closed","template":"","meta":{"_et_pb_use_builder":"on","_et_pb_old_content":"","_et_gb_content_width":"","footnotes":""},"class_list":["post-184","page","type-page","status-publish","hentry"],"_links":{"self":[{"href":"https:\/\/discursoeidentidade.com\/index.php?rest_route=\/wp\/v2\/pages\/184","targetHints":{"allow":["GET"]}}],"collection":[{"href":"https:\/\/discursoeidentidade.com\/index.php?rest_route=\/wp\/v2\/pages"}],"about":[{"href":"https:\/\/discursoeidentidade.com\/index.php?rest_route=\/wp\/v2\/types\/page"}],"author":[{"embeddable":true,"href":"https:\/\/discursoeidentidade.com\/index.php?rest_route=\/wp\/v2\/users\/1"}],"replies":[{"embeddable":true,"href":"https:\/\/discursoeidentidade.com\/index.php?rest_route=%2Fwp%2Fv2%2Fcomments&post=184"}],"version-history":[{"count":0,"href":"https:\/\/discursoeidentidade.com\/index.php?rest_route=\/wp\/v2\/pages\/184\/revisions"}],"wp:attachment":[{"href":"https:\/\/discursoeidentidade.com\/index.php?rest_route=%2Fwp%2Fv2%2Fmedia&parent=184"}],"curies":[{"name":"wp","href":"https:\/\/api.w.org\/{rel}","templated":true}]}}