{"id":1796,"date":"2017-01-26T11:56:01","date_gmt":"2017-01-26T10:56:01","guid":{"rendered":"http:\/\/discursoeidentidade.com?page_id=1796"},"modified":"2021-06-30T10:23:57","modified_gmt":"2021-06-30T08:23:57","slug":"patricia-fra","status":"publish","type":"page","link":"https:\/\/discursoeidentidade.com\/?page_id=1796&lang=en","title":{"rendered":"PATRICIA FRA"},"content":{"rendered":"<p>[et_pb_section fb_built=&#8221;1&#8243; inner_shadow=&#8221;on&#8221; fullwidth=&#8221;on&#8221; custom_padding_last_edited=&#8221;on|desktop&#8221; admin_label=&#8221;section&#8221; _builder_version=&#8221;4.6.1&#8243; background_color=&#8221;#153b60&#8243; custom_padding_tablet=&#8221;50px|0|50px|0&#8243; custom_padding_phone=&#8221;&#8221; transparent_background=&#8221;off&#8221; padding_mobile=&#8221;off&#8221; make_fullwidth=&#8221;off&#8221; use_custom_width=&#8221;off&#8221; width_unit=&#8221;on&#8221; custom_width_px=&#8221;1080px&#8221; custom_width_percent=&#8221;80%&#8221;][et_pb_fullwidth_header content_max_width=&#8221;none&#8221; admin_label=&#8221;T\u00cdTULO SECCI\u00d3N&#8221; _builder_version=&#8221;4.6.1&#8243; title_font=&#8221;Montserrat||||||||&#8221; background_color=&#8221;rgba(255, 255, 255, 0)&#8221; custom_padding=&#8221;||0px|||&#8221; button_one_letter_spacing_hover=&#8221;0&#8243; button_two_letter_spacing_hover=&#8221;0&#8243; button_one_text_size__hover_enabled=&#8221;off&#8221; button_two_text_size__hover_enabled=&#8221;off&#8221; button_one_text_color__hover_enabled=&#8221;off&#8221; button_two_text_color__hover_enabled=&#8221;off&#8221; button_one_border_width__hover_enabled=&#8221;off&#8221; button_two_border_width__hover_enabled=&#8221;off&#8221; button_one_border_color__hover_enabled=&#8221;off&#8221; button_two_border_color__hover_enabled=&#8221;off&#8221; button_one_border_radius__hover_enabled=&#8221;off&#8221; button_two_border_radius__hover_enabled=&#8221;off&#8221; button_one_letter_spacing__hover_enabled=&#8221;on&#8221; button_one_letter_spacing__hover=&#8221;0&#8243; button_two_letter_spacing__hover_enabled=&#8221;on&#8221; button_two_letter_spacing__hover=&#8221;0&#8243; button_one_bg_color__hover_enabled=&#8221;off&#8221; button_two_bg_color__hover_enabled=&#8221;off&#8221;]<\/p>\n<h1>Patricia Fra L\u00f3pez<\/h1>\n<p>[\/et_pb_fullwidth_header][\/et_pb_section][et_pb_section fb_built=&#8221;1&#8243; custom_padding_last_edited=&#8221;on|desktop&#8221; admin_label=&#8221;section&#8221; _builder_version=&#8221;4.7.3&#8243; background_color=&#8221;rgba(0,0,0,0)&#8221; custom_padding_tablet=&#8221;50px|0|50px|0&#8243; custom_padding_phone=&#8221;&#8221; transparent_background=&#8221;off&#8221; padding_mobile=&#8221;off&#8221; make_fullwidth=&#8221;off&#8221; use_custom_width=&#8221;off&#8221; width_unit=&#8221;on&#8221; custom_width_px=&#8221;1080px&#8221; custom_width_percent=&#8221;80%&#8221;][et_pb_row column_structure=&#8221;2_5,3_5&#8243; _builder_version=&#8221;4.6.1&#8243; _module_preset=&#8221;default&#8221; background_color=&#8221;#d6d6d6&#8243; width=&#8221;79.9%&#8221; custom_padding=&#8221;||27px|28px||&#8221; custom_margin=&#8221;|278px||594px||&#8221;][et_pb_column type=&#8221;2_5&#8243; _builder_version=&#8221;4.6.1&#8243; _module_preset=&#8221;default&#8221;][et_pb_image src=&#8221;http:\/\/discursoeidentidade.com\/wp-content\/uploads\/2020\/09\/PATRICIA.png&#8221; title_text=&#8221;PATRICIA Fra&#8221; _builder_version=&#8221;4.9.0&#8243; _module_preset=&#8221;default&#8221; min_height=&#8221;299px&#8221; custom_margin=&#8221;176px|||||&#8221; custom_padding=&#8221;|||34px||&#8221; hover_enabled=&#8221;0&#8243; sticky_enabled=&#8221;0&#8243;][\/et_pb_image][\/et_pb_column][et_pb_column type=&#8221;3_5&#8243; _builder_version=&#8221;4.6.1&#8243; _module_preset=&#8221;default&#8221;][et_pb_text _builder_version=&#8221;4.6.1&#8243; _module_preset=&#8221;default&#8221; text_font=&#8221;Montserrat||||||||&#8221; min_height=&#8221;117px&#8221; custom_margin=&#8221;-5px|||||&#8221; custom_padding=&#8221;|95px||||&#8221; inline_fonts=&#8221;Montserrat&#8221;]<\/p>\n<p>&nbsp;<\/p>\n<p><strong>Patricia Fra L\u00f3pez<\/strong>\u00a0is Senior Lecturer in the Department of English and German at the University of Santiago de Compostela, where she teaches several subjects in the area of North American Literature and Culture, as well as other subjects related to English and American Literature and Film. Her research interests center on diverse topics of 19th and 20th century American Literature and Culture. Thus, she has worked on the difficult relationship renown writers like F. Scott Fitzgerald, Ernest Hemingway, John Steinbeck, Tennessee Williams and Edith Wharton had with film, and has published numerous book chapters, articles, or volumes like <em>Film and literature in F.Scott Fitzgerald: from literary to cinematographic text [Cine y literatura en F.Scott Fitzgerald: del texto literario al gui\u00f3n <\/em>cinematogr\u00e1fico, USC, 2002)]. Another research interest she has pursued is centered on Southern Literature written by women, and she has formed part of several research projects on the matter, <em>i.e<\/em>., <em>Female autobiography in the South of the US<\/em> (2014-), <em>The Civil Rights Movement reflected in American fiction and drama<\/em> (2011-2013) or <em>Women, Space, Gender and Race in Southern Women Narratives<\/em> (2007-2010). In this line of research, between 2004 and 2006, she led a research project titled <em>\u201cVisions of the South of the US in film and literature<\/em>\u201d (\u201cVisi\u00f3ns do Sur dos EEUU no cine e na literatura\u201d). Lately she has focused her interest on two fields: female travel writing and domestic violence. The former had Edith Wharton as the main subject, and began with a\u00a0research project titled <em>\u201cBack to Compostela\u201d and other travel notes: Edith Wharton and the Pilgrim\u2019s Way in the 1920s <\/em>(2009-10) [<em>\u201cRegreso a Compostela\u201d e outros cadernos de viaxe: Edith Wharton e o Cami\u00f1o de Santiago nos anos 20<\/em>]<em>, <\/em>2009-10, and had as a result the publication of the volume <em>Edith Wharton. Back to Compostela\/ Regreso a Compostela. The Woman, the Writer, the Way<\/em> (2011). On the other hand, one of her ongoing research interests has focused on the treatment Tennessee Williams gave to domestic violence in his plays, such as <em>A Streetcar Named Desire<\/em>, and in its film versions. Patricia Fra L\u00f3pez belongs to the following scientific societies: Edith Wharton Society, the Southern Studies Forum, SAAS (Spanish Association of American Studies) and EAAS (European Association of American Studies), and she is an active member of AEDEAN (Asociaci\u00f3n Espa\u00f1ola de Estudios Anglonorteamericanos). She is also one of the founding members of CEFILMUS (Centro de Estudos F\u00edlmicos da Universidade de Santiago de Compostela).<\/p>\n<p>&nbsp;<\/p>\n<p><strong>@: <a href=\"mailto:margarita.estevez.saa@usc.es\">patricia.fra@usc.es<\/a><\/strong><\/p>\n<p>[\/et_pb_text][\/et_pb_column][\/et_pb_row][et_pb_row _builder_version=&#8221;4.6.1&#8243; _module_preset=&#8221;default&#8221; custom_padding=&#8221;|||0px||&#8221;][et_pb_column type=&#8221;4_4&#8243; _builder_version=&#8221;4.6.1&#8243; _module_preset=&#8221;default&#8221;][et_pb_text _builder_version=&#8221;4.6.1&#8243; _module_preset=&#8221;default&#8221; text_font=&#8221;Montserrat||||||||&#8221; text_font_size=&#8221;11px&#8221; custom_padding=&#8221;0px||7px|||&#8221; inline_fonts=&#8221;Montserrat&#8221;]<\/p>\n<p><strong><span style=\"color: #000000;\"><u>REPRESENTATIVE PUBLICATIONS:<\/u><\/span><\/strong><\/p>\n<p><strong><span style=\"color: #000000;\"><u><\/u><\/span><\/strong><\/p>\n<p>\u201c<strong>El \u00faltimo viaje a Espa\u00f1a con W[alter], 1925<\/strong>\u201d e \u201c<strong>Regreso a Compostela\u201d<\/strong>\u00a0(trad.).<span>\u00a0<\/span><em>Del viaje como arte. Traves\u00edas por Espa\u00f1a, Francia, Italia y el Mediterr\u00e1neo<\/em>, Teresa G\u00f3mez Reud, ed.<span>\u00a0<\/span><em>Del viaje como arte. Traves\u00edas por Espa\u00f1a, Francia, Italia y el Mediterr\u00e1neo<\/em>. Madrid: La l\u00ednea del horizonte. 2016, pp. 238-262.<\/p>\n<p>\u201c<strong>Las escritoras en el Camino: el peregrinaje de Edith Wharton a Santiago de Compostela 1925-1930<\/strong>\u201c.\u00a0<em>Miradas cruzadas. Escritoras, artistas e imaginarios (Espa\u00f1a-EE.UU. 1830-1930),\u00a0<\/em>Fernanda Bustamante e\u00a0Beatriz Ferr\u00fas (coords.). Valencia: PUV-Universidad de Valencia. 2015, pp.139-165.<\/p>\n<p>\u201c<strong>De la letra a la imagen. O de c\u00f3mo volver a hablar sobre literatura, cine, adaptaci\u00f3n y no morir en el intento\u2026<\/strong>\u201d<span>\u00a0<\/span><em>Di\u00e1logos Intertextuales<\/em><span>\u00a0<\/span><em>6: The Lion King\/ El Rey Le\u00f3n<\/em>, Ana Pereira Rodr\u00edguez e\u00a0Lourdes Lorenzo Garc\u00eda, eds. Frankfurt am Main: Peter Lang. 2014, pp. 23-45.<\/p>\n<p>\u201c<strong>\u00a1La crueldad intencionada es imperdonable! Violencia dom\u00e9stica en varias obras de Tennessee Williams y sus versiones cinematogr\u00e1ficas<\/strong>\u201c.<span>\u00a0<\/span><em>Rompiendo un mar de silencio: reflexiones interdisciplinares sobre la violencia contra las mujeres<\/em>, Eulalia Pi\u00f1ero Gil e\u00a0Julia Salmer\u00f3n Caba\u00f1as, eds. Madrid: UAM Ediciones. 2013. pp. 136-148.<\/p>\n<p><strong><em>Edith Wharton: Back to Compostela\/Regreso a Compostela: The Woman, the Writer, the Way<\/em><\/strong>. Santiago de Compostela: Servizo de Publicaci\u00f3ns da Universidade de Santiago. 2011.<\/p>\n<p><strong>\u2018Introduci\u00f3n<\/strong>\u2018.<span>\u00a0<\/span><em>Edith Wharton,<\/em><span>\u00a0<\/span>A idade da Inocencia, introd. Patrica Fra L\u00f3pez, trad. M\u00aa Fe Gonz\u00e1lez Fern\u00e1ndez. 2009, pp. 9-69.<\/p>\n<p>\u201c<strong>\u00bfPuede el arte cambiar la sociedad? Cradle Will Rock o un ejemplo de censura pol\u00edtica en el teatro y su reflejo en el cine norteamericano<\/strong>\u201c.<span>\u00a0<\/span><em>Lecturas: Im\u00e1genes 6. Revista de la Po\u00e9tica de la imagen. Cine y teatro<\/em>, Carmen Becerra, ed. Vigo: Editorial Academia del Hispanismo. 2009, pp. 6-83.<\/p>\n<p>\u201c<strong>El conflicto entre la ilusi\u00f3n y la realidad: Blanche DuBois o el espectro de la bella sure\u00f1a en la obra dram\u00e1tica de Tennessee Williams y su correspondiente versi\u00f3n cinematogr\u00e1fica<\/strong>.\u201d<span>\u00a0<\/span><em>El teatro del g\u00e9nero, el g\u00e9nero del teatro: Las artes esc\u00e9nicas y la representaci\u00f3n de la identidad sexual<\/em>, Alfonso Ceballos, Ram\u00f3n Espejo e\u00a0Bernardo Mu\u00f1oz, eds. Madrid: Fundamentos. 2009, pp. 189-210.<\/p>\n<p>[\/et_pb_text][\/et_pb_column][\/et_pb_row][\/et_pb_section]<\/p>\n","protected":false},"excerpt":{"rendered":"<p>Patricia Fra L\u00f3pez&nbsp; Patricia Fra L\u00f3pez\u00a0is Senior Lecturer in the Department of English and German at the University of Santiago de Compostela, where she teaches several subjects in the area of North American Literature and Culture, as well as other subjects related to English and American Literature and Film. Her research interests center on diverse [&hellip;]<\/p>\n","protected":false},"author":1,"featured_media":0,"parent":0,"menu_order":0,"comment_status":"closed","ping_status":"closed","template":"","meta":{"_et_pb_use_builder":"on","_et_pb_old_content":"","_et_gb_content_width":"","footnotes":""},"class_list":["post-1796","page","type-page","status-publish","hentry"],"_links":{"self":[{"href":"https:\/\/discursoeidentidade.com\/index.php?rest_route=\/wp\/v2\/pages\/1796","targetHints":{"allow":["GET"]}}],"collection":[{"href":"https:\/\/discursoeidentidade.com\/index.php?rest_route=\/wp\/v2\/pages"}],"about":[{"href":"https:\/\/discursoeidentidade.com\/index.php?rest_route=\/wp\/v2\/types\/page"}],"author":[{"embeddable":true,"href":"https:\/\/discursoeidentidade.com\/index.php?rest_route=\/wp\/v2\/users\/1"}],"replies":[{"embeddable":true,"href":"https:\/\/discursoeidentidade.com\/index.php?rest_route=%2Fwp%2Fv2%2Fcomments&post=1796"}],"version-history":[{"count":0,"href":"https:\/\/discursoeidentidade.com\/index.php?rest_route=\/wp\/v2\/pages\/1796\/revisions"}],"wp:attachment":[{"href":"https:\/\/discursoeidentidade.com\/index.php?rest_route=%2Fwp%2Fv2%2Fmedia&parent=1796"}],"curies":[{"name":"wp","href":"https:\/\/api.w.org\/{rel}","templated":true}]}}