{"id":1791,"date":"2017-01-26T11:38:53","date_gmt":"2017-01-26T10:38:53","guid":{"rendered":"http:\/\/discursoeidentidade.com?page_id=1791"},"modified":"2021-07-07T12:18:59","modified_gmt":"2021-07-07T10:18:59","slug":"patricia-fra","status":"publish","type":"page","link":"https:\/\/discursoeidentidade.com\/?page_id=1791&lang=es","title":{"rendered":"PATRICIA FRA"},"content":{"rendered":"<p>[et_pb_section fb_built=&#8221;1&#8243; inner_shadow=&#8221;on&#8221; fullwidth=&#8221;on&#8221; custom_padding_last_edited=&#8221;on|desktop&#8221; admin_label=&#8221;section&#8221; _builder_version=&#8221;4.6.1&#8243; background_color=&#8221;#153b60&#8243; custom_padding_tablet=&#8221;50px|0|50px|0&#8243; custom_padding_phone=&#8221;&#8221; transparent_background=&#8221;off&#8221; padding_mobile=&#8221;off&#8221; make_fullwidth=&#8221;off&#8221; use_custom_width=&#8221;off&#8221; width_unit=&#8221;on&#8221; custom_width_px=&#8221;1080px&#8221; custom_width_percent=&#8221;80%&#8221;][et_pb_fullwidth_header content_max_width=&#8221;none&#8221; admin_label=&#8221;T\u00cdTULO SECCI\u00d3N&#8221; _builder_version=&#8221;4.6.1&#8243; title_font=&#8221;Montserrat||||||||&#8221; background_color=&#8221;rgba(255, 255, 255, 0)&#8221; custom_padding=&#8221;||0px|||&#8221; button_one_letter_spacing_hover=&#8221;0&#8243; button_two_letter_spacing_hover=&#8221;0&#8243; button_one_text_size__hover_enabled=&#8221;off&#8221; button_two_text_size__hover_enabled=&#8221;off&#8221; button_one_text_color__hover_enabled=&#8221;off&#8221; button_two_text_color__hover_enabled=&#8221;off&#8221; button_one_border_width__hover_enabled=&#8221;off&#8221; button_two_border_width__hover_enabled=&#8221;off&#8221; button_one_border_color__hover_enabled=&#8221;off&#8221; button_two_border_color__hover_enabled=&#8221;off&#8221; button_one_border_radius__hover_enabled=&#8221;off&#8221; button_two_border_radius__hover_enabled=&#8221;off&#8221; button_one_letter_spacing__hover_enabled=&#8221;on&#8221; button_one_letter_spacing__hover=&#8221;0&#8243; button_two_letter_spacing__hover_enabled=&#8221;on&#8221; button_two_letter_spacing__hover=&#8221;0&#8243; button_one_bg_color__hover_enabled=&#8221;off&#8221; button_two_bg_color__hover_enabled=&#8221;off&#8221;]<\/p>\n<h1>Patricia Fra L\u00f3pez<\/h1>\n<p>[\/et_pb_fullwidth_header][\/et_pb_section][et_pb_section fb_built=&#8221;1&#8243; _builder_version=&#8221;4.9.0&#8243; _module_preset=&#8221;default&#8221;][et_pb_row column_structure=&#8221;2_5,3_5&#8243; _builder_version=&#8221;4.9.0&#8243; _module_preset=&#8221;default&#8221; background_color=&#8221;#d6d6d6&#8243; width=&#8221;79.9%&#8221; custom_padding=&#8221;||27px|28px||&#8221;][et_pb_column type=&#8221;2_5&#8243; _builder_version=&#8221;4.6.1&#8243; _module_preset=&#8221;default&#8221;][et_pb_image src=&#8221;http:\/\/discursoeidentidade.com\/wp-content\/uploads\/2020\/09\/PATRICIA.png&#8221; title_text=&#8221;PATRICIA Fra&#8221; _builder_version=&#8221;4.6.1&#8243; _module_preset=&#8221;default&#8221; width=&#8221;99.7%&#8221; custom_padding=&#8221;131px|0px||21px||&#8221;][\/et_pb_image][\/et_pb_column][et_pb_column type=&#8221;3_5&#8243; _builder_version=&#8221;4.6.1&#8243; _module_preset=&#8221;default&#8221;][et_pb_text _builder_version=&#8221;4.6.1&#8243; _module_preset=&#8221;default&#8221; text_font=&#8221;Montserrat||||||||&#8221; min_height=&#8221;117px&#8221; custom_margin=&#8221;-1px|||||&#8221; custom_padding=&#8221;|95px||||&#8221; inline_fonts=&#8221;Montserrat&#8221;]<\/p>\n<p><span><strong>Patricia Fra L\u00f3pez<\/strong>\u00a0es Profesora Titular de Universidad en el Departamento de Filolog\u00eda Inglesa y Alemana (Universidade de Santiago de Compostela), donde imparte materias del \u00e1rea de Literatura y Cultura Norteamericanas y tambi\u00e9n de Literatura en lengua inglesa y el cine. Sus l\u00edneas de investigaci\u00f3n son variadas, y todas ellas relacionadas con el \u00e1mbito de la literatura y\u00a0cultura norteamericanas. As\u00ed, ha analizado la relaci\u00f3n con el cine que mantuvieron reconocidos autores como F. Scott Fitzgerald, Ernest Hemingway, John Steinbeck o Tennessee Williams e Edith Wharton, sobre los que ha publicado numerosos cap\u00edtulos de libro, art\u00edculos y libros como <em>Cine y\u00a0literatura en F. Scott Fitzgerald: del texto literario al gui\u00f3n cinematogr\u00e1fico <\/em>(2002). Otro de sus intereses de investigaci\u00f3n versa sobre la literatura sure\u00f1a escrita por mujeres y ha participado en varios proyectos de investigaci\u00f3n sobre autobiograf\u00eda femenina del Sur (2014-actualidad), sobre los movimientos por los derechos civiles en la ficci\u00f3n y el teatro norteamericanos (2011-2013), o sobre la mujer, el espacio, el g\u00e9nero y la raza en la narrativa femenina del Sur de los EE.UU. En este campo fue la investigadora principal del proyecto titulado \u201cVisi\u00f3ns do Sur dos EE.UU. no cine e na literatura\u201d entre 2004 y 2006. En los \u00faltimos anos, ha centrado su inter\u00e9s en dos campos: la literatura de viajes escrita por mujeres, que comenz\u00f3 con el proyecto de investigaci\u00f3n <em>\u201cRegreso a Compostela\u201d e outros cadernos de viaxe: Edith Wharton e o Cami\u00f1o de Santiago nos anos 20, <\/em>del que fue IP entre 2009 y 2010, y dio como resultado la publicaci\u00f3n de su libro <em>Edith Wharton. Back to Compostela\/ Regreso a Compostela. The Woman, the Writer, the Way<\/em> (2011). Por otro lado, est\u00e1 una investigaci\u00f3n en curso sobre la violencia dom\u00e9stica en el teatro de Tennessee Williams y en las versiones cinematogr\u00e1ficas de sus obras. Patricia Fra L\u00f3pez es miembro de la Edith Wharton Society, del Southern Studies Forum, adem\u00e1s de SAAS (Spanish Association of American Studies), EAAS (European Association of American Studies) y miembro activo de AEDEAN (Asociaci\u00f3n Espa\u00f1ola de Estudios Anglonorteamericanos). Asimismo es miembro fundador del CEFILMUS (Centro de Estudos F\u00edlmicos da Universidade de Santiago).<\/span><\/p>\n<p><span><strong>@:\u00a0patricia.fra@usc.es<\/strong><\/span><\/p>\n<p>[\/et_pb_text][\/et_pb_column][\/et_pb_row][\/et_pb_section][et_pb_section fb_built=&#8221;1&#8243; custom_padding_last_edited=&#8221;on|desktop&#8221; admin_label=&#8221;section&#8221; _builder_version=&#8221;4.7.3&#8243; background_color=&#8221;rgba(0,0,0,0)&#8221; custom_padding_tablet=&#8221;50px|0|50px|0&#8243; custom_padding_phone=&#8221;&#8221; transparent_background=&#8221;off&#8221; padding_mobile=&#8221;off&#8221; make_fullwidth=&#8221;off&#8221; use_custom_width=&#8221;off&#8221; width_unit=&#8221;on&#8221; custom_width_px=&#8221;1080px&#8221; custom_width_percent=&#8221;80%&#8221;][et_pb_row _builder_version=&#8221;4.6.1&#8243; _module_preset=&#8221;default&#8221; custom_padding=&#8221;|||0px||&#8221;][et_pb_column type=&#8221;4_4&#8243; _builder_version=&#8221;4.6.1&#8243; _module_preset=&#8221;default&#8221;][et_pb_text _builder_version=&#8221;4.6.1&#8243; _module_preset=&#8221;default&#8221; text_font=&#8221;Montserrat||||||||&#8221; text_font_size=&#8221;11px&#8221; custom_padding=&#8221;0px||7px|||&#8221; inline_fonts=&#8221;Montserrat&#8221;]<\/p>\n<p><strong><span style=\"color: #000000;\"><u>PUBLICACIONES REPRESENTATIVAS:<\/u><\/span><\/strong><\/p>\n<p><span style=\"font-size: small;\">&#8220;<strong>El \u00faltimo viaje a Espa\u00f1a con W[alter], 1925<\/strong>\u201d y \u201c<strong>Regreso a Compostela&#8221;<\/strong>\u00a0(trad.). <em>Del viaje como arte. Traves\u00edas por Espa\u00f1a, Francia, Italia y el Mediterr\u00e1neo<\/em>, Teresa G\u00f3mez Reud, ed. <em>Del viaje como arte. Traves\u00edas por Espa\u00f1a, Francia, Italia y el Mediterr\u00e1neo<\/em>. Madrid: La l\u00ednea del horizonte. 2016, pp. 238-262.<\/span><\/p>\n<p><span style=\"font-size: small;\"><\/span><\/p>\n<p><span style=\"font-family: Montserrat; font-weight: normal; font-size: small;\"><span style=\"color: #333333;\">&#8220;<\/span><strong style=\"color: #333333;\">Las escritoras en el Camino: el peregrinaje de Edith Wharton a Santiago de Compostela 1925-1930<\/strong><span style=\"color: #333333;\">&#8220;.\u00a0<\/span><em style=\"color: #333333;\">Miradas cruzadas. Escritoras, artistas e imaginarios (Espa\u00f1a-EE.UU. 1830-1930),\u00a0<\/em><span style=\"color: #333333;\">Fernanda Bustamante y Beatriz Ferr\u00fas (coords.). Valencia: PUV-Universidad de Valencia. 2015, pp.139-165.<\/span><\/span><\/p>\n<p><span style=\"font-family: Montserrat; font-weight: normal; font-size: small;\"><span style=\"color: #333333;\"><\/span><\/span><\/p>\n<h4><span style=\"font-family: Montserrat; font-weight: normal; font-size: small;\">&#8220;<strong>De la letra a la imagen. O de c\u00f3mo volver a hablar sobre literatura, cine, adaptaci\u00f3n y no morir en el intento&#8230;<\/strong>&#8221; <em>Di\u00e1logos Intertextuales<\/em> <em>6: The Lion King\/ El Rey Le\u00f3n<\/em>, Ana Pereira Rodr\u00edguez y Lourdes Lorenzo Garc\u00eda, eds. Frankfurt am Main: Peter Lang. 2014, pp. 23-45.<\/span><\/h4>\n<p><span style=\"font-family: Montserrat; font-weight: normal; font-size: small;\"><\/span><\/p>\n<h4><span style=\"font-family: Montserrat; font-weight: normal; font-size: small;\">&#8220;<strong>\u00a1La crueldad intencionada es imperdonable! Violencia dom\u00e9stica en varias obras de Tennessee Williams y sus versiones cinematogr\u00e1ficas<\/strong>&#8220;. <em>Rompiendo un mar de silencio: reflexiones interdisciplinares sobre la violencia contra las mujeres<\/em>, Eulalia Pi\u00f1ero Gil y Julia Salmer\u00f3n Caba\u00f1as, eds. Madrid: UAM Ediciones. 2013. pp. 136-148.<\/span><\/h4>\n<p><span style=\"font-family: Montserrat; font-weight: normal; font-size: small;\"><\/span><\/p>\n<h4><span style=\"font-family: Montserrat; font-weight: normal; font-size: small;\"><strong><em>Edith Wharton: Back to Compostela\/Regreso a Compostela: The Woman, the <\/em><\/strong><\/span><span style=\"font-family: Montserrat; font-weight: normal; font-size: small;\"><strong><em>Writer, the Way<\/em><\/strong>. Santiago de Compostela: Servizo de Publicaci\u00f3ns da Universidade de Santiago. 2011.<\/span><\/h4>\n<p><span style=\"font-family: Montserrat; font-weight: normal; font-size: small;\"><\/span><\/p>\n<h4><span style=\"font-family: Montserrat; font-weight: normal; font-size: small;\"><strong>&#8216;Introduci\u00f3n<\/strong>&#8216;. <em>Edith Wharton,<\/em> A idade da Inocencia, introd. Patrica Fra L\u00f3pez, trad. M\u00aa Fe Gonz\u00e1lez Fern\u00e1ndez. 2009, pp. 9-69.<\/span><\/h4>\n<p><span style=\"font-family: Montserrat; font-weight: normal; font-size: small;\"><\/span><\/p>\n<p><span style=\"font-family: Montserrat; font-weight: normal; font-size: small;\"><span style=\"color: #333333;\">&#8220;<\/span><strong style=\"color: #333333;\">\u00bfPuede el arte cambiar la sociedad? Cradle Will Rock o un ejemplo de censura pol\u00edtica en el teatro y su reflejo en el cine norteamericano<\/strong><span style=\"color: #333333;\">&#8220;. <\/span><em style=\"color: #333333;\">Lecturas: Im\u00e1genes 6. Revista de la Po\u00e9tica de la imagen. Cine y teatro<\/em><span style=\"color: #333333;\">, Carmen Becerra, ed. Vigo: Editorial Academia del Hispanismo. 2009, pp. 6-83.<\/span><\/span><\/p>\n<p><span style=\"font-family: Montserrat; font-weight: normal; font-size: small;\"><span style=\"color: #333333;\"><\/span><\/span><\/p>\n<h4><span style=\"font-family: Montserrat; font-weight: normal; font-size: small;\">&#8220;<strong>El conflicto entre la ilusi\u00f3n y la realidad: Blanche DuBois o el espectro de la bella sure\u00f1a en la obra dram\u00e1tica de Tennessee Williams y su correspondiente versi\u00f3n cinematogr\u00e1fica<\/strong>.&#8221; <em>El teatro del g\u00e9nero, el g\u00e9nero del teatro: Las artes esc\u00e9nicas y la representaci\u00f3n de la identidad sexual<\/em>, Alfonso Ceballos, Ram\u00f3n Espejo y Bernardo Mu\u00f1oz, eds. Madrid: Fundamentos. 2009, pp. 189-210.<\/span><\/h4>\n<p>[\/et_pb_text][\/et_pb_column][\/et_pb_row][\/et_pb_section]<\/p>\n","protected":false},"excerpt":{"rendered":"<p>Patricia Fra L\u00f3pezPatricia Fra L\u00f3pez\u00a0es Profesora Titular de Universidad en el Departamento de Filolog\u00eda Inglesa y Alemana (Universidade de Santiago de Compostela), donde imparte materias del \u00e1rea de Literatura y Cultura Norteamericanas y tambi\u00e9n de Literatura en lengua inglesa y el cine. Sus l\u00edneas de investigaci\u00f3n son variadas, y todas ellas relacionadas con el \u00e1mbito [&hellip;]<\/p>\n","protected":false},"author":1,"featured_media":0,"parent":0,"menu_order":0,"comment_status":"closed","ping_status":"closed","template":"","meta":{"_et_pb_use_builder":"on","_et_pb_old_content":"","_et_gb_content_width":"","footnotes":""},"class_list":["post-1791","page","type-page","status-publish","hentry"],"_links":{"self":[{"href":"https:\/\/discursoeidentidade.com\/index.php?rest_route=\/wp\/v2\/pages\/1791","targetHints":{"allow":["GET"]}}],"collection":[{"href":"https:\/\/discursoeidentidade.com\/index.php?rest_route=\/wp\/v2\/pages"}],"about":[{"href":"https:\/\/discursoeidentidade.com\/index.php?rest_route=\/wp\/v2\/types\/page"}],"author":[{"embeddable":true,"href":"https:\/\/discursoeidentidade.com\/index.php?rest_route=\/wp\/v2\/users\/1"}],"replies":[{"embeddable":true,"href":"https:\/\/discursoeidentidade.com\/index.php?rest_route=%2Fwp%2Fv2%2Fcomments&post=1791"}],"version-history":[{"count":0,"href":"https:\/\/discursoeidentidade.com\/index.php?rest_route=\/wp\/v2\/pages\/1791\/revisions"}],"wp:attachment":[{"href":"https:\/\/discursoeidentidade.com\/index.php?rest_route=%2Fwp%2Fv2%2Fmedia&parent=1791"}],"curies":[{"name":"wp","href":"https:\/\/api.w.org\/{rel}","templated":true}]}}