{"id":1783,"date":"2017-01-26T11:38:25","date_gmt":"2017-01-26T10:38:25","guid":{"rendered":"http:\/\/discursoeidentidade.com?page_id=1783"},"modified":"2021-07-07T12:15:21","modified_gmt":"2021-07-07T10:15:21","slug":"patricia-fra","status":"publish","type":"page","link":"https:\/\/discursoeidentidade.com\/?page_id=1783","title":{"rendered":"MIEMBRO_Patricia Fra L\u00f3pez"},"content":{"rendered":"<p>[et_pb_section fb_built=&#8221;1&#8243; inner_shadow=&#8221;on&#8221; fullwidth=&#8221;on&#8221; custom_padding_last_edited=&#8221;on|desktop&#8221; admin_label=&#8221;section&#8221; _builder_version=&#8221;4.6.1&#8243; background_color=&#8221;#153b60&#8243; custom_padding_tablet=&#8221;50px|0|50px|0&#8243; custom_padding_phone=&#8221;&#8221; transparent_background=&#8221;off&#8221; padding_mobile=&#8221;off&#8221; make_fullwidth=&#8221;off&#8221; use_custom_width=&#8221;off&#8221; width_unit=&#8221;on&#8221; custom_width_px=&#8221;1080px&#8221; custom_width_percent=&#8221;80%&#8221;][et_pb_fullwidth_header content_max_width=&#8221;none&#8221; admin_label=&#8221;T\u00cdTULO SECCI\u00d3N&#8221; _builder_version=&#8221;4.6.1&#8243; title_font=&#8221;Montserrat||||||||&#8221; background_color=&#8221;rgba(255, 255, 255, 0)&#8221; custom_padding=&#8221;||0px|||&#8221; button_one_letter_spacing_hover=&#8221;0&#8243; button_two_letter_spacing_hover=&#8221;0&#8243; button_one_text_size__hover_enabled=&#8221;off&#8221; button_two_text_size__hover_enabled=&#8221;off&#8221; button_one_text_color__hover_enabled=&#8221;off&#8221; button_two_text_color__hover_enabled=&#8221;off&#8221; button_one_border_width__hover_enabled=&#8221;off&#8221; button_two_border_width__hover_enabled=&#8221;off&#8221; button_one_border_color__hover_enabled=&#8221;off&#8221; button_two_border_color__hover_enabled=&#8221;off&#8221; button_one_border_radius__hover_enabled=&#8221;off&#8221; button_two_border_radius__hover_enabled=&#8221;off&#8221; button_one_letter_spacing__hover_enabled=&#8221;on&#8221; button_one_letter_spacing__hover=&#8221;0&#8243; button_two_letter_spacing__hover_enabled=&#8221;on&#8221; button_two_letter_spacing__hover=&#8221;0&#8243; button_one_bg_color__hover_enabled=&#8221;off&#8221; button_two_bg_color__hover_enabled=&#8221;off&#8221;]<\/p>\n<h1>Patricia Fra L\u00f3pez\u00a0<\/h1>\n<p>[\/et_pb_fullwidth_header][\/et_pb_section][et_pb_section fb_built=&#8221;1&#8243; custom_padding_last_edited=&#8221;on|desktop&#8221; admin_label=&#8221;section&#8221; _builder_version=&#8221;4.6.1&#8243; background_color=&#8221;rgba(0,0,0,0)&#8221; custom_padding_tablet=&#8221;50px|0|50px|0&#8243; custom_padding_phone=&#8221;&#8221; transparent_background=&#8221;off&#8221; padding_mobile=&#8221;off&#8221; make_fullwidth=&#8221;off&#8221; use_custom_width=&#8221;off&#8221; width_unit=&#8221;on&#8221; custom_width_px=&#8221;1080px&#8221; custom_width_percent=&#8221;80%&#8221;][et_pb_row column_structure=&#8221;2_5,3_5&#8243; _builder_version=&#8221;4.9.0&#8243; _module_preset=&#8221;default&#8221; background_color=&#8221;#d6d6d6&#8243; width=&#8221;79.9%&#8221; custom_padding=&#8221;||27px|28px||&#8221; hover_enabled=&#8221;0&#8243; sticky_enabled=&#8221;0&#8243;][et_pb_column type=&#8221;2_5&#8243; _builder_version=&#8221;4.6.1&#8243; _module_preset=&#8221;default&#8221;][et_pb_image src=&#8221;http:\/\/discursoeidentidade.com\/wp-content\/uploads\/2020\/09\/PATRICIA.png&#8221; title_text=&#8221;PATRICIA Fra&#8221; _builder_version=&#8221;4.6.1&#8243; _module_preset=&#8221;default&#8221; width=&#8221;99.7%&#8221; custom_padding=&#8221;131px|0px||21px||&#8221;][\/et_pb_image][\/et_pb_column][et_pb_column type=&#8221;3_5&#8243; _builder_version=&#8221;4.6.1&#8243; _module_preset=&#8221;default&#8221;][et_pb_text _builder_version=&#8221;4.6.1&#8243; _module_preset=&#8221;default&#8221; text_font=&#8221;Montserrat||||||||&#8221; min_height=&#8221;117px&#8221; custom_margin=&#8221;-1px|||||&#8221; custom_padding=&#8221;|95px||||&#8221; inline_fonts=&#8221;Montserrat&#8221;]<\/p>\n<p><strong>Patricia Fra L\u00f3pez<\/strong>\u00a0\u00e9 Profesora Titular de Universidade no Departamento de Filolox\u00eda Inglesa e Alem\u00e1 (Universidade de Santiago de Compostela), onde imparte materias da \u00e1rea de Literatura e Cultura Norteamericanas e tam\u00e9n de Literatura en lingua inglesa e cine. As s\u00faas li\u00f1as de investigaci\u00f3n son variadas, e todas relacionadas co \u00e1mbito da literatura e cultura norteamericana. As\u00ed, analizou a relaci\u00f3n co cinema de reco\u00f1ecidos autores como F. Scott Fitzgerald, Ernest Hemingway, John Steinbeck o Tennessee Williams e Edith Wharton, sobre os que ten publicados numerosos cap\u00edtulos de libro, artigos, e libros como <em>Cine y literatura en F. Scott Fitzgerald: del texto literario al gui\u00f3n cinematogr\u00e1fico <\/em>(2002). Outro dos seus intereses de investigaci\u00f3n \u00e9 a literatura sure\u00f1a escrita por mulleres e ten participado en varios proxectos de investigaci\u00f3n, sobre autobiograf\u00eda feminina do Sur (2014-actualidad), os movementos polos dereitos civ\u00eds na ficci\u00f3n e o teatro norteamericano (2011-2013), ou sobre a muller, o espazo, o x\u00e9nero e a raza na narrativa feminina do Sur dos EE.UU. Neste campo foi a investigadora principal do proxecto \u201cVisi\u00f3ns do Sur dos EE.UU. no cine e na literatura\u201d (2004-2006). Nos \u00faltimos anos, ten centrado o seu interese en dous campos: a literatura de viaxes escrita por mulleres, que comezou co proxecto de investigaci\u00f3n <em>\u201cRegreso a Compostela\u201d e outros cadernos de viaxe: Edith Wharton e o Cami\u00f1o de Santiago nos anos 20, <\/em>do que foi IP en 2009-10, e tivo como resultado a publicaci\u00f3n do seu libro <em>Edith Wharton. Back to Compostela\/ Regreso a Compostela. The Woman, the Writer, the Way<\/em> (2011). Por outra banda, est\u00e1 a s\u00faa investigaci\u00f3n sobre a violencia dom\u00e9stica no teatro de Tennessee Williams e nas versi\u00f3ns cinematogr\u00e1ficas das s\u00faas obras. Patricia Fra L\u00f3pez \u00e9 membro da Edith Wharton Society, do Southern Studies Forum, ademais de SAAS (Spanish Association of American Studies) e EAAS. \u00c9 as\u00ed mesmo membro fundador do CEFILMUS (Centro de Estudos F\u00edlmicos da Universidade de Santiago).<\/p>\n<p><strong>@: patricia.fra@usc.es<\/strong><\/p>\n<p>[\/et_pb_text][\/et_pb_column][\/et_pb_row][et_pb_row _builder_version=&#8221;4.6.1&#8243; _module_preset=&#8221;default&#8221; custom_padding=&#8221;||27px|0px||&#8221;][et_pb_column type=&#8221;4_4&#8243; _builder_version=&#8221;4.6.1&#8243; _module_preset=&#8221;default&#8221;][et_pb_text _builder_version=&#8221;4.6.1&#8243; _module_preset=&#8221;default&#8221; text_font=&#8221;Montserrat||||||||&#8221; text_font_size=&#8221;11px&#8221; custom_padding=&#8221;||0px|||&#8221; inline_fonts=&#8221;Montserrat&#8221;]<\/p>\n<p><strong><u>PUBLICACI\u00d3NS RELEVANTES:<\/u><\/strong><\/p>\n<p>&#8220;<strong>El \u00faltimo viaje a Espa\u00f1a con W[alter], 1925<\/strong>\u201d e \u201c<strong>Regreso a Compostela&#8221;<\/strong>\u00a0(trad.). <em>Del viaje como arte. Traves\u00edas por Espa\u00f1a, Francia, Italia y el Mediterr\u00e1neo<\/em>, Teresa G\u00f3mez Reud, ed. <em>Del viaje como arte. Traves\u00edas por Espa\u00f1a, Francia, Italia y el Mediterr\u00e1neo<\/em>. Madrid: La l\u00ednea del horizonte. 2016, pp. 238-262.<\/p>\n<p>&#8220;<strong>Las escritoras en el Camino: el peregrinaje de Edith Wharton a Santiago de Compostela 1925-1930<\/strong>&#8220;.\u00a0<em>Miradas cruzadas. Escritoras, artistas e imaginarios (Espa\u00f1a-EE.UU. 1830-1930),\u00a0<\/em>Fernanda Bustamante e\u00a0Beatriz Ferr\u00fas (coords.). Valencia: PUV-Universidad de Valencia. 2015, pp.139-165.<\/p>\n<p>&#8220;<strong>De la letra a la imagen. O de c\u00f3mo volver a hablar sobre literatura, cine, adaptaci\u00f3n y no morir en el intento&#8230;<\/strong>&#8221; <em>Di\u00e1logos Intertextuales<\/em> <em>6: The Lion King\/ El Rey Le\u00f3n<\/em>, Ana Pereira Rodr\u00edguez e\u00a0Lourdes Lorenzo Garc\u00eda, eds. Frankfurt am Main: Peter Lang. 2014, pp. 23-45.<\/p>\n<p>&#8220;<strong>\u00a1La crueldad intencionada es imperdonable! Violencia dom\u00e9stica en varias obras de Tennessee Williams y sus versiones cinematogr\u00e1ficas<\/strong>&#8220;. <em>Rompiendo un mar de silencio: reflexiones interdisciplinares sobre la violencia contra las mujeres<\/em>, Eulalia Pi\u00f1ero Gil e\u00a0Julia Salmer\u00f3n Caba\u00f1as, eds. Madrid: UAM Ediciones. 2013. pp. 136-148.<\/p>\n<p><strong><em>Edith Wharton: Back to Compostela\/Regreso a Compostela: The Woman, the Writer, the Way<\/em><\/strong>. Santiago de Compostela: Servizo de Publicaci\u00f3ns da Universidade de Santiago. 2011.<\/p>\n<p><strong>&#8216;Introduci\u00f3n<\/strong>&#8216;. <em>Edith Wharton,<\/em> A idade da Inocencia, introd. Patrica Fra L\u00f3pez, trad. M\u00aa Fe Gonz\u00e1lez Fern\u00e1ndez. 2009, pp. 9-69.<\/p>\n<p>&#8220;<strong>\u00bfPuede el arte cambiar la sociedad? Cradle Will Rock o un ejemplo de censura pol\u00edtica en el teatro y su reflejo en el cine norteamericano<\/strong>&#8220;. <em>Lecturas: Im\u00e1genes 6. Revista de la Po\u00e9tica de la imagen. Cine y teatro<\/em>, Carmen Becerra, ed. Vigo: Editorial Academia del Hispanismo. 2009, pp. 6-83.<\/p>\n<p>&#8220;<strong>El conflicto entre la ilusi\u00f3n y la realidad: Blanche DuBois o el espectro de la bella sure\u00f1a en la obra dram\u00e1tica de Tennessee Williams y su correspondiente versi\u00f3n cinematogr\u00e1fica<\/strong>.&#8221; <em>El teatro del g\u00e9nero, el g\u00e9nero del teatro: Las artes esc\u00e9nicas y la representaci\u00f3n de la identidad sexual<\/em>, Alfonso Ceballos, Ram\u00f3n Espejo e\u00a0Bernardo Mu\u00f1oz, eds. Madrid: Fundamentos. 2009, pp. 189-210.<span style=\"font-size: 11px;\">\u00a0<\/span><\/p>\n<p>[\/et_pb_text][\/et_pb_column][\/et_pb_row][\/et_pb_section]<\/p>\n","protected":false},"excerpt":{"rendered":"<p>Patricia Fra L\u00f3pez\u00a0Patricia Fra L\u00f3pez\u00a0\u00e9 Profesora Titular de Universidade no Departamento de Filolox\u00eda Inglesa e Alem\u00e1 (Universidade de Santiago de Compostela), onde imparte materias da \u00e1rea de Literatura e Cultura Norteamericanas e tam\u00e9n de Literatura en lingua inglesa e cine. As s\u00faas li\u00f1as de investigaci\u00f3n son variadas, e todas relacionadas co \u00e1mbito da literatura e [&hellip;]<\/p>\n","protected":false},"author":1,"featured_media":0,"parent":0,"menu_order":0,"comment_status":"closed","ping_status":"closed","template":"","meta":{"_et_pb_use_builder":"on","_et_pb_old_content":"","_et_gb_content_width":"","footnotes":""},"class_list":["post-1783","page","type-page","status-publish","hentry"],"_links":{"self":[{"href":"https:\/\/discursoeidentidade.com\/index.php?rest_route=\/wp\/v2\/pages\/1783","targetHints":{"allow":["GET"]}}],"collection":[{"href":"https:\/\/discursoeidentidade.com\/index.php?rest_route=\/wp\/v2\/pages"}],"about":[{"href":"https:\/\/discursoeidentidade.com\/index.php?rest_route=\/wp\/v2\/types\/page"}],"author":[{"embeddable":true,"href":"https:\/\/discursoeidentidade.com\/index.php?rest_route=\/wp\/v2\/users\/1"}],"replies":[{"embeddable":true,"href":"https:\/\/discursoeidentidade.com\/index.php?rest_route=%2Fwp%2Fv2%2Fcomments&post=1783"}],"version-history":[{"count":0,"href":"https:\/\/discursoeidentidade.com\/index.php?rest_route=\/wp\/v2\/pages\/1783\/revisions"}],"wp:attachment":[{"href":"https:\/\/discursoeidentidade.com\/index.php?rest_route=%2Fwp%2Fv2%2Fmedia&parent=1783"}],"curies":[{"name":"wp","href":"https:\/\/api.w.org\/{rel}","templated":true}]}}