{"id":1770,"date":"2017-01-25T13:33:59","date_gmt":"2017-01-25T12:33:59","guid":{"rendered":"http:\/\/discursoeidentidade.com?page_id=1770"},"modified":"2021-03-15T12:04:05","modified_gmt":"2021-03-15T11:04:05","slug":"grupos-de-innovacion-docente","status":"publish","type":"page","link":"https:\/\/discursoeidentidade.com\/?page_id=1770&lang=es","title":{"rendered":"GRUPOS DE INNOVACI\u00d3N DOCENTE"},"content":{"rendered":"<p>[et_pb_section fb_built=&#8221;1&#8243; inner_shadow=&#8221;on&#8221; fullwidth=&#8221;on&#8221; custom_padding_last_edited=&#8221;on|desktop&#8221; admin_label=&#8221;section&#8221; _builder_version=&#8221;4.6.1&#8243; background_color=&#8221;#153b60&#8243; custom_padding_tablet=&#8221;50px|0|50px|0&#8243; custom_padding_phone=&#8221;&#8221; transparent_background=&#8221;off&#8221; padding_mobile=&#8221;off&#8221; make_fullwidth=&#8221;off&#8221; use_custom_width=&#8221;off&#8221; width_unit=&#8221;on&#8221; custom_width_px=&#8221;1080px&#8221; custom_width_percent=&#8221;80%&#8221;][et_pb_fullwidth_header content_max_width=&#8221;none&#8221; admin_label=&#8221;T\u00cdTULO SECCI\u00d3N&#8221; _builder_version=&#8221;4.6.1&#8243; title_font=&#8221;Montserrat||||||||&#8221; background_color=&#8221;rgba(255, 255, 255, 0)&#8221; custom_padding=&#8221;||0px|||&#8221; button_one_letter_spacing_hover=&#8221;0&#8243; button_two_letter_spacing_hover=&#8221;0&#8243; button_one_text_size__hover_enabled=&#8221;off&#8221; button_two_text_size__hover_enabled=&#8221;off&#8221; button_one_text_color__hover_enabled=&#8221;off&#8221; button_two_text_color__hover_enabled=&#8221;off&#8221; button_one_border_width__hover_enabled=&#8221;off&#8221; button_two_border_width__hover_enabled=&#8221;off&#8221; button_one_border_color__hover_enabled=&#8221;off&#8221; button_two_border_color__hover_enabled=&#8221;off&#8221; button_one_border_radius__hover_enabled=&#8221;off&#8221; button_two_border_radius__hover_enabled=&#8221;off&#8221; button_one_letter_spacing__hover_enabled=&#8221;on&#8221; button_one_letter_spacing__hover=&#8221;0&#8243; button_two_letter_spacing__hover_enabled=&#8221;on&#8221; button_two_letter_spacing__hover=&#8221;0&#8243; button_one_bg_color__hover_enabled=&#8221;off&#8221; button_two_bg_color__hover_enabled=&#8221;off&#8221;]<\/p>\n<h1>GRUPO DE INNOVACI\u00d3N DOCENTE<\/h1>\n<p>[\/et_pb_fullwidth_header][\/et_pb_section][et_pb_section fb_built=&#8221;1&#8243; custom_padding_last_edited=&#8221;on|desktop&#8221; admin_label=&#8221;section&#8221; _builder_version=&#8221;3.22&#8243; background_color=&#8221;#f7f7f7&#8243; custom_padding_tablet=&#8221;50px|0|50px|0&#8243; custom_padding_phone=&#8221;&#8221; transparent_background=&#8221;off&#8221; padding_mobile=&#8221;off&#8221;][et_pb_row padding_mobile=&#8221;off&#8221; column_padding_mobile=&#8221;on&#8221; admin_label=&#8221;Row&#8221; module_class=&#8221; et_pb_row_fullwidth&#8221; _builder_version=&#8221;3.25&#8243; background_color=&#8221;#f7f7f7&#8243; background_size=&#8221;initial&#8221; background_position=&#8221;top_left&#8221; background_repeat=&#8221;repeat&#8221; width=&#8221;89%&#8221; width_tablet=&#8221;80%&#8221; width_phone=&#8221;&#8221; width_last_edited=&#8221;on|desktop&#8221; max_width=&#8221;89%&#8221; max_width_tablet=&#8221;80%&#8221; max_width_phone=&#8221;&#8221; max_width_last_edited=&#8221;on|desktop&#8221; make_fullwidth=&#8221;on&#8221;][et_pb_column type=&#8221;4_4&#8243; _builder_version=&#8221;3.25&#8243; custom_padding=&#8221;|||&#8221; custom_padding__hover=&#8221;|||&#8221;][et_pb_text admin_label=&#8221;Text&#8221; _builder_version=&#8221;4.6.1&#8243; text_font=&#8221;Montserrat||||||||&#8221; header_font=&#8221;Montserrat||||||||&#8221; header_2_font=&#8221;Montserrat||||||||&#8221; header_3_font=&#8221;Montserrat||||||||&#8221; header_4_font=&#8221;Montserrat||||||||&#8221; header_5_font=&#8221;Montserrat||||||||&#8221; header_6_font=&#8221;Montserrat||||||||&#8221; background_size=&#8221;initial&#8221; background_position=&#8221;top_left&#8221; background_repeat=&#8221;repeat&#8221; custom_margin=&#8221;||-31px|||&#8221; custom_padding=&#8221;||0px|||&#8221; use_border_color=&#8221;off&#8221; border_style=&#8221;solid&#8221;]<\/p>\n<h1 style=\"text-align: center;\"><\/h1>\n<h2 style=\"text-align: center;\"><strong>Grupo de Innovaci\u00f3n Docente en Identidad y Estudios de G\u00e9nero en la Cultura y Literatura de los Pa\u00edses Angl\u00f3fonos<\/strong><\/h2>\n<p><strong><\/strong><\/p>\n<h4><strong>L\u00edneas de Trabajo<\/strong><\/h4>\n<ul>\n<li>\n<h5>Estudios de G\u00e9nero<\/h5>\n<\/li>\n<li>\n<h5>Construcci\u00f3n del G\u00e9nero en la Literatura de los Pa\u00edses Angl\u00f3fonos<\/h5>\n<\/li>\n<li>\n<h5>Construcci\u00f3n del G\u00e9nero en la Historia y Cultura de los Pa\u00edses Angl\u00f3fonos<\/h5>\n<\/li>\n<li>\n<h5>Teor\u00eda Literaria Feminista<\/h5>\n<\/li>\n<li>\n<h5>Estudios sobre Masculinidad<\/h5>\n<\/li>\n<\/ul>\n<p>&nbsp;<\/p>\n<h4><strong>Coordinadora<\/strong>:\u00a0 <span><a href=\"http:\/\/laura.lojo@usc.es\" target=\"_blank\" rel=\"noopener\">Laura Lojo Rodr\u00edguez<\/a><\/span><\/h4>\n<h4><span style=\"color: #000080;\"><\/span><\/h4>\n<p>[\/et_pb_text][\/et_pb_column][\/et_pb_row][et_pb_row padding_mobile=&#8221;off&#8221; column_padding_mobile=&#8221;on&#8221; admin_label=&#8221;Row&#8221; _builder_version=&#8221;4.6.1&#8243; background_color=&#8221;rgba(0,0,0,0)&#8221; background_size=&#8221;initial&#8221; background_position=&#8221;top_left&#8221; background_repeat=&#8221;repeat&#8221; custom_padding=&#8221;||34px|||&#8221;][et_pb_column type=&#8221;4_4&#8243; _builder_version=&#8221;3.25&#8243; custom_padding=&#8221;|||&#8221; custom_padding__hover=&#8221;|||&#8221;][et_pb_text admin_label=&#8221;Text&#8221; _builder_version=&#8221;4.9.0&#8243; header_3_font=&#8221;Montserrat||||||||&#8221; background_size=&#8221;initial&#8221; background_position=&#8221;top_left&#8221; background_repeat=&#8221;repeat&#8221; hover_enabled=&#8221;0&#8243; use_border_color=&#8221;off&#8221; border_style=&#8221;solid&#8221; sticky_enabled=&#8221;0&#8243;]<\/p>\n<h3><span style=\"font-size: small;\">Este grupo de innovaci\u00f3n docente parte de una secci\u00f3n del grupo de investigaci\u00f3n de Referencia Competitiva<strong> Discurso e Identidad (ED431C 2019\/01, D&amp;I)<\/strong>, con la finalidad de integrar en las pr\u00e1cticas de innovaci\u00f3n docente las actividades que nosotros organizamos, y que van encaminadas al alumnado de grado y posgrado de las diversas ramas de Humanidades, con el fin de complementar esta formaci\u00f3n, as\u00ed como de ofertar aproximaciones novedosas a los posibles campos de estudio de inter\u00e9s para este alumnado. El punto com\u00fan a todas estas acciones es una especial sensibilidad hacia los estudios de g\u00e9nero con la finalidad de educar en valores transversales como la igualdad entre g\u00e9neros en los diferentes \u00e1mbitos. De este modo, organizamos congresos y seminarios internacionales, as\u00ed como talleres literarios y seminarios de formaci\u00f3n espec\u00edfica en los que aproximaciones te\u00f3ricas y pr\u00e1cticas sobre la conjunci\u00f3n entre g\u00e9nero e identidad son el foco primordial.\u00a0 Nuestra finalidad es ofrecer un foro de debate en el que reflexionamos sobre las diversas construcciones de g\u00e9nero en medios como la literatura y la cultura, prestando especial atenci\u00f3n a las tradiciones de los pa\u00edses angl\u00f3fonos.<\/span><\/h3>\n<p>[\/et_pb_text][\/et_pb_column][\/et_pb_row][\/et_pb_section]<\/p>\n","protected":false},"excerpt":{"rendered":"<p>GRUPO DE INNOVACI\u00d3N DOCENTE Grupo de Innovaci\u00f3n Docente en Identidad y Estudios de G\u00e9nero en la Cultura y Literatura de los Pa\u00edses Angl\u00f3fonos L\u00edneas de Trabajo Estudios de G\u00e9nero Construcci\u00f3n del G\u00e9nero en la Literatura de los Pa\u00edses Angl\u00f3fonos Construcci\u00f3n del G\u00e9nero en la Historia y Cultura de los Pa\u00edses Angl\u00f3fonos Teor\u00eda Literaria Feminista Estudios [&hellip;]<\/p>\n","protected":false},"author":1,"featured_media":0,"parent":0,"menu_order":0,"comment_status":"closed","ping_status":"closed","template":"","meta":{"_et_pb_use_builder":"on","_et_pb_old_content":"","_et_gb_content_width":"","footnotes":""},"class_list":["post-1770","page","type-page","status-publish","hentry"],"_links":{"self":[{"href":"https:\/\/discursoeidentidade.com\/index.php?rest_route=\/wp\/v2\/pages\/1770","targetHints":{"allow":["GET"]}}],"collection":[{"href":"https:\/\/discursoeidentidade.com\/index.php?rest_route=\/wp\/v2\/pages"}],"about":[{"href":"https:\/\/discursoeidentidade.com\/index.php?rest_route=\/wp\/v2\/types\/page"}],"author":[{"embeddable":true,"href":"https:\/\/discursoeidentidade.com\/index.php?rest_route=\/wp\/v2\/users\/1"}],"replies":[{"embeddable":true,"href":"https:\/\/discursoeidentidade.com\/index.php?rest_route=%2Fwp%2Fv2%2Fcomments&post=1770"}],"version-history":[{"count":0,"href":"https:\/\/discursoeidentidade.com\/index.php?rest_route=\/wp\/v2\/pages\/1770\/revisions"}],"wp:attachment":[{"href":"https:\/\/discursoeidentidade.com\/index.php?rest_route=%2Fwp%2Fv2%2Fmedia&parent=1770"}],"curies":[{"name":"wp","href":"https:\/\/api.w.org\/{rel}","templated":true}]}}