{"id":1768,"date":"2017-01-25T13:33:46","date_gmt":"2017-01-25T12:33:46","guid":{"rendered":"http:\/\/discursoeidentidade.com?page_id=1768"},"modified":"2021-03-15T12:03:51","modified_gmt":"2021-03-15T11:03:51","slug":"grupo-de-innovacion-docente","status":"publish","type":"page","link":"https:\/\/discursoeidentidade.com\/?page_id=1768","title":{"rendered":"GRUPO DE INNOVACI\u00d3N DOCENTE"},"content":{"rendered":"<p>[et_pb_section fb_built=&#8221;1&#8243; inner_shadow=&#8221;on&#8221; fullwidth=&#8221;on&#8221; custom_padding_last_edited=&#8221;on|desktop&#8221; admin_label=&#8221;section&#8221; _builder_version=&#8221;4.6.1&#8243; background_color=&#8221;#153b60&#8243; custom_padding_tablet=&#8221;50px|0|50px|0&#8243; custom_padding_phone=&#8221;&#8221; transparent_background=&#8221;off&#8221; padding_mobile=&#8221;off&#8221; make_fullwidth=&#8221;off&#8221; use_custom_width=&#8221;off&#8221; width_unit=&#8221;on&#8221; custom_width_px=&#8221;1080px&#8221; custom_width_percent=&#8221;80%&#8221;][et_pb_fullwidth_header content_max_width=&#8221;none&#8221; admin_label=&#8221;T\u00cdTULO SECCI\u00d3N&#8221; _builder_version=&#8221;4.6.1&#8243; title_font=&#8221;Montserrat||||||||&#8221; background_color=&#8221;rgba(255, 255, 255, 0)&#8221; custom_padding=&#8221;||0px|||&#8221; button_one_letter_spacing_hover=&#8221;0&#8243; button_two_letter_spacing_hover=&#8221;0&#8243; button_one_text_size__hover_enabled=&#8221;off&#8221; button_two_text_size__hover_enabled=&#8221;off&#8221; button_one_text_color__hover_enabled=&#8221;off&#8221; button_two_text_color__hover_enabled=&#8221;off&#8221; button_one_border_width__hover_enabled=&#8221;off&#8221; button_two_border_width__hover_enabled=&#8221;off&#8221; button_one_border_color__hover_enabled=&#8221;off&#8221; button_two_border_color__hover_enabled=&#8221;off&#8221; button_one_border_radius__hover_enabled=&#8221;off&#8221; button_two_border_radius__hover_enabled=&#8221;off&#8221; button_one_letter_spacing__hover_enabled=&#8221;on&#8221; button_one_letter_spacing__hover=&#8221;0&#8243; button_two_letter_spacing__hover_enabled=&#8221;on&#8221; button_two_letter_spacing__hover=&#8221;0&#8243; button_one_bg_color__hover_enabled=&#8221;off&#8221; button_two_bg_color__hover_enabled=&#8221;off&#8221;]<\/p>\n<h1>GRUPO DE INNOVACI\u00d3N DOCENTE<\/h1>\n<p>[\/et_pb_fullwidth_header][\/et_pb_section][et_pb_section fb_built=&#8221;1&#8243; custom_padding_last_edited=&#8221;on|desktop&#8221; admin_label=&#8221;section&#8221; _builder_version=&#8221;3.22&#8243; background_color=&#8221;#f7f7f7&#8243; custom_padding_tablet=&#8221;50px|0|50px|0&#8243; custom_padding_phone=&#8221;&#8221; transparent_background=&#8221;off&#8221; padding_mobile=&#8221;off&#8221;][et_pb_row padding_mobile=&#8221;off&#8221; column_padding_mobile=&#8221;on&#8221; admin_label=&#8221;Row&#8221; module_class=&#8221; et_pb_row_fullwidth&#8221; _builder_version=&#8221;3.25&#8243; background_color=&#8221;#f7f7f7&#8243; background_size=&#8221;initial&#8221; background_position=&#8221;top_left&#8221; background_repeat=&#8221;repeat&#8221; width=&#8221;89%&#8221; width_tablet=&#8221;80%&#8221; width_phone=&#8221;&#8221; width_last_edited=&#8221;on|desktop&#8221; max_width=&#8221;89%&#8221; max_width_tablet=&#8221;80%&#8221; max_width_phone=&#8221;&#8221; max_width_last_edited=&#8221;on|desktop&#8221; make_fullwidth=&#8221;on&#8221;][et_pb_column type=&#8221;4_4&#8243; _builder_version=&#8221;3.25&#8243; custom_padding=&#8221;|||&#8221; custom_padding__hover=&#8221;|||&#8221;][et_pb_text admin_label=&#8221;Text&#8221; _builder_version=&#8221;4.6.1&#8243; text_font=&#8221;Montserrat||||||||&#8221; header_font=&#8221;Montserrat||||||||&#8221; header_2_font=&#8221;Montserrat||||||||&#8221; header_3_font=&#8221;Montserrat||||||||&#8221; header_4_font=&#8221;Montserrat||||||||&#8221; header_5_font=&#8221;Montserrat||||||||&#8221; header_6_font=&#8221;Montserrat||||||||&#8221; background_size=&#8221;initial&#8221; background_position=&#8221;top_left&#8221; background_repeat=&#8221;repeat&#8221; custom_margin=&#8221;||-31px|||&#8221; custom_padding=&#8221;||0px|||&#8221; use_border_color=&#8221;off&#8221; border_style=&#8221;solid&#8221;]<\/p>\n<h1 style=\"text-align: center;\"><strong>Grupo de Innovaci\u00f3n Docente en Identidade e Estudos de X\u00e9nero na Cultura e Literatura dos Pa\u00edses Angl\u00f3fonos<\/strong><\/h1>\n<h4 style=\"text-align: justify;\"><strong><\/strong><\/h4>\n<h4 style=\"text-align: justify;\"><strong>Li\u00f1as de Traballo\u00a0<\/strong><\/h4>\n<ul>\n<li>\n<h5>Estudos de X\u00e9nero<\/h5>\n<\/li>\n<li>\n<h5>Construci\u00f3n do X\u00e9nero na Literatura dos Pa\u00edses Angl\u00f3fonos<\/h5>\n<\/li>\n<li>\n<h5>Construci\u00f3n do X\u00e9nero na Historia e Cultura dos Pa\u00edses Angl\u00f3fonos<\/h5>\n<\/li>\n<li>\n<h5>Teor\u00eda Literaria Feminista<\/h5>\n<\/li>\n<li>\n<h5>Estudos sobre Masculinidade<\/h5>\n<\/li>\n<\/ul>\n<p>&nbsp;<\/p>\n<h4><strong>Coordinadora<\/strong>:\u00a0 <span style=\"color: #000080;\"><a style=\"color: #000080;\" href=\"http:\/\/laura.lojo@usc.es\" target=\"_blank\" rel=\"noopener noreferrer\">Laura Lojo Rodr\u00edguez<\/a><\/span><\/h4>\n<p>[\/et_pb_text][\/et_pb_column][\/et_pb_row][et_pb_row padding_mobile=&#8221;off&#8221; column_padding_mobile=&#8221;on&#8221; admin_label=&#8221;Row&#8221; _builder_version=&#8221;4.6.1&#8243; background_color=&#8221;rgba(0,0,0,0)&#8221; background_size=&#8221;initial&#8221; background_position=&#8221;top_left&#8221; background_repeat=&#8221;repeat&#8221; custom_padding=&#8221;||34px|||&#8221;][et_pb_column type=&#8221;4_4&#8243; _builder_version=&#8221;3.25&#8243; custom_padding=&#8221;|||&#8221; custom_padding__hover=&#8221;|||&#8221;][et_pb_text admin_label=&#8221;Text&#8221; _builder_version=&#8221;4.9.0&#8243; header_3_font=&#8221;Montserrat||||||||&#8221; background_size=&#8221;initial&#8221; background_position=&#8221;top_left&#8221; background_repeat=&#8221;repeat&#8221; hover_enabled=&#8221;0&#8243; use_border_color=&#8221;off&#8221; border_style=&#8221;solid&#8221; custom_padding=&#8221;0px|||||&#8221; sticky_enabled=&#8221;0&#8243;]<\/p>\n<p style=\"text-align: justify;\">Este grupo de innovaci\u00f3n docente parte dunha secci\u00f3n do grupo de investigaci\u00f3n de <strong>Referencia Competitiva Discurso e Identidade (<\/strong><span><strong>ED431C 2019\/01,<\/strong>\u00a0<\/span><strong>D&amp;I)<\/strong>, coa finalidade de integrar nas pr\u00e1cticas de innovaci\u00f3n docente as actividades que n\u00f3s organizamos, e que van encami\u00f1adas ao alumnado de grado e posgrao das diversas ramas de Humanidades, coa fin de complementar esta formaci\u00f3n, as\u00ed como de\u00a0ofertar novas aproximaci\u00f3ns a posibles eidos de estudo de interese para este alumnado. O punto com\u00fan a todas estas acci\u00f3ns \u00e9 unha especial sensibilidade cara os estudios de x\u00e9nero coa finalidade de educar en valores transversais como a igualdade entre x\u00e9neros nos diferentes \u00e1mbitos. Deste xeito, organizamos congresos e seminarios internacionais, as\u00ed como talleres literarios e seminarios de formaci\u00f3n espec\u00edfica nos que aproximaci\u00f3ns te\u00f3ricas e pr\u00e1cticas sobre a conxunci\u00f3n entre x\u00e9nero e identidade son o foco primordial.\u00a0 A nosa finalidade \u00e9 ofrecer un foro de debate no que reflexionamos sobre as diversas construci\u00f3ns de x\u00e9nero en medios como a literatura e a cultura, prestando especial atenci\u00f3n \u00e1s tradici\u00f3ns dos pa\u00edses angl\u00f3fonos.<\/p>\n<p>[\/et_pb_text][\/et_pb_column][\/et_pb_row][\/et_pb_section]<\/p>\n","protected":false},"excerpt":{"rendered":"<p>GRUPO DE INNOVACI\u00d3N DOCENTEGrupo de Innovaci\u00f3n Docente en Identidade e Estudos de X\u00e9nero na Cultura e Literatura dos Pa\u00edses Angl\u00f3fonos Li\u00f1as de Traballo\u00a0 Estudos de X\u00e9nero Construci\u00f3n do X\u00e9nero na Literatura dos Pa\u00edses Angl\u00f3fonos Construci\u00f3n do X\u00e9nero na Historia e Cultura dos Pa\u00edses Angl\u00f3fonos Teor\u00eda Literaria Feminista Estudos sobre Masculinidade &nbsp; Coordinadora:\u00a0 Laura Lojo Rodr\u00edguezEste [&hellip;]<\/p>\n","protected":false},"author":1,"featured_media":0,"parent":0,"menu_order":0,"comment_status":"closed","ping_status":"closed","template":"","meta":{"_et_pb_use_builder":"on","_et_pb_old_content":"","_et_gb_content_width":"","footnotes":""},"class_list":["post-1768","page","type-page","status-publish","hentry"],"_links":{"self":[{"href":"https:\/\/discursoeidentidade.com\/index.php?rest_route=\/wp\/v2\/pages\/1768","targetHints":{"allow":["GET"]}}],"collection":[{"href":"https:\/\/discursoeidentidade.com\/index.php?rest_route=\/wp\/v2\/pages"}],"about":[{"href":"https:\/\/discursoeidentidade.com\/index.php?rest_route=\/wp\/v2\/types\/page"}],"author":[{"embeddable":true,"href":"https:\/\/discursoeidentidade.com\/index.php?rest_route=\/wp\/v2\/users\/1"}],"replies":[{"embeddable":true,"href":"https:\/\/discursoeidentidade.com\/index.php?rest_route=%2Fwp%2Fv2%2Fcomments&post=1768"}],"version-history":[{"count":0,"href":"https:\/\/discursoeidentidade.com\/index.php?rest_route=\/wp\/v2\/pages\/1768\/revisions"}],"wp:attachment":[{"href":"https:\/\/discursoeidentidade.com\/index.php?rest_route=%2Fwp%2Fv2%2Fmedia&parent=1768"}],"curies":[{"name":"wp","href":"https:\/\/api.w.org\/{rel}","templated":true}]}}