{"id":1711,"date":"2017-01-23T11:39:35","date_gmt":"2017-01-23T10:39:35","guid":{"rendered":"http:\/\/discursoeidentidade.com?page_id=1711"},"modified":"2022-06-30T11:58:15","modified_gmt":"2022-06-30T09:58:15","slug":"jesus-varela-zapata","status":"publish","type":"page","link":"https:\/\/discursoeidentidade.com\/?page_id=1711","title":{"rendered":"MIEMBRO_Jes\u00fas Varela Zapata"},"content":{"rendered":"<p>[et_pb_section fb_built=&#8221;1&#8243; inner_shadow=&#8221;on&#8221; fullwidth=&#8221;on&#8221; custom_padding_last_edited=&#8221;on|desktop&#8221; admin_label=&#8221;section&#8221; _builder_version=&#8221;4.6.1&#8243; background_color=&#8221;#153b60&#8243; custom_padding_tablet=&#8221;50px|0|50px|0&#8243; custom_padding_phone=&#8221;&#8221; transparent_background=&#8221;off&#8221; padding_mobile=&#8221;off&#8221; make_fullwidth=&#8221;off&#8221; use_custom_width=&#8221;off&#8221; width_unit=&#8221;on&#8221; custom_width_px=&#8221;1080px&#8221; custom_width_percent=&#8221;80%&#8221;][et_pb_fullwidth_header content_max_width=&#8221;none&#8221; admin_label=&#8221;T\u00cdTULO SECCI\u00d3N&#8221; _builder_version=&#8221;4.6.1&#8243; title_font=&#8221;Montserrat||||||||&#8221; background_color=&#8221;rgba(255, 255, 255, 0)&#8221; custom_padding=&#8221;||0px|||&#8221; button_one_letter_spacing_hover=&#8221;0&#8243; button_two_letter_spacing_hover=&#8221;0&#8243; button_one_text_size__hover_enabled=&#8221;off&#8221; button_two_text_size__hover_enabled=&#8221;off&#8221; button_one_text_color__hover_enabled=&#8221;off&#8221; button_two_text_color__hover_enabled=&#8221;off&#8221; button_one_border_width__hover_enabled=&#8221;off&#8221; button_two_border_width__hover_enabled=&#8221;off&#8221; button_one_border_color__hover_enabled=&#8221;off&#8221; button_two_border_color__hover_enabled=&#8221;off&#8221; button_one_border_radius__hover_enabled=&#8221;off&#8221; button_two_border_radius__hover_enabled=&#8221;off&#8221; button_one_letter_spacing__hover_enabled=&#8221;on&#8221; button_one_letter_spacing__hover=&#8221;0&#8243; button_two_letter_spacing__hover_enabled=&#8221;on&#8221; button_two_letter_spacing__hover=&#8221;0&#8243; button_one_bg_color__hover_enabled=&#8221;off&#8221; button_two_bg_color__hover_enabled=&#8221;off&#8221;]<\/p>\n<h1>Jes\u00fas Varela Zapata\u00a0<\/h1>\n<p>[\/et_pb_fullwidth_header][\/et_pb_section][et_pb_section fb_built=&#8221;1&#8243; custom_padding_last_edited=&#8221;on|desktop&#8221; admin_label=&#8221;section&#8221; _builder_version=&#8221;4.6.1&#8243; background_color=&#8221;rgba(0,0,0,0)&#8221; custom_padding_tablet=&#8221;50px|0|50px|0&#8243; custom_padding_phone=&#8221;&#8221; transparent_background=&#8221;off&#8221; padding_mobile=&#8221;off&#8221; make_fullwidth=&#8221;off&#8221; use_custom_width=&#8221;off&#8221; width_unit=&#8221;on&#8221; custom_width_px=&#8221;1080px&#8221; custom_width_percent=&#8221;80%&#8221;][et_pb_row column_structure=&#8221;2_5,3_5&#8243; _builder_version=&#8221;4.6.1&#8243; _module_preset=&#8221;default&#8221; background_color=&#8221;#d6d6d6&#8243; width=&#8221;79.9%&#8221; custom_padding=&#8221;||27px|28px||&#8221;][et_pb_column type=&#8221;2_5&#8243; _builder_version=&#8221;4.6.1&#8243; _module_preset=&#8221;default&#8221;][et_pb_image src=&#8221;http:\/\/discursoeidentidade.com\/wp-content\/uploads\/2017\/01\/foto-perfil_2.png&#8221; show_in_lightbox=&#8221;on&#8221; align=&#8221;center&#8221; align_tablet=&#8221;center&#8221; align_phone=&#8221;&#8221; align_last_edited=&#8221;on|desktop&#8221; admin_label=&#8221;Image&#8221; _builder_version=&#8221;4.6.1&#8243; custom_margin=&#8221;||0px|||&#8221; custom_padding=&#8221;|1px|2px|||&#8221; animation_direction=&#8221;left&#8221; animation=&#8221;left&#8221; sticky=&#8221;off&#8221; use_border_color=&#8221;off&#8221; border_color=&#8221;#ffffff&#8221; border_style=&#8221;solid&#8221; always_center_on_mobile=&#8221;on&#8221;] [\/et_pb_image][\/et_pb_column][et_pb_column type=&#8221;3_5&#8243; _builder_version=&#8221;4.6.1&#8243; _module_preset=&#8221;default&#8221;][et_pb_text _builder_version=&#8221;4.9.0&#8243; _module_preset=&#8221;default&#8221; text_font=&#8221;Montserrat||||||||&#8221; min_height=&#8221;117px&#8221; custom_margin=&#8221;2px|||||&#8221; custom_padding=&#8221;|95px||||&#8221; inline_fonts=&#8221;Montserrat&#8221;]<\/p>\n<p><span><strong>Jes\u00fas Varela Zapata<\/strong> \u00e9 catedr\u00e1tico de Filolox\u00eda Inglesa na Universidade de Santiago de Compostela. Foi Decano da Facultade de Humanidades, Adxunto \u00e1 Vicerreitor\u00eda de Coordinaci\u00f3n do Campus de Lugo, as\u00ed como Director do <em>Museo Universitario Domus do Mitreo<\/em>. Actualmente \u00e9 <\/span><em>Collaborative Professor<\/em> <span>(honorario) na Universidade de Kanazawa (Xap\u00f3n) e editor asociado da <em>Revue Plurilingue: Etudes des Langues, Litt\u00e9ratures et Cultures<\/em>. \u00c9 autor de varios traballos sobre estudos culturais, poscoloniais e de globalizaci\u00f3n. Foi conferenciante convidado en universidades como Cornell, Nova York; Ottawa e Aichi P. Nagoya.<\/span><\/p>\n<p><span><strong><\/strong><\/span><\/p>\n<p><span><strong>@:\u00a0 <a class=\"o365button\"><span class=\"ms-font-s ms-font-color-themePrimary\" title=\"varela.zapata@usc.es\">varela.zapata@usc.es<\/span><\/a><\/strong><\/span><\/p>\n<p>[\/et_pb_text][\/et_pb_column][\/et_pb_row][et_pb_row _builder_version=&#8221;4.6.1&#8243; _module_preset=&#8221;default&#8221; custom_padding=&#8221;|||0px||&#8221;][et_pb_column type=&#8221;4_4&#8243; _builder_version=&#8221;4.6.1&#8243; _module_preset=&#8221;default&#8221;][et_pb_text _builder_version=&#8221;4.6.1&#8243; _module_preset=&#8221;default&#8221; text_font=&#8221;Montserrat||||||||&#8221; text_font_size=&#8221;11px&#8221; custom_margin=&#8221;-3px|||||&#8221; inline_fonts=&#8221;Montserrat&#8221;]<\/p>\n<p>\u00a0<strong style=\"font-size: 11px;\">\u201cThe Self Elsewhere: Walker\u2019s Identity in the Wider World.\u201d<\/strong><span style=\"font-size: 11px;\">\u00a0Carmen Rueda-Ramos and Susana Jim\u00e9nez Placer, eds.\u00a0<\/span><em style=\"font-size: 11px;\">Constructing the Self: Essays on Southern Life-Writing.<\/em><span style=\"font-size: 11px;\">Publicacions de la Universitat de Val\u00e8ncia, 2017.\u00a0<\/span><\/p>\n<p><strong>\u201cRoots in the Water: Derek Walcott\u2019s Caribbean Voice.\u201d\u00a0<\/strong><em>Nexus <\/em><em>(20<\/em><em>17)<\/em>: 2, 19-24.\u00a0<\/p>\n<p><strong>\u201cSwift\u2019s Fantasy as a Vindication of Tolerance.\u201d\u00a0<\/strong>Janelle P\u00f6tsch, ed.\u00a0<em>Jonathan Swift and Philosophy<\/em>. Lanham, Maryland: Rowman and Littlefield, 2016.\u00a0<\/p>\n<p><strong>\u00a0\u201cEl mapa miente: La centralidad perdida de Europa y Occidente.\u201d\u00a0<\/strong>Beatriz Fern\u00e1ndez Herrero et al., eds.\u00a0<em>A Crise de Occidente<\/em>. Lugo: Axac. 171-179, 2016.\u00a0<\/p>\n<p><strong>\u201cGlittering Sea or Mirage: Alternative Visions of the Caribbean Environment.\u201d\u00a0<\/strong>Kristian Van Haesendonck &amp; Theo D\u00b4haen (eds.)\u00a0<em>Caribbeing: Comparing Caribbean Literatures and Cultures<\/em>. Amsterdam-Atlanta: Rodopi, 159-168, 2014.\u00a0<\/p>\n<p><strong>\u201cStill Postcolonial but Treading the Global Path.\u201d\u00a0<\/strong>J. Francisco Fern\u00e1ndez and A. Moreno, eds.\u00a0<em>A Rich Field Full of Pleasant Surprises: Essays on Contemporary Literature<\/em>, Newcastle upon Tyne: Cambridge Scholars Publishing, 2014. 1-14, \u00a02014.\u00a0<\/p>\n<p><strong>\u201cLa po\u00e9tica de un vicio: el juego de azar en la historia de la literatura inglesa\u201d.\u00a0<\/strong>Isabel N. Patim et al.\u00a0<em>Literratura &amp; Jogo \u2013 Narrativas, Discursos, Representa\u00e7oes e Mitos.\u00a0<\/em>Lisboa: Esfera do Caos, 67-74, 2014.\u00a0<\/p>\n<p><strong>Sure\u00f1a y Subalterna: Narrando la Rebeli\u00f3n de la Mujer en Alice Walker.\u201d\u00a0<\/strong>Constante Gonz\u00e1lez Groba, ed. Hijas del Viejo Sur.\u00a0<em>La Mujer en la Literatura Femenina del Sur de Estados Unidos<\/em>. Valencia: PUV Universitat Valencia, 283- 306, 2012.\u00a0<\/p>\n<p><strong>\u201cThe Canon Beyond Academia: Alternative Sources of Canonicity in Twentieth-Century Literature in English.\u201d<\/strong>\u00a0<em>Variants: The Journal of the European Society for Textual Scholarship<\/em>\u00a07 (2008) 107-118. 2009.\u00a0<strong style=\"font-size: 11px;\">\u00a0<\/strong><\/p>\n<p>[\/et_pb_text][\/et_pb_column][\/et_pb_row][\/et_pb_section]<\/p>\n","protected":false},"excerpt":{"rendered":"<p>Jes\u00fas Varela Zapata\u00a0 Jes\u00fas Varela Zapata \u00e9 catedr\u00e1tico de Filolox\u00eda Inglesa na Universidade de Santiago de Compostela. Foi Decano da Facultade de Humanidades, Adxunto \u00e1 Vicerreitor\u00eda de Coordinaci\u00f3n do Campus de Lugo, as\u00ed como Director do Museo Universitario Domus do Mitreo. Actualmente \u00e9 Collaborative Professor (honorario) na Universidade de Kanazawa (Xap\u00f3n) e editor asociado da [&hellip;]<\/p>\n","protected":false},"author":1,"featured_media":0,"parent":0,"menu_order":0,"comment_status":"closed","ping_status":"closed","template":"","meta":{"_et_pb_use_builder":"on","_et_pb_old_content":"","_et_gb_content_width":"","footnotes":""},"class_list":["post-1711","page","type-page","status-publish","hentry"],"_links":{"self":[{"href":"https:\/\/discursoeidentidade.com\/index.php?rest_route=\/wp\/v2\/pages\/1711","targetHints":{"allow":["GET"]}}],"collection":[{"href":"https:\/\/discursoeidentidade.com\/index.php?rest_route=\/wp\/v2\/pages"}],"about":[{"href":"https:\/\/discursoeidentidade.com\/index.php?rest_route=\/wp\/v2\/types\/page"}],"author":[{"embeddable":true,"href":"https:\/\/discursoeidentidade.com\/index.php?rest_route=\/wp\/v2\/users\/1"}],"replies":[{"embeddable":true,"href":"https:\/\/discursoeidentidade.com\/index.php?rest_route=%2Fwp%2Fv2%2Fcomments&post=1711"}],"version-history":[{"count":0,"href":"https:\/\/discursoeidentidade.com\/index.php?rest_route=\/wp\/v2\/pages\/1711\/revisions"}],"wp:attachment":[{"href":"https:\/\/discursoeidentidade.com\/index.php?rest_route=%2Fwp%2Fv2%2Fmedia&parent=1711"}],"curies":[{"name":"wp","href":"https:\/\/api.w.org\/{rel}","templated":true}]}}