{"id":1630,"date":"2016-12-01T11:58:01","date_gmt":"2016-12-01T10:58:01","guid":{"rendered":"http:\/\/discursoeidentidade.com\/?page_id=1630&#038;lang=en"},"modified":"2017-03-01T10:44:21","modified_gmt":"2017-03-01T09:44:21","slug":"1630-2","status":"publish","type":"page","link":"https:\/\/discursoeidentidade.com\/?page_id=1630&lang=en","title":{"rendered":"INMACULADA P\u00c9REZ"},"content":{"rendered":"<p>[et_pb_section transparent_background=&#8221;off&#8221; background_color=&#8221;#153b60&#8243; allow_player_pause=&#8221;off&#8221; inner_shadow=&#8221;on&#8221; parallax=&#8221;off&#8221; parallax_method=&#8221;off&#8221; padding_mobile=&#8221;off&#8221; make_fullwidth=&#8221;off&#8221; use_custom_width=&#8221;off&#8221; width_unit=&#8221;on&#8221; custom_width_px=&#8221;1080px&#8221; custom_width_percent=&#8221;80%&#8221; make_equal=&#8221;off&#8221; use_custom_gutter=&#8221;off&#8221; gutter_width=&#8221;3&#8243; fullwidth=&#8221;on&#8221; specialty=&#8221;off&#8221; admin_label=&#8221;section&#8221; disabled=&#8221;off&#8221;][et_pb_fullwidth_header title=&#8221;Inmaculada P\u00e9rez Casal&#8221; background_layout=&#8221;dark&#8221; text_orientation=&#8221;left&#8221; header_fullscreen=&#8221;off&#8221; header_scroll_down=&#8221;off&#8221; scroll_down_icon=&#8221;;&#8221; parallax=&#8221;off&#8221; parallax_method=&#8221;off&#8221; content_orientation=&#8221;center&#8221; image_orientation=&#8221;center&#8221; admin_label=&#8221;T\u00cdTULO SECCI\u00d3N&#8221; title_font_size=&#8221;30px&#8221; content_font_size=&#8221;14px&#8221; custom_button_one=&#8221;off&#8221; button_one_text_size=&#8221;20&#8243; button_one_letter_spacing=&#8221;0&#8243; button_one_use_icon=&#8221;default&#8221; button_one_icon_placement=&#8221;right&#8221; button_one_on_hover=&#8221;on&#8221; button_one_letter_spacing_hover=&#8221;0&#8243; custom_button_two=&#8221;off&#8221; button_two_text_size=&#8221;20&#8243; button_two_letter_spacing=&#8221;0&#8243; button_two_use_icon=&#8221;default&#8221; button_two_icon_placement=&#8221;right&#8221; button_two_on_hover=&#8221;on&#8221; button_two_letter_spacing_hover=&#8221;0&#8243; disabled=&#8221;off&#8221;] [\/et_pb_fullwidth_header][\/et_pb_section][et_pb_section transparent_background=&#8221;off&#8221; background_color=&#8221;#f7f7f7&#8243; allow_player_pause=&#8221;off&#8221; inner_shadow=&#8221;off&#8221; parallax=&#8221;off&#8221; parallax_method=&#8221;off&#8221; padding_mobile=&#8221;off&#8221; make_fullwidth=&#8221;off&#8221; use_custom_width=&#8221;off&#8221; width_unit=&#8221;on&#8221; custom_width_px=&#8221;1080px&#8221; custom_width_percent=&#8221;80%&#8221; make_equal=&#8221;off&#8221; use_custom_gutter=&#8221;off&#8221; fullwidth=&#8221;off&#8221; specialty=&#8221;off&#8221; admin_label=&#8221;section&#8221; disabled=&#8221;off&#8221;][et_pb_row make_fullwidth=&#8221;on&#8221; use_custom_width=&#8221;off&#8221; width_unit=&#8221;on&#8221; custom_width_px=&#8221;1080px&#8221; custom_width_percent=&#8221;80%&#8221; use_custom_gutter=&#8221;off&#8221; gutter_width=&#8221;3&#8243; padding_mobile=&#8221;off&#8221; background_color=&#8221;#f7f7f7&#8243; allow_player_pause=&#8221;off&#8221; parallax=&#8221;off&#8221; parallax_method=&#8221;off&#8221; make_equal=&#8221;off&#8221; column_padding_mobile=&#8221;on&#8221; parallax_1=&#8221;off&#8221; parallax_method_1=&#8221;off&#8221; parallax_2=&#8221;off&#8221; parallax_method_2=&#8221;off&#8221; parallax_3=&#8221;off&#8221; parallax_method_3=&#8221;on&#8221; parallax_4=&#8221;off&#8221; parallax_method_4=&#8221;on&#8221; admin_label=&#8221;Row&#8221; disabled=&#8221;off&#8221;][et_pb_column type=&#8221;1_4&#8243; disabled=&#8221;off&#8221; parallax=&#8221;off&#8221; parallax_method=&#8221;off&#8221; column_padding_mobile=&#8221;on&#8221;][et_pb_image src=&#8221;http:\/\/discursoeidentidade.com\/wp-content\/uploads\/2016\/12\/inma_2.png&#8221; show_in_lightbox=&#8221;on&#8221; url_new_window=&#8221;off&#8221; use_overlay=&#8221;off&#8221; sticky=&#8221;off&#8221; align=&#8221;left&#8221; force_fullwidth=&#8221;on&#8221; always_center_on_mobile=&#8221;on&#8221; admin_label=&#8221;Image&#8221; use_border_color=&#8221;off&#8221; border_color=&#8221;#ffffff&#8221; border_width=&#8221;1px&#8221; border_style=&#8221;solid&#8221; disabled=&#8221;off&#8221;] [\/et_pb_image][\/et_pb_column][et_pb_column type=&#8221;1_2&#8243; disabled=&#8221;off&#8221; parallax=&#8221;off&#8221; parallax_method=&#8221;off&#8221; column_padding_mobile=&#8221;on&#8221;][et_pb_text background_layout=&#8221;light&#8221; text_orientation=&#8221;left&#8221; admin_label=&#8221;Text&#8221; use_border_color=&#8221;off&#8221; border_style=&#8221;solid&#8221; disabled=&#8221;off&#8221;]<\/p>\n<h2><\/h2>\n<h2><\/h2>\n<h2><\/h2>\n<h2><strong>Inmaculada P\u00e9rez Casal<br \/>\n<\/strong><\/h2>\n<h4 style=\"text-align: justify;\"><\/h4>\n<h4 style=\"text-align: justify;\"><strong>Inmaculada P\u00e9rez Casal <\/strong>holds an BA and an MA from the University of Santiago de Compostela, being specialised in the American Romance Novel. She is currently working on her PhD dissertation under the supervision of Dr. Margarita Est\u00e9vez-Sa\u00e1 and Dr. Patricia Fra-L\u00f3pez. Entitled <em>Antecedents and Development of the Contemporary Romance Novel in English: A Study of the Contribution to the Genre by Rosamunde Pilcher, Maeve Binchy and Lisa Kleypas<\/em>, the dissertation combines gender and genre studies with the aim of studying the romance novel in English. P\u00e9rez Casal&#8217;s main research interests are gender and genre studies, popular culture and literature of female authorship.<\/h4>\n<p>&nbsp;<\/p>\n<h4><strong>E-mail<\/strong>: inmaculada.perez@usc.es<\/h4>\n<p>[\/et_pb_text][\/et_pb_column][et_pb_column type=&#8221;1_4&#8243; disabled=&#8221;off&#8221; parallax=&#8221;off&#8221; parallax_method=&#8221;on&#8221; column_padding_mobile=&#8221;on&#8221;][\/et_pb_column][\/et_pb_row][\/et_pb_section][et_pb_section transparent_background=&#8221;on&#8221; background_color=&#8221;#f7f7f7&#8243; allow_player_pause=&#8221;off&#8221; inner_shadow=&#8221;off&#8221; parallax=&#8221;off&#8221; parallax_method=&#8221;off&#8221; padding_mobile=&#8221;off&#8221; make_fullwidth=&#8221;off&#8221; use_custom_width=&#8221;off&#8221; width_unit=&#8221;on&#8221; custom_width_px=&#8221;1080px&#8221; custom_width_percent=&#8221;80%&#8221; make_equal=&#8221;off&#8221; use_custom_gutter=&#8221;off&#8221; fullwidth=&#8221;off&#8221; specialty=&#8221;off&#8221; admin_label=&#8221;section&#8221; disabled=&#8221;off&#8221;][et_pb_row make_fullwidth=&#8221;on&#8221; use_custom_width=&#8221;off&#8221; width_unit=&#8221;on&#8221; custom_width_px=&#8221;1080px&#8221; custom_width_percent=&#8221;80%&#8221; use_custom_gutter=&#8221;off&#8221; gutter_width=&#8221;3&#8243; padding_mobile=&#8221;off&#8221; background_color=&#8221;#ffffff&#8221; allow_player_pause=&#8221;off&#8221; parallax=&#8221;off&#8221; parallax_method=&#8221;off&#8221; make_equal=&#8221;off&#8221; column_padding_mobile=&#8221;on&#8221; parallax_1=&#8221;off&#8221; parallax_method_1=&#8221;off&#8221; parallax_2=&#8221;off&#8221; parallax_method_2=&#8221;on&#8221; parallax_3=&#8221;off&#8221; parallax_method_3=&#8221;on&#8221; parallax_4=&#8221;off&#8221; parallax_method_4=&#8221;on&#8221; admin_label=&#8221;Row&#8221; disabled=&#8221;off&#8221;][et_pb_column type=&#8221;4_4&#8243; disabled=&#8221;off&#8221; parallax=&#8221;off&#8221; parallax_method=&#8221;off&#8221; column_padding_mobile=&#8221;on&#8221;][et_pb_text background_layout=&#8221;light&#8221; text_orientation=&#8221;left&#8221; admin_label=&#8221;Text&#8221; background_color=&#8221;#ffffff&#8221; use_border_color=&#8221;off&#8221; border_style=&#8221;solid&#8221; disabled=&#8221;off&#8221;]<\/p>\n<h3><strong>Recent Contributions<\/strong><strong>:<\/strong><\/h3>\n<\/p>\n<p>&nbsp;<\/p>\n<\/p>\n<ul>\n<li>\n<h4>&ldquo;<strong>Love in Times of Crisis. An Approach to Contemporary Romance Novels in Spain<\/strong>&rdquo;. <em>Journal of Artistic Creation and Literary Research<\/em>, 4.2 (2016): online. ISSN 2340-650X.<\/h4>\n<\/li>\n<\/ul>\n<ul>\n<li>\n<h4 style=\"text-align: justify;\"><strong>&ldquo;The Romance Novel as <em>Bildungsroman<\/em> in the Works of Rosamunde Pilcher and Lisa Kleypas<\/strong>&rdquo;. Paper presented at <em>40 AEDEAN Conference<\/em>, University of Zaragoza, 9-11 November 2016.<\/h4>\n<\/li>\n<\/ul>\n<ul>\n<li>\n<h4 style=\"text-align: justify;\">&ldquo;<strong>The Courtship Plot in the Sentimental Novel: Understanding the Origins of Contemporary Popular Romance<\/strong>&rdquo;. Paper presented at <em>13th Conference of the European Society for the Study of English<\/em> (ESSE), NUI Galway (Ireland), 22-26 August 2016.<\/h4>\n<\/li>\n<\/ul>\n<ul>\n<li style=\"text-align: justify;\">\n<h4>&ldquo;<strong>Developments in Contemporary Popular Romance Fiction: Lisa Kleypas and Women&#8217;s Bonding<\/strong>&rdquo;. Paper presented at <em>III Encontro da Mocidade Investigadora da USC<\/em>, University of Santiago de Compostela, 9-10 June 2016.<\/h4>\n<\/li>\n<\/ul>\n<ul>\n<li style=\"text-align: justify;\">\n<h4>&ldquo;<strong>Antecedents and Development of the Contemporary Romance Novel in English: A Study of the Contribution to the Genre by Rosamunde Pilcher, Maeve Binchy and Lisa Kleypas<\/strong>&rdquo;. Paper presented at <em>IDAES Graduate Day 2016: International Doctoral Programme in Advanced English Studies &ndash; Linguistics, Literature and Culture<\/em>, University of Santiago de Compostela, 19 May 2016.<\/h4>\n<\/li>\n<\/ul>\n<ul>\n<li style=\"text-align: justify;\">\n<h4>&ldquo;<strong>Love in Times of Crisis: An Approach to Contemporary Romance Novels in Spain<\/strong>&rdquo;. Paper presented at <em>I Encuentro de J&oacute;venes Investigadores SELGYC<\/em>, Autonomous University of Madrid (Madrid), 29-30 October 2015.<\/h4>\n<\/li>\n<\/ul>\n<p>[\/et_pb_text][\/et_pb_column][\/et_pb_row][\/et_pb_section]<\/p>\n","protected":false},"excerpt":{"rendered":"<p>Inmaculada P\u00e9rez Casal Inmaculada P\u00e9rez Casal holds an BA and an MA from the University of Santiago de Compostela, being specialised in the American Romance Novel. She is currently working on her PhD dissertation under the supervision of Dr. Margarita Est\u00e9vez-Sa\u00e1 and Dr. Patricia Fra-L\u00f3pez. Entitled Antecedents and Development of the Contemporary Romance Novel in [&hellip;]<\/p>\n","protected":false},"author":1,"featured_media":0,"parent":0,"menu_order":0,"comment_status":"closed","ping_status":"closed","template":"","meta":{"_et_pb_use_builder":"on","_et_pb_old_content":"","_et_gb_content_width":"","footnotes":""},"class_list":["post-1630","page","type-page","status-publish","hentry"],"_links":{"self":[{"href":"https:\/\/discursoeidentidade.com\/index.php?rest_route=\/wp\/v2\/pages\/1630","targetHints":{"allow":["GET"]}}],"collection":[{"href":"https:\/\/discursoeidentidade.com\/index.php?rest_route=\/wp\/v2\/pages"}],"about":[{"href":"https:\/\/discursoeidentidade.com\/index.php?rest_route=\/wp\/v2\/types\/page"}],"author":[{"embeddable":true,"href":"https:\/\/discursoeidentidade.com\/index.php?rest_route=\/wp\/v2\/users\/1"}],"replies":[{"embeddable":true,"href":"https:\/\/discursoeidentidade.com\/index.php?rest_route=%2Fwp%2Fv2%2Fcomments&post=1630"}],"version-history":[{"count":0,"href":"https:\/\/discursoeidentidade.com\/index.php?rest_route=\/wp\/v2\/pages\/1630\/revisions"}],"wp:attachment":[{"href":"https:\/\/discursoeidentidade.com\/index.php?rest_route=%2Fwp%2Fv2%2Fmedia&parent=1630"}],"curies":[{"name":"wp","href":"https:\/\/api.w.org\/{rel}","templated":true}]}}