{"id":1110,"date":"2016-06-23T14:10:00","date_gmt":"2016-06-23T12:10:00","guid":{"rendered":"http:\/\/discursoeidentidade.com\/?page_id=1110"},"modified":"2020-11-20T12:46:59","modified_gmt":"2020-11-20T11:46:59","slug":"1083-2","status":"publish","type":"page","link":"https:\/\/discursoeidentidade.com\/?page_id=1110","title":{"rendered":"INVESTIGACI\u00d3N: Focos de investigaci\u00f3n"},"content":{"rendered":"<p>[et_pb_section fb_built=&#8221;1&#8243; inner_shadow=&#8221;on&#8221; fullwidth=&#8221;on&#8221; custom_padding_last_edited=&#8221;on|desktop&#8221; admin_label=&#8221;section&#8221; _builder_version=&#8221;4.6.1&#8243; background_color=&#8221;#153b60&#8243; custom_padding_tablet=&#8221;50px|0|50px|0&#8243; custom_padding_phone=&#8221;&#8221; transparent_background=&#8221;off&#8221; padding_mobile=&#8221;off&#8221; make_fullwidth=&#8221;off&#8221; use_custom_width=&#8221;off&#8221; width_unit=&#8221;on&#8221; custom_width_px=&#8221;1080px&#8221; custom_width_percent=&#8221;80%&#8221;][et_pb_fullwidth_header content_max_width=&#8221;none&#8221; admin_label=&#8221;T\u00cdTULO SECCI\u00d3N&#8221; _builder_version=&#8221;4.6.1&#8243; title_font=&#8221;Montserrat||||||||&#8221; background_color=&#8221;rgba(255, 255, 255, 0)&#8221; custom_padding=&#8221;||0px|||&#8221; button_one_letter_spacing_hover=&#8221;0&#8243; button_two_letter_spacing_hover=&#8221;0&#8243; button_one_text_size__hover_enabled=&#8221;off&#8221; button_two_text_size__hover_enabled=&#8221;off&#8221; button_one_text_color__hover_enabled=&#8221;off&#8221; button_two_text_color__hover_enabled=&#8221;off&#8221; button_one_border_width__hover_enabled=&#8221;off&#8221; button_two_border_width__hover_enabled=&#8221;off&#8221; button_one_border_color__hover_enabled=&#8221;off&#8221; button_two_border_color__hover_enabled=&#8221;off&#8221; button_one_border_radius__hover_enabled=&#8221;off&#8221; button_two_border_radius__hover_enabled=&#8221;off&#8221; button_one_letter_spacing__hover_enabled=&#8221;on&#8221; button_one_letter_spacing__hover=&#8221;0&#8243; button_two_letter_spacing__hover_enabled=&#8221;on&#8221; button_two_letter_spacing__hover=&#8221;0&#8243; button_one_bg_color__hover_enabled=&#8221;off&#8221; button_two_bg_color__hover_enabled=&#8221;off&#8221;]<\/p>\n<h1>INVESTIGACI\u00d3N: FOCOS<\/h1>\n<p>[\/et_pb_fullwidth_header][\/et_pb_section][et_pb_section fb_built=&#8221;1&#8243; custom_padding_last_edited=&#8221;on|desktop&#8221; admin_label=&#8221;section&#8221; module_id=&#8221;layouts&#8221; _builder_version=&#8221;4.6.6&#8243; custom_padding_tablet=&#8221;50px|0|50px|0&#8243; custom_padding_phone=&#8221;&#8221; hover_enabled=&#8221;0&#8243; transparent_background=&#8221;off&#8221; padding_mobile=&#8221;off&#8221; background_color=&#8221;rgba(0,0,0,0)&#8221; sticky_enabled=&#8221;0&#8243;][et_pb_row padding_mobile=&#8221;off&#8221; column_padding_mobile=&#8221;on&#8221; admin_label=&#8221;row&#8221; _builder_version=&#8221;3.25&#8243; background_size=&#8221;initial&#8221; background_position=&#8221;top_left&#8221; background_repeat=&#8221;repeat&#8221; column_structure=&#8221;1_3,1_3,1_3&#8243; custom_margin=&#8221;|auto|-78px|auto||&#8221; min_height=&#8221;322px&#8221; custom_padding=&#8221;||77px|||&#8221;][et_pb_column type=&#8221;1_3&#8243; _builder_version=&#8221;3.25&#8243; custom_padding=&#8221;|||&#8221; custom_padding__hover=&#8221;|||&#8221;][et_pb_cta title=&#8221;FOCO 1: LITERATURAS DOS PA\u00cdSES ANGL\u00d3FONOS &#8221; button_url=&#8221;http:\/\/discursoeidentidade.com\/?page_id=4420&#8243; button_text=&#8221;M\u00e1is&#8221; admin_label=&#8221;Call To Action&#8221; _builder_version=&#8221;4.6.6&#8243; background_color=&#8221;#f7f7f7&#8243; background_size=&#8221;initial&#8221; background_position=&#8221;top_left&#8221; background_repeat=&#8221;repeat&#8221; text_orientation=&#8221;left&#8221; background_layout=&#8221;light&#8221; hover_enabled=&#8221;0&#8243; use_border_color=&#8221;off&#8221; border_color=&#8221;#ffffff&#8221; border_width=&#8221;1px&#8221; border_style=&#8221;solid&#8221; button_letter_spacing_hover=&#8221;0&#8243; button_text_size__hover_enabled=&#8221;off&#8221; button_one_text_size__hover_enabled=&#8221;off&#8221; button_two_text_size__hover_enabled=&#8221;off&#8221; button_text_color__hover_enabled=&#8221;off&#8221; button_one_text_color__hover_enabled=&#8221;off&#8221; button_two_text_color__hover_enabled=&#8221;off&#8221; button_border_width__hover_enabled=&#8221;off&#8221; button_one_border_width__hover_enabled=&#8221;off&#8221; button_two_border_width__hover_enabled=&#8221;off&#8221; button_border_color__hover_enabled=&#8221;off&#8221; button_one_border_color__hover_enabled=&#8221;off&#8221; button_two_border_color__hover_enabled=&#8221;off&#8221; button_border_radius__hover_enabled=&#8221;off&#8221; button_one_border_radius__hover_enabled=&#8221;off&#8221; button_two_border_radius__hover_enabled=&#8221;off&#8221; button_letter_spacing__hover_enabled=&#8221;on&#8221; button_letter_spacing__hover=&#8221;0&#8243; button_one_letter_spacing__hover_enabled=&#8221;off&#8221; button_two_letter_spacing__hover_enabled=&#8221;off&#8221; button_bg_color__hover_enabled=&#8221;off&#8221; button_one_bg_color__hover_enabled=&#8221;off&#8221; button_two_bg_color__hover_enabled=&#8221;off&#8221; header_font=&#8221;Montserrat||||||||&#8221; sticky_enabled=&#8221;0&#8243;]<\/p>\n<div style=\"text-align: justify;\" data-canvas-width=\"423.75526408306473\"><span style=\"font-size: 14px;\">Este primeiro foco de investigaci\u00f3n c\u00e9ntrase no estudo das diferentes literaturas producidas nos pa\u00edses de falta inglesa e organ\u00edzase en torno a varias li\u00f1as de investigaci\u00f3n cun car\u00e1cter m\u00e1is especializado.\u00a0<\/span><\/div>\n<div style=\"text-align: justify;\" data-canvas-width=\"423.75526408306473\"><span style=\"font-size: 14px;\">\u00a0<\/span><\/div>\n<p>[\/et_pb_cta][et_pb_divider show_divider=&#8221;off&#8221; disabled_on=&#8221;on|on|off&#8221; admin_label=&#8221;Divider&#8221; _builder_version=&#8221;3.23.4&#8243; height=&#8221;70px&#8221; hide_on_mobile=&#8221;on&#8221;] [\/et_pb_divider][\/et_pb_column][et_pb_column type=&#8221;1_3&#8243; _builder_version=&#8221;3.25&#8243; custom_padding=&#8221;|||&#8221; custom_padding__hover=&#8221;|||&#8221;][et_pb_cta title=&#8221;FOCO 2: LING\u00dc\u00cdSTICA &#8221; button_url=&#8221;http:\/\/discursoeidentidade.com\/?page_id=959&#8243; button_text=&#8221;M\u00e1is&#8221; admin_label=&#8221;Call To Action&#8221; _builder_version=&#8221;4.6.6&#8243; background_color=&#8221;#f7f7f7&#8243; background_size=&#8221;initial&#8221; background_position=&#8221;top_left&#8221; background_repeat=&#8221;repeat&#8221; text_orientation=&#8221;left&#8221; background_layout=&#8221;light&#8221; hover_enabled=&#8221;0&#8243; use_border_color=&#8221;off&#8221; border_color=&#8221;#ffffff&#8221; border_width=&#8221;1px&#8221; border_style=&#8221;solid&#8221; button_letter_spacing_hover=&#8221;0&#8243; button_text_size__hover_enabled=&#8221;off&#8221; button_one_text_size__hover_enabled=&#8221;off&#8221; button_two_text_size__hover_enabled=&#8221;off&#8221; button_text_color__hover_enabled=&#8221;off&#8221; button_one_text_color__hover_enabled=&#8221;off&#8221; button_two_text_color__hover_enabled=&#8221;off&#8221; button_border_width__hover_enabled=&#8221;off&#8221; button_one_border_width__hover_enabled=&#8221;off&#8221; button_two_border_width__hover_enabled=&#8221;off&#8221; button_border_color__hover_enabled=&#8221;off&#8221; button_one_border_color__hover_enabled=&#8221;off&#8221; button_two_border_color__hover_enabled=&#8221;off&#8221; button_border_radius__hover_enabled=&#8221;off&#8221; button_one_border_radius__hover_enabled=&#8221;off&#8221; button_two_border_radius__hover_enabled=&#8221;off&#8221; button_letter_spacing__hover_enabled=&#8221;on&#8221; button_letter_spacing__hover=&#8221;0&#8243; button_one_letter_spacing__hover_enabled=&#8221;off&#8221; button_two_letter_spacing__hover_enabled=&#8221;off&#8221; button_bg_color__hover_enabled=&#8221;off&#8221; button_one_bg_color__hover_enabled=&#8221;off&#8221; button_two_bg_color__hover_enabled=&#8221;off&#8221; header_font=&#8221;Montserrat||||||||&#8221; sticky_enabled=&#8221;0&#8243;]<\/p>\n<p style=\"text-align: justify;\">Integrado principalmente polo equipo SCIMITAR, este segundo foco de investigaci\u00f3n c\u00e9ntrase no estudo da interface entre a gram\u00e1tica e o discurso, maioritariamente en relaci\u00f3n coa lingua inglesa, pero tam\u00e9n en comparaci\u00f3n con outras linguas.<\/p>\n<p style=\"text-align: justify;\">[\/et_pb_cta][\/et_pb_column][et_pb_column type=&#8221;1_3&#8243; _builder_version=&#8221;3.25&#8243; custom_padding=&#8221;|||&#8221; custom_padding__hover=&#8221;|||&#8221;][et_pb_cta title=&#8221;FOCO 3:  HISTORIA E CULTURA DOS PA\u00cdSES ANGL\u00d3FONOS&#8221; button_url=&#8221;http:\/\/discursoeidentidade.com\/?page_id=1127&#8243; button_text=&#8221;M\u00e1is&#8221; admin_label=&#8221;Call To Action&#8221; _builder_version=&#8221;4.6.6&#8243; background_color=&#8221;#f7f7f7&#8243; background_size=&#8221;initial&#8221; background_position=&#8221;top_left&#8221; background_repeat=&#8221;repeat&#8221; text_orientation=&#8221;left&#8221; background_layout=&#8221;light&#8221; hover_enabled=&#8221;0&#8243; use_border_color=&#8221;off&#8221; border_color=&#8221;#ffffff&#8221; border_width=&#8221;1px&#8221; border_style=&#8221;solid&#8221; button_letter_spacing_hover=&#8221;0&#8243; button_text_size__hover_enabled=&#8221;off&#8221; button_one_text_size__hover_enabled=&#8221;off&#8221; button_two_text_size__hover_enabled=&#8221;off&#8221; button_text_color__hover_enabled=&#8221;off&#8221; button_one_text_color__hover_enabled=&#8221;off&#8221; button_two_text_color__hover_enabled=&#8221;off&#8221; button_border_width__hover_enabled=&#8221;off&#8221; button_one_border_width__hover_enabled=&#8221;off&#8221; button_two_border_width__hover_enabled=&#8221;off&#8221; button_border_color__hover_enabled=&#8221;off&#8221; button_one_border_color__hover_enabled=&#8221;off&#8221; button_two_border_color__hover_enabled=&#8221;off&#8221; button_border_radius__hover_enabled=&#8221;off&#8221; button_one_border_radius__hover_enabled=&#8221;off&#8221; button_two_border_radius__hover_enabled=&#8221;off&#8221; button_letter_spacing__hover_enabled=&#8221;on&#8221; button_letter_spacing__hover=&#8221;0&#8243; button_one_letter_spacing__hover_enabled=&#8221;off&#8221; button_two_letter_spacing__hover_enabled=&#8221;off&#8221; button_bg_color__hover_enabled=&#8221;off&#8221; button_one_bg_color__hover_enabled=&#8221;off&#8221; button_two_bg_color__hover_enabled=&#8221;off&#8221; header_font=&#8221;Montserrat||||||||&#8221; sticky_enabled=&#8221;0&#8243;]<\/p>\n<div data-canvas-width=\"423.75526408306473\">\n<div style=\"text-align: justify;\" data-canvas-width=\"381.4694628967743\"><span style=\"font-size: 14px;\">Este <\/span><span style=\"font-size: 14px;\">terceiro foco re\u00fane intereses investigadores centrados nos estudos culturais e hist\u00f3ricos en lingua e literatura inglesas, inclu\u00edndo achegas ao \u00e1mbito medievalista ou aos estudos teatrais e de x\u00e9nero.<\/span><\/div>\n<div style=\"text-align: justify;\" data-canvas-width=\"381.4694628967743\"><span style=\"font-size: 14px;\">.<\/span><\/div>\n<div style=\"text-align: justify;\" data-canvas-width=\"381.4694628967743\"><span style=\"font-size: 14px;\"><\/span><\/div>\n<div style=\"text-align: justify;\" data-canvas-width=\"381.4694628967743\"><span style=\"font-size: 14px;\"><\/span><\/div>\n<div style=\"text-align: justify;\" data-canvas-width=\"381.4694628967743\"><\/div>\n<div style=\"text-align: justify;\" data-canvas-width=\"381.4694628967743\"><span style=\"font-size: 14px;\"><\/span><\/div>\n<div style=\"text-align: justify;\" data-canvas-width=\"381.4694628967743\"><span style=\"font-size: 14px;\"><\/span><\/div>\n<div style=\"text-align: justify;\" data-canvas-width=\"381.4694628967743\"><span style=\"font-size: 14px;\"><\/span><\/div>\n<div style=\"text-align: justify;\" data-canvas-width=\"381.4694628967743\"><span style=\"font-size: 14px;\"><\/span><\/div>\n<div style=\"text-align: justify;\" data-canvas-width=\"381.4694628967743\"><span style=\"font-size: 14px;\"><\/span><\/div>\n<div style=\"text-align: justify;\" data-canvas-width=\"381.4694628967743\"><span style=\"font-size: 14px;\"><\/span><\/div>\n<div style=\"text-align: justify;\" data-canvas-width=\"381.4694628967743\"><span style=\"font-size: 14px;\"><\/span><\/div>\n<div style=\"text-align: justify;\" data-canvas-width=\"381.4694628967743\"><span style=\"font-size: 14px;\"><\/span><\/div>\n<\/div>\n<p>[\/et_pb_cta][\/et_pb_column][\/et_pb_row][\/et_pb_section]<\/p>\n","protected":false},"excerpt":{"rendered":"<p>INVESTIGACI\u00d3N: FOCOSEste primeiro foco de investigaci\u00f3n c\u00e9ntrase no estudo das diferentes literaturas producidas nos pa\u00edses de falta inglesa e organ\u00edzase en torno a varias li\u00f1as de investigaci\u00f3n cun car\u00e1cter m\u00e1is especializado.\u00a0 \u00a0 Integrado principalmente polo equipo SCIMITAR, este segundo foco de investigaci\u00f3n c\u00e9ntrase no estudo da interface entre a gram\u00e1tica e o discurso, maioritariamente en [&hellip;]<\/p>\n","protected":false},"author":1,"featured_media":0,"parent":0,"menu_order":0,"comment_status":"closed","ping_status":"closed","template":"","meta":{"_et_pb_use_builder":"on","_et_pb_old_content":"","_et_gb_content_width":"","footnotes":""},"class_list":["post-1110","page","type-page","status-publish","hentry"],"_links":{"self":[{"href":"https:\/\/discursoeidentidade.com\/index.php?rest_route=\/wp\/v2\/pages\/1110","targetHints":{"allow":["GET"]}}],"collection":[{"href":"https:\/\/discursoeidentidade.com\/index.php?rest_route=\/wp\/v2\/pages"}],"about":[{"href":"https:\/\/discursoeidentidade.com\/index.php?rest_route=\/wp\/v2\/types\/page"}],"author":[{"embeddable":true,"href":"https:\/\/discursoeidentidade.com\/index.php?rest_route=\/wp\/v2\/users\/1"}],"replies":[{"embeddable":true,"href":"https:\/\/discursoeidentidade.com\/index.php?rest_route=%2Fwp%2Fv2%2Fcomments&post=1110"}],"version-history":[{"count":0,"href":"https:\/\/discursoeidentidade.com\/index.php?rest_route=\/wp\/v2\/pages\/1110\/revisions"}],"wp:attachment":[{"href":"https:\/\/discursoeidentidade.com\/index.php?rest_route=%2Fwp%2Fv2%2Fmedia&parent=1110"}],"curies":[{"name":"wp","href":"https:\/\/api.w.org\/{rel}","templated":true}]}}