{"id":1083,"date":"2016-06-23T14:10:00","date_gmt":"2016-06-23T12:10:00","guid":{"rendered":"http:\/\/discursoeidentidade.com\/?page_id=1083&#038;lang=es"},"modified":"2021-03-15T11:41:20","modified_gmt":"2021-03-15T10:41:20","slug":"1083-2","status":"publish","type":"page","link":"https:\/\/discursoeidentidade.com\/?page_id=1083&lang=es","title":{"rendered":"INVESTIGACI\u00d3N: EQUIPOS"},"content":{"rendered":"<p>[et_pb_section fb_built=&#8221;1&#8243; inner_shadow=&#8221;on&#8221; fullwidth=&#8221;on&#8221; custom_padding_last_edited=&#8221;on|desktop&#8221; admin_label=&#8221;section&#8221; _builder_version=&#8221;4.6.1&#8243; background_color=&#8221;#153b60&#8243; custom_padding_tablet=&#8221;50px|0|50px|0&#8243; custom_padding_phone=&#8221;&#8221; transparent_background=&#8221;off&#8221; padding_mobile=&#8221;off&#8221; make_fullwidth=&#8221;off&#8221; use_custom_width=&#8221;off&#8221; width_unit=&#8221;on&#8221; custom_width_px=&#8221;1080px&#8221; custom_width_percent=&#8221;80%&#8221;][et_pb_fullwidth_header content_max_width=&#8221;none&#8221; admin_label=&#8221;T\u00cdTULO SECCI\u00d3N&#8221; _builder_version=&#8221;4.6.1&#8243; title_font=&#8221;Montserrat||||||||&#8221; background_color=&#8221;rgba(255, 255, 255, 0)&#8221; custom_padding=&#8221;||0px|||&#8221; button_one_letter_spacing_hover=&#8221;0&#8243; button_two_letter_spacing_hover=&#8221;0&#8243; button_one_text_size__hover_enabled=&#8221;off&#8221; button_two_text_size__hover_enabled=&#8221;off&#8221; button_one_text_color__hover_enabled=&#8221;off&#8221; button_two_text_color__hover_enabled=&#8221;off&#8221; button_one_border_width__hover_enabled=&#8221;off&#8221; button_two_border_width__hover_enabled=&#8221;off&#8221; button_one_border_color__hover_enabled=&#8221;off&#8221; button_two_border_color__hover_enabled=&#8221;off&#8221; button_one_border_radius__hover_enabled=&#8221;off&#8221; button_two_border_radius__hover_enabled=&#8221;off&#8221; button_one_letter_spacing__hover_enabled=&#8221;on&#8221; button_one_letter_spacing__hover=&#8221;0&#8243; button_two_letter_spacing__hover_enabled=&#8221;on&#8221; button_two_letter_spacing__hover=&#8221;0&#8243; button_one_bg_color__hover_enabled=&#8221;off&#8221; button_two_bg_color__hover_enabled=&#8221;off&#8221;]<\/p>\n<h1>INVESTIGACI\u00d3N: FOCOS<\/h1>\n<p>[\/et_pb_fullwidth_header][\/et_pb_section][et_pb_section fb_built=&#8221;1&#8243; custom_padding_last_edited=&#8221;on|desktop&#8221; admin_label=&#8221;section&#8221; module_id=&#8221;layouts&#8221; _builder_version=&#8221;4.6.6&#8243; background_color=&#8221;rgba(0,0,0,0)&#8221; min_height=&#8221;500.5px&#8221; custom_padding=&#8221;||1px|||&#8221; custom_padding_tablet=&#8221;50px|0|50px|0&#8243; custom_padding_phone=&#8221;&#8221; transparent_background=&#8221;off&#8221; padding_mobile=&#8221;off&#8221;][et_pb_row column_structure=&#8221;1_3,1_3,1_3&#8243; padding_mobile=&#8221;off&#8221; column_padding_mobile=&#8221;on&#8221; admin_label=&#8221;row&#8221; _builder_version=&#8221;3.25&#8243; background_size=&#8221;initial&#8221; background_position=&#8221;top_left&#8221; background_repeat=&#8221;repeat&#8221; min_height=&#8221;179px&#8221; custom_margin=&#8221;|auto|-78px|auto||&#8221; custom_padding=&#8221;||11px|||&#8221;][et_pb_column type=&#8221;1_3&#8243; _builder_version=&#8221;3.25&#8243; custom_padding=&#8221;|||&#8221; custom_padding__hover=&#8221;|||&#8221;][et_pb_cta title=&#8221;FOCO 1: LITERATURAS DE LOS PA\u00cdSES ANGL\u00d3FONOS&#8221; button_url=&#8221;http:\/\/discursoeidentidade.com\/?page_id=4432&#038;lang=es&#8221; button_text=&#8221;M\u00e1s informaci\u00f3n&#8221; admin_label=&#8221;Call To Action&#8221; _builder_version=&#8221;4.9.0&#8243; header_font=&#8221;Montserrat||||||||&#8221; background_color=&#8221;#f7f7f7&#8243; background_size=&#8221;initial&#8221; background_position=&#8221;top_left&#8221; background_repeat=&#8221;repeat&#8221; text_orientation=&#8221;left&#8221; background_layout=&#8221;light&#8221; use_border_color=&#8221;off&#8221; border_color=&#8221;#ffffff&#8221; border_width=&#8221;1px&#8221; border_style=&#8221;solid&#8221; button_letter_spacing_hover=&#8221;0&#8243; button_text_size__hover_enabled=&#8221;off&#8221; button_one_text_size__hover_enabled=&#8221;off&#8221; button_two_text_size__hover_enabled=&#8221;off&#8221; button_text_color__hover_enabled=&#8221;off&#8221; button_one_text_color__hover_enabled=&#8221;off&#8221; button_two_text_color__hover_enabled=&#8221;off&#8221; button_border_width__hover_enabled=&#8221;off&#8221; button_one_border_width__hover_enabled=&#8221;off&#8221; button_two_border_width__hover_enabled=&#8221;off&#8221; button_border_color__hover_enabled=&#8221;off&#8221; button_one_border_color__hover_enabled=&#8221;off&#8221; button_two_border_color__hover_enabled=&#8221;off&#8221; button_border_radius__hover_enabled=&#8221;off&#8221; button_one_border_radius__hover_enabled=&#8221;off&#8221; button_two_border_radius__hover_enabled=&#8221;off&#8221; button_letter_spacing__hover_enabled=&#8221;on&#8221; button_letter_spacing__hover=&#8221;0&#8243; button_one_letter_spacing__hover_enabled=&#8221;off&#8221; button_two_letter_spacing__hover_enabled=&#8221;off&#8221; button_bg_color__hover_enabled=&#8221;off&#8221; button_one_bg_color__hover_enabled=&#8221;off&#8221; button_two_bg_color__hover_enabled=&#8221;off&#8221;]<\/p>\n<div style=\"text-align: justify;\" data-canvas-width=\"423.75526408306473\">Este primer foco de investigaci\u00f3n se centra en el estudio de las diferentes literaturas producidas en los pa\u00edses de habla inglesa y se organiza en torno a varias l\u00edneas de investigaci\u00f3n de car\u00e1cter especializado.<\/div>\n<div style=\"text-align: justify;\" data-canvas-width=\"423.75526408306473\"><span style=\"font-size: 14px;\">\u00a0<\/span><\/div>\n<p>[\/et_pb_cta][\/et_pb_column][et_pb_column type=&#8221;1_3&#8243; _builder_version=&#8221;3.25&#8243; custom_padding=&#8221;|||&#8221; custom_padding__hover=&#8221;|||&#8221;][et_pb_cta title=&#8221;FOCO 2: LING\u00dc\u00cdSTICA &#8221; button_url=&#8221;http:\/\/discursoeidentidade.com\/?page_id=946&#038;lang=es&#8221; button_text=&#8221;M\u00e1s informaci\u00f3n&#8221; admin_label=&#8221;Call To Action&#8221; _builder_version=&#8221;4.9.0&#8243; header_font=&#8221;Montserrat||||||||&#8221; background_color=&#8221;#f7f7f7&#8243; background_size=&#8221;initial&#8221; background_position=&#8221;top_left&#8221; background_repeat=&#8221;repeat&#8221; text_orientation=&#8221;left&#8221; background_layout=&#8221;light&#8221; hover_enabled=&#8221;0&#8243; use_border_color=&#8221;off&#8221; border_color=&#8221;#ffffff&#8221; border_width=&#8221;1px&#8221; border_style=&#8221;solid&#8221; button_letter_spacing_hover=&#8221;0&#8243; button_text_size__hover_enabled=&#8221;off&#8221; button_one_text_size__hover_enabled=&#8221;off&#8221; button_two_text_size__hover_enabled=&#8221;off&#8221; button_text_color__hover_enabled=&#8221;off&#8221; button_one_text_color__hover_enabled=&#8221;off&#8221; button_two_text_color__hover_enabled=&#8221;off&#8221; button_border_width__hover_enabled=&#8221;off&#8221; button_one_border_width__hover_enabled=&#8221;off&#8221; button_two_border_width__hover_enabled=&#8221;off&#8221; button_border_color__hover_enabled=&#8221;off&#8221; button_one_border_color__hover_enabled=&#8221;off&#8221; button_two_border_color__hover_enabled=&#8221;off&#8221; button_border_radius__hover_enabled=&#8221;off&#8221; button_one_border_radius__hover_enabled=&#8221;off&#8221; button_two_border_radius__hover_enabled=&#8221;off&#8221; button_letter_spacing__hover_enabled=&#8221;on&#8221; button_letter_spacing__hover=&#8221;0&#8243; button_one_letter_spacing__hover_enabled=&#8221;off&#8221; button_two_letter_spacing__hover_enabled=&#8221;off&#8221; button_bg_color__hover_enabled=&#8221;off&#8221; button_one_bg_color__hover_enabled=&#8221;off&#8221; button_two_bg_color__hover_enabled=&#8221;off&#8221; sticky_enabled=&#8221;0&#8243;]<\/p>\n<p><span style=\"font-size: 14px;\">Integrado principalmente por miembros del equipo SCIMITAR, este segundo foco de investigaci\u00f3n se centra en el estudio de la interfaz entre gram\u00e1tica y discurso, principalmente en relaci\u00f3n con la lengua inglesa, pero tambi\u00e9n en comparaci\u00f3n con otras lenguas.<\/span><\/p>\n<p style=\"text-align: justify;\">[\/et_pb_cta][\/et_pb_column][et_pb_column type=&#8221;1_3&#8243; _builder_version=&#8221;3.25&#8243; custom_padding=&#8221;|||&#8221; custom_padding__hover=&#8221;|||&#8221;][et_pb_cta title=&#8221;FOCO 3: HISTORIA Y CULTURA DE LOS PA\u00cdSES DE HABLA INGLESA&#8221; button_url=&#8221;http:\/\/discursoeidentidade.com\/?page_id=1040&#038;lang=es&#8221; button_text=&#8221;M\u00e1s informaci\u00f3n&#8221; admin_label=&#8221;Call To Action&#8221; _builder_version=&#8221;4.9.0&#8243; header_font=&#8221;Montserrat||||||||&#8221; background_color=&#8221;#f7f7f7&#8243; background_size=&#8221;initial&#8221; background_position=&#8221;top_left&#8221; background_repeat=&#8221;repeat&#8221; text_orientation=&#8221;left&#8221; background_layout=&#8221;light&#8221; hover_enabled=&#8221;0&#8243; use_border_color=&#8221;off&#8221; border_color=&#8221;#ffffff&#8221; border_width=&#8221;1px&#8221; border_style=&#8221;solid&#8221; button_letter_spacing_hover=&#8221;0&#8243; button_text_size__hover_enabled=&#8221;off&#8221; button_one_text_size__hover_enabled=&#8221;off&#8221; button_two_text_size__hover_enabled=&#8221;off&#8221; button_text_color__hover_enabled=&#8221;off&#8221; button_one_text_color__hover_enabled=&#8221;off&#8221; button_two_text_color__hover_enabled=&#8221;off&#8221; button_border_width__hover_enabled=&#8221;off&#8221; button_one_border_width__hover_enabled=&#8221;off&#8221; button_two_border_width__hover_enabled=&#8221;off&#8221; button_border_color__hover_enabled=&#8221;off&#8221; button_one_border_color__hover_enabled=&#8221;off&#8221; button_two_border_color__hover_enabled=&#8221;off&#8221; button_border_radius__hover_enabled=&#8221;off&#8221; button_one_border_radius__hover_enabled=&#8221;off&#8221; button_two_border_radius__hover_enabled=&#8221;off&#8221; button_letter_spacing__hover_enabled=&#8221;on&#8221; button_letter_spacing__hover=&#8221;0&#8243; button_one_letter_spacing__hover_enabled=&#8221;off&#8221; button_two_letter_spacing__hover_enabled=&#8221;off&#8221; button_bg_color__hover_enabled=&#8221;off&#8221; button_one_bg_color__hover_enabled=&#8221;off&#8221; button_two_bg_color__hover_enabled=&#8221;off&#8221; sticky_enabled=&#8221;0&#8243;]<\/p>\n<div data-canvas-width=\"423.75526408306473\">\n<div style=\"text-align: justify;\" data-canvas-width=\"381.4694628967743\">\n<div data-canvas-width=\"423.75526408306473\">\n<div data-canvas-width=\"381.4694628967743\"><\/div>\n<div data-canvas-width=\"381.4694628967743\"><\/div>\n<div data-canvas-width=\"381.4694628967743\"><\/div>\n<div data-canvas-width=\"381.4694628967743\">Este tercer foco re\u00fane intereses de investigaci\u00f3n centrados en estudios culturales e hist\u00f3ricos en lengua y literatura inglesas, incluyendo contribuciones al \u00e1mbito medievalista, as\u00ed como a los estudios teatrales y de g\u00e9nero.<\/div>\n<div data-canvas-width=\"381.4694628967743\"><\/div>\n<div data-canvas-width=\"381.4694628967743\"><\/div>\n<div data-canvas-width=\"381.4694628967743\"><\/div>\n<div data-canvas-width=\"381.4694628967743\"><\/div>\n<div data-canvas-width=\"381.4694628967743\"><\/div>\n<div data-canvas-width=\"381.4694628967743\"><\/div>\n<div data-canvas-width=\"381.4694628967743\"><\/div>\n<div data-canvas-width=\"381.4694628967743\"><\/div>\n<\/div>\n<\/div>\n<div style=\"text-align: justify;\" data-canvas-width=\"381.4694628967743\"><span style=\"font-size: 14px;\"><\/span><\/div>\n<div style=\"text-align: justify;\" data-canvas-width=\"381.4694628967743\"><span style=\"font-size: 14px;\"><\/span><\/div>\n<div style=\"text-align: justify;\" data-canvas-width=\"381.4694628967743\"><\/div>\n<div style=\"text-align: justify;\" data-canvas-width=\"381.4694628967743\"><span style=\"font-size: 14px;\"><\/span><\/div>\n<div style=\"text-align: justify;\" data-canvas-width=\"381.4694628967743\"><span style=\"font-size: 14px;\"><\/span><\/div>\n<div style=\"text-align: justify;\" data-canvas-width=\"381.4694628967743\"><span style=\"font-size: 14px;\"><\/span><\/div>\n<div style=\"text-align: justify;\" data-canvas-width=\"381.4694628967743\"><span style=\"font-size: 14px;\"><\/span><\/div>\n<div style=\"text-align: justify;\" data-canvas-width=\"381.4694628967743\"><span style=\"font-size: 14px;\"><\/span><\/div>\n<div style=\"text-align: justify;\" data-canvas-width=\"381.4694628967743\"><span style=\"font-size: 14px;\"><\/span><\/div>\n<div style=\"text-align: justify;\" data-canvas-width=\"381.4694628967743\"><span style=\"font-size: 14px;\"><\/span><\/div>\n<div style=\"text-align: justify;\" data-canvas-width=\"381.4694628967743\"><span style=\"font-size: 14px;\"><\/span><\/div>\n<\/div>\n<p>[\/et_pb_cta][\/et_pb_column][\/et_pb_row][\/et_pb_section]<\/p>\n","protected":false},"excerpt":{"rendered":"<p>INVESTIGACI\u00d3N: FOCOSEste primer foco de investigaci\u00f3n se centra en el estudio de las diferentes literaturas producidas en los pa\u00edses de habla inglesa y se organiza en torno a varias l\u00edneas de investigaci\u00f3n de car\u00e1cter especializado. \u00a0Integrado principalmente por miembros del equipo SCIMITAR, este segundo foco de investigaci\u00f3n se centra en el estudio de la interfaz [&hellip;]<\/p>\n","protected":false},"author":1,"featured_media":0,"parent":0,"menu_order":0,"comment_status":"closed","ping_status":"closed","template":"","meta":{"_et_pb_use_builder":"on","_et_pb_old_content":"","_et_gb_content_width":"","footnotes":""},"class_list":["post-1083","page","type-page","status-publish","hentry"],"_links":{"self":[{"href":"https:\/\/discursoeidentidade.com\/index.php?rest_route=\/wp\/v2\/pages\/1083","targetHints":{"allow":["GET"]}}],"collection":[{"href":"https:\/\/discursoeidentidade.com\/index.php?rest_route=\/wp\/v2\/pages"}],"about":[{"href":"https:\/\/discursoeidentidade.com\/index.php?rest_route=\/wp\/v2\/types\/page"}],"author":[{"embeddable":true,"href":"https:\/\/discursoeidentidade.com\/index.php?rest_route=\/wp\/v2\/users\/1"}],"replies":[{"embeddable":true,"href":"https:\/\/discursoeidentidade.com\/index.php?rest_route=%2Fwp%2Fv2%2Fcomments&post=1083"}],"version-history":[{"count":0,"href":"https:\/\/discursoeidentidade.com\/index.php?rest_route=\/wp\/v2\/pages\/1083\/revisions"}],"wp:attachment":[{"href":"https:\/\/discursoeidentidade.com\/index.php?rest_route=%2Fwp%2Fv2%2Fmedia&parent=1083"}],"curies":[{"name":"wp","href":"https:\/\/api.w.org\/{rel}","templated":true}]}}