{"id":1022,"date":"2016-06-22T17:30:48","date_gmt":"2016-06-22T15:30:48","guid":{"rendered":"http:\/\/discursoeidentidade.com\/?page_id=1022&#038;lang=es"},"modified":"2017-02-20T13:04:17","modified_gmt":"2017-02-20T12:04:17","slug":"equipo-literatura-3","status":"publish","type":"page","link":"https:\/\/discursoeidentidade.com\/?page_id=1022&lang=es","title":{"rendered":"Equipo Literatura 3"},"content":{"rendered":"<p>[et_pb_section transparent_background=&#8221;off&#8221; background_color=&#8221;#153b60&#8243; allow_player_pause=&#8221;off&#8221; inner_shadow=&#8221;on&#8221; parallax=&#8221;off&#8221; parallax_method=&#8221;off&#8221; padding_mobile=&#8221;off&#8221; make_fullwidth=&#8221;off&#8221; use_custom_width=&#8221;off&#8221; width_unit=&#8221;on&#8221; custom_width_px=&#8221;1080px&#8221; custom_width_percent=&#8221;80%&#8221; make_equal=&#8221;off&#8221; use_custom_gutter=&#8221;off&#8221; gutter_width=&#8221;3&#8243; fullwidth=&#8221;on&#8221; specialty=&#8221;off&#8221; admin_label=&#8221;section&#8221; disabled=&#8221;off&#8221;][et_pb_fullwidth_header title=&#8221;EQUIPO LITERATURA 3: &#8216;RELATO DE MUJERES EN EL REINO UNIDO'&#8221; background_layout=&#8221;dark&#8221; text_orientation=&#8221;left&#8221; header_fullscreen=&#8221;off&#8221; header_scroll_down=&#8221;off&#8221; scroll_down_icon=&#8221;;&#8221; parallax=&#8221;off&#8221; parallax_method=&#8221;off&#8221; content_orientation=&#8221;center&#8221; image_orientation=&#8221;center&#8221; admin_label=&#8221;T\u00cdTULO SECCI\u00d3N&#8221; title_font_size=&#8221;30px&#8221; content_font_size=&#8221;14px&#8221; custom_button_one=&#8221;off&#8221; button_one_text_size=&#8221;20&#8243; button_one_letter_spacing=&#8221;0&#8243; button_one_use_icon=&#8221;default&#8221; button_one_icon_placement=&#8221;right&#8221; button_one_on_hover=&#8221;on&#8221; button_one_letter_spacing_hover=&#8221;0&#8243; custom_button_two=&#8221;off&#8221; button_two_text_size=&#8221;20&#8243; button_two_letter_spacing=&#8221;0&#8243; button_two_use_icon=&#8221;default&#8221; button_two_icon_placement=&#8221;right&#8221; button_two_on_hover=&#8221;on&#8221; button_two_letter_spacing_hover=&#8221;0&#8243; disabled=&#8221;off&#8221;] [\/et_pb_fullwidth_header][\/et_pb_section][et_pb_section transparent_background=&#8221;off&#8221; background_color=&#8221;#f7f7f7&#8243; allow_player_pause=&#8221;off&#8221; inner_shadow=&#8221;off&#8221; parallax=&#8221;off&#8221; parallax_method=&#8221;off&#8221; custom_padding=&#8221;54px|0px|54px|0px&#8221; padding_mobile=&#8221;off&#8221; make_fullwidth=&#8221;off&#8221; use_custom_width=&#8221;off&#8221; width_unit=&#8221;on&#8221; custom_width_px=&#8221;1080px&#8221; custom_width_percent=&#8221;80%&#8221; make_equal=&#8221;off&#8221; use_custom_gutter=&#8221;off&#8221; fullwidth=&#8221;off&#8221; specialty=&#8221;off&#8221; admin_label=&#8221;section&#8221; disabled=&#8221;off&#8221;][et_pb_row make_fullwidth=&#8221;on&#8221; use_custom_width=&#8221;off&#8221; width_unit=&#8221;on&#8221; custom_width_px=&#8221;1080px&#8221; custom_width_percent=&#8221;80%&#8221; use_custom_gutter=&#8221;off&#8221; gutter_width=&#8221;3&#8243; padding_mobile=&#8221;off&#8221; background_color=&#8221;#f7f7f7&#8243; allow_player_pause=&#8221;off&#8221; parallax=&#8221;off&#8221; parallax_method=&#8221;off&#8221; make_equal=&#8221;off&#8221; column_padding_mobile=&#8221;on&#8221; parallax_1=&#8221;off&#8221; parallax_method_1=&#8221;off&#8221; parallax_2=&#8221;off&#8221; parallax_method_2=&#8221;off&#8221; parallax_3=&#8221;off&#8221; parallax_method_3=&#8221;on&#8221; parallax_4=&#8221;off&#8221; parallax_method_4=&#8221;on&#8221; admin_label=&#8221;Row&#8221; disabled=&#8221;off&#8221;][et_pb_column type=&#8221;4_4&#8243; disabled=&#8221;off&#8221; parallax=&#8221;off&#8221; parallax_method=&#8221;off&#8221; column_padding_mobile=&#8221;on&#8221;][et_pb_text background_layout=&#8221;light&#8221; text_orientation=&#8221;left&#8221; admin_label=&#8221;Text&#8221; use_border_color=&#8221;off&#8221; border_style=&#8221;solid&#8221; disabled=&#8221;off&#8221;]<\/p>\n<h3><strong>Miembros Principales USC<\/strong>: <span style=\"color: #000080;\"><a style=\"color: #000080;\" href=\"http:\/\/discursoeidentidade.com\/?page_id=417&amp;lang=es\">Jorge Sacido-Romero<\/a><span style=\"color: #000000;\"> (coordinador)<\/span><\/span><span style=\"color: #000000;\">,<\/span> <a href=\"http:\/\/discursoeidentidade.com\/?page_id=389&amp;lang=es\"><span style=\"color: #000080;\">Laura Lojo-Rodr\u00edguez<\/span><\/a><\/h3>\n<h3 style=\"text-align: justify;\"><\/h3>\n<h3 style=\"text-align: justify;\"><strong>L\u00edneas de Investigaci\u00f3n<\/strong>: Narrativa breve en lengua inglesa; Cr\u00edtica literaria; Estudios de g\u00e9nero; Estudios comparativos de la narrativa breve.<\/h3>\n<h3><\/h3>\n<h3><strong>P\u00e1gina Web<\/strong>: <span style=\"color: #000080;\"><a style=\"color: #000080;\" href=\"http:\/\/womenstales.eu\/\" target=\"_blank\">http:\/\/womenstales.eu\/<\/a><\/span><\/h3>\n<p>[\/et_pb_text][\/et_pb_column][\/et_pb_row][\/et_pb_section][et_pb_section transparent_background=&#8221;on&#8221; background_color=&#8221;#f7f7f7&#8243; allow_player_pause=&#8221;off&#8221; inner_shadow=&#8221;off&#8221; parallax=&#8221;off&#8221; parallax_method=&#8221;off&#8221; padding_mobile=&#8221;off&#8221; make_fullwidth=&#8221;off&#8221; use_custom_width=&#8221;off&#8221; width_unit=&#8221;on&#8221; custom_width_px=&#8221;1080px&#8221; custom_width_percent=&#8221;80%&#8221; make_equal=&#8221;off&#8221; use_custom_gutter=&#8221;off&#8221; fullwidth=&#8221;off&#8221; specialty=&#8221;off&#8221; admin_label=&#8221;section&#8221; disabled=&#8221;off&#8221;][et_pb_row make_fullwidth=&#8221;on&#8221; use_custom_width=&#8221;off&#8221; width_unit=&#8221;on&#8221; custom_width_px=&#8221;1080px&#8221; custom_width_percent=&#8221;80%&#8221; use_custom_gutter=&#8221;off&#8221; gutter_width=&#8221;3&#8243; padding_mobile=&#8221;off&#8221; background_color=&#8221;#ffffff&#8221; allow_player_pause=&#8221;off&#8221; parallax=&#8221;off&#8221; parallax_method=&#8221;off&#8221; make_equal=&#8221;off&#8221; column_padding_mobile=&#8221;on&#8221; parallax_1=&#8221;off&#8221; parallax_method_1=&#8221;off&#8221; parallax_2=&#8221;off&#8221; parallax_method_2=&#8221;on&#8221; parallax_3=&#8221;off&#8221; parallax_method_3=&#8221;on&#8221; parallax_4=&#8221;off&#8221; parallax_method_4=&#8221;on&#8221; admin_label=&#8221;Row&#8221; disabled=&#8221;off&#8221;][et_pb_column type=&#8221;4_4&#8243; disabled=&#8221;off&#8221; parallax=&#8221;off&#8221; parallax_method=&#8221;off&#8221; column_padding_mobile=&#8221;on&#8221;][et_pb_text background_layout=&#8221;light&#8221; text_orientation=&#8221;left&#8221; admin_label=&#8221;Text&#8221; background_color=&#8221;#ffffff&#8221; use_border_color=&#8221;off&#8221; border_style=&#8221;solid&#8221; disabled=&#8221;off&#8221;]<\/p>\n<h3 style=\"text-align: justify;\"><strong><span class=\"TextRun SCX187430456\" lang=\"ES-ES\" xml:lang=\"ES-ES\"><span class=\"NormalTextRun SCX187430456\">El <\/span><\/span><span class=\"TextRun SCX187430456\" lang=\"ES-ES\" xml:lang=\"ES-ES\"><span class=\"NormalTextRun SCX187430456\">Equipo Literatura<\/span><\/span><span class=\"TextRun SCX187430456\" lang=\"ES-ES\" xml:lang=\"ES-ES\"><span class=\"NormalTextRun SCX187430456\"> 3<\/span><\/span><\/strong><span class=\"TextRun SCX187430456\" lang=\"ES-ES\" xml:lang=\"ES-ES\"><span class=\"NormalTextRun SCX187430456\">, coordinado por <\/span><\/span><span class=\"TextRun SCX187430456\" lang=\"ES-ES\" xml:lang=\"ES-ES\"><span class=\"NormalTextRun SCX187430456\">Jorge <\/span><\/span><span class=\"TextRun SCX187430456\" lang=\"ES-ES\" xml:lang=\"ES-ES\"><span class=\"SpellingError SCX187430456\">Sacido<\/span><\/span><span class=\"TextRun SCX187430456\" lang=\"ES-ES\" xml:lang=\"ES-ES\"><span class=\"NormalTextRun SCX187430456\"> Romero,<\/span><\/span> <span class=\"TextRun SCX187430456\" lang=\"ES-ES\" xml:lang=\"ES-ES\"><span class=\"NormalTextRun SCX187430456\">desarrolla<\/span><\/span><span class=\"TextRun SCX187430456\" lang=\"ES-ES\" xml:lang=\"ES-ES\"><span class=\"NormalTextRun SCX187430456\"> su labor investigadora en torno a la literatura escrita por mujeres en el Reino Unido, <\/span><\/span><span class=\"TextRun SCX187430456\" lang=\"ES-ES\" xml:lang=\"ES-ES\"><span class=\"NormalTextRun SCX187430456\">contando con miembros<\/span><\/span><span class=\"TextRun SCX187430456\" lang=\"ES-ES\" xml:lang=\"ES-ES\"><span class=\"NormalTextRun SCX187430456\"> como Laura <\/span><\/span><span class=\"TextRun SCX187430456\" lang=\"ES-ES\" xml:lang=\"ES-ES\"><span class=\"SpellingError SCX187430456\">Lojo<\/span><\/span><span class=\"TextRun SCX187430456\" lang=\"ES-ES\" xml:lang=\"ES-ES\"><span class=\"NormalTextRun SCX187430456\"> Rodr&iacute;guez quien es especialista en literatura brit&aacute;nica de autor&iacute;a femenina y un referente en el estudio de la obra de la escritora Virginia Woolf. En la actualidad y al amparo de un proyecto del Plan Nacional de I+D+I, coordinado por Jorge <\/span><\/span><span class=\"TextRun SCX187430456\" lang=\"ES-ES\" xml:lang=\"ES-ES\"><span class=\"SpellingError SCX187430456\">Sacido<\/span><\/span><span class=\"TextRun SCX187430456\" lang=\"ES-ES\" xml:lang=\"ES-ES\"><span class=\"NormalTextRun SCX187430456\"> Romero<\/span><\/span><span class=\"TextRun SCX187430456\" lang=\"ES-ES\" xml:lang=\"ES-ES\"><span class=\"NormalTextRun SCX187430456\"> y titulado <\/span><\/span><em><span class=\"TextRun SCX187430456\" lang=\"ES-ES\" xml:lang=\"ES-ES\"><span class=\"NormalTextRun SCX187430456\">&ldquo;Cuentos de mujeres&rdquo;: La narrativa breve de escritoras brit&aacute;nicas<\/span><\/span><\/em> <span class=\"TextRun SCX187430456\" lang=\"ES-ES\" xml:lang=\"ES-ES\"><span class=\"NormalTextRun SCX187430456\">(<\/span><\/span><span class=\"TextRun SCX187430456\" lang=\"ES-ES\" xml:lang=\"ES-ES\"><span class=\"NormalTextRun SCX187430456\">FEM2013-41977-P)<\/span><\/span><span class=\"TextRun SCX187430456\" lang=\"ES-ES\" xml:lang=\"ES-ES\"><span class=\"NormalTextRun SCX187430456\">, el Equipo Literatura 3 <\/span><\/span><span class=\"TextRun SCX187430456\" lang=\"ES-ES\" xml:lang=\"ES-ES\"><span class=\"NormalTextRun SCX187430456\">centra<\/span><\/span><span class=\"TextRun SCX187430456\" lang=\"ES-ES\" xml:lang=\"ES-ES\"><span class=\"NormalTextRun SCX187430456\"> su investigaci&oacute;n <\/span><\/span><span class=\"TextRun SCX187430456\" lang=\"ES-ES\" xml:lang=\"ES-ES\"><span class=\"NormalTextRun SCX187430456\">en<\/span><\/span><span class=\"TextRun SCX187430456\" lang=\"ES-ES\" xml:lang=\"ES-ES\"><span class=\"NormalTextRun SCX187430456\"> el estudio de la<\/span><\/span><span class=\"TextRun SCX187430456\" lang=\"ES-ES\" xml:lang=\"ES-ES\"><span class=\"NormalTextRun SCX187430456\"> narrativa breve en Reino Unido, explorando y analizando c&oacute;mo diferentes escritor<\/span><\/span><span class=\"TextRun SCX187430456\" lang=\"ES-ES\" xml:lang=\"ES-ES\"><span class=\"NormalTextRun SCX187430456\">a<\/span><\/span><span class=\"TextRun SCX187430456\" lang=\"ES-ES\" xml:lang=\"ES-ES\"><span class=\"NormalTextRun SCX187430456\">s brit&aacute;nicas han empleado este g&eacute;nero literario para desafiar la autoridad patriarcal y redefinir la posici&oacute;n de la mujer en la sociedad.<\/span><\/span> <span class=\"TextRun SCX187430456\" lang=\"ES-ES\" xml:lang=\"ES-ES\"><span class=\"NormalTextRun SCX187430456\">Como resultado de esta l&iacute;nea de investigaci&oacute;n, <\/span><\/span><span class=\"TextRun SCX187430456\" lang=\"ES-ES\" xml:lang=\"ES-ES\"><span class=\"NormalTextRun SCX187430456\">se han publicado diversas contribuciones<\/span><\/span><span class=\"TextRun SCX187430456\" lang=\"ES-ES\" xml:lang=\"ES-ES\"><span class=\"NormalTextRun SCX187430456\">, entre ellas<\/span><\/span><span class=\"TextRun SCX187430456\" lang=\"ES-ES\" xml:lang=\"ES-ES\"><span class=\"NormalTextRun SCX187430456\">:<\/span><\/span><span class=\"TextRun SCX187430456\" lang=\"ES-ES\" xml:lang=\"ES-ES\"><span class=\"NormalTextRun SCX187430456\"> &ldquo;<\/span><\/span><span class=\"TextRun SCX187430456\" lang=\"ES-ES\" xml:lang=\"ES-ES\"><span class=\"SpellingError SCX187430456\">The<\/span><\/span> <span class=\"TextRun SCX187430456\" lang=\"ES-ES\" xml:lang=\"ES-ES\"><span class=\"SpellingError SCX187430456\">Voice<\/span><\/span><span class=\"TextRun SCX187430456\" lang=\"ES-ES\" xml:lang=\"ES-ES\"><span class=\"NormalTextRun SCX187430456\"> in <\/span><\/span><span class=\"TextRun SCX187430456\" lang=\"ES-ES\" xml:lang=\"ES-ES\"><span class=\"SpellingError SCX187430456\">Twentieth<\/span><\/span><span class=\"TextRun SCX187430456\" lang=\"ES-ES\" xml:lang=\"ES-ES\"><span class=\"NormalTextRun SCX187430456\">-Century English Short <\/span><\/span><span class=\"TextRun SCX187430456\" lang=\"ES-ES\" xml:lang=\"ES-ES\"><span class=\"SpellingError SCX187430456\">Fiction<\/span><\/span><span class=\"TextRun SCX187430456\" lang=\"ES-ES\" xml:lang=\"ES-ES\"><span class=\"NormalTextRun SCX187430456\">: E.M. <\/span><\/span><span class=\"TextRun SCX187430456\" lang=\"ES-ES\" xml:lang=\"ES-ES\"><span class=\"SpellingError SCX187430456\">Forster<\/span><\/span><span class=\"TextRun SCX187430456\" lang=\"ES-ES\" xml:lang=\"ES-ES\"><span class=\"NormalTextRun SCX187430456\">, V.S. <\/span><\/span><span class=\"TextRun SCX187430456\" lang=\"ES-ES\" xml:lang=\"ES-ES\"><span class=\"SpellingError SCX187430456\">Pritchett<\/span><\/span><span class=\"TextRun SCX187430456\" lang=\"ES-ES\" xml:lang=\"ES-ES\"><span class=\"NormalTextRun SCX187430456\"> and Muriel <\/span><\/span><span class=\"TextRun SCX187430456\" lang=\"ES-ES\" xml:lang=\"ES-ES\"><span class=\"SpellingError SCX187430456\">Spark<\/span><\/span><span class=\"TextRun SCX187430456\" lang=\"ES-ES\" xml:lang=\"ES-ES\"><span class=\"NormalTextRun SCX187430456\">&rdquo; (<\/span><\/span><span class=\"TextRun SCX187430456\" lang=\"ES-ES\" xml:lang=\"ES-ES\"><span class=\"SpellingError SCX187430456\">Sacido<\/span><\/span><span class=\"TextRun SCX187430456\" lang=\"ES-ES\" xml:lang=\"ES-ES\"><span class=\"NormalTextRun SCX187430456\"> Romero, 2015); &ldquo;La po&eacute;tica del cuento en la primera mitad del siglo XX en Reino Unido: Virginia Woolf y Elizabeth <\/span><\/span><span class=\"TextRun SCX187430456\" lang=\"ES-ES\" xml:lang=\"ES-ES\"><span class=\"SpellingError SCX187430456\">Bowen<\/span><\/span><span class=\"TextRun SCX187430456\" lang=\"ES-ES\" xml:lang=\"ES-ES\"><span class=\"NormalTextRun SCX187430456\">&rdquo; (<\/span><\/span><span class=\"TextRun SCX187430456\" lang=\"ES-ES\" xml:lang=\"ES-ES\"><span class=\"SpellingError SCX187430456\">Lojo<\/span><\/span><span class=\"TextRun SCX187430456\" lang=\"ES-ES\" xml:lang=\"ES-ES\"><span class=\"NormalTextRun SCX187430456\"> Rodr&iacute;guez, 2015); <\/span><\/span><a class=\"Hyperlink SCX187430456\" href=\"http:\/\/www.peterlang.com\/index.cfm?event=cmp.ccc.seitenstruktur.detailseiten&amp;seitentyp=produkt&amp;pk=62939\" target=\"_blank\"><span class=\"TextRun Underlined SCX187430456\" lang=\"ES-ES\" xml:lang=\"ES-ES\"><span class=\"NormalTextRun SCX187430456\"><span style=\"color: #000080;\">Moving<\/span><\/span><\/span><span style=\"color: #000080;\"> <span class=\"TextRun Underlined SCX187430456\" lang=\"ES-ES\" xml:lang=\"ES-ES\"><span class=\"NormalTextRun SCX187430456\">across<\/span><\/span><span class=\"TextRun Underlined SCX187430456\" lang=\"ES-ES\" xml:lang=\"ES-ES\"><span class=\"NormalTextRun SCX187430456\"> a Century: <\/span><\/span><span class=\"TextRun Underlined SCX187430456\" lang=\"ES-ES\" xml:lang=\"ES-ES\"><span class=\"NormalTextRun SCX187430456\">Women&rsquo;s<\/span><\/span><span class=\"TextRun Underlined SCX187430456\" lang=\"ES-ES\" xml:lang=\"ES-ES\"><span class=\"NormalTextRun SCX187430456\"> Short <\/span><\/span><span class=\"TextRun Underlined SCX187430456\" lang=\"ES-ES\" xml:lang=\"ES-ES\"><span class=\"NormalTextRun SCX187430456\">Fiction<\/span><\/span> <span class=\"TextRun Underlined SCX187430456\" lang=\"ES-ES\" xml:lang=\"ES-ES\"><span class=\"NormalTextRun SCX187430456\">from<\/span><\/span><span class=\"TextRun Underlined SCX187430456\" lang=\"ES-ES\" xml:lang=\"ES-ES\"><span class=\"NormalTextRun SCX187430456\"> Virginia Woolf to Ali Smith<\/span><\/span><\/span><\/a> <span class=\"TextRun SCX187430456\" lang=\"ES-ES\" xml:lang=\"ES-ES\"><span class=\"NormalTextRun SCX187430456\">(<\/span><\/span><span class=\"TextRun SCX187430456\" lang=\"ES-ES\" xml:lang=\"ES-ES\"><span class=\"NormalTextRun SCX187430456\">Peter <\/span><\/span><span class=\"TextRun SCX187430456\" lang=\"ES-ES\" xml:lang=\"ES-ES\"><span class=\"SpellingError SCX187430456\">Lang<\/span><\/span> <span class=\"TextRun SCX187430456\" lang=\"ES-ES\" xml:lang=\"ES-ES\"><span class=\"NormalTextRun SCX187430456\">2012), editado por Laura <\/span><\/span><span class=\"TextRun SCX187430456\" lang=\"ES-ES\" xml:lang=\"ES-ES\"><span class=\"SpellingError SCX187430456\">Lojo<\/span><\/span><span class=\"TextRun SCX187430456\" lang=\"ES-ES\" xml:lang=\"ES-ES\"><span class=\"NormalTextRun SCX187430456\">&nbsp; Rodr&iacute;guez; <\/span><\/span><span style=\"color: #000080;\"><a class=\"Hyperlink SCX187430456\" style=\"color: #000080;\" href=\"http:\/\/www.brill.com\/products\/book\/modernism-postmodernism-and-short-story-english\" target=\"_blank\"><span class=\"TextRun Underlined SCX187430456\" lang=\"ES-ES\" xml:lang=\"ES-ES\"><span class=\"NormalTextRun SCX187430456\">Modernism<\/span><\/span><span class=\"TextRun Underlined SCX187430456\" lang=\"ES-ES\" xml:lang=\"ES-ES\"><span class=\"NormalTextRun SCX187430456\">, <\/span><\/span><span class=\"TextRun Underlined SCX187430456\" lang=\"ES-ES\" xml:lang=\"ES-ES\"><span class=\"NormalTextRun SCX187430456\">Postmodernism<\/span><\/span><span class=\"TextRun Underlined SCX187430456\" lang=\"ES-ES\" xml:lang=\"ES-ES\"><span class=\"NormalTextRun SCX187430456\">, and <\/span><\/span><span class=\"TextRun Underlined SCX187430456\" lang=\"ES-ES\" xml:lang=\"ES-ES\"><span class=\"NormalTextRun SCX187430456\">the<\/span><\/span><span class=\"TextRun Underlined SCX187430456\" lang=\"ES-ES\" xml:lang=\"ES-ES\"><span class=\"NormalTextRun SCX187430456\"> Short <\/span><\/span><span class=\"TextRun Underlined SCX187430456\" lang=\"ES-ES\" xml:lang=\"ES-ES\"><span class=\"NormalTextRun SCX187430456\">Story<\/span><\/span><span class=\"TextRun Underlined SCX187430456\" lang=\"ES-ES\" xml:lang=\"ES-ES\"><span class=\"NormalTextRun SCX187430456\"> in English<\/span><\/span><\/a><\/span> <span class=\"TextRun SCX187430456\" lang=\"ES-ES\" xml:lang=\"ES-ES\"><span class=\"NormalTextRun SCX187430456\">(<\/span><\/span><span class=\"TextRun SCX187430456\" lang=\"ES-ES\" xml:lang=\"ES-ES\"><span class=\"SpellingError SCX187430456\">Rodopi<\/span><\/span><span class=\"TextRun SCX187430456\" lang=\"ES-ES\" xml:lang=\"ES-ES\"><span class=\"NormalTextRun SCX187430456\"> \/ <\/span><\/span><span class=\"TextRun SCX187430456\" lang=\"ES-ES\" xml:lang=\"ES-ES\"><span class=\"SpellingError SCX187430456\">Brill<\/span><\/span> <span class=\"TextRun SCX187430456\" lang=\"ES-ES\" xml:lang=\"ES-ES\"><span class=\"NormalTextRun SCX187430456\">2012), editado por Jorge <\/span><\/span><span class=\"TextRun SCX187430456\" lang=\"ES-ES\" xml:lang=\"ES-ES\"><span class=\"SpellingError SCX187430456\">Sacido<\/span><\/span><span class=\"TextRun SCX187430456\" lang=\"ES-ES\" xml:lang=\"ES-ES\"><span class=\"NormalTextRun SCX187430456\"> Romero. <\/span><\/span><span class=\"TextRun SCX187430456\" lang=\"ES-ES\" xml:lang=\"ES-ES\"><span class=\"NormalTextRun SCX187430456\">Asimismo, <\/span><\/span><span class=\"TextRun SCX187430456\" lang=\"ES-ES\" xml:lang=\"ES-ES\"><span class=\"NormalTextRun SCX187430456\">l<\/span><\/span><span class=\"TextRun SCX187430456\" lang=\"ES-ES\" xml:lang=\"ES-ES\"><span class=\"NormalTextRun SCX187430456\">os resultados de <\/span><\/span><span class=\"TextRun SCX187430456\" lang=\"ES-ES\" xml:lang=\"ES-ES\"><span class=\"NormalTextRun SCX187430456\">esta investigaci&oacute;n<\/span><\/span><span class=\"TextRun SCX187430456\" lang=\"ES-ES\" xml:lang=\"ES-ES\"><span class=\"NormalTextRun SCX187430456\"> tambi&eacute;n<\/span><\/span><span class=\"TextRun SCX187430456\" lang=\"ES-ES\" xml:lang=\"ES-ES\"><span class=\"NormalTextRun SCX187430456\"> han sido difundidos en foros cient&iacute;ficos nacionales y extranjeros, as&iacute; como en los seminarios internacionales <\/span><\/span><em><span class=\"TextRun SCX187430456\" lang=\"ES-ES\" xml:lang=\"ES-ES\"><span class=\"SpellingError SCX187430456\">Women&rsquo;s<\/span><\/span><span class=\"TextRun SCX187430456\" lang=\"ES-ES\" xml:lang=\"ES-ES\"><span class=\"NormalTextRun SCX187430456\"> Tales in <\/span><\/span><span class=\"TextRun SCX187430456\" lang=\"ES-ES\" xml:lang=\"ES-ES\"><span class=\"SpellingError SCX187430456\">Motion<\/span><\/span><span class=\"TextRun SCX187430456\" lang=\"ES-ES\" xml:lang=\"ES-ES\"><span class=\"NormalTextRun SCX187430456\">: <\/span><\/span><span class=\"TextRun SCX187430456\" lang=\"ES-ES\" xml:lang=\"ES-ES\"><span class=\"SpellingError SCX187430456\">Contemporary<\/span><\/span> <span class=\"TextRun SCX187430456\" lang=\"ES-ES\" xml:lang=\"ES-ES\"><span class=\"SpellingError SCX187430456\">Literature<\/span><\/span><span class=\"TextRun SCX187430456\" lang=\"ES-ES\" xml:lang=\"ES-ES\"><span class=\"NormalTextRun SCX187430456\"> in <\/span><\/span><span class=\"TextRun SCX187430456\" lang=\"ES-ES\" xml:lang=\"ES-ES\"><span class=\"SpellingError SCX187430456\">the<\/span><\/span><span class=\"TextRun SCX187430456\" lang=\"ES-ES\" xml:lang=\"ES-ES\"><span class=\"NormalTextRun SCX187430456\"> British Isles <\/span><\/span><\/em><span class=\"TextRun SCX187430456\" lang=\"ES-ES\" xml:lang=\"ES-ES\"><span class=\"NormalTextRun SCX187430456\">(2015) y <\/span><\/span><em><span class=\"TextRun SCX187430456\" lang=\"ES-ES\" xml:lang=\"ES-ES\"><span class=\"SpellingError SCX187430456\">Gender<\/span><\/span> <span class=\"TextRun SCX187430456\" lang=\"ES-ES\" xml:lang=\"ES-ES\"><span class=\"NormalTextRun SCX187430456\">and Short<\/span><\/span> <span class=\"TextRun SCX187430456\" lang=\"ES-ES\" xml:lang=\"ES-ES\"><span class=\"SpellingError SCX187430456\">Fiction<\/span><\/span><span class=\"TextRun SCX187430456\" lang=\"ES-ES\" xml:lang=\"ES-ES\"><span class=\"NormalTextRun SCX187430456\">: <\/span><\/span><span class=\"TextRun SCX187430456\" lang=\"ES-ES\" xml:lang=\"ES-ES\"><span class=\"SpellingError SCX187430456\">Women&rsquo;s<\/span><\/span><span class=\"TextRun SCX187430456\" lang=\"ES-ES\" xml:lang=\"ES-ES\"><span class=\"NormalTextRun SCX187430456\"> Tales in <\/span><\/span><span class=\"TextRun SCX187430456\" lang=\"ES-ES\" xml:lang=\"ES-ES\"><span class=\"SpellingError SCX187430456\">Contemporary<\/span><\/span> <span class=\"TextRun SCX187430456\" lang=\"ES-ES\" xml:lang=\"ES-ES\"><span class=\"SpellingError SCX187430456\">Britain<\/span><\/span><\/em> <span class=\"TextRun SCX187430456\" lang=\"ES-ES\" xml:lang=\"ES-ES\"><span class=\"NormalTextRun SCX187430456\">(2016), ambos celebrados en Santiago de Compostela <\/span><\/span><span class=\"TextRun SCX187430456\" lang=\"ES-ES\" xml:lang=\"ES-ES\"><span class=\"NormalTextRun SCX187430456\">y organizados por los miembros del equipo <\/span><\/span><span class=\"TextRun SCX187430456\" lang=\"ES-ES\" xml:lang=\"ES-ES\"><span class=\"NormalTextRun SCX187430456\">en colaboraci&oacute;n con la <\/span><\/span><span style=\"color: #000080;\"><a class=\"Hyperlink SCX187430456\" style=\"color: #000080;\" href=\"http:\/\/www.usc.es\/es\/servizos\/oix\/\" target=\"_blank\"><span class=\"TextRun Underlined SCX187430456\" lang=\"ES-ES\" xml:lang=\"ES-ES\"><span class=\"NormalTextRun SCX187430456\">Oficina de Igualdad de G&eacute;nero de la USC<\/span><\/span><\/a><\/span><span class=\"TextRun SCX187430456\" lang=\"ES-ES\" xml:lang=\"ES-ES\"><span class=\"NormalTextRun SCX187430456\">.<\/span><\/span><\/h3>\n<p>[\/et_pb_text][\/et_pb_column][\/et_pb_row][\/et_pb_section]<\/p>\n","protected":false},"excerpt":{"rendered":"<p>Miembros Principales USC: Jorge Sacido-Romero (coordinador), Laura Lojo-Rodr\u00edguez L\u00edneas de Investigaci\u00f3n: Narrativa breve en lengua inglesa; Cr\u00edtica literaria; Estudios de g\u00e9nero; Estudios comparativos de la narrativa breve. P\u00e1gina Web: http:\/\/womenstales.eu\/ El Equipo Literatura 3, coordinado por Jorge Sacido Romero, desarrolla su labor investigadora en torno a la literatura escrita por mujeres en el Reino Unido, [&hellip;]<\/p>\n","protected":false},"author":1,"featured_media":0,"parent":0,"menu_order":0,"comment_status":"closed","ping_status":"closed","template":"","meta":{"_et_pb_use_builder":"on","_et_pb_old_content":"","_et_gb_content_width":"","footnotes":""},"class_list":["post-1022","page","type-page","status-publish","hentry"],"_links":{"self":[{"href":"https:\/\/discursoeidentidade.com\/index.php?rest_route=\/wp\/v2\/pages\/1022","targetHints":{"allow":["GET"]}}],"collection":[{"href":"https:\/\/discursoeidentidade.com\/index.php?rest_route=\/wp\/v2\/pages"}],"about":[{"href":"https:\/\/discursoeidentidade.com\/index.php?rest_route=\/wp\/v2\/types\/page"}],"author":[{"embeddable":true,"href":"https:\/\/discursoeidentidade.com\/index.php?rest_route=\/wp\/v2\/users\/1"}],"replies":[{"embeddable":true,"href":"https:\/\/discursoeidentidade.com\/index.php?rest_route=%2Fwp%2Fv2%2Fcomments&post=1022"}],"version-history":[{"count":0,"href":"https:\/\/discursoeidentidade.com\/index.php?rest_route=\/wp\/v2\/pages\/1022\/revisions"}],"wp:attachment":[{"href":"https:\/\/discursoeidentidade.com\/index.php?rest_route=%2Fwp%2Fv2%2Fmedia&parent=1022"}],"curies":[{"name":"wp","href":"https:\/\/api.w.org\/{rel}","templated":true}]}}